{"id":11,"date":"2016-07-12T02:14:53","date_gmt":"2016-07-12T02:14:53","guid":{"rendered":"http:\/\/mx.teterete.com\/?page_id=11"},"modified":"2022-10-26T17:12:51","modified_gmt":"2022-10-26T17:12:51","slug":"nosotros","status":"publish","type":"page","link":"https:\/\/teterete.com\/mx\/nosotros\/","title":{"rendered":"Nosotros"},"content":{"rendered":"<div class=\"container\">\n<div class=\"row\">\n<div class=\"col-lg-12\">\n<h2>Historia<\/h2>\n<\/div>\n<\/div>\n<div class=\"row\">\n<div class=\"col-lg-12\">\n<div class=\"aboutvideo\">\n<p class=\"p1\"><span class=\"s1\">Teterete (t\u00e9rmino usado en Veracruz para un tipo de lagartija) y otro tipo de representaciones de animales son usados com\u00fanmente en artes decorativas y piezas artesanales realizadas por maestros artesanos de todo el pa\u00eds. Estos animales son parte esencial de su entorno y por ello han sido usados como m\u00e9todo de expresi\u00f3n art\u00edstica generaci\u00f3n tras generaci\u00f3n. Los oficios artesanales pasan de padres a hijos y que manifiestan la identidad de las distintas poblaciones y localidades en M\u00e9xico.\u00a0<strong>Teterete<\/strong> es el nombre com\u00fan y divertido que la gente del sur del pa\u00eds le da a los &#8220;Basiliscos&#8221;, lagartijas peque\u00f1as similares a una iguana que corren sobre el agua.<\/span><\/p>\n<\/div>\n<p class=\"p1\">\n<\/div>\n<\/div>\n<\/div>\n<div class=\"whyblock\">\n<div class=\"container\">\n<div class=\"row\">\n<div class=\"col-lg-4\">\n<h3>\u00bfQui\u00e9nes Somos?<\/h3>\n<p>En Teterete creemos que el artesano que realiza este arte aprendido as\u00ed como la pieza realizada <strong>Tienen una Historia que Contar<\/strong>. Por ello nosotros preservamos estas piezas tal cu\u00e1l son producidas, respetamos materiales, formas y colores. Hacemos una curaci\u00f3n de las mejores piezas producidas por artesanos, y las nuevas generaciones de dise\u00f1adores, y les buscamos un hogar, un espacio que permita mostrar con orgullo nuestra tradici\u00f3n milenaria y cultura mexicana.<\/p>\n<p>La historia que cada pieza transmite no habla sobre la familia y la regi\u00f3n de procedencia, sobre las tradiciones y materiales con que se produce, el estilo propio conservado por generaciones y preservado por sus descendientes. La historia de un grupo \u00e9tnico que vive en un contexto hist\u00f3rico y que se muestra tal cu\u00e1l en cada pieza de arte producida, un arte colectivo que nos permite entender mejor a las comunidades para conocer nuestra propia historia y procedencia.<\/p>\n<h3><\/h3>\n<\/div>\n<div class=\"col-lg-4\">\n<h3>\u00bfQu\u00e9 Hacemos?<\/h3>\n<p>Teterete celebra el arte tradicional mexicano con una colecci\u00f3n de accesorios para casa, piezas decorativas y utilitarias realizadas por la genialidad de artesanos locales.<\/p>\n<p>&#8220;If you love bold colors and elaborare ornaments, the handmade housewares from Mexican fine crafts Teterete will set your heart aflutter. From woven runners and embroidered pillow covers to rugs and boxes each piece has an authentic artfully eclectic feel&#8221; FAB<\/p>\n<\/div>\n<div class=\"col-lg-4\">\n<h3>\u00a0\u00bfPorqu\u00e9 Comprar Arte Colectivo de M\u00e9xico?<\/h3>\n<p>18% de la poblaci\u00f3n en M\u00e9xico vive \u00fanicamente de crear y producir estas magnificas piezas de arte. Muchos de ellos manteniendo una tradici\u00f3n de artes milenarias con piezas como cer\u00e1mica, textiles tejidos en telar de cintura, arte madera laqueada, tallada y pintada a mano, cesteria, fibras naturales, y trabajo en piedra que son muestras representativas de los principales trabajos.<\/p>\n<p>Los textiles son tan bastos como la comida tradicional mexicana que tiene una gran influencia debido a su variedad y colores. \u00a0Ingredientes como el ma\u00edz, cocoa, chiles, frijoles, tomates, canela, frutas y flores y la tierra misma que sirve como fuente de inspiraci\u00f3n y que vemos contante reflejado en los dise\u00f1os elaborados por nuestros artesanos.<\/p>\n<p>Incluimos tambi\u00e9n nuevos creadores, j\u00f3venes generaciones que producen nuevas propuesta influenciadas por viejas generaciones pero con una frescura y sellos propios en las nuevas creaciones.<\/p>\n<p>Viajamos, seleccionamos y te traemos lo mejor de nuestro pa\u00eds.<\/p>\n<p><script>(function(w,d,t,r,u){var f,n,i;w[u]=w[u]||[],f=function(){var o={ti:\"26004103\"};o.q=w[u],w[u]=new UET(o),w[u].push(\"pageLoad\")},n=d.createElement(t),n.src=r,n.async=1,n.onload=n.onreadystatechange=function(){var s=this.readyState;s&&s!==\"loaded\"&&s!==\"complete\"||(f(),n.onload=n.onreadystatechange=null)},i=d.getElementsByTagName(t)[0],i.parentNode.insertBefore(n,i)})(window,document,\"script\",\"\/\/bat.bing.com\/bat.js\",\"uetq\");<\/script><\/p>\n<\/div>\n<\/div>\n<\/div>\n<\/div>\n","protected":false},"excerpt":{"rendered":"<p>Historia Teterete (t\u00e9rmino usado en Veracruz para un tipo de lagartija) y otro tipo de representaciones de animales son usados com\u00fanmente en artes decorativas y piezas artesanales realizadas por maestros artesanos de todo el pa\u00eds. Estos animales son parte esencial de su entorno y por ello han sido usados como m\u00e9todo de expresi\u00f3n art\u00edstica generaci\u00f3n [&hellip;]<\/p>\n","protected":false},"author":1,"featured_media":441,"parent":0,"menu_order":0,"comment_status":"closed","ping_status":"closed","template":"template-about-us.php","meta":{"sfsi_plus_gutenberg_text_before_share":"","sfsi_plus_gutenberg_show_text_before_share":"","sfsi_plus_gutenberg_icon_type":"","sfsi_plus_gutenberg_icon_alignemt":"","sfsi_plus_gutenburg_max_per_row":"","footnotes":""},"acf":[],"yoast_head":"<!-- This site is optimized with the Yoast SEO plugin v23.5 - https:\/\/yoast.com\/wordpress\/plugins\/seo\/ -->\n<title>Nosotros -<\/title>\n<meta name=\"robots\" content=\"index, follow, max-snippet:-1, max-image-preview:large, max-video-preview:-1\" \/>\n<link rel=\"canonical\" href=\"https:\/\/teterete.com\/mx\/nosotros\/\" \/>\n<meta property=\"og:locale\" content=\"es_ES\" \/>\n<meta property=\"og:type\" content=\"article\" \/>\n<meta property=\"og:title\" content=\"Nosotros -\" \/>\n<meta property=\"og:description\" content=\"Historia Teterete (t\u00e9rmino usado en Veracruz para un tipo de lagartija) y otro tipo de representaciones de animales son usados com\u00fanmente en artes decorativas y piezas artesanales realizadas por maestros artesanos de todo el pa\u00eds. Estos animales son parte esencial de su entorno y por ello han sido usados como m\u00e9todo de expresi\u00f3n art\u00edstica generaci\u00f3n [&hellip;]\" \/>\n<meta property=\"og:url\" content=\"https:\/\/teterete.com\/mx\/nosotros\/\" \/>\n<meta property=\"article:publisher\" content=\"https:\/\/www.facebook.com\/TetereteHome\/\" \/>\n<meta property=\"article:modified_time\" content=\"2022-10-26T17:12:51+00:00\" \/>\n<meta property=\"og:image\" content=\"https:\/\/teterete.com\/mx\/wp-content\/uploads\/2016\/08\/teterete_weaver.jpg\" \/>\n\t<meta property=\"og:image:width\" content=\"1100\" \/>\n\t<meta property=\"og:image:height\" content=\"330\" \/>\n\t<meta property=\"og:image:type\" content=\"image\/jpeg\" \/>\n<meta name=\"twitter:card\" content=\"summary_large_image\" \/>\n<meta name=\"twitter:site\" content=\"@Teterete_Home\" \/>\n<meta name=\"twitter:label1\" content=\"Tiempo de lectura\" \/>\n\t<meta name=\"twitter:data1\" content=\"3 minutos\" \/>\n<script type=\"application\/ld+json\" class=\"yoast-schema-graph\">{\"@context\":\"https:\/\/schema.org\",\"@graph\":[{\"@type\":\"WebPage\",\"@id\":\"https:\/\/teterete.com\/mx\/nosotros\/\",\"url\":\"https:\/\/teterete.com\/mx\/nosotros\/\",\"name\":\"Nosotros -\",\"isPartOf\":{\"@id\":\"https:\/\/teterete.com\/mx\/#website\"},\"primaryImageOfPage\":{\"@id\":\"https:\/\/teterete.com\/mx\/nosotros\/#primaryimage\"},\"image\":{\"@id\":\"https:\/\/teterete.com\/mx\/nosotros\/#primaryimage\"},\"thumbnailUrl\":\"https:\/\/teterete.com\/mx\/wp-content\/uploads\/2016\/08\/teterete_weaver.jpg\",\"datePublished\":\"2016-07-12T02:14:53+00:00\",\"dateModified\":\"2022-10-26T17:12:51+00:00\",\"breadcrumb\":{\"@id\":\"https:\/\/teterete.com\/mx\/nosotros\/#breadcrumb\"},\"inLanguage\":\"es\",\"potentialAction\":[{\"@type\":\"ReadAction\",\"target\":[\"https:\/\/teterete.com\/mx\/nosotros\/\"]}]},{\"@type\":\"ImageObject\",\"inLanguage\":\"es\",\"@id\":\"https:\/\/teterete.com\/mx\/nosotros\/#primaryimage\",\"url\":\"https:\/\/teterete.com\/mx\/wp-content\/uploads\/2016\/08\/teterete_weaver.jpg\",\"contentUrl\":\"https:\/\/teterete.com\/mx\/wp-content\/uploads\/2016\/08\/teterete_weaver.jpg\",\"width\":1100,\"height\":330,\"caption\":\"Mexican weavers\"},{\"@type\":\"BreadcrumbList\",\"@id\":\"https:\/\/teterete.com\/mx\/nosotros\/#breadcrumb\",\"itemListElement\":[{\"@type\":\"ListItem\",\"position\":1,\"name\":\"Home\",\"item\":\"https:\/\/teterete.com\/mx\/\"},{\"@type\":\"ListItem\",\"position\":2,\"name\":\"Nosotros\"}]},{\"@type\":\"WebSite\",\"@id\":\"https:\/\/teterete.com\/mx\/#website\",\"url\":\"https:\/\/teterete.com\/mx\/\",\"name\":\"\",\"description\":\"Tienda en L\u00ednea de Fina Artesanias y Dise\u00f1o Mexicano. Bellas piezas elaboradas a mano por los mejores artesanos del pa\u00eds as\u00ed como piezas de dise\u00f1o y decoraci\u00f3n con inspiraci\u00f3n artesanal.\",\"potentialAction\":[{\"@type\":\"SearchAction\",\"target\":{\"@type\":\"EntryPoint\",\"urlTemplate\":\"https:\/\/teterete.com\/mx\/?s={search_term_string}\"},\"query-input\":{\"@type\":\"PropertyValueSpecification\",\"valueRequired\":true,\"valueName\":\"search_term_string\"}}],\"inLanguage\":\"es\"}]}<\/script>\n<!-- \/ Yoast SEO plugin. -->","yoast_head_json":{"title":"Nosotros -","robots":{"index":"index","follow":"follow","max-snippet":"max-snippet:-1","max-image-preview":"max-image-preview:large","max-video-preview":"max-video-preview:-1"},"canonical":"https:\/\/teterete.com\/mx\/nosotros\/","og_locale":"es_ES","og_type":"article","og_title":"Nosotros -","og_description":"Historia Teterete (t\u00e9rmino usado en Veracruz para un tipo de lagartija) y otro tipo de representaciones de animales son usados com\u00fanmente en artes decorativas y piezas artesanales realizadas por maestros artesanos de todo el pa\u00eds. Estos animales son parte esencial de su entorno y por ello han sido usados como m\u00e9todo de expresi\u00f3n art\u00edstica generaci\u00f3n [&hellip;]","og_url":"https:\/\/teterete.com\/mx\/nosotros\/","article_publisher":"https:\/\/www.facebook.com\/TetereteHome\/","article_modified_time":"2022-10-26T17:12:51+00:00","og_image":[{"width":1100,"height":330,"url":"https:\/\/teterete.com\/mx\/wp-content\/uploads\/2016\/08\/teterete_weaver.jpg","type":"image\/jpeg"}],"twitter_card":"summary_large_image","twitter_site":"@Teterete_Home","twitter_misc":{"Tiempo de lectura":"3 minutos"},"schema":{"@context":"https:\/\/schema.org","@graph":[{"@type":"WebPage","@id":"https:\/\/teterete.com\/mx\/nosotros\/","url":"https:\/\/teterete.com\/mx\/nosotros\/","name":"Nosotros -","isPartOf":{"@id":"https:\/\/teterete.com\/mx\/#website"},"primaryImageOfPage":{"@id":"https:\/\/teterete.com\/mx\/nosotros\/#primaryimage"},"image":{"@id":"https:\/\/teterete.com\/mx\/nosotros\/#primaryimage"},"thumbnailUrl":"https:\/\/teterete.com\/mx\/wp-content\/uploads\/2016\/08\/teterete_weaver.jpg","datePublished":"2016-07-12T02:14:53+00:00","dateModified":"2022-10-26T17:12:51+00:00","breadcrumb":{"@id":"https:\/\/teterete.com\/mx\/nosotros\/#breadcrumb"},"inLanguage":"es","potentialAction":[{"@type":"ReadAction","target":["https:\/\/teterete.com\/mx\/nosotros\/"]}]},{"@type":"ImageObject","inLanguage":"es","@id":"https:\/\/teterete.com\/mx\/nosotros\/#primaryimage","url":"https:\/\/teterete.com\/mx\/wp-content\/uploads\/2016\/08\/teterete_weaver.jpg","contentUrl":"https:\/\/teterete.com\/mx\/wp-content\/uploads\/2016\/08\/teterete_weaver.jpg","width":1100,"height":330,"caption":"Mexican weavers"},{"@type":"BreadcrumbList","@id":"https:\/\/teterete.com\/mx\/nosotros\/#breadcrumb","itemListElement":[{"@type":"ListItem","position":1,"name":"Home","item":"https:\/\/teterete.com\/mx\/"},{"@type":"ListItem","position":2,"name":"Nosotros"}]},{"@type":"WebSite","@id":"https:\/\/teterete.com\/mx\/#website","url":"https:\/\/teterete.com\/mx\/","name":"","description":"Tienda en L\u00ednea de Fina Artesanias y Dise\u00f1o Mexicano. Bellas piezas elaboradas a mano por los mejores artesanos del pa\u00eds as\u00ed como piezas de dise\u00f1o y decoraci\u00f3n con inspiraci\u00f3n artesanal.","potentialAction":[{"@type":"SearchAction","target":{"@type":"EntryPoint","urlTemplate":"https:\/\/teterete.com\/mx\/?s={search_term_string}"},"query-input":{"@type":"PropertyValueSpecification","valueRequired":true,"valueName":"search_term_string"}}],"inLanguage":"es"}]}},"_links":{"self":[{"href":"https:\/\/teterete.com\/mx\/wp-json\/wp\/v2\/pages\/11"}],"collection":[{"href":"https:\/\/teterete.com\/mx\/wp-json\/wp\/v2\/pages"}],"about":[{"href":"https:\/\/teterete.com\/mx\/wp-json\/wp\/v2\/types\/page"}],"author":[{"embeddable":true,"href":"https:\/\/teterete.com\/mx\/wp-json\/wp\/v2\/users\/1"}],"replies":[{"embeddable":true,"href":"https:\/\/teterete.com\/mx\/wp-json\/wp\/v2\/comments?post=11"}],"version-history":[{"count":44,"href":"https:\/\/teterete.com\/mx\/wp-json\/wp\/v2\/pages\/11\/revisions"}],"predecessor-version":[{"id":10791,"href":"https:\/\/teterete.com\/mx\/wp-json\/wp\/v2\/pages\/11\/revisions\/10791"}],"wp:featuredmedia":[{"embeddable":true,"href":"https:\/\/teterete.com\/mx\/wp-json\/wp\/v2\/media\/441"}],"wp:attachment":[{"href":"https:\/\/teterete.com\/mx\/wp-json\/wp\/v2\/media?parent=11"}],"curies":[{"name":"wp","href":"https:\/\/api.w.org\/{rel}","templated":true}]}}