{"id":27,"date":"2016-07-12T04:26:19","date_gmt":"2016-07-12T04:26:19","guid":{"rendered":"http:\/\/mx.teterete.com\/?page_id=27"},"modified":"2019-09-29T14:15:29","modified_gmt":"2019-09-29T14:15:29","slug":"informacion-de-envio","status":"publish","type":"page","link":"https:\/\/teterete.com\/mx\/devoluciones-reembolsos\/informacion-de-envio\/","title":{"rendered":"Informaci\u00f3n de Env\u00edo"},"content":{"rendered":"<p class=\"p1\"><em><strong><span class=\"s1\">Tiempos de Entrega<\/span><\/strong><\/em><\/p>\n<p class=\"p2\"><em><span class=\"s1\">En promedio, nuestras ordenes arriban a su destino en 5 d\u00edas dentro de M\u00e9xico y de 2 a 3 semanas a otros pa\u00edses. El tiempo de entrega depender\u00e1 principalmente de dos factores: disponibilidad del producto y tipo de env\u00edo pagado por el cliente, una vez recibida su orden confirmaremos tiempo de entrega.<\/span><\/em><\/p>\n<p class=\"p2\"><em><span class=\"s2\">Disponibilidad de las piezas: a menos que otra cosa se indique, todas las piezas en venta en el sitio est\u00e1n disponibles. Piezas que no est\u00e1n disponibles contienen una nota indicando que el producto fue vendido \u00f3 que pr\u00f3ximamente estar\u00e1 a la venta, as\u00ed como el tiempo aproximado de disponibilidad. Si por un error nuestro, la pieza no esta disponible lo contactaremos para reembolsar el costo de la pieza \u00f3 le daremos alguna sugerencia de reemplazo.<\/span><\/em><\/p>\n<p class=\"p2\"><em><span class=\"s2\">Servicio de env\u00edo: Al hacer su proceso de pago, le mostraremos una lista de servicios de env\u00edo disponibles con su respectivo costo y tiempos de entrega.<\/span><\/em><\/p>\n<p class=\"p2\"><em><span class=\"s1\">Si consideramos que no lograremos entregar su producto dentro del plazo seleccionado, le contactaremos inmediatamente v\u00eda email.<\/span><\/em><\/p>\n<p><em>El tiempo para procesar y empacar su pedido es de 1 a 2 d\u00edas a partir de la confirmaci\u00f3n de su pago, favor de sumar este tiempo a los tiempos de entrega de su orden. Si su compra se realiza en d\u00eda S\u00e1bado, Domingo \u00f3 d\u00eda festivo la fecha para procesar su pedido ser\u00e1 el d\u00eda h\u00e1bil posterior a la confirmaci\u00f3n de su compra.<\/em><\/p>\n<p>&nbsp;<\/p>\n<p class=\"p1\"><strong><span class=\"s1\">M\u00e9todos de Env\u00edo:<\/span><\/strong><\/p>\n<p class=\"p2\"><em><span class=\"s1\">Favor de confirmar que la direcci\u00f3n ingresada para el env\u00edo sea correcta. Adicionalmente, muchos env\u00edo requerir\u00e1n una firma de entrega, si le es posible, designe a alguien en su domicilio para que reciba el pedido.\u00a0<\/span><\/em><\/p>\n<p><em>Trabajamos con diferentes empresas de mensajer\u00eda por lo que las tarifas se ajustan acorde al tipo de servicio, tiempo de entrega y tama\u00f1o o peso de la pieza enviada, favor de verificar el costo antes de confirmar su pedido.\u00a0<\/em><\/p>\n<p>&nbsp;<\/p>\n<p class=\"p1\"><strong><span class=\"s1\">Env\u00edos al Extranjero<\/span><\/strong><\/p>\n<p class=\"p2\"><em><span class=\"s1\">Como parte de nuestro servicio internacional, TETERETE se enorgullece de poder hacer env\u00edos a diferentes pa\u00edses del mundo. Cuando este en el proceso de pago favor de confirmar que la pieza est\u00e9 disponible para env\u00edo a ese pa\u00eds en espec\u00edfico. Hay algunos pa\u00edses donde no hacemos env\u00edos. La \u00fanica diferencia con los clientes internacionales es que deben cambiar M\u00e9xico como pa\u00eds de entrega y asignar el pa\u00eds o regi\u00f3n a donde desean se haga el env\u00edo. \u00a0Le sugerimos verificar cualquier costo adicional referente a posibles tarifas arancelarias, costos de importaci\u00f3n y\/o impuestos impuestos por las leyes locales o aduanas del pa\u00eds destino, TETERETE no ser\u00e1 responsable por ning\u00fan tipo de impuesto o tarifa requerida en cualquier otro pa\u00eds para la liberaci\u00f3n del producto y posterior entrega fuera de M\u00e9xico.\u00a0<\/span><\/em><\/p>\n<p class=\"p2\"><em><span class=\"s1\">Adicionalmente, favor de checar con Aduanas en su pa\u00eds destino si no est\u00e1 seguro de las tarifas arancelarias \u00f3 restricciones para cierto tipo de productos, debido a regulaciones locales. Incluido periodos de cuarentena que pudieran afectar los tiempos de entrega del producto. \u00a0Additionally, please check with the Customs bureau in the destination country if you are unsure about any commodity-specific import regulations or restrictions (including quarantine) that might affect your shipment. Algunas de las restricciones a la importaci\u00f3n que pudieran afectar a ciertos productos vendidos en Teterete, aunque no de manera exclusiva son: (a) todas las piezas de joyer\u00eda enviada a Espa\u00f1a, M\u00f3naco \u00f3 Francia; (b) todas las piezas enviadas a Australia que contienen fibras naturales (incluyendo bamb\u00fa, coco, paja, ca\u00f1a, palma), madera, partes animales (incluyendo huesos, cornamentas), lana natural, o pelo de alg\u00fan animal. TETERETE no ser\u00e1 responsable de ninguna pieza en cuarentena, destruida o de alguna manera no entregada como resultado de restricciones a la importaci\u00f3n que el comprador no haya verificado con anterioridad al env\u00edo a cualquier pa\u00eds fuera de M\u00e9xico. \u00a0<\/span><\/em><\/p>\n<p>&nbsp;<\/p>\n<p class=\"p1\"><strong><span class=\"s1\">Errores en la Direcci\u00f3n<\/span><\/strong><\/p>\n<p class=\"p2\"><em><span class=\"s1\">Un costo adicional a las ordenes ser\u00e1n aplicados cuando:<\/span><\/em><\/p>\n<p class=\"p2\"><em><span class=\"s1\">Una direcci\u00f3n incorrecta haya sido prove\u00edda por el comprador y el paquete sea devuelto como no entregado. <\/span><\/em><\/p>\n<p class=\"p2\"><em><span class=\"s1\">Una direcci\u00f3n invalida haya sido proporcionada por el comprador, resultando en un cargo adicional por parte de la empresa de mensajer\u00eda. Algunos de los errores pueden ser, sin ser todos los especificados, direcci\u00f3n incompleta o invalida, error en c\u00f3digo postal, estado o ciudad err\u00f3neos, pa\u00eds incorrecto: Errores tipogr\u00e1ficos; o n\u00fameros invertidos. <\/span><\/em><\/p>\n<p class=\"p2\"><em><span class=\"s1\">un cambio o solicitud de correcci\u00f3n de direcci\u00f3n de \u00faltimo momento y que de como resultado la no entrega de una orden. <\/span><\/em><\/p>\n<p class=\"p2\"><em><span class=\"s1\">El costo extra ser\u00e1 de $100.00 M.N. por manejo de paquete m\u00e1s cualquier cargo aplicable o relacionado a redireccionar, reenviar o recuperar el env\u00edo(s). Considerar que no se har\u00e1 ning\u00fan cargo adicional al cambio de direcci\u00f3n de env\u00edo si esta se hace antes de que el producto sea enviado. \u00a0 <\/span><\/em><\/p>\n<p class=\"p4\"><span class=\"s1\">\u00a0<\/span><\/p>\n<p class=\"p1\"><strong><span class=\"s1\">Env\u00edos rechazados, devueltos o no reclamados:<\/span><\/strong><\/p>\n<p class=\"p2\"><em><span class=\"s1\">Considerar un costo extra de $500.00 (por paquete) de cualquier env\u00edo rechazado. Adicionalmente, el cliente ser\u00e1 responsable por cualquier costo adicional por devoluci\u00f3n cargados por la empresa de mensajer\u00eda. En env\u00edos internacionales (fuera de M\u00e9xico) el cliente ser\u00e1 responsable por cualquier impuesto tarifario, almacenamiento, o cargos de importaci\u00f3n en paquetes rechazados o no reclamados, en conjunto con el costo de retorno de la pieza. Costos de env\u00edo no son reembolsables en piezas rechazadas o no reclamadas. <\/span><\/em><\/p>\n<p class=\"p2\"><em><span class=\"s1\">Favor de considerar un costo $100.00 M.N. por cualquier paquete que sea re-direccionado, re-enrutado o regresado a TETERETE por la empresa de mensajer\u00eda. Este costo es adicional al cargo por re-env\u00edo previo al env\u00edo del paquete. <\/span><\/em><\/p>\n<p class=\"p4\"><span class=\"s1\">\u00a0<\/span><\/p>\n<p class=\"p1\"><strong><span class=\"s1\">Impuesto de Importaci\u00f3n y Aduanas<\/span><\/strong><\/p>\n<p class=\"p2\"><em><span class=\"s1\">Pedido para ser enviados fuera de M\u00e9xico podr\u00edan requerir una orden para que los impuestos sean pagado contra entrega. Clientes fuera de M\u00e9xico y particularmente en Latino America, Estados unidos, Africa, Australia y Portugal, se les recomienda contactar su oficina de aduanas local para solicitar informaci\u00f3n sobre costos de importaci\u00f3n. TETERETE no ser\u00e1 responsable por cualquier costo impuesto por la autoridad correspondiente o gobierno local en pedidos enviados a pa\u00edses fuera de la Rep\u00fablica Mexicana. Favor de considerar que aunque nosotros declaremos las piezas como &#8220;regalos&#8221; en el formato aduanal, no podremos considerar disminuir el precio de la pieza para ser incluido en la forma de env\u00edo.<\/span><\/em><\/p>\n","protected":false},"excerpt":{"rendered":"<p>Tiempos de Entrega En promedio, nuestras ordenes arriban a su destino en 5 d\u00edas dentro de M\u00e9xico y de 2 a 3 semanas a otros pa\u00edses. El tiempo de entrega depender\u00e1 principalmente de dos factores: disponibilidad del producto y tipo de env\u00edo pagado por el cliente, una vez recibida su orden confirmaremos tiempo de entrega. [&hellip;]<\/p>\n","protected":false},"author":1,"featured_media":15,"parent":29,"menu_order":0,"comment_status":"closed","ping_status":"closed","template":"","meta":{"sfsi_plus_gutenberg_text_before_share":"","sfsi_plus_gutenberg_show_text_before_share":"","sfsi_plus_gutenberg_icon_type":"","sfsi_plus_gutenberg_icon_alignemt":"","sfsi_plus_gutenburg_max_per_row":"","footnotes":""},"acf":[],"yoast_head":"<!-- This site is optimized with the Yoast SEO plugin v23.5 - https:\/\/yoast.com\/wordpress\/plugins\/seo\/ -->\n<title>Informaci\u00f3n de Env\u00edo -<\/title>\n<meta name=\"robots\" content=\"index, follow, max-snippet:-1, max-image-preview:large, max-video-preview:-1\" \/>\n<link rel=\"canonical\" href=\"https:\/\/teterete.com\/mx\/devoluciones-reembolsos\/informacion-de-envio\/\" \/>\n<meta property=\"og:locale\" content=\"es_ES\" \/>\n<meta property=\"og:type\" content=\"article\" \/>\n<meta property=\"og:title\" content=\"Informaci\u00f3n de Env\u00edo -\" \/>\n<meta property=\"og:description\" content=\"Tiempos de Entrega En promedio, nuestras ordenes arriban a su destino en 5 d\u00edas dentro de M\u00e9xico y de 2 a 3 semanas a otros pa\u00edses. El tiempo de entrega depender\u00e1 principalmente de dos factores: disponibilidad del producto y tipo de env\u00edo pagado por el cliente, una vez recibida su orden confirmaremos tiempo de entrega. [&hellip;]\" \/>\n<meta property=\"og:url\" content=\"https:\/\/teterete.com\/mx\/devoluciones-reembolsos\/informacion-de-envio\/\" \/>\n<meta property=\"article:publisher\" content=\"https:\/\/www.facebook.com\/TetereteHome\/\" \/>\n<meta property=\"article:modified_time\" content=\"2019-09-29T14:15:29+00:00\" \/>\n<meta property=\"og:image\" content=\"https:\/\/teterete.com\/mx\/wp-content\/uploads\/2016\/07\/about_banner.jpg\" \/>\n\t<meta property=\"og:image:width\" content=\"1140\" \/>\n\t<meta property=\"og:image:height\" content=\"320\" \/>\n\t<meta property=\"og:image:type\" content=\"image\/jpeg\" \/>\n<meta name=\"twitter:card\" content=\"summary_large_image\" \/>\n<meta name=\"twitter:site\" content=\"@Teterete_Home\" \/>\n<meta name=\"twitter:label1\" content=\"Tiempo de lectura\" \/>\n\t<meta name=\"twitter:data1\" content=\"5 minutos\" \/>\n<script type=\"application\/ld+json\" class=\"yoast-schema-graph\">{\"@context\":\"https:\/\/schema.org\",\"@graph\":[{\"@type\":\"WebPage\",\"@id\":\"https:\/\/teterete.com\/mx\/devoluciones-reembolsos\/informacion-de-envio\/\",\"url\":\"https:\/\/teterete.com\/mx\/devoluciones-reembolsos\/informacion-de-envio\/\",\"name\":\"Informaci\u00f3n de Env\u00edo -\",\"isPartOf\":{\"@id\":\"https:\/\/teterete.com\/mx\/#website\"},\"primaryImageOfPage\":{\"@id\":\"https:\/\/teterete.com\/mx\/devoluciones-reembolsos\/informacion-de-envio\/#primaryimage\"},\"image\":{\"@id\":\"https:\/\/teterete.com\/mx\/devoluciones-reembolsos\/informacion-de-envio\/#primaryimage\"},\"thumbnailUrl\":\"https:\/\/teterete.com\/mx\/wp-content\/uploads\/2016\/07\/about_banner.jpg\",\"datePublished\":\"2016-07-12T04:26:19+00:00\",\"dateModified\":\"2019-09-29T14:15:29+00:00\",\"breadcrumb\":{\"@id\":\"https:\/\/teterete.com\/mx\/devoluciones-reembolsos\/informacion-de-envio\/#breadcrumb\"},\"inLanguage\":\"es\",\"potentialAction\":[{\"@type\":\"ReadAction\",\"target\":[\"https:\/\/teterete.com\/mx\/devoluciones-reembolsos\/informacion-de-envio\/\"]}]},{\"@type\":\"ImageObject\",\"inLanguage\":\"es\",\"@id\":\"https:\/\/teterete.com\/mx\/devoluciones-reembolsos\/informacion-de-envio\/#primaryimage\",\"url\":\"https:\/\/teterete.com\/mx\/wp-content\/uploads\/2016\/07\/about_banner.jpg\",\"contentUrl\":\"https:\/\/teterete.com\/mx\/wp-content\/uploads\/2016\/07\/about_banner.jpg\",\"width\":1140,\"height\":320},{\"@type\":\"BreadcrumbList\",\"@id\":\"https:\/\/teterete.com\/mx\/devoluciones-reembolsos\/informacion-de-envio\/#breadcrumb\",\"itemListElement\":[{\"@type\":\"ListItem\",\"position\":1,\"name\":\"Home\",\"item\":\"https:\/\/teterete.com\/mx\/\"},{\"@type\":\"ListItem\",\"position\":2,\"name\":\"Devoluciones y Reembolsos\",\"item\":\"https:\/\/teterete.com\/mx\/devoluciones-reembolsos\/\"},{\"@type\":\"ListItem\",\"position\":3,\"name\":\"Informaci\u00f3n de Env\u00edo\"}]},{\"@type\":\"WebSite\",\"@id\":\"https:\/\/teterete.com\/mx\/#website\",\"url\":\"https:\/\/teterete.com\/mx\/\",\"name\":\"\",\"description\":\"Tienda en L\u00ednea de Fina Artesanias y Dise\u00f1o Mexicano. Bellas piezas elaboradas a mano por los mejores artesanos del pa\u00eds as\u00ed como piezas de dise\u00f1o y decoraci\u00f3n con inspiraci\u00f3n artesanal.\",\"potentialAction\":[{\"@type\":\"SearchAction\",\"target\":{\"@type\":\"EntryPoint\",\"urlTemplate\":\"https:\/\/teterete.com\/mx\/?s={search_term_string}\"},\"query-input\":{\"@type\":\"PropertyValueSpecification\",\"valueRequired\":true,\"valueName\":\"search_term_string\"}}],\"inLanguage\":\"es\"}]}<\/script>\n<!-- \/ Yoast SEO plugin. -->","yoast_head_json":{"title":"Informaci\u00f3n de Env\u00edo -","robots":{"index":"index","follow":"follow","max-snippet":"max-snippet:-1","max-image-preview":"max-image-preview:large","max-video-preview":"max-video-preview:-1"},"canonical":"https:\/\/teterete.com\/mx\/devoluciones-reembolsos\/informacion-de-envio\/","og_locale":"es_ES","og_type":"article","og_title":"Informaci\u00f3n de Env\u00edo -","og_description":"Tiempos de Entrega En promedio, nuestras ordenes arriban a su destino en 5 d\u00edas dentro de M\u00e9xico y de 2 a 3 semanas a otros pa\u00edses. El tiempo de entrega depender\u00e1 principalmente de dos factores: disponibilidad del producto y tipo de env\u00edo pagado por el cliente, una vez recibida su orden confirmaremos tiempo de entrega. [&hellip;]","og_url":"https:\/\/teterete.com\/mx\/devoluciones-reembolsos\/informacion-de-envio\/","article_publisher":"https:\/\/www.facebook.com\/TetereteHome\/","article_modified_time":"2019-09-29T14:15:29+00:00","og_image":[{"width":1140,"height":320,"url":"https:\/\/teterete.com\/mx\/wp-content\/uploads\/2016\/07\/about_banner.jpg","type":"image\/jpeg"}],"twitter_card":"summary_large_image","twitter_site":"@Teterete_Home","twitter_misc":{"Tiempo de lectura":"5 minutos"},"schema":{"@context":"https:\/\/schema.org","@graph":[{"@type":"WebPage","@id":"https:\/\/teterete.com\/mx\/devoluciones-reembolsos\/informacion-de-envio\/","url":"https:\/\/teterete.com\/mx\/devoluciones-reembolsos\/informacion-de-envio\/","name":"Informaci\u00f3n de Env\u00edo -","isPartOf":{"@id":"https:\/\/teterete.com\/mx\/#website"},"primaryImageOfPage":{"@id":"https:\/\/teterete.com\/mx\/devoluciones-reembolsos\/informacion-de-envio\/#primaryimage"},"image":{"@id":"https:\/\/teterete.com\/mx\/devoluciones-reembolsos\/informacion-de-envio\/#primaryimage"},"thumbnailUrl":"https:\/\/teterete.com\/mx\/wp-content\/uploads\/2016\/07\/about_banner.jpg","datePublished":"2016-07-12T04:26:19+00:00","dateModified":"2019-09-29T14:15:29+00:00","breadcrumb":{"@id":"https:\/\/teterete.com\/mx\/devoluciones-reembolsos\/informacion-de-envio\/#breadcrumb"},"inLanguage":"es","potentialAction":[{"@type":"ReadAction","target":["https:\/\/teterete.com\/mx\/devoluciones-reembolsos\/informacion-de-envio\/"]}]},{"@type":"ImageObject","inLanguage":"es","@id":"https:\/\/teterete.com\/mx\/devoluciones-reembolsos\/informacion-de-envio\/#primaryimage","url":"https:\/\/teterete.com\/mx\/wp-content\/uploads\/2016\/07\/about_banner.jpg","contentUrl":"https:\/\/teterete.com\/mx\/wp-content\/uploads\/2016\/07\/about_banner.jpg","width":1140,"height":320},{"@type":"BreadcrumbList","@id":"https:\/\/teterete.com\/mx\/devoluciones-reembolsos\/informacion-de-envio\/#breadcrumb","itemListElement":[{"@type":"ListItem","position":1,"name":"Home","item":"https:\/\/teterete.com\/mx\/"},{"@type":"ListItem","position":2,"name":"Devoluciones y Reembolsos","item":"https:\/\/teterete.com\/mx\/devoluciones-reembolsos\/"},{"@type":"ListItem","position":3,"name":"Informaci\u00f3n de Env\u00edo"}]},{"@type":"WebSite","@id":"https:\/\/teterete.com\/mx\/#website","url":"https:\/\/teterete.com\/mx\/","name":"","description":"Tienda en L\u00ednea de Fina Artesanias y Dise\u00f1o Mexicano. Bellas piezas elaboradas a mano por los mejores artesanos del pa\u00eds as\u00ed como piezas de dise\u00f1o y decoraci\u00f3n con inspiraci\u00f3n artesanal.","potentialAction":[{"@type":"SearchAction","target":{"@type":"EntryPoint","urlTemplate":"https:\/\/teterete.com\/mx\/?s={search_term_string}"},"query-input":{"@type":"PropertyValueSpecification","valueRequired":true,"valueName":"search_term_string"}}],"inLanguage":"es"}]}},"_links":{"self":[{"href":"https:\/\/teterete.com\/mx\/wp-json\/wp\/v2\/pages\/27"}],"collection":[{"href":"https:\/\/teterete.com\/mx\/wp-json\/wp\/v2\/pages"}],"about":[{"href":"https:\/\/teterete.com\/mx\/wp-json\/wp\/v2\/types\/page"}],"author":[{"embeddable":true,"href":"https:\/\/teterete.com\/mx\/wp-json\/wp\/v2\/users\/1"}],"replies":[{"embeddable":true,"href":"https:\/\/teterete.com\/mx\/wp-json\/wp\/v2\/comments?post=27"}],"version-history":[{"count":8,"href":"https:\/\/teterete.com\/mx\/wp-json\/wp\/v2\/pages\/27\/revisions"}],"predecessor-version":[{"id":6817,"href":"https:\/\/teterete.com\/mx\/wp-json\/wp\/v2\/pages\/27\/revisions\/6817"}],"up":[{"embeddable":true,"href":"https:\/\/teterete.com\/mx\/wp-json\/wp\/v2\/pages\/29"}],"wp:featuredmedia":[{"embeddable":true,"href":"https:\/\/teterete.com\/mx\/wp-json\/wp\/v2\/media\/15"}],"wp:attachment":[{"href":"https:\/\/teterete.com\/mx\/wp-json\/wp\/v2\/media?parent=27"}],"curies":[{"name":"wp","href":"https:\/\/api.w.org\/{rel}","templated":true}]}}