{"id":29,"date":"2016-07-12T04:26:31","date_gmt":"2016-07-12T04:26:31","guid":{"rendered":"http:\/\/mx.teterete.com\/?page_id=29"},"modified":"2019-06-07T16:12:22","modified_gmt":"2019-06-07T16:12:22","slug":"devoluciones-reembolsos","status":"publish","type":"page","link":"https:\/\/teterete.com\/mx\/devoluciones-reembolsos\/","title":{"rendered":"Devoluciones y Reembolsos"},"content":{"rendered":"<p class=\"p1\"><strong><span class=\"s1\"><i>Devoluciones y Reembolsos<\/i><\/span><\/strong><\/p>\n<p><i>En Teterete queremos asegurarnos que usted est\u00e1 satisfecho con su compra. Por lo que cuenta con 5 d\u00edas (cinco) para regresar su producto si no est\u00e1 completamente satisfecho, siempre y cuando, se regrese en las mismas condiciones en las que se lo enviamos. <\/i><\/p>\n<p><i>En caso de que la pieza llegue da\u00f1ada \u00f3 rota cuenta con 48 hrs posteriores a su recepci\u00f3n para notificarnos. Despu\u00e9s de ese tiempo la empresa de mensajer\u00eda no acepta reclamaciones por lo que nos ser\u00e1 imposible reembolsarle el costo de la pieza.<\/i><\/p>\n<p class=\"p3\"><span class=\"s1\"><i>\u00a0<\/i><\/span><span class=\"s2\"><i>Teterete<\/i><\/span><span class=\"s1\"><i>\u00a0no considerar\u00e1 una pieza\u00a0devuelta hasta que este de regreso en nuestras instalaciones. A nuestra discreci\u00f3n, podremos reembolsar ciertas piezas antes de que nos sean devueltas y\/o no\u00a0requiramos nos sean enviadas. En este caso, Teterete no ser\u00e1 propietario de la pieza\u00a0reembolsada \u00a0<\/i><\/span><\/p>\n<p class=\"p3\"><span class=\"s1\"><i>\u00a0Usted es responsable de pagar los costos de\u00a0<\/i><\/span><i>env\u00edo por piezas devueltas a menos que el producto le haya llegado da\u00f1ado y nos haya notificado la\u00a0incidencia en un plazo no mayor a 48 hrs. Si este fuera el caso, favor de tomar una foto del producto como le lleg\u00f3 y\u00a0env\u00edelo a nuestro correo para autorizar el reembolso. Le haremos un reembolso del costo de la pieza a la misma cuenta de la que se nos hizo el pago o le ofreceremos un cr\u00e9dito para seleccionar otra pieza en teterete.com, esto a su elecci\u00f3n.\u00a0<\/i><\/p>\n<p class=\"p2\"><span class=\"s1\"><i>Favor de contactarnos a\u00a0<\/i><a href=\"mailto:info@teterete.com\"><span class=\"s3\"><i>info@teterete.com<\/i><\/span><\/a><i>\u00a0para mayor informaci\u00f3n de la direcci\u00f3n de devoluci\u00f3n de las piezas.<\/i><\/span><i>\u00a0<\/i><\/p>\n<p>&nbsp;<\/p>\n<p class=\"p1\"><strong><span class=\"s1\"><i>Ofertas Especiales<\/i><\/span><\/strong><\/p>\n<p class=\"p2\"><span class=\"s1\"><i>Ocasionalmente ofreceremos promociones especiales a nuestros\u00a0clientes que se\u00a0referir\u00e1n como &#8220;ofertas especiales&#8221; u &#8220;oferta especial&#8221;. Esto puede incluir un regalo con su compra, env\u00edo gratis, hecho a la medida, o cualquier otra oferta promocional relacionada con la compra de un producto. Est\u00e1s ofertas son de manera temporal\u00a0\u00fanicamente .<\/i><\/span><\/p>\n<p class=\"p3\"><span class=\"s1\"><i>\u00a0<\/i><\/span><\/p>\n<p class=\"p3\"><strong><span class=\"s1\"><i>\u00a0<\/i><\/span><span class=\"s1\"><i>Descripci\u00f3n de Productos<\/i><\/span><\/strong><\/p>\n<p class=\"p2\"><span class=\"s1\"><i>En Teterete procuramos ser lo m\u00e1s precisos posibles. Sin embargo, Teterete no garantiza que las descripciones de las piezas o\u00a0alg\u00fan otro contenido en el sitio sea exacto, completo, seguro, actual, o libre de errores. Si alg\u00fan producto ofrecido en Teterete no es como se describe, tienen la opci\u00f3n de regresarlo sin usar y en las mismas condiciones en que los recibi\u00f3.\u00a0<\/i><\/span><\/p>\n<p><em>Los colores de las piezas podr\u00edan tener una variaci\u00f3n de color en relaci\u00f3n a lo que se muestra en la foto del producto, los colores en las fotograf\u00edas no son 100% confiables debido a la luminosidad y efectos al momento de la toma fotogr\u00e1fica.\u00a0<\/em><br \/>\n<script>(function(w,d,t,r,u){var f,n,i;w[u]=w[u]||[],f=function(){var o={ti:\"26004103\"};o.q=w[u],w[u]=new UET(o),w[u].push(\"pageLoad\")},n=d.createElement(t),n.src=r,n.async=1,n.onload=n.onreadystatechange=function(){var s=this.readyState;s&&s!==\"loaded\"&&s!==\"complete\"||(f(),n.onload=n.onreadystatechange=null)},i=d.getElementsByTagName(t)[0],i.parentNode.insertBefore(n,i)})(window,document,\"script\",\"\/\/bat.bing.com\/bat.js\",\"uetq\");<\/script><\/p>\n","protected":false},"excerpt":{"rendered":"<p>Devoluciones y Reembolsos En Teterete queremos asegurarnos que usted est\u00e1 satisfecho con su compra. Por lo que cuenta con 5 d\u00edas (cinco) para regresar su producto si no est\u00e1 completamente satisfecho, siempre y cuando, se regrese en las mismas condiciones en las que se lo enviamos. En caso de que la pieza llegue da\u00f1ada \u00f3 [&hellip;]<\/p>\n","protected":false},"author":1,"featured_media":15,"parent":0,"menu_order":0,"comment_status":"closed","ping_status":"closed","template":"","meta":{"sfsi_plus_gutenberg_text_before_share":"","sfsi_plus_gutenberg_show_text_before_share":"","sfsi_plus_gutenberg_icon_type":"","sfsi_plus_gutenberg_icon_alignemt":"","sfsi_plus_gutenburg_max_per_row":"","footnotes":""},"acf":[],"yoast_head":"<!-- This site is optimized with the Yoast SEO plugin v23.5 - https:\/\/yoast.com\/wordpress\/plugins\/seo\/ -->\n<title>Devoluciones y Reembolsos -<\/title>\n<meta name=\"robots\" content=\"index, follow, max-snippet:-1, max-image-preview:large, max-video-preview:-1\" \/>\n<link rel=\"canonical\" href=\"https:\/\/teterete.com\/mx\/devoluciones-reembolsos\/\" \/>\n<meta property=\"og:locale\" content=\"es_ES\" \/>\n<meta property=\"og:type\" content=\"article\" \/>\n<meta property=\"og:title\" content=\"Devoluciones y Reembolsos -\" \/>\n<meta property=\"og:description\" content=\"Devoluciones y Reembolsos En Teterete queremos asegurarnos que usted est\u00e1 satisfecho con su compra. Por lo que cuenta con 5 d\u00edas (cinco) para regresar su producto si no est\u00e1 completamente satisfecho, siempre y cuando, se regrese en las mismas condiciones en las que se lo enviamos. En caso de que la pieza llegue da\u00f1ada \u00f3 [&hellip;]\" \/>\n<meta property=\"og:url\" content=\"https:\/\/teterete.com\/mx\/devoluciones-reembolsos\/\" \/>\n<meta property=\"article:publisher\" content=\"https:\/\/www.facebook.com\/TetereteHome\/\" \/>\n<meta property=\"article:modified_time\" content=\"2019-06-07T16:12:22+00:00\" \/>\n<meta property=\"og:image\" content=\"https:\/\/teterete.com\/mx\/wp-content\/uploads\/2016\/07\/about_banner.jpg\" \/>\n\t<meta property=\"og:image:width\" content=\"1140\" \/>\n\t<meta property=\"og:image:height\" content=\"320\" \/>\n\t<meta property=\"og:image:type\" content=\"image\/jpeg\" \/>\n<meta name=\"twitter:card\" content=\"summary_large_image\" \/>\n<meta name=\"twitter:site\" content=\"@Teterete_Home\" \/>\n<meta name=\"twitter:label1\" content=\"Tiempo de lectura\" \/>\n\t<meta name=\"twitter:data1\" content=\"2 minutos\" \/>\n<script type=\"application\/ld+json\" class=\"yoast-schema-graph\">{\"@context\":\"https:\/\/schema.org\",\"@graph\":[{\"@type\":\"WebPage\",\"@id\":\"https:\/\/teterete.com\/mx\/devoluciones-reembolsos\/\",\"url\":\"https:\/\/teterete.com\/mx\/devoluciones-reembolsos\/\",\"name\":\"Devoluciones y Reembolsos -\",\"isPartOf\":{\"@id\":\"https:\/\/teterete.com\/mx\/#website\"},\"primaryImageOfPage\":{\"@id\":\"https:\/\/teterete.com\/mx\/devoluciones-reembolsos\/#primaryimage\"},\"image\":{\"@id\":\"https:\/\/teterete.com\/mx\/devoluciones-reembolsos\/#primaryimage\"},\"thumbnailUrl\":\"https:\/\/teterete.com\/mx\/wp-content\/uploads\/2016\/07\/about_banner.jpg\",\"datePublished\":\"2016-07-12T04:26:31+00:00\",\"dateModified\":\"2019-06-07T16:12:22+00:00\",\"breadcrumb\":{\"@id\":\"https:\/\/teterete.com\/mx\/devoluciones-reembolsos\/#breadcrumb\"},\"inLanguage\":\"es\",\"potentialAction\":[{\"@type\":\"ReadAction\",\"target\":[\"https:\/\/teterete.com\/mx\/devoluciones-reembolsos\/\"]}]},{\"@type\":\"ImageObject\",\"inLanguage\":\"es\",\"@id\":\"https:\/\/teterete.com\/mx\/devoluciones-reembolsos\/#primaryimage\",\"url\":\"https:\/\/teterete.com\/mx\/wp-content\/uploads\/2016\/07\/about_banner.jpg\",\"contentUrl\":\"https:\/\/teterete.com\/mx\/wp-content\/uploads\/2016\/07\/about_banner.jpg\",\"width\":1140,\"height\":320},{\"@type\":\"BreadcrumbList\",\"@id\":\"https:\/\/teterete.com\/mx\/devoluciones-reembolsos\/#breadcrumb\",\"itemListElement\":[{\"@type\":\"ListItem\",\"position\":1,\"name\":\"Home\",\"item\":\"https:\/\/teterete.com\/mx\/\"},{\"@type\":\"ListItem\",\"position\":2,\"name\":\"Devoluciones y Reembolsos\"}]},{\"@type\":\"WebSite\",\"@id\":\"https:\/\/teterete.com\/mx\/#website\",\"url\":\"https:\/\/teterete.com\/mx\/\",\"name\":\"\",\"description\":\"Tienda en L\u00ednea de Fina Artesanias y Dise\u00f1o Mexicano. Bellas piezas elaboradas a mano por los mejores artesanos del pa\u00eds as\u00ed como piezas de dise\u00f1o y decoraci\u00f3n con inspiraci\u00f3n artesanal.\",\"potentialAction\":[{\"@type\":\"SearchAction\",\"target\":{\"@type\":\"EntryPoint\",\"urlTemplate\":\"https:\/\/teterete.com\/mx\/?s={search_term_string}\"},\"query-input\":{\"@type\":\"PropertyValueSpecification\",\"valueRequired\":true,\"valueName\":\"search_term_string\"}}],\"inLanguage\":\"es\"}]}<\/script>\n<!-- \/ Yoast SEO plugin. -->","yoast_head_json":{"title":"Devoluciones y Reembolsos -","robots":{"index":"index","follow":"follow","max-snippet":"max-snippet:-1","max-image-preview":"max-image-preview:large","max-video-preview":"max-video-preview:-1"},"canonical":"https:\/\/teterete.com\/mx\/devoluciones-reembolsos\/","og_locale":"es_ES","og_type":"article","og_title":"Devoluciones y Reembolsos -","og_description":"Devoluciones y Reembolsos En Teterete queremos asegurarnos que usted est\u00e1 satisfecho con su compra. Por lo que cuenta con 5 d\u00edas (cinco) para regresar su producto si no est\u00e1 completamente satisfecho, siempre y cuando, se regrese en las mismas condiciones en las que se lo enviamos. En caso de que la pieza llegue da\u00f1ada \u00f3 [&hellip;]","og_url":"https:\/\/teterete.com\/mx\/devoluciones-reembolsos\/","article_publisher":"https:\/\/www.facebook.com\/TetereteHome\/","article_modified_time":"2019-06-07T16:12:22+00:00","og_image":[{"width":1140,"height":320,"url":"https:\/\/teterete.com\/mx\/wp-content\/uploads\/2016\/07\/about_banner.jpg","type":"image\/jpeg"}],"twitter_card":"summary_large_image","twitter_site":"@Teterete_Home","twitter_misc":{"Tiempo de lectura":"2 minutos"},"schema":{"@context":"https:\/\/schema.org","@graph":[{"@type":"WebPage","@id":"https:\/\/teterete.com\/mx\/devoluciones-reembolsos\/","url":"https:\/\/teterete.com\/mx\/devoluciones-reembolsos\/","name":"Devoluciones y Reembolsos -","isPartOf":{"@id":"https:\/\/teterete.com\/mx\/#website"},"primaryImageOfPage":{"@id":"https:\/\/teterete.com\/mx\/devoluciones-reembolsos\/#primaryimage"},"image":{"@id":"https:\/\/teterete.com\/mx\/devoluciones-reembolsos\/#primaryimage"},"thumbnailUrl":"https:\/\/teterete.com\/mx\/wp-content\/uploads\/2016\/07\/about_banner.jpg","datePublished":"2016-07-12T04:26:31+00:00","dateModified":"2019-06-07T16:12:22+00:00","breadcrumb":{"@id":"https:\/\/teterete.com\/mx\/devoluciones-reembolsos\/#breadcrumb"},"inLanguage":"es","potentialAction":[{"@type":"ReadAction","target":["https:\/\/teterete.com\/mx\/devoluciones-reembolsos\/"]}]},{"@type":"ImageObject","inLanguage":"es","@id":"https:\/\/teterete.com\/mx\/devoluciones-reembolsos\/#primaryimage","url":"https:\/\/teterete.com\/mx\/wp-content\/uploads\/2016\/07\/about_banner.jpg","contentUrl":"https:\/\/teterete.com\/mx\/wp-content\/uploads\/2016\/07\/about_banner.jpg","width":1140,"height":320},{"@type":"BreadcrumbList","@id":"https:\/\/teterete.com\/mx\/devoluciones-reembolsos\/#breadcrumb","itemListElement":[{"@type":"ListItem","position":1,"name":"Home","item":"https:\/\/teterete.com\/mx\/"},{"@type":"ListItem","position":2,"name":"Devoluciones y Reembolsos"}]},{"@type":"WebSite","@id":"https:\/\/teterete.com\/mx\/#website","url":"https:\/\/teterete.com\/mx\/","name":"","description":"Tienda en L\u00ednea de Fina Artesanias y Dise\u00f1o Mexicano. Bellas piezas elaboradas a mano por los mejores artesanos del pa\u00eds as\u00ed como piezas de dise\u00f1o y decoraci\u00f3n con inspiraci\u00f3n artesanal.","potentialAction":[{"@type":"SearchAction","target":{"@type":"EntryPoint","urlTemplate":"https:\/\/teterete.com\/mx\/?s={search_term_string}"},"query-input":{"@type":"PropertyValueSpecification","valueRequired":true,"valueName":"search_term_string"}}],"inLanguage":"es"}]}},"_links":{"self":[{"href":"https:\/\/teterete.com\/mx\/wp-json\/wp\/v2\/pages\/29"}],"collection":[{"href":"https:\/\/teterete.com\/mx\/wp-json\/wp\/v2\/pages"}],"about":[{"href":"https:\/\/teterete.com\/mx\/wp-json\/wp\/v2\/types\/page"}],"author":[{"embeddable":true,"href":"https:\/\/teterete.com\/mx\/wp-json\/wp\/v2\/users\/1"}],"replies":[{"embeddable":true,"href":"https:\/\/teterete.com\/mx\/wp-json\/wp\/v2\/comments?post=29"}],"version-history":[{"count":9,"href":"https:\/\/teterete.com\/mx\/wp-json\/wp\/v2\/pages\/29\/revisions"}],"predecessor-version":[{"id":5922,"href":"https:\/\/teterete.com\/mx\/wp-json\/wp\/v2\/pages\/29\/revisions\/5922"}],"wp:featuredmedia":[{"embeddable":true,"href":"https:\/\/teterete.com\/mx\/wp-json\/wp\/v2\/media\/15"}],"wp:attachment":[{"href":"https:\/\/teterete.com\/mx\/wp-json\/wp\/v2\/media?parent=29"}],"curies":[{"name":"wp","href":"https:\/\/api.w.org\/{rel}","templated":true}]}}