{"id":31,"date":"2016-07-12T04:26:43","date_gmt":"2016-07-12T04:26:43","guid":{"rendered":"http:\/\/mx.teterete.com\/?page_id=31"},"modified":"2021-05-04T15:44:32","modified_gmt":"2021-05-04T15:44:32","slug":"politicas-de-privacidad","status":"publish","type":"page","link":"https:\/\/teterete.com\/mx\/politicas-de-privacidad\/","title":{"rendered":"Pol\u00edticas de Privacidad"},"content":{"rendered":"<p class=\"p1\"><strong><span class=\"s1\">PRIVACIDAD<\/span><\/strong><\/p>\n<p class=\"p2\"><span class=\"s1\"><i>En Teterete, estamos comprometidos con la protecci\u00f3n de su privacidad. Nosotros usamos la informaci\u00f3n que nos proporciona para asistirlo en el proceso de su orden. Favor de leer m\u00e1s abajo para mayores informaci\u00f3n de nuestras\u00a0pol\u00edticas\u00a0de privacidad.<\/i><\/span><\/p>\n<p>Los datos personales que nos aporta son nombre, apellidos, tel\u00e9fono, correo electr\u00f3nico, pa\u00eds, direcci\u00f3n, mensaje y ser\u00e1n objeto de tratamiento en una base de datos responsabilidad de Teterete Arte Colectivo de M\u00e9xico, SAS (Teterete Home) cuyas finalidades son:<\/p>\n<p>a. El seguimiento, cumplimiento y ejecuci\u00f3n del contrato de compra-venta de los productos que haya adquirido \u00f3 de cualquier otro contrato entre ambos;<br \/>\nb. Para cumplir obligaciones derivadas de nuestras relaciones jur\u00eddicas que surjan con usted al contactarnos para compartir sus opiniones, quejas y sugerencias; informaci\u00f3n de productos, consultas, promociones y atenci\u00f3n al cliente.<br \/>\nc. Atender las solicitudes que nos plantee;<br \/>\nd. Asimismo, dentro de la relaci\u00f3n entre usted y nosotros, estar\u00e1 comprendido proporcionarle informaci\u00f3n acerca de los productos de Teterete Home, as\u00ed como de otras marcas y\/o empresas colaboradoras (cuyas actividades se relacionan con los sectores de decoraci\u00f3n, artesanal, de productos del hogar, wellness y Gourmet as\u00ed como con cualesquiera otros complementarios de los anteriores, incluidos los de cosm\u00e9tica y joyer\u00eda, as\u00ed como el desarrollo y soporte de actividades de comercio electr\u00f3nico), incluyendo, en relaci\u00f3n con dichos productos, el env\u00edo de comunicaciones comerciales a trav\u00e9s de correos electr\u00f3nicos, llamadas telef\u00f3nicas, mensajes SMS y dem\u00e1s medios de comunicaci\u00f3n electr\u00f3nicos (seg\u00fan el estado de la t\u00e9cnica) o f\u00edsicos que resultaran adecuados y pertinentes para cumplir con la presente finalidad.<\/p>\n<p>Puedes cambiar tus preferencias en relaci\u00f3n con el env\u00edo de tales comunicaciones comerciales accediendo a la secci\u00f3n Mi cuenta. Podr\u00e1 dar de baja su suscripci\u00f3n a trav\u00e9s de la secci\u00f3n Newsletter o contactando con nuestro servicio de atenci\u00f3n al cliente.<\/p>\n<p>En el caso que nos aporte datos personales de terceros, usted se responsabiliza de haber informado y haber obtenido el consentimiento de \u00e9stos para ser aportados con las finalidades que se detallan a continuaci\u00f3n. En el caso de haber procedido a la compra de un producto o a la compra (en adelante, mercanc\u00eda), los datos personales de terceros aportados ser\u00e1n utilizados \u00fanicamente para (i) la gesti\u00f3n del env\u00edo o la verificaci\u00f3n de recepci\u00f3n de la mercanc\u00eda; (ii) atender las solicitudes que nos plantee y, (iii) compartir con sus conocidos nuestros productos por correo electr\u00f3nico;<\/p>\n<p>Teterete Home almacena y transmite los datos de sus tarjetas conforme a los principales est\u00e1ndares de confidencialidad y seguridad internacionales de tarjetas de cr\u00e9dito y d\u00e9bito.<\/p>\n<p class=\"p2\"><em><span class=\"s2\">NO compartimos su informaci\u00f3n personal. Teterete, no vende, intercambia, o renta su informaci\u00f3n personal a otros. Esta informaci\u00f3n es para nuestro uso exclusivamente. Restringimos el acceso de su informaci\u00f3n a aquellos empleados que necesitan saber parte de su informaci\u00f3n para confirmar sus pedido y enviar su orden. Sus datos e informaci\u00f3n no esta disponible para terceros v\u00eda nuestro sitio en linea o cualquier otro medio, nuestra tienda en linea es un sitio seguro y contamos con certificaciones de seguridad.\u00a0<\/span><\/em><\/p>\n<p>Teterete Home, con domicilio en Michoacan 66, Col. Hip\u00f3dromo, C.P. 06100, CDMX., como responsable de la base de datos, se compromete a respetar la confidencialidad de sus datos personales y a garantizar el ejercicio de sus derechos de Acceso, Rectificaci\u00f3n, Cancelaci\u00f3n y Oposici\u00f3n (derechos ARCO), mediante carta dirigida indicando la atenci\u00f3n de \u201cProtecci\u00f3n de Datos\u201d al correo electr\u00f3nico<br \/>\nadmin@teterete.com. En caso necesario, podremos solicitarle copia de alguna de sus identificaciones oficiales (INE, pasaporte u otro documento v\u00e1lido que lo identifique).<\/p>\n<p class=\"p2\"><em><span class=\"s1\">Spam y uso de direcciones de correo electr\u00f3nico: Hacemos un esfuerzo para minimizar la cantidad de correos que recibe de nosotros. No vendemos o compartimos su correo con terceras personas.<\/span><\/em><\/p>\n<p class=\"p2\"><em><span class=\"s1\">\u00bfTienen alguna duda en concreto? Si tiene preguntas adicionales y desea conocer a mayor detalle nuestras pol\u00edticas de privacidad, favor de enviarnos un correo a: <a href=\"mailto:admin@teterete.com\"><span class=\"s4\">admin@teterete.com<\/span><\/a><\/span><\/em><\/p>\n","protected":false},"excerpt":{"rendered":"<p>PRIVACIDAD En Teterete, estamos comprometidos con la protecci\u00f3n de su privacidad. Nosotros usamos la informaci\u00f3n que nos proporciona para asistirlo en el proceso de su orden. Favor de leer m\u00e1s abajo para mayores informaci\u00f3n de nuestras\u00a0pol\u00edticas\u00a0de privacidad. Los datos personales que nos aporta son nombre, apellidos, tel\u00e9fono, correo electr\u00f3nico, pa\u00eds, direcci\u00f3n, mensaje y ser\u00e1n objeto [&hellip;]<\/p>\n","protected":false},"author":1,"featured_media":0,"parent":0,"menu_order":0,"comment_status":"closed","ping_status":"closed","template":"","meta":{"sfsi_plus_gutenberg_text_before_share":"","sfsi_plus_gutenberg_show_text_before_share":"","sfsi_plus_gutenberg_icon_type":"","sfsi_plus_gutenberg_icon_alignemt":"","sfsi_plus_gutenburg_max_per_row":"","footnotes":""},"acf":[],"yoast_head":"<!-- This site is optimized with the Yoast SEO plugin v23.5 - https:\/\/yoast.com\/wordpress\/plugins\/seo\/ -->\n<title>Pol\u00edticas de Privacidad -<\/title>\n<meta name=\"robots\" content=\"index, follow, max-snippet:-1, max-image-preview:large, max-video-preview:-1\" \/>\n<link rel=\"canonical\" href=\"https:\/\/teterete.com\/mx\/politicas-de-privacidad\/\" \/>\n<meta property=\"og:locale\" content=\"es_ES\" \/>\n<meta property=\"og:type\" content=\"article\" \/>\n<meta property=\"og:title\" content=\"Pol\u00edticas de Privacidad -\" \/>\n<meta property=\"og:description\" content=\"PRIVACIDAD En Teterete, estamos comprometidos con la protecci\u00f3n de su privacidad. Nosotros usamos la informaci\u00f3n que nos proporciona para asistirlo en el proceso de su orden. Favor de leer m\u00e1s abajo para mayores informaci\u00f3n de nuestras\u00a0pol\u00edticas\u00a0de privacidad. Los datos personales que nos aporta son nombre, apellidos, tel\u00e9fono, correo electr\u00f3nico, pa\u00eds, direcci\u00f3n, mensaje y ser\u00e1n objeto [&hellip;]\" \/>\n<meta property=\"og:url\" content=\"https:\/\/teterete.com\/mx\/politicas-de-privacidad\/\" \/>\n<meta property=\"article:publisher\" content=\"https:\/\/www.facebook.com\/TetereteHome\/\" \/>\n<meta property=\"article:modified_time\" content=\"2021-05-04T15:44:32+00:00\" \/>\n<meta name=\"twitter:card\" content=\"summary_large_image\" \/>\n<meta name=\"twitter:site\" content=\"@Teterete_Home\" \/>\n<meta name=\"twitter:label1\" content=\"Tiempo de lectura\" \/>\n\t<meta name=\"twitter:data1\" content=\"4 minutos\" \/>\n<script type=\"application\/ld+json\" class=\"yoast-schema-graph\">{\"@context\":\"https:\/\/schema.org\",\"@graph\":[{\"@type\":\"WebPage\",\"@id\":\"https:\/\/teterete.com\/mx\/politicas-de-privacidad\/\",\"url\":\"https:\/\/teterete.com\/mx\/politicas-de-privacidad\/\",\"name\":\"Pol\u00edticas de Privacidad -\",\"isPartOf\":{\"@id\":\"https:\/\/teterete.com\/mx\/#website\"},\"datePublished\":\"2016-07-12T04:26:43+00:00\",\"dateModified\":\"2021-05-04T15:44:32+00:00\",\"breadcrumb\":{\"@id\":\"https:\/\/teterete.com\/mx\/politicas-de-privacidad\/#breadcrumb\"},\"inLanguage\":\"es\",\"potentialAction\":[{\"@type\":\"ReadAction\",\"target\":[\"https:\/\/teterete.com\/mx\/politicas-de-privacidad\/\"]}]},{\"@type\":\"BreadcrumbList\",\"@id\":\"https:\/\/teterete.com\/mx\/politicas-de-privacidad\/#breadcrumb\",\"itemListElement\":[{\"@type\":\"ListItem\",\"position\":1,\"name\":\"Home\",\"item\":\"https:\/\/teterete.com\/mx\/\"},{\"@type\":\"ListItem\",\"position\":2,\"name\":\"Pol\u00edticas de Privacidad\"}]},{\"@type\":\"WebSite\",\"@id\":\"https:\/\/teterete.com\/mx\/#website\",\"url\":\"https:\/\/teterete.com\/mx\/\",\"name\":\"\",\"description\":\"Tienda en L\u00ednea de Fina Artesanias y Dise\u00f1o Mexicano. Bellas piezas elaboradas a mano por los mejores artesanos del pa\u00eds as\u00ed como piezas de dise\u00f1o y decoraci\u00f3n con inspiraci\u00f3n artesanal.\",\"potentialAction\":[{\"@type\":\"SearchAction\",\"target\":{\"@type\":\"EntryPoint\",\"urlTemplate\":\"https:\/\/teterete.com\/mx\/?s={search_term_string}\"},\"query-input\":{\"@type\":\"PropertyValueSpecification\",\"valueRequired\":true,\"valueName\":\"search_term_string\"}}],\"inLanguage\":\"es\"}]}<\/script>\n<!-- \/ Yoast SEO plugin. -->","yoast_head_json":{"title":"Pol\u00edticas de Privacidad -","robots":{"index":"index","follow":"follow","max-snippet":"max-snippet:-1","max-image-preview":"max-image-preview:large","max-video-preview":"max-video-preview:-1"},"canonical":"https:\/\/teterete.com\/mx\/politicas-de-privacidad\/","og_locale":"es_ES","og_type":"article","og_title":"Pol\u00edticas de Privacidad -","og_description":"PRIVACIDAD En Teterete, estamos comprometidos con la protecci\u00f3n de su privacidad. Nosotros usamos la informaci\u00f3n que nos proporciona para asistirlo en el proceso de su orden. Favor de leer m\u00e1s abajo para mayores informaci\u00f3n de nuestras\u00a0pol\u00edticas\u00a0de privacidad. Los datos personales que nos aporta son nombre, apellidos, tel\u00e9fono, correo electr\u00f3nico, pa\u00eds, direcci\u00f3n, mensaje y ser\u00e1n objeto [&hellip;]","og_url":"https:\/\/teterete.com\/mx\/politicas-de-privacidad\/","article_publisher":"https:\/\/www.facebook.com\/TetereteHome\/","article_modified_time":"2021-05-04T15:44:32+00:00","twitter_card":"summary_large_image","twitter_site":"@Teterete_Home","twitter_misc":{"Tiempo de lectura":"4 minutos"},"schema":{"@context":"https:\/\/schema.org","@graph":[{"@type":"WebPage","@id":"https:\/\/teterete.com\/mx\/politicas-de-privacidad\/","url":"https:\/\/teterete.com\/mx\/politicas-de-privacidad\/","name":"Pol\u00edticas de Privacidad -","isPartOf":{"@id":"https:\/\/teterete.com\/mx\/#website"},"datePublished":"2016-07-12T04:26:43+00:00","dateModified":"2021-05-04T15:44:32+00:00","breadcrumb":{"@id":"https:\/\/teterete.com\/mx\/politicas-de-privacidad\/#breadcrumb"},"inLanguage":"es","potentialAction":[{"@type":"ReadAction","target":["https:\/\/teterete.com\/mx\/politicas-de-privacidad\/"]}]},{"@type":"BreadcrumbList","@id":"https:\/\/teterete.com\/mx\/politicas-de-privacidad\/#breadcrumb","itemListElement":[{"@type":"ListItem","position":1,"name":"Home","item":"https:\/\/teterete.com\/mx\/"},{"@type":"ListItem","position":2,"name":"Pol\u00edticas de Privacidad"}]},{"@type":"WebSite","@id":"https:\/\/teterete.com\/mx\/#website","url":"https:\/\/teterete.com\/mx\/","name":"","description":"Tienda en L\u00ednea de Fina Artesanias y Dise\u00f1o Mexicano. Bellas piezas elaboradas a mano por los mejores artesanos del pa\u00eds as\u00ed como piezas de dise\u00f1o y decoraci\u00f3n con inspiraci\u00f3n artesanal.","potentialAction":[{"@type":"SearchAction","target":{"@type":"EntryPoint","urlTemplate":"https:\/\/teterete.com\/mx\/?s={search_term_string}"},"query-input":{"@type":"PropertyValueSpecification","valueRequired":true,"valueName":"search_term_string"}}],"inLanguage":"es"}]}},"_links":{"self":[{"href":"https:\/\/teterete.com\/mx\/wp-json\/wp\/v2\/pages\/31"}],"collection":[{"href":"https:\/\/teterete.com\/mx\/wp-json\/wp\/v2\/pages"}],"about":[{"href":"https:\/\/teterete.com\/mx\/wp-json\/wp\/v2\/types\/page"}],"author":[{"embeddable":true,"href":"https:\/\/teterete.com\/mx\/wp-json\/wp\/v2\/users\/1"}],"replies":[{"embeddable":true,"href":"https:\/\/teterete.com\/mx\/wp-json\/wp\/v2\/comments?post=31"}],"version-history":[{"count":7,"href":"https:\/\/teterete.com\/mx\/wp-json\/wp\/v2\/pages\/31\/revisions"}],"predecessor-version":[{"id":9643,"href":"https:\/\/teterete.com\/mx\/wp-json\/wp\/v2\/pages\/31\/revisions\/9643"}],"wp:attachment":[{"href":"https:\/\/teterete.com\/mx\/wp-json\/wp\/v2\/media?parent=31"}],"curies":[{"name":"wp","href":"https:\/\/api.w.org\/{rel}","templated":true}]}}