{"id":35,"date":"2016-07-12T04:27:06","date_gmt":"2016-07-12T04:27:06","guid":{"rendered":"http:\/\/mx.teterete.com\/?page_id=35"},"modified":"2018-03-16T16:06:58","modified_gmt":"2018-03-16T16:06:58","slug":"terminos-de-uso","status":"publish","type":"page","link":"https:\/\/teterete.com\/mx\/terminos-de-uso\/","title":{"rendered":"T\u00e9rminos de Uso"},"content":{"rendered":"<p class=\"p2\"><strong><span class=\"s1\">Bienvenido a Teterete.com.<\/span><\/strong><\/p>\n<p class=\"p3\"><em><span class=\"s1\">Si usted visita nuestra tienda en Teterete.com, usted acepta las siguientes condiciones. Favor de leer detenidamente.<\/span><\/em><\/p>\n<p class=\"p4\"><span class=\"s1\">\u00a0<\/span><\/p>\n<p class=\"p3\"><strong><span class=\"s1\">Comunicaciones\u00a0<\/span><\/strong><b>Electr\u00f3nicas<\/b><\/p>\n<p class=\"p2\"><em><span class=\"s1\">Cuando usted vista Teterete.com o nos env\u00eda un correo electr\u00f3nico, usted se est\u00e1 comunicando con nosotros electr\u00f3nicamente. Usted autoriza recibir comunicaciones de nuestra parte de manera electr\u00f3nica. Usted permite que todos los acuerdos, noticias, divulgaciones y otros mensajes que compartimos con usted electr\u00f3nicamente satisface cualquier requerimiento legal como si se tratase de un documento oficialmente escrito.\u00a0<\/span><\/em><\/p>\n<p>&nbsp;<\/p>\n<p class=\"p3\"><strong>Copyright<\/strong><\/p>\n<p class=\"p2\"><em><span class=\"s1\">Todo el contenido incluido en este sitio, tal como, textos, im\u00e1genes, gr\u00e1ficos, logos, botones, iconos, audios, videos, documentos descargabas, informaci\u00f3n y data, software, es de propiedad de Teperete o sus proveedores de contenido y protegido por las leyes internacionales de derechos de autor. El total del contenido aqu\u00ed incluido es de uso exclusivo de Teterete y protegido por las leyes mexicanas y leyes internacionales de copyright. El software usado en este sitio es de propiedad de Teterete o sus proveedores y protegido por las leyes mexicanas y las leyes internacionales de derechos de autor \u00f3 copyright. \u00a0<\/span><\/em><\/p>\n<p>&nbsp;<\/p>\n<p class=\"p3\"><strong><span class=\"s1\">Imagen Corporativa<\/span><\/strong><\/p>\n<p class=\"p2\"><em><span class=\"s1\">Adicionalmente, Teterete, gr\u00e1ficos, slogan, logos son marcas registradas y protegidas en Mexico y otros pa\u00edses. Las marcas registradas y el sitio no pueden ser usados o estar conectados con alg\u00fan producto o servicios que no es Teterete, y que pueda crear confusi\u00f3n entre clientes, o que genere menosprecio \u00f3 descr\u00e9dito de Teterete. Todas las otras marcas registradas y no pertenecientes a Teterete que aparecen en este sitio y que son propiedad de sus respectivos due\u00f1os, con los que podamos o no estar afiliados, conectados, o patrocinados por Teterete. \u00a0<\/span><\/em><\/p>\n<p>&nbsp;<\/p>\n<p class=\"p3\"><strong><span class=\"s1\">Licencia de Uso y Acceso al Sitio<\/span><\/strong><\/p>\n<p class=\"p5\"><em><span class=\"s1\">Teterete otorga acceso para uso personal del sitio web lo cu\u00e1l no autoriza al usuario a bajar ning\u00fan tipo de informaci\u00f3n o modificarlo, o alguna parte del sitio, a menos cuando sea autorizado por escrito por Teterete. Tu est\u00e1s autorizado a crear un hyperlink de la p\u00e1gina principal de manera temporal siendo este permiso revocable y no exclusivo siempre y cuando no muestre a Teterete, sus productos y servicios de una manera enga\u00f1osa, maliciosa u ofensiva. No podr\u00e1s usar el logo, marca registrada, o identidad gr\u00e1fica sin el consentimiento escrito. Esta licencia no incluye ning\u00fan tipo de re-venta, uso comercial de su sitio o contenido; sus colecciones \u00f3 uso de ninguno de los productos mostrados, descripciones, precios; ning\u00fan uso derivativo del sitio o sus contenido; ning\u00fan archivo que se pueda bajar o informaci\u00f3n de la cuenta que pueda usarse para beneficio de otro negocio; el uso de datos guardados, robots o herramientas contenidas en el sitio. Este sitio o alguna porci\u00f3n del mismo no puedo ser reproducido, duplicado, copiado, vendido, re-vendido, visitado, o explotado de ninguna manera para uso comercial si el consentimiento expreso de Teterete.<\/span><\/em><\/p>\n<p class=\"p2\"><em><span class=\"s1\">Teterete no vende productos a ni\u00f1os, vende a adultos, que pueden pagar v\u00eda Paypal o con alguno de los m\u00e9todos autorizados expresamente. Si eres menor de 18 a\u00f1os, podr\u00edas acceder a Teterete.com, solamente con la autorizaci\u00f3n escrita de un adulto. Teterete se reserva el derecho a rechazar el servicio, cancelar cuentas o remover y editar contenido, adem\u00e1s de cancelar pedidos, a su entera discreci\u00f3n.\u00a0<\/span><\/em><\/p>\n<p>&nbsp;<\/p>\n<p class=\"p3\"><strong><span class=\"s1\">Hyperlinks a Otros Sitios<\/span><\/strong><\/p>\n<p class=\"p2\"><span class=\"s1\"><em>Nuestro Sitio contiene links a otros servicios o recursos, de los cu\u00e1les la disponibilidad y contenido no est\u00e1 en control de Teterete.com, cualquier reclamo o preocupaci\u00f3n acerca de su servicio \u00f3 informaci\u00f3n, o alg\u00fan otro link, deber\u00e1 ser dirigido al sitio externo al cu\u00e1l pertenece.<\/em>\u00a0<\/span><\/p>\n<p>&nbsp;<\/p>\n<p class=\"p3\"><strong><span class=\"s1\">Reviews, Comentarios, Comunicaciones o Cualquier otro Contenido<\/span><\/strong><\/p>\n<p class=\"p2\"><span class=\"s1\"><em>Visitantes pueden subir reviews, comentarios, fotos, y otros contenidos; enviar e-cards y otro tipo de comunicaciones: subir sugerencias, ideas, preguntas, y otro tipo de informaci\u00f3n, siempre y cuando este contenido no sea ilegal, obsceno, amenazante, difamatorio, ofensivo, invada la privacidad, infringe alguna ley intelectual o de derechos de autor, o que de alguna otra manera sea enga\u00f1oso para terceras personas y dudoso, que al mismo tiempo no contenga virus, campa\u00f1as pol\u00edticas, solicitudes comerciales, cadenas de correos, correos masivos, o contenga alg\u00fan tipo de &#8220;spam&#8221;. No se permite el uso de direcciones de correo falsas, que suplanten la identidad de otras personas o entidades, o enga\u00f1en con contenido falso. \u00a0Teterete se reserva el derecho de borrar o editar (sin que sea esto una obligaci\u00f3n ) tal contenido, aunque no revisa diariamente estos comentarios subidos por los usuarios.<\/em>\u00a0<\/span><\/p>\n<p><em>Si usted sube o comparte material, a menos que nosotros lo indiquemos de otra manera, autoriza a Teterete, de manera no exclusiva, a usar, reproducir, sublicenciar, reproducir, modificar, adaptar, publicar, traducir, crear trabajo derivado de, distribuir, y exhibir ese contenido en todo el mundo en cualquier medio. Autoriza a Teterete y sus subsidiarias el derecho a usar su nombre y todo lo relacionado al contenido subido, si es necesario. Usted garantiza al compartir este contenido que tiene los derechos de uso que sube, que el contenido es apropiado; que el uso del contenido que comparte no viola las pol\u00edticas aqu\u00ed descritas y que no causar\u00e1 da\u00f1o o injuria de alguna otra persona o entidad; y que usted libera a Teterete de cualquier reclamo resultante del contenido que comparte. Teterete tiene el derecho pero no la obligaci\u00f3n de editar o remover cualquier actividad o contenido. Teterete no adquiere ning\u00fan derecho o responsabilidad por cualquier contenido compartido \u00f3 subido por una tercera persona o personas en nuestro sitio.\u00a0<\/em><\/p>\n<p>&nbsp;<\/p>\n<p class=\"p3\"><strong><span class=\"s1\">Anuncio de Garant\u00edas y Limites de Responsabilidad<\/span><\/strong><\/p>\n<p class=\"p2\"><em><span class=\"s1\">ESTE SITIO Y TODA LA INFORMACI\u00d3N, CONTENIDO, MATERIALES, PRODUCTOS (INCLUIDO SOFTWARE) Y SERVICIOS INCLUIDOS O DE ALGUNA OTRA FORMA PUESTOS A LA DISPOSICI\u00d3N DE USTED A TRAVES DEL SITIO SON OTORGADOS POR TETERETE DE MANERA &#8220;DISPONIBLE&#8221; Y &#8220;EN EXISTENCIA&#8221; A MENOS QUE SEA ESPECIFICADO POR ESCRITO DE UNA FORMA DISTINTA. TETERETE NO HACE REPRESENTACIONES O GARANTIAS DE NING\u00daN TIPO, EXPRESA O IMPLICITAMENTE, DE COMO OPERA EL SITIO, EL CONTENIDO, MATERIALES, PRODUCTOS (INCLUIDO SOFTWARE) O SERVICIOS INCLUIDOS EN EL SITIO O DE ALGUNA MANERA PUESTOS A LA DISPOSICI\u00d3N A TRAVES DEL SITIO, A MENOS QUE SEA ESPECIFICADO POR ESCRITO DE MANERA DISTINTA, USTED ACEPTA EXPRESAMENTE QUE HACE USO DE ESTE SITIO BAJO SU PROPIO RIESGO.\u00a0<\/span><\/em><\/p>\n<p class=\"p2\"><em><span class=\"s1\">BAJO EL AMPARO TOTAL DE LA LEY, TETERETE NO OTORGA GARANTIAS, EXPRESAS O IMPLICITAS, INCLUIDAS, PERO NO LIMITADAS, POR LA MERCANCIA DE USO PARTICULAR. TETERETE NO GARANTIZA QUE ESTE SITIO; INFORMACI\u00d3N CONTENIDA, MATERIALES, PRODUCTOS (SOFTWARE INCLUIDO) SERVICIOS EN EL SITIO Y\/O COMPARTIDOS DE OTRA MANERA EN EL SITIO; SUS SERVIDORES, COMUNICACI\u00d3N ENVIADA DE MANERA ELECTRONICA POR TETERETE, ESTEN LIBRES DE VIRUS O ALGUN OTRO COMPONENTE DA\u00d1INO. TETERETE NO SER\u00c1 RESPONSABLE POR NING\u00daN TIPO DE DA\u00d1O O PERJUICIO OCASIONADO POR EL USO DE NUETRO SITIO O DE LA INFORMACI\u00d3N AQU\u00cd COMPARTIDA, CONTENIDO, IMAGENES (SOFTWARE) Y PRODUCTOS ADQUIRIDOS EN EL SITIO Y PUESTOS A SU DISPOSICI\u00d3N A TRAVES DEL MISMO, YA SEA DE MANERA DIRECTA, INDIRECTA, ACCIDENTAL \u00d3 \u00a0DA\u00d1O COLATERAL, A MENOS QUE SE ESPECIFIQUE DE OTRA MANERA POR ESCRITO.<\/span><\/em><\/p>\n<p>&nbsp;<\/p>\n<p class=\"p3\"><strong><span class=\"s1\">Ley Aplicable<\/span><\/strong><\/p>\n<p class=\"p2\"><em><span class=\"s1\">Al visitar Teterete.com, usted reconoce que la ley aplicable es la ley de la Ciudad de M\u00e9xico, sin importar el tipo de ley, la legislaci\u00f3n regida en la Ciudad de M\u00e9xico aplicar\u00e1 las Condiciones de Uso o cualquier disputa que pudiera surgir entre usted y Teterete.\u00a0<\/span><\/em><\/p>\n<p>&nbsp;<\/p>\n<p class=\"p3\"><strong><span class=\"s1\">Pol\u00edticas del Sitio, Modificaciones y Severidad<\/span><\/strong><\/p>\n<p class=\"p2\"><em><span class=\"s1\">Nos reservamos el derecho de hacer cambios a nuestro sitio, pol\u00edticas, y Condiciones de Uso en cualquier momento. Si alguna de estas condiciones pudiera parecer invalida, prohibida, o por alguna raz\u00f3n inelegible, esa condici\u00f3n deber\u00e1 ser considerada independientemente y no afectar\u00e1 la validez y exigibilidad de alguna de las condiciones.\u00a0<\/span><\/em><\/p>\n","protected":false},"excerpt":{"rendered":"<p>Bienvenido a Teterete.com. Si usted visita nuestra tienda en Teterete.com, usted acepta las siguientes condiciones. Favor de leer detenidamente. \u00a0 Comunicaciones\u00a0Electr\u00f3nicas Cuando usted vista Teterete.com o nos env\u00eda un correo electr\u00f3nico, usted se est\u00e1 comunicando con nosotros electr\u00f3nicamente. Usted autoriza recibir comunicaciones de nuestra parte de manera electr\u00f3nica. Usted permite que todos los acuerdos, noticias, [&hellip;]<\/p>\n","protected":false},"author":1,"featured_media":0,"parent":0,"menu_order":0,"comment_status":"closed","ping_status":"closed","template":"","meta":{"sfsi_plus_gutenberg_text_before_share":"","sfsi_plus_gutenberg_show_text_before_share":"","sfsi_plus_gutenberg_icon_type":"","sfsi_plus_gutenberg_icon_alignemt":"","sfsi_plus_gutenburg_max_per_row":"","footnotes":""},"acf":[],"yoast_head":"<!-- This site is optimized with the Yoast SEO plugin v23.5 - https:\/\/yoast.com\/wordpress\/plugins\/seo\/ -->\n<title>T\u00e9rminos de Uso -<\/title>\n<meta name=\"robots\" content=\"index, follow, max-snippet:-1, max-image-preview:large, max-video-preview:-1\" \/>\n<link rel=\"canonical\" href=\"https:\/\/teterete.com\/mx\/terminos-de-uso\/\" \/>\n<meta property=\"og:locale\" content=\"es_ES\" \/>\n<meta property=\"og:type\" content=\"article\" \/>\n<meta property=\"og:title\" content=\"T\u00e9rminos de Uso -\" \/>\n<meta property=\"og:description\" content=\"Bienvenido a Teterete.com. Si usted visita nuestra tienda en Teterete.com, usted acepta las siguientes condiciones. Favor de leer detenidamente. \u00a0 Comunicaciones\u00a0Electr\u00f3nicas Cuando usted vista Teterete.com o nos env\u00eda un correo electr\u00f3nico, usted se est\u00e1 comunicando con nosotros electr\u00f3nicamente. Usted autoriza recibir comunicaciones de nuestra parte de manera electr\u00f3nica. Usted permite que todos los acuerdos, noticias, [&hellip;]\" \/>\n<meta property=\"og:url\" content=\"https:\/\/teterete.com\/mx\/terminos-de-uso\/\" \/>\n<meta property=\"article:publisher\" content=\"https:\/\/www.facebook.com\/TetereteHome\/\" \/>\n<meta property=\"article:modified_time\" content=\"2018-03-16T16:06:58+00:00\" \/>\n<meta name=\"twitter:card\" content=\"summary_large_image\" \/>\n<meta name=\"twitter:site\" content=\"@Teterete_Home\" \/>\n<meta name=\"twitter:label1\" content=\"Tiempo de lectura\" \/>\n\t<meta name=\"twitter:data1\" content=\"7 minutos\" \/>\n<script type=\"application\/ld+json\" class=\"yoast-schema-graph\">{\"@context\":\"https:\/\/schema.org\",\"@graph\":[{\"@type\":\"WebPage\",\"@id\":\"https:\/\/teterete.com\/mx\/terminos-de-uso\/\",\"url\":\"https:\/\/teterete.com\/mx\/terminos-de-uso\/\",\"name\":\"T\u00e9rminos de Uso -\",\"isPartOf\":{\"@id\":\"https:\/\/teterete.com\/mx\/#website\"},\"datePublished\":\"2016-07-12T04:27:06+00:00\",\"dateModified\":\"2018-03-16T16:06:58+00:00\",\"breadcrumb\":{\"@id\":\"https:\/\/teterete.com\/mx\/terminos-de-uso\/#breadcrumb\"},\"inLanguage\":\"es\",\"potentialAction\":[{\"@type\":\"ReadAction\",\"target\":[\"https:\/\/teterete.com\/mx\/terminos-de-uso\/\"]}]},{\"@type\":\"BreadcrumbList\",\"@id\":\"https:\/\/teterete.com\/mx\/terminos-de-uso\/#breadcrumb\",\"itemListElement\":[{\"@type\":\"ListItem\",\"position\":1,\"name\":\"Home\",\"item\":\"https:\/\/teterete.com\/mx\/\"},{\"@type\":\"ListItem\",\"position\":2,\"name\":\"T\u00e9rminos de Uso\"}]},{\"@type\":\"WebSite\",\"@id\":\"https:\/\/teterete.com\/mx\/#website\",\"url\":\"https:\/\/teterete.com\/mx\/\",\"name\":\"\",\"description\":\"Tienda en L\u00ednea de Fina Artesanias y Dise\u00f1o Mexicano. Bellas piezas elaboradas a mano por los mejores artesanos del pa\u00eds as\u00ed como piezas de dise\u00f1o y decoraci\u00f3n con inspiraci\u00f3n artesanal.\",\"potentialAction\":[{\"@type\":\"SearchAction\",\"target\":{\"@type\":\"EntryPoint\",\"urlTemplate\":\"https:\/\/teterete.com\/mx\/?s={search_term_string}\"},\"query-input\":{\"@type\":\"PropertyValueSpecification\",\"valueRequired\":true,\"valueName\":\"search_term_string\"}}],\"inLanguage\":\"es\"}]}<\/script>\n<!-- \/ Yoast SEO plugin. -->","yoast_head_json":{"title":"T\u00e9rminos de Uso -","robots":{"index":"index","follow":"follow","max-snippet":"max-snippet:-1","max-image-preview":"max-image-preview:large","max-video-preview":"max-video-preview:-1"},"canonical":"https:\/\/teterete.com\/mx\/terminos-de-uso\/","og_locale":"es_ES","og_type":"article","og_title":"T\u00e9rminos de Uso -","og_description":"Bienvenido a Teterete.com. Si usted visita nuestra tienda en Teterete.com, usted acepta las siguientes condiciones. Favor de leer detenidamente. \u00a0 Comunicaciones\u00a0Electr\u00f3nicas Cuando usted vista Teterete.com o nos env\u00eda un correo electr\u00f3nico, usted se est\u00e1 comunicando con nosotros electr\u00f3nicamente. Usted autoriza recibir comunicaciones de nuestra parte de manera electr\u00f3nica. Usted permite que todos los acuerdos, noticias, [&hellip;]","og_url":"https:\/\/teterete.com\/mx\/terminos-de-uso\/","article_publisher":"https:\/\/www.facebook.com\/TetereteHome\/","article_modified_time":"2018-03-16T16:06:58+00:00","twitter_card":"summary_large_image","twitter_site":"@Teterete_Home","twitter_misc":{"Tiempo de lectura":"7 minutos"},"schema":{"@context":"https:\/\/schema.org","@graph":[{"@type":"WebPage","@id":"https:\/\/teterete.com\/mx\/terminos-de-uso\/","url":"https:\/\/teterete.com\/mx\/terminos-de-uso\/","name":"T\u00e9rminos de Uso -","isPartOf":{"@id":"https:\/\/teterete.com\/mx\/#website"},"datePublished":"2016-07-12T04:27:06+00:00","dateModified":"2018-03-16T16:06:58+00:00","breadcrumb":{"@id":"https:\/\/teterete.com\/mx\/terminos-de-uso\/#breadcrumb"},"inLanguage":"es","potentialAction":[{"@type":"ReadAction","target":["https:\/\/teterete.com\/mx\/terminos-de-uso\/"]}]},{"@type":"BreadcrumbList","@id":"https:\/\/teterete.com\/mx\/terminos-de-uso\/#breadcrumb","itemListElement":[{"@type":"ListItem","position":1,"name":"Home","item":"https:\/\/teterete.com\/mx\/"},{"@type":"ListItem","position":2,"name":"T\u00e9rminos de Uso"}]},{"@type":"WebSite","@id":"https:\/\/teterete.com\/mx\/#website","url":"https:\/\/teterete.com\/mx\/","name":"","description":"Tienda en L\u00ednea de Fina Artesanias y Dise\u00f1o Mexicano. Bellas piezas elaboradas a mano por los mejores artesanos del pa\u00eds as\u00ed como piezas de dise\u00f1o y decoraci\u00f3n con inspiraci\u00f3n artesanal.","potentialAction":[{"@type":"SearchAction","target":{"@type":"EntryPoint","urlTemplate":"https:\/\/teterete.com\/mx\/?s={search_term_string}"},"query-input":{"@type":"PropertyValueSpecification","valueRequired":true,"valueName":"search_term_string"}}],"inLanguage":"es"}]}},"_links":{"self":[{"href":"https:\/\/teterete.com\/mx\/wp-json\/wp\/v2\/pages\/35"}],"collection":[{"href":"https:\/\/teterete.com\/mx\/wp-json\/wp\/v2\/pages"}],"about":[{"href":"https:\/\/teterete.com\/mx\/wp-json\/wp\/v2\/types\/page"}],"author":[{"embeddable":true,"href":"https:\/\/teterete.com\/mx\/wp-json\/wp\/v2\/users\/1"}],"replies":[{"embeddable":true,"href":"https:\/\/teterete.com\/mx\/wp-json\/wp\/v2\/comments?post=35"}],"version-history":[{"count":7,"href":"https:\/\/teterete.com\/mx\/wp-json\/wp\/v2\/pages\/35\/revisions"}],"predecessor-version":[{"id":3622,"href":"https:\/\/teterete.com\/mx\/wp-json\/wp\/v2\/pages\/35\/revisions\/3622"}],"wp:attachment":[{"href":"https:\/\/teterete.com\/mx\/wp-json\/wp\/v2\/media?parent=35"}],"curies":[{"name":"wp","href":"https:\/\/api.w.org\/{rel}","templated":true}]}}