{"id":37,"date":"2016-07-12T04:27:23","date_gmt":"2016-07-12T04:27:23","guid":{"rendered":"http:\/\/mx.teterete.com\/?page_id=37"},"modified":"2018-03-16T16:07:54","modified_gmt":"2018-03-16T16:07:54","slug":"terms-of-sale","status":"publish","type":"page","link":"https:\/\/teterete.com\/mx\/terms-of-sale\/","title":{"rendered":"T\u00e9rminos de Pago"},"content":{"rendered":"<p class=\"p1\"><strong><span class=\"s1\">T\u00e9rminos de Venta<\/span><\/strong><\/p>\n<p>&nbsp;<\/p>\n<p class=\"p2\"><span class=\"s1\">Teterete.com usa Paypal para procesar los pagos. Aceptamos transferencias bancarias y\/o tarjetas de cr\u00e9dito como formas de pago. Al usar Paypal aseguramos su informaci\u00f3n financiera ya que tenemos acceso a ella. Adem\u00e1s, su informaci\u00f3n est\u00e1 protegida para minimizar fraudes y ayudarle a salvaguardar su identidad. Favor de vista paypal.com para mayor informaci\u00f3n.\u00a0<\/span><\/p>\n<p>&nbsp;<\/p>\n<p>Si usted est\u00e1 interesado en comprar en Teterete.com pero no tiene una cuenta paypal y no desea abrir una, favor de contactarnos a<span class=\"s1\">\u00a0<a href=\"mailto:admin@teterete.com\"><span class=\"s2\">admin@teterete.com<\/span><\/a>\u00a0para verificar nuestras otras formas de pago.<\/span><\/p>\n<p class=\"p1\">\n","protected":false},"excerpt":{"rendered":"<p>T\u00e9rminos de Venta &nbsp; Teterete.com usa Paypal para procesar los pagos. Aceptamos transferencias bancarias y\/o tarjetas de cr\u00e9dito como formas de pago. Al usar Paypal aseguramos su informaci\u00f3n financiera ya que tenemos acceso a ella. Adem\u00e1s, su informaci\u00f3n est\u00e1 protegida para minimizar fraudes y ayudarle a salvaguardar su identidad. Favor de vista paypal.com para mayor [&hellip;]<\/p>\n","protected":false},"author":1,"featured_media":15,"parent":0,"menu_order":0,"comment_status":"closed","ping_status":"closed","template":"","meta":{"sfsi_plus_gutenberg_text_before_share":"","sfsi_plus_gutenberg_show_text_before_share":"","sfsi_plus_gutenberg_icon_type":"","sfsi_plus_gutenberg_icon_alignemt":"","sfsi_plus_gutenburg_max_per_row":"","footnotes":""},"acf":[],"yoast_head":"<!-- This site is optimized with the Yoast SEO plugin v23.5 - https:\/\/yoast.com\/wordpress\/plugins\/seo\/ -->\n<title>T\u00e9rminos de Pago -<\/title>\n<meta name=\"robots\" content=\"index, follow, max-snippet:-1, max-image-preview:large, max-video-preview:-1\" \/>\n<link rel=\"canonical\" href=\"https:\/\/teterete.com\/mx\/terms-of-sale\/\" \/>\n<meta property=\"og:locale\" content=\"es_ES\" \/>\n<meta property=\"og:type\" content=\"article\" \/>\n<meta property=\"og:title\" content=\"T\u00e9rminos de Pago -\" \/>\n<meta property=\"og:description\" content=\"T\u00e9rminos de Venta &nbsp; Teterete.com usa Paypal para procesar los pagos. Aceptamos transferencias bancarias y\/o tarjetas de cr\u00e9dito como formas de pago. Al usar Paypal aseguramos su informaci\u00f3n financiera ya que tenemos acceso a ella. Adem\u00e1s, su informaci\u00f3n est\u00e1 protegida para minimizar fraudes y ayudarle a salvaguardar su identidad. Favor de vista paypal.com para mayor [&hellip;]\" \/>\n<meta property=\"og:url\" content=\"https:\/\/teterete.com\/mx\/terms-of-sale\/\" \/>\n<meta property=\"article:publisher\" content=\"https:\/\/www.facebook.com\/TetereteHome\/\" \/>\n<meta property=\"article:modified_time\" content=\"2018-03-16T16:07:54+00:00\" \/>\n<meta property=\"og:image\" content=\"https:\/\/teterete.com\/mx\/wp-content\/uploads\/2016\/07\/about_banner.jpg\" \/>\n\t<meta property=\"og:image:width\" content=\"1140\" \/>\n\t<meta property=\"og:image:height\" content=\"320\" \/>\n\t<meta property=\"og:image:type\" content=\"image\/jpeg\" \/>\n<meta name=\"twitter:card\" content=\"summary_large_image\" \/>\n<meta name=\"twitter:site\" content=\"@Teterete_Home\" \/>\n<meta name=\"twitter:label1\" content=\"Tiempo de lectura\" \/>\n\t<meta name=\"twitter:data1\" content=\"1 minuto\" \/>\n<script type=\"application\/ld+json\" class=\"yoast-schema-graph\">{\"@context\":\"https:\/\/schema.org\",\"@graph\":[{\"@type\":\"WebPage\",\"@id\":\"https:\/\/teterete.com\/mx\/terms-of-sale\/\",\"url\":\"https:\/\/teterete.com\/mx\/terms-of-sale\/\",\"name\":\"T\u00e9rminos de Pago -\",\"isPartOf\":{\"@id\":\"https:\/\/teterete.com\/mx\/#website\"},\"primaryImageOfPage\":{\"@id\":\"https:\/\/teterete.com\/mx\/terms-of-sale\/#primaryimage\"},\"image\":{\"@id\":\"https:\/\/teterete.com\/mx\/terms-of-sale\/#primaryimage\"},\"thumbnailUrl\":\"https:\/\/teterete.com\/mx\/wp-content\/uploads\/2016\/07\/about_banner.jpg\",\"datePublished\":\"2016-07-12T04:27:23+00:00\",\"dateModified\":\"2018-03-16T16:07:54+00:00\",\"breadcrumb\":{\"@id\":\"https:\/\/teterete.com\/mx\/terms-of-sale\/#breadcrumb\"},\"inLanguage\":\"es\",\"potentialAction\":[{\"@type\":\"ReadAction\",\"target\":[\"https:\/\/teterete.com\/mx\/terms-of-sale\/\"]}]},{\"@type\":\"ImageObject\",\"inLanguage\":\"es\",\"@id\":\"https:\/\/teterete.com\/mx\/terms-of-sale\/#primaryimage\",\"url\":\"https:\/\/teterete.com\/mx\/wp-content\/uploads\/2016\/07\/about_banner.jpg\",\"contentUrl\":\"https:\/\/teterete.com\/mx\/wp-content\/uploads\/2016\/07\/about_banner.jpg\",\"width\":1140,\"height\":320},{\"@type\":\"BreadcrumbList\",\"@id\":\"https:\/\/teterete.com\/mx\/terms-of-sale\/#breadcrumb\",\"itemListElement\":[{\"@type\":\"ListItem\",\"position\":1,\"name\":\"Home\",\"item\":\"https:\/\/teterete.com\/mx\/\"},{\"@type\":\"ListItem\",\"position\":2,\"name\":\"T\u00e9rminos de Pago\"}]},{\"@type\":\"WebSite\",\"@id\":\"https:\/\/teterete.com\/mx\/#website\",\"url\":\"https:\/\/teterete.com\/mx\/\",\"name\":\"\",\"description\":\"Tienda en L\u00ednea de Fina Artesanias y Dise\u00f1o Mexicano. Bellas piezas elaboradas a mano por los mejores artesanos del pa\u00eds as\u00ed como piezas de dise\u00f1o y decoraci\u00f3n con inspiraci\u00f3n artesanal.\",\"potentialAction\":[{\"@type\":\"SearchAction\",\"target\":{\"@type\":\"EntryPoint\",\"urlTemplate\":\"https:\/\/teterete.com\/mx\/?s={search_term_string}\"},\"query-input\":{\"@type\":\"PropertyValueSpecification\",\"valueRequired\":true,\"valueName\":\"search_term_string\"}}],\"inLanguage\":\"es\"}]}<\/script>\n<!-- \/ Yoast SEO plugin. -->","yoast_head_json":{"title":"T\u00e9rminos de Pago -","robots":{"index":"index","follow":"follow","max-snippet":"max-snippet:-1","max-image-preview":"max-image-preview:large","max-video-preview":"max-video-preview:-1"},"canonical":"https:\/\/teterete.com\/mx\/terms-of-sale\/","og_locale":"es_ES","og_type":"article","og_title":"T\u00e9rminos de Pago -","og_description":"T\u00e9rminos de Venta &nbsp; Teterete.com usa Paypal para procesar los pagos. Aceptamos transferencias bancarias y\/o tarjetas de cr\u00e9dito como formas de pago. Al usar Paypal aseguramos su informaci\u00f3n financiera ya que tenemos acceso a ella. Adem\u00e1s, su informaci\u00f3n est\u00e1 protegida para minimizar fraudes y ayudarle a salvaguardar su identidad. Favor de vista paypal.com para mayor [&hellip;]","og_url":"https:\/\/teterete.com\/mx\/terms-of-sale\/","article_publisher":"https:\/\/www.facebook.com\/TetereteHome\/","article_modified_time":"2018-03-16T16:07:54+00:00","og_image":[{"width":1140,"height":320,"url":"https:\/\/teterete.com\/mx\/wp-content\/uploads\/2016\/07\/about_banner.jpg","type":"image\/jpeg"}],"twitter_card":"summary_large_image","twitter_site":"@Teterete_Home","twitter_misc":{"Tiempo de lectura":"1 minuto"},"schema":{"@context":"https:\/\/schema.org","@graph":[{"@type":"WebPage","@id":"https:\/\/teterete.com\/mx\/terms-of-sale\/","url":"https:\/\/teterete.com\/mx\/terms-of-sale\/","name":"T\u00e9rminos de Pago -","isPartOf":{"@id":"https:\/\/teterete.com\/mx\/#website"},"primaryImageOfPage":{"@id":"https:\/\/teterete.com\/mx\/terms-of-sale\/#primaryimage"},"image":{"@id":"https:\/\/teterete.com\/mx\/terms-of-sale\/#primaryimage"},"thumbnailUrl":"https:\/\/teterete.com\/mx\/wp-content\/uploads\/2016\/07\/about_banner.jpg","datePublished":"2016-07-12T04:27:23+00:00","dateModified":"2018-03-16T16:07:54+00:00","breadcrumb":{"@id":"https:\/\/teterete.com\/mx\/terms-of-sale\/#breadcrumb"},"inLanguage":"es","potentialAction":[{"@type":"ReadAction","target":["https:\/\/teterete.com\/mx\/terms-of-sale\/"]}]},{"@type":"ImageObject","inLanguage":"es","@id":"https:\/\/teterete.com\/mx\/terms-of-sale\/#primaryimage","url":"https:\/\/teterete.com\/mx\/wp-content\/uploads\/2016\/07\/about_banner.jpg","contentUrl":"https:\/\/teterete.com\/mx\/wp-content\/uploads\/2016\/07\/about_banner.jpg","width":1140,"height":320},{"@type":"BreadcrumbList","@id":"https:\/\/teterete.com\/mx\/terms-of-sale\/#breadcrumb","itemListElement":[{"@type":"ListItem","position":1,"name":"Home","item":"https:\/\/teterete.com\/mx\/"},{"@type":"ListItem","position":2,"name":"T\u00e9rminos de Pago"}]},{"@type":"WebSite","@id":"https:\/\/teterete.com\/mx\/#website","url":"https:\/\/teterete.com\/mx\/","name":"","description":"Tienda en L\u00ednea de Fina Artesanias y Dise\u00f1o Mexicano. Bellas piezas elaboradas a mano por los mejores artesanos del pa\u00eds as\u00ed como piezas de dise\u00f1o y decoraci\u00f3n con inspiraci\u00f3n artesanal.","potentialAction":[{"@type":"SearchAction","target":{"@type":"EntryPoint","urlTemplate":"https:\/\/teterete.com\/mx\/?s={search_term_string}"},"query-input":{"@type":"PropertyValueSpecification","valueRequired":true,"valueName":"search_term_string"}}],"inLanguage":"es"}]}},"_links":{"self":[{"href":"https:\/\/teterete.com\/mx\/wp-json\/wp\/v2\/pages\/37"}],"collection":[{"href":"https:\/\/teterete.com\/mx\/wp-json\/wp\/v2\/pages"}],"about":[{"href":"https:\/\/teterete.com\/mx\/wp-json\/wp\/v2\/types\/page"}],"author":[{"embeddable":true,"href":"https:\/\/teterete.com\/mx\/wp-json\/wp\/v2\/users\/1"}],"replies":[{"embeddable":true,"href":"https:\/\/teterete.com\/mx\/wp-json\/wp\/v2\/comments?post=37"}],"version-history":[{"count":6,"href":"https:\/\/teterete.com\/mx\/wp-json\/wp\/v2\/pages\/37\/revisions"}],"predecessor-version":[{"id":3623,"href":"https:\/\/teterete.com\/mx\/wp-json\/wp\/v2\/pages\/37\/revisions\/3623"}],"wp:featuredmedia":[{"embeddable":true,"href":"https:\/\/teterete.com\/mx\/wp-json\/wp\/v2\/media\/15"}],"wp:attachment":[{"href":"https:\/\/teterete.com\/mx\/wp-json\/wp\/v2\/media?parent=37"}],"curies":[{"name":"wp","href":"https:\/\/api.w.org\/{rel}","templated":true}]}}