{"id":40,"date":"2016-07-12T04:38:49","date_gmt":"2016-07-12T04:38:49","guid":{"rendered":"http:\/\/mx.teterete.com\/?page_id=40"},"modified":"2018-04-27T17:10:14","modified_gmt":"2018-04-27T17:10:14","slug":"artesanos","status":"publish","type":"page","link":"https:\/\/teterete.com\/mx\/artesanos\/","title":{"rendered":"Hecho a la Medida"},"content":{"rendered":"<p>M\u00e9xico tiene una gran tradici\u00f3n artesanal y de trabajo hecho a mano con una calidad excepcional. Si quisieras que alguna de las piezas aqu\u00ed presentadas fuera realizada con algunas caracter\u00edsticas distintas de color, tama\u00f1o o hechas para adaptarse para alg\u00fan tipo de espacio o decoraci\u00f3n. Cont\u00e1ctanos y con gusto verificamos si es posible hacer una pieza \u00fanica para ti.<\/p>\n<p>&nbsp;<\/p>\n<p>8% de la poblaci\u00f3n en M\u00e9xico vive de crear \u00f3 producir estas incre\u00edbles piezas, muchos de ellos conservan m\u00e9todos o t\u00e9cnicas de sus antepasados o est\u00e1n regidos por usos y costumbre de sus comunidades o sus familias, es importante comunicar esto ya que algunas de las pieza no pueden ser transformadas, ya sea en parte o su totalidad si en consentimiento del artesano o su comunidad.<\/p>\n<p>Estos son algunos de los artesanos con los que trabajamos:<\/p>\n<p>&nbsp;<\/p>\n<style type=\"text\/css\">\r\n\t#foogallery-gallery-3760 .fg-image {\r\n        width: 150px;\r\n    }\r\n<\/style>\r\n\t\t\t\t<div class=\"foogallery foogallery-container foogallery-default foogallery-lightbox-foobox fg-gutter-10 fg-center fg-default fg-light fg-border-thin fg-shadow-outline fg-loading-default fg-loaded-fade-in fg-caption-hover fg-hover-fade fg-hover-zoom fg-ready\" id=\"foogallery-gallery-3760\" data-foogallery=\"{&quot;item&quot;:{&quot;showCaptionTitle&quot;:true,&quot;showCaptionDescription&quot;:true},&quot;lazy&quot;:true}\" >\r\n\t<\/div>\r\n\n<p>&nbsp;<\/p>\n<p>Ponte en contacto con nosotros, si requieres asesor\u00eda para decorar t\u00fa espacio y no sabes por donde empezar.<\/p>\n<p>info@teterete.com<\/p>\n<p>&nbsp;<\/p>\n<p>Bienvenido a Teterete!<br \/>\n<script>(function(w,d,t,r,u){var f,n,i;w[u]=w[u]||[],f=function(){var o={ti:\"26004103\"};o.q=w[u],w[u]=new UET(o),w[u].push(\"pageLoad\")},n=d.createElement(t),n.src=r,n.async=1,n.onload=n.onreadystatechange=function(){var s=this.readyState;s&&s!==\"loaded\"&&s!==\"complete\"||(f(),n.onload=n.onreadystatechange=null)},i=d.getElementsByTagName(t)[0],i.parentNode.insertBefore(n,i)})(window,document,\"script\",\"\/\/bat.bing.com\/bat.js\",\"uetq\");<\/script><\/p>\n","protected":false},"excerpt":{"rendered":"<p>M\u00e9xico tiene una gran tradici\u00f3n artesanal y de trabajo hecho a mano con una calidad excepcional. Si quisieras que alguna de las piezas aqu\u00ed presentadas fuera realizada con algunas caracter\u00edsticas distintas de color, tama\u00f1o o hechas para adaptarse para alg\u00fan tipo de espacio o decoraci\u00f3n. Cont\u00e1ctanos y con gusto verificamos si es posible hacer una [&hellip;]<\/p>\n","protected":false},"author":1,"featured_media":15,"parent":0,"menu_order":0,"comment_status":"closed","ping_status":"closed","template":"","meta":{"sfsi_plus_gutenberg_text_before_share":"","sfsi_plus_gutenberg_show_text_before_share":"","sfsi_plus_gutenberg_icon_type":"","sfsi_plus_gutenberg_icon_alignemt":"","sfsi_plus_gutenburg_max_per_row":"","footnotes":""},"acf":[],"yoast_head":"<!-- This site is optimized with the Yoast SEO plugin v23.5 - https:\/\/yoast.com\/wordpress\/plugins\/seo\/ -->\n<title>Hecho a la Medida -<\/title>\n<meta name=\"robots\" content=\"index, follow, max-snippet:-1, max-image-preview:large, max-video-preview:-1\" \/>\n<link rel=\"canonical\" href=\"https:\/\/teterete.com\/mx\/artesanos\/\" \/>\n<meta property=\"og:locale\" content=\"es_ES\" \/>\n<meta property=\"og:type\" content=\"article\" \/>\n<meta property=\"og:title\" content=\"Hecho a la Medida -\" \/>\n<meta property=\"og:description\" content=\"M\u00e9xico tiene una gran tradici\u00f3n artesanal y de trabajo hecho a mano con una calidad excepcional. Si quisieras que alguna de las piezas aqu\u00ed presentadas fuera realizada con algunas caracter\u00edsticas distintas de color, tama\u00f1o o hechas para adaptarse para alg\u00fan tipo de espacio o decoraci\u00f3n. Cont\u00e1ctanos y con gusto verificamos si es posible hacer una [&hellip;]\" \/>\n<meta property=\"og:url\" content=\"https:\/\/teterete.com\/mx\/artesanos\/\" \/>\n<meta property=\"article:publisher\" content=\"https:\/\/www.facebook.com\/TetereteHome\/\" \/>\n<meta property=\"article:modified_time\" content=\"2018-04-27T17:10:14+00:00\" \/>\n<meta property=\"og:image\" content=\"https:\/\/teterete.com\/mx\/wp-content\/uploads\/2016\/07\/about_banner.jpg\" \/>\n\t<meta property=\"og:image:width\" content=\"1140\" \/>\n\t<meta property=\"og:image:height\" content=\"320\" \/>\n\t<meta property=\"og:image:type\" content=\"image\/jpeg\" \/>\n<meta name=\"twitter:card\" content=\"summary_large_image\" \/>\n<meta name=\"twitter:site\" content=\"@Teterete_Home\" \/>\n<meta name=\"twitter:label1\" content=\"Tiempo de lectura\" \/>\n\t<meta name=\"twitter:data1\" content=\"1 minuto\" \/>\n<script type=\"application\/ld+json\" class=\"yoast-schema-graph\">{\"@context\":\"https:\/\/schema.org\",\"@graph\":[{\"@type\":\"WebPage\",\"@id\":\"https:\/\/teterete.com\/mx\/artesanos\/\",\"url\":\"https:\/\/teterete.com\/mx\/artesanos\/\",\"name\":\"Hecho a la Medida -\",\"isPartOf\":{\"@id\":\"https:\/\/teterete.com\/mx\/#website\"},\"primaryImageOfPage\":{\"@id\":\"https:\/\/teterete.com\/mx\/artesanos\/#primaryimage\"},\"image\":{\"@id\":\"https:\/\/teterete.com\/mx\/artesanos\/#primaryimage\"},\"thumbnailUrl\":\"https:\/\/teterete.com\/mx\/wp-content\/uploads\/2016\/07\/about_banner.jpg\",\"datePublished\":\"2016-07-12T04:38:49+00:00\",\"dateModified\":\"2018-04-27T17:10:14+00:00\",\"breadcrumb\":{\"@id\":\"https:\/\/teterete.com\/mx\/artesanos\/#breadcrumb\"},\"inLanguage\":\"es\",\"potentialAction\":[{\"@type\":\"ReadAction\",\"target\":[\"https:\/\/teterete.com\/mx\/artesanos\/\"]}]},{\"@type\":\"ImageObject\",\"inLanguage\":\"es\",\"@id\":\"https:\/\/teterete.com\/mx\/artesanos\/#primaryimage\",\"url\":\"https:\/\/teterete.com\/mx\/wp-content\/uploads\/2016\/07\/about_banner.jpg\",\"contentUrl\":\"https:\/\/teterete.com\/mx\/wp-content\/uploads\/2016\/07\/about_banner.jpg\",\"width\":1140,\"height\":320},{\"@type\":\"BreadcrumbList\",\"@id\":\"https:\/\/teterete.com\/mx\/artesanos\/#breadcrumb\",\"itemListElement\":[{\"@type\":\"ListItem\",\"position\":1,\"name\":\"Home\",\"item\":\"https:\/\/teterete.com\/mx\/\"},{\"@type\":\"ListItem\",\"position\":2,\"name\":\"Hecho a la Medida\"}]},{\"@type\":\"WebSite\",\"@id\":\"https:\/\/teterete.com\/mx\/#website\",\"url\":\"https:\/\/teterete.com\/mx\/\",\"name\":\"\",\"description\":\"Tienda en L\u00ednea de Fina Artesanias y Dise\u00f1o Mexicano. Bellas piezas elaboradas a mano por los mejores artesanos del pa\u00eds as\u00ed como piezas de dise\u00f1o y decoraci\u00f3n con inspiraci\u00f3n artesanal.\",\"potentialAction\":[{\"@type\":\"SearchAction\",\"target\":{\"@type\":\"EntryPoint\",\"urlTemplate\":\"https:\/\/teterete.com\/mx\/?s={search_term_string}\"},\"query-input\":{\"@type\":\"PropertyValueSpecification\",\"valueRequired\":true,\"valueName\":\"search_term_string\"}}],\"inLanguage\":\"es\"}]}<\/script>\n<!-- \/ Yoast SEO plugin. -->","yoast_head_json":{"title":"Hecho a la Medida -","robots":{"index":"index","follow":"follow","max-snippet":"max-snippet:-1","max-image-preview":"max-image-preview:large","max-video-preview":"max-video-preview:-1"},"canonical":"https:\/\/teterete.com\/mx\/artesanos\/","og_locale":"es_ES","og_type":"article","og_title":"Hecho a la Medida -","og_description":"M\u00e9xico tiene una gran tradici\u00f3n artesanal y de trabajo hecho a mano con una calidad excepcional. Si quisieras que alguna de las piezas aqu\u00ed presentadas fuera realizada con algunas caracter\u00edsticas distintas de color, tama\u00f1o o hechas para adaptarse para alg\u00fan tipo de espacio o decoraci\u00f3n. Cont\u00e1ctanos y con gusto verificamos si es posible hacer una [&hellip;]","og_url":"https:\/\/teterete.com\/mx\/artesanos\/","article_publisher":"https:\/\/www.facebook.com\/TetereteHome\/","article_modified_time":"2018-04-27T17:10:14+00:00","og_image":[{"width":1140,"height":320,"url":"https:\/\/teterete.com\/mx\/wp-content\/uploads\/2016\/07\/about_banner.jpg","type":"image\/jpeg"}],"twitter_card":"summary_large_image","twitter_site":"@Teterete_Home","twitter_misc":{"Tiempo de lectura":"1 minuto"},"schema":{"@context":"https:\/\/schema.org","@graph":[{"@type":"WebPage","@id":"https:\/\/teterete.com\/mx\/artesanos\/","url":"https:\/\/teterete.com\/mx\/artesanos\/","name":"Hecho a la Medida -","isPartOf":{"@id":"https:\/\/teterete.com\/mx\/#website"},"primaryImageOfPage":{"@id":"https:\/\/teterete.com\/mx\/artesanos\/#primaryimage"},"image":{"@id":"https:\/\/teterete.com\/mx\/artesanos\/#primaryimage"},"thumbnailUrl":"https:\/\/teterete.com\/mx\/wp-content\/uploads\/2016\/07\/about_banner.jpg","datePublished":"2016-07-12T04:38:49+00:00","dateModified":"2018-04-27T17:10:14+00:00","breadcrumb":{"@id":"https:\/\/teterete.com\/mx\/artesanos\/#breadcrumb"},"inLanguage":"es","potentialAction":[{"@type":"ReadAction","target":["https:\/\/teterete.com\/mx\/artesanos\/"]}]},{"@type":"ImageObject","inLanguage":"es","@id":"https:\/\/teterete.com\/mx\/artesanos\/#primaryimage","url":"https:\/\/teterete.com\/mx\/wp-content\/uploads\/2016\/07\/about_banner.jpg","contentUrl":"https:\/\/teterete.com\/mx\/wp-content\/uploads\/2016\/07\/about_banner.jpg","width":1140,"height":320},{"@type":"BreadcrumbList","@id":"https:\/\/teterete.com\/mx\/artesanos\/#breadcrumb","itemListElement":[{"@type":"ListItem","position":1,"name":"Home","item":"https:\/\/teterete.com\/mx\/"},{"@type":"ListItem","position":2,"name":"Hecho a la Medida"}]},{"@type":"WebSite","@id":"https:\/\/teterete.com\/mx\/#website","url":"https:\/\/teterete.com\/mx\/","name":"","description":"Tienda en L\u00ednea de Fina Artesanias y Dise\u00f1o Mexicano. Bellas piezas elaboradas a mano por los mejores artesanos del pa\u00eds as\u00ed como piezas de dise\u00f1o y decoraci\u00f3n con inspiraci\u00f3n artesanal.","potentialAction":[{"@type":"SearchAction","target":{"@type":"EntryPoint","urlTemplate":"https:\/\/teterete.com\/mx\/?s={search_term_string}"},"query-input":{"@type":"PropertyValueSpecification","valueRequired":true,"valueName":"search_term_string"}}],"inLanguage":"es"}]}},"_links":{"self":[{"href":"https:\/\/teterete.com\/mx\/wp-json\/wp\/v2\/pages\/40"}],"collection":[{"href":"https:\/\/teterete.com\/mx\/wp-json\/wp\/v2\/pages"}],"about":[{"href":"https:\/\/teterete.com\/mx\/wp-json\/wp\/v2\/types\/page"}],"author":[{"embeddable":true,"href":"https:\/\/teterete.com\/mx\/wp-json\/wp\/v2\/users\/1"}],"replies":[{"embeddable":true,"href":"https:\/\/teterete.com\/mx\/wp-json\/wp\/v2\/comments?post=40"}],"version-history":[{"count":6,"href":"https:\/\/teterete.com\/mx\/wp-json\/wp\/v2\/pages\/40\/revisions"}],"predecessor-version":[{"id":3780,"href":"https:\/\/teterete.com\/mx\/wp-json\/wp\/v2\/pages\/40\/revisions\/3780"}],"wp:featuredmedia":[{"embeddable":true,"href":"https:\/\/teterete.com\/mx\/wp-json\/wp\/v2\/media\/15"}],"wp:attachment":[{"href":"https:\/\/teterete.com\/mx\/wp-json\/wp\/v2\/media?parent=40"}],"curies":[{"name":"wp","href":"https:\/\/api.w.org\/{rel}","templated":true}]}}