{"id":498,"date":"2016-08-23T09:39:40","date_gmt":"2016-08-23T09:39:40","guid":{"rendered":"http:\/\/mx.teterete.com\/?page_id=498"},"modified":"2018-11-30T08:33:23","modified_gmt":"2018-11-30T08:33:23","slug":"mesa-cocina","status":"publish","type":"page","link":"https:\/\/teterete.com\/mx\/mesa-cocina\/","title":{"rendered":"MESA\/COCINA"},"content":{"rendered":"<p><script>(function(w,d,t,r,u){var f,n,i;w[u]=w[u]||[],f=function(){var o={ti:\"26004103\"};o.q=w[u],w[u]=new UET(o),w[u].push(\"pageLoad\")},n=d.createElement(t),n.src=r,n.async=1,n.onload=n.onreadystatechange=function(){var s=this.readyState;s&&s!==\"loaded\"&&s!==\"complete\"||(f(),n.onload=n.onreadystatechange=null)},i=d.getElementsByTagName(t)[0],i.parentNode.insertBefore(n,i)})(window,document,\"script\",\"\/\/bat.bing.com\/bat.js\",\"uetq\");<\/script><\/p>\n","protected":false},"excerpt":{"rendered":"","protected":false},"author":1,"featured_media":832,"parent":0,"menu_order":0,"comment_status":"closed","ping_status":"closed","template":"template-dining.php","meta":{"sfsi_plus_gutenberg_text_before_share":"","sfsi_plus_gutenberg_show_text_before_share":"","sfsi_plus_gutenberg_icon_type":"","sfsi_plus_gutenberg_icon_alignemt":"","sfsi_plus_gutenburg_max_per_row":"","footnotes":""},"acf":[],"yoast_head":"<!-- This site is optimized with the Yoast SEO plugin v23.5 - https:\/\/yoast.com\/wordpress\/plugins\/seo\/ -->\n<title>MESA\/COCINA -<\/title>\n<meta name=\"robots\" content=\"index, follow, max-snippet:-1, max-image-preview:large, max-video-preview:-1\" \/>\n<link rel=\"canonical\" href=\"https:\/\/teterete.com\/mx\/mesa-cocina\/\" \/>\n<meta property=\"og:locale\" content=\"es_ES\" \/>\n<meta property=\"og:type\" content=\"article\" \/>\n<meta property=\"og:title\" content=\"MESA\/COCINA -\" \/>\n<meta property=\"og:url\" content=\"https:\/\/teterete.com\/mx\/mesa-cocina\/\" \/>\n<meta property=\"article:publisher\" content=\"https:\/\/www.facebook.com\/TetereteHome\/\" \/>\n<meta property=\"article:modified_time\" content=\"2018-11-30T08:33:23+00:00\" \/>\n<meta property=\"og:image\" content=\"https:\/\/teterete.com\/mx\/wp-content\/uploads\/2016\/09\/food-kitchen-cutting-board-cooking.jpg\" \/>\n\t<meta property=\"og:image:width\" content=\"1024\" \/>\n\t<meta property=\"og:image:height\" content=\"677\" \/>\n\t<meta property=\"og:image:type\" content=\"image\/jpeg\" \/>\n<meta name=\"twitter:card\" content=\"summary_large_image\" \/>\n<meta name=\"twitter:site\" content=\"@Teterete_Home\" \/>\n<script type=\"application\/ld+json\" class=\"yoast-schema-graph\">{\"@context\":\"https:\/\/schema.org\",\"@graph\":[{\"@type\":\"WebPage\",\"@id\":\"https:\/\/teterete.com\/mx\/mesa-cocina\/\",\"url\":\"https:\/\/teterete.com\/mx\/mesa-cocina\/\",\"name\":\"MESA\/COCINA -\",\"isPartOf\":{\"@id\":\"https:\/\/teterete.com\/mx\/#website\"},\"primaryImageOfPage\":{\"@id\":\"https:\/\/teterete.com\/mx\/mesa-cocina\/#primaryimage\"},\"image\":{\"@id\":\"https:\/\/teterete.com\/mx\/mesa-cocina\/#primaryimage\"},\"thumbnailUrl\":\"https:\/\/teterete.com\/mx\/wp-content\/uploads\/2016\/09\/food-kitchen-cutting-board-cooking.jpg\",\"datePublished\":\"2016-08-23T09:39:40+00:00\",\"dateModified\":\"2018-11-30T08:33:23+00:00\",\"breadcrumb\":{\"@id\":\"https:\/\/teterete.com\/mx\/mesa-cocina\/#breadcrumb\"},\"inLanguage\":\"es\",\"potentialAction\":[{\"@type\":\"ReadAction\",\"target\":[\"https:\/\/teterete.com\/mx\/mesa-cocina\/\"]}]},{\"@type\":\"ImageObject\",\"inLanguage\":\"es\",\"@id\":\"https:\/\/teterete.com\/mx\/mesa-cocina\/#primaryimage\",\"url\":\"https:\/\/teterete.com\/mx\/wp-content\/uploads\/2016\/09\/food-kitchen-cutting-board-cooking.jpg\",\"contentUrl\":\"https:\/\/teterete.com\/mx\/wp-content\/uploads\/2016\/09\/food-kitchen-cutting-board-cooking.jpg\",\"width\":1024,\"height\":677,\"caption\":\"Mexican Kitchen\"},{\"@type\":\"BreadcrumbList\",\"@id\":\"https:\/\/teterete.com\/mx\/mesa-cocina\/#breadcrumb\",\"itemListElement\":[{\"@type\":\"ListItem\",\"position\":1,\"name\":\"Home\",\"item\":\"https:\/\/teterete.com\/mx\/\"},{\"@type\":\"ListItem\",\"position\":2,\"name\":\"MESA\/COCINA\"}]},{\"@type\":\"WebSite\",\"@id\":\"https:\/\/teterete.com\/mx\/#website\",\"url\":\"https:\/\/teterete.com\/mx\/\",\"name\":\"\",\"description\":\"Tienda en L\u00ednea de Fina Artesanias y Dise\u00f1o Mexicano. Bellas piezas elaboradas a mano por los mejores artesanos del pa\u00eds as\u00ed como piezas de dise\u00f1o y decoraci\u00f3n con inspiraci\u00f3n artesanal.\",\"potentialAction\":[{\"@type\":\"SearchAction\",\"target\":{\"@type\":\"EntryPoint\",\"urlTemplate\":\"https:\/\/teterete.com\/mx\/?s={search_term_string}\"},\"query-input\":{\"@type\":\"PropertyValueSpecification\",\"valueRequired\":true,\"valueName\":\"search_term_string\"}}],\"inLanguage\":\"es\"}]}<\/script>\n<!-- \/ Yoast SEO plugin. -->","yoast_head_json":{"title":"MESA\/COCINA -","robots":{"index":"index","follow":"follow","max-snippet":"max-snippet:-1","max-image-preview":"max-image-preview:large","max-video-preview":"max-video-preview:-1"},"canonical":"https:\/\/teterete.com\/mx\/mesa-cocina\/","og_locale":"es_ES","og_type":"article","og_title":"MESA\/COCINA -","og_url":"https:\/\/teterete.com\/mx\/mesa-cocina\/","article_publisher":"https:\/\/www.facebook.com\/TetereteHome\/","article_modified_time":"2018-11-30T08:33:23+00:00","og_image":[{"width":1024,"height":677,"url":"https:\/\/teterete.com\/mx\/wp-content\/uploads\/2016\/09\/food-kitchen-cutting-board-cooking.jpg","type":"image\/jpeg"}],"twitter_card":"summary_large_image","twitter_site":"@Teterete_Home","schema":{"@context":"https:\/\/schema.org","@graph":[{"@type":"WebPage","@id":"https:\/\/teterete.com\/mx\/mesa-cocina\/","url":"https:\/\/teterete.com\/mx\/mesa-cocina\/","name":"MESA\/COCINA -","isPartOf":{"@id":"https:\/\/teterete.com\/mx\/#website"},"primaryImageOfPage":{"@id":"https:\/\/teterete.com\/mx\/mesa-cocina\/#primaryimage"},"image":{"@id":"https:\/\/teterete.com\/mx\/mesa-cocina\/#primaryimage"},"thumbnailUrl":"https:\/\/teterete.com\/mx\/wp-content\/uploads\/2016\/09\/food-kitchen-cutting-board-cooking.jpg","datePublished":"2016-08-23T09:39:40+00:00","dateModified":"2018-11-30T08:33:23+00:00","breadcrumb":{"@id":"https:\/\/teterete.com\/mx\/mesa-cocina\/#breadcrumb"},"inLanguage":"es","potentialAction":[{"@type":"ReadAction","target":["https:\/\/teterete.com\/mx\/mesa-cocina\/"]}]},{"@type":"ImageObject","inLanguage":"es","@id":"https:\/\/teterete.com\/mx\/mesa-cocina\/#primaryimage","url":"https:\/\/teterete.com\/mx\/wp-content\/uploads\/2016\/09\/food-kitchen-cutting-board-cooking.jpg","contentUrl":"https:\/\/teterete.com\/mx\/wp-content\/uploads\/2016\/09\/food-kitchen-cutting-board-cooking.jpg","width":1024,"height":677,"caption":"Mexican Kitchen"},{"@type":"BreadcrumbList","@id":"https:\/\/teterete.com\/mx\/mesa-cocina\/#breadcrumb","itemListElement":[{"@type":"ListItem","position":1,"name":"Home","item":"https:\/\/teterete.com\/mx\/"},{"@type":"ListItem","position":2,"name":"MESA\/COCINA"}]},{"@type":"WebSite","@id":"https:\/\/teterete.com\/mx\/#website","url":"https:\/\/teterete.com\/mx\/","name":"","description":"Tienda en L\u00ednea de Fina Artesanias y Dise\u00f1o Mexicano. Bellas piezas elaboradas a mano por los mejores artesanos del pa\u00eds as\u00ed como piezas de dise\u00f1o y decoraci\u00f3n con inspiraci\u00f3n artesanal.","potentialAction":[{"@type":"SearchAction","target":{"@type":"EntryPoint","urlTemplate":"https:\/\/teterete.com\/mx\/?s={search_term_string}"},"query-input":{"@type":"PropertyValueSpecification","valueRequired":true,"valueName":"search_term_string"}}],"inLanguage":"es"}]}},"_links":{"self":[{"href":"https:\/\/teterete.com\/mx\/wp-json\/wp\/v2\/pages\/498"}],"collection":[{"href":"https:\/\/teterete.com\/mx\/wp-json\/wp\/v2\/pages"}],"about":[{"href":"https:\/\/teterete.com\/mx\/wp-json\/wp\/v2\/types\/page"}],"author":[{"embeddable":true,"href":"https:\/\/teterete.com\/mx\/wp-json\/wp\/v2\/users\/1"}],"replies":[{"embeddable":true,"href":"https:\/\/teterete.com\/mx\/wp-json\/wp\/v2\/comments?post=498"}],"version-history":[{"count":3,"href":"https:\/\/teterete.com\/mx\/wp-json\/wp\/v2\/pages\/498\/revisions"}],"predecessor-version":[{"id":3781,"href":"https:\/\/teterete.com\/mx\/wp-json\/wp\/v2\/pages\/498\/revisions\/3781"}],"wp:featuredmedia":[{"embeddable":true,"href":"https:\/\/teterete.com\/mx\/wp-json\/wp\/v2\/media\/832"}],"wp:attachment":[{"href":"https:\/\/teterete.com\/mx\/wp-json\/wp\/v2\/media?parent=498"}],"curies":[{"name":"wp","href":"https:\/\/api.w.org\/{rel}","templated":true}]}}