{"id":5,"date":"2016-07-11T16:39:55","date_gmt":"2016-07-11T16:39:55","guid":{"rendered":"http:\/\/mx.teterete.com\/?page_id=5"},"modified":"2025-01-18T16:53:55","modified_gmt":"2025-01-18T16:53:55","slug":"home","status":"publish","type":"page","link":"https:\/\/teterete.com\/mx\/","title":{"rendered":"Colecci\u00f3n de Dise\u00f1o Artesanal Mexicano"},"content":{"rendered":"<h2>Arte Colectivo de M\u00e9xico<\/h2>\n<p>El mejor dise\u00f1o artesanal mexicano lo encuentras en Teterete. Finas piezas decorativas y moda mexicana hecha a mano por los mejores artesanos mexicanos.<br \/>\n<script>(function(w,d,t,r,u){var f,n,i;w[u]=w[u]||[],f=function(){var o={ti:\"26004103\"};o.q=w[u],w[u]=new UET(o),w[u].push(\"pageLoad\")},n=d.createElement(t),n.src=r,n.async=1,n.onload=n.onreadystatechange=function(){var s=this.readyState;s&&s!==\"loaded\"&&s!==\"complete\"||(f(),n.onload=n.onreadystatechange=null)},i=d.getElementsByTagName(t)[0],i.parentNode.insertBefore(n,i)})(window,document,\"script\",\"\/\/bat.bing.com\/bat.js\",\"uetq\");<\/script><\/p>\n","protected":false},"excerpt":{"rendered":"<p>Arte Colectivo de M\u00e9xico El mejor dise\u00f1o artesanal mexicano lo encuentras en Teterete. Finas piezas decorativas y moda mexicana hecha a mano por los mejores artesanos mexicanos.<\/p>\n","protected":false},"author":1,"featured_media":8233,"parent":0,"menu_order":0,"comment_status":"closed","ping_status":"closed","template":"template-home.php","meta":{"sfsi_plus_gutenberg_text_before_share":"","sfsi_plus_gutenberg_show_text_before_share":"","sfsi_plus_gutenberg_icon_type":"","sfsi_plus_gutenberg_icon_alignemt":"","sfsi_plus_gutenburg_max_per_row":"","footnotes":""},"acf":[],"yoast_head":"<!-- This site is optimized with the Yoast SEO plugin v23.5 - https:\/\/yoast.com\/wordpress\/plugins\/seo\/ -->\n<title>Colecci\u00f3n de Dise\u00f1o Artesanal Mexicano -<\/title>\n<meta name=\"description\" content=\"Descubre piezas \u00fanicas de dise\u00f1o artesanal mexicano: decoraci\u00f3n, utensilios de cocina y arte utilitario hecho a mano. Perfecto para coleccionistas, decoradores, hoteles y restaurantes que buscan autenticidad y elegancia.\" \/>\n<meta name=\"robots\" content=\"index, follow, max-snippet:-1, max-image-preview:large, max-video-preview:-1\" \/>\n<link rel=\"canonical\" href=\"https:\/\/teterete.com\/mx\/\" \/>\n<meta property=\"og:locale\" content=\"es_ES\" \/>\n<meta property=\"og:type\" content=\"article\" \/>\n<meta property=\"og:title\" content=\"Colecci\u00f3n de Dise\u00f1o Artesanal Mexicano -\" \/>\n<meta property=\"og:description\" content=\"Descubre piezas \u00fanicas de dise\u00f1o artesanal mexicano: decoraci\u00f3n, utensilios de cocina y arte utilitario hecho a mano. Perfecto para coleccionistas, decoradores, hoteles y restaurantes que buscan autenticidad y elegancia.\" \/>\n<meta property=\"og:url\" content=\"https:\/\/teterete.com\/mx\/\" \/>\n<meta property=\"article:publisher\" content=\"https:\/\/www.facebook.com\/TetereteHome\/\" \/>\n<meta property=\"article:modified_time\" content=\"2025-01-18T16:53:55+00:00\" \/>\n<meta property=\"og:image\" content=\"https:\/\/teterete.com\/mx\/wp-content\/uploads\/2020\/11\/dise\u00f1o-artesanal-mexicano.jpg\" \/>\n\t<meta property=\"og:image:width\" content=\"961\" \/>\n\t<meta property=\"og:image:height\" content=\"380\" \/>\n\t<meta property=\"og:image:type\" content=\"image\/jpeg\" \/>\n<meta name=\"twitter:card\" content=\"summary_large_image\" \/>\n<meta name=\"twitter:site\" content=\"@Teterete_Home\" \/>\n<meta name=\"twitter:label1\" content=\"Tiempo de lectura\" \/>\n\t<meta name=\"twitter:data1\" content=\"1 minuto\" \/>\n<script type=\"application\/ld+json\" class=\"yoast-schema-graph\">{\"@context\":\"https:\/\/schema.org\",\"@graph\":[{\"@type\":\"WebPage\",\"@id\":\"https:\/\/teterete.com\/mx\/\",\"url\":\"https:\/\/teterete.com\/mx\/\",\"name\":\"Colecci\u00f3n de Dise\u00f1o Artesanal Mexicano -\",\"isPartOf\":{\"@id\":\"https:\/\/teterete.com\/mx\/#website\"},\"primaryImageOfPage\":{\"@id\":\"https:\/\/teterete.com\/mx\/#primaryimage\"},\"image\":{\"@id\":\"https:\/\/teterete.com\/mx\/#primaryimage\"},\"thumbnailUrl\":\"https:\/\/teterete.com\/mx\/wp-content\/uploads\/2020\/11\/dise\u00f1o-artesanal-mexicano.jpg\",\"datePublished\":\"2016-07-11T16:39:55+00:00\",\"dateModified\":\"2025-01-18T16:53:55+00:00\",\"description\":\"Descubre piezas \u00fanicas de dise\u00f1o artesanal mexicano: decoraci\u00f3n, utensilios de cocina y arte utilitario hecho a mano. Perfecto para coleccionistas, decoradores, hoteles y restaurantes que buscan autenticidad y elegancia.\",\"breadcrumb\":{\"@id\":\"https:\/\/teterete.com\/mx\/#breadcrumb\"},\"inLanguage\":\"es\",\"potentialAction\":[{\"@type\":\"ReadAction\",\"target\":[\"https:\/\/teterete.com\/mx\/\"]}]},{\"@type\":\"ImageObject\",\"inLanguage\":\"es\",\"@id\":\"https:\/\/teterete.com\/mx\/#primaryimage\",\"url\":\"https:\/\/teterete.com\/mx\/wp-content\/uploads\/2020\/11\/dise\u00f1o-artesanal-mexicano.jpg\",\"contentUrl\":\"https:\/\/teterete.com\/mx\/wp-content\/uploads\/2020\/11\/dise\u00f1o-artesanal-mexicano.jpg\",\"width\":961,\"height\":380,\"caption\":\"Dise\u00f1o Artesanal Mexicano\"},{\"@type\":\"BreadcrumbList\",\"@id\":\"https:\/\/teterete.com\/mx\/#breadcrumb\",\"itemListElement\":[{\"@type\":\"ListItem\",\"position\":1,\"name\":\"Home\",\"item\":\"https:\/\/teterete.com\/mx\/\"},{\"@type\":\"ListItem\",\"position\":2,\"name\":\"Colecci\u00f3n de Dise\u00f1o Artesanal Mexicano\"}]},{\"@type\":\"WebSite\",\"@id\":\"https:\/\/teterete.com\/mx\/#website\",\"url\":\"https:\/\/teterete.com\/mx\/\",\"name\":\"\",\"description\":\"Tienda en L\u00ednea de Fina Artesanias y Dise\u00f1o Mexicano. Bellas piezas elaboradas a mano por los mejores artesanos del pa\u00eds as\u00ed como piezas de dise\u00f1o y decoraci\u00f3n con inspiraci\u00f3n artesanal.\",\"potentialAction\":[{\"@type\":\"SearchAction\",\"target\":{\"@type\":\"EntryPoint\",\"urlTemplate\":\"https:\/\/teterete.com\/mx\/?s={search_term_string}\"},\"query-input\":{\"@type\":\"PropertyValueSpecification\",\"valueRequired\":true,\"valueName\":\"search_term_string\"}}],\"inLanguage\":\"es\"}]}<\/script>\n<!-- \/ Yoast SEO plugin. -->","yoast_head_json":{"title":"Colecci\u00f3n de Dise\u00f1o Artesanal Mexicano -","description":"Descubre piezas \u00fanicas de dise\u00f1o artesanal mexicano: decoraci\u00f3n, utensilios de cocina y arte utilitario hecho a mano. Perfecto para coleccionistas, decoradores, hoteles y restaurantes que buscan autenticidad y elegancia.","robots":{"index":"index","follow":"follow","max-snippet":"max-snippet:-1","max-image-preview":"max-image-preview:large","max-video-preview":"max-video-preview:-1"},"canonical":"https:\/\/teterete.com\/mx\/","og_locale":"es_ES","og_type":"article","og_title":"Colecci\u00f3n de Dise\u00f1o Artesanal Mexicano -","og_description":"Descubre piezas \u00fanicas de dise\u00f1o artesanal mexicano: decoraci\u00f3n, utensilios de cocina y arte utilitario hecho a mano. Perfecto para coleccionistas, decoradores, hoteles y restaurantes que buscan autenticidad y elegancia.","og_url":"https:\/\/teterete.com\/mx\/","article_publisher":"https:\/\/www.facebook.com\/TetereteHome\/","article_modified_time":"2025-01-18T16:53:55+00:00","og_image":[{"width":961,"height":380,"url":"https:\/\/teterete.com\/mx\/wp-content\/uploads\/2020\/11\/dise\u00f1o-artesanal-mexicano.jpg","type":"image\/jpeg"}],"twitter_card":"summary_large_image","twitter_site":"@Teterete_Home","twitter_misc":{"Tiempo de lectura":"1 minuto"},"schema":{"@context":"https:\/\/schema.org","@graph":[{"@type":"WebPage","@id":"https:\/\/teterete.com\/mx\/","url":"https:\/\/teterete.com\/mx\/","name":"Colecci\u00f3n de Dise\u00f1o Artesanal Mexicano -","isPartOf":{"@id":"https:\/\/teterete.com\/mx\/#website"},"primaryImageOfPage":{"@id":"https:\/\/teterete.com\/mx\/#primaryimage"},"image":{"@id":"https:\/\/teterete.com\/mx\/#primaryimage"},"thumbnailUrl":"https:\/\/teterete.com\/mx\/wp-content\/uploads\/2020\/11\/dise\u00f1o-artesanal-mexicano.jpg","datePublished":"2016-07-11T16:39:55+00:00","dateModified":"2025-01-18T16:53:55+00:00","description":"Descubre piezas \u00fanicas de dise\u00f1o artesanal mexicano: decoraci\u00f3n, utensilios de cocina y arte utilitario hecho a mano. Perfecto para coleccionistas, decoradores, hoteles y restaurantes que buscan autenticidad y elegancia.","breadcrumb":{"@id":"https:\/\/teterete.com\/mx\/#breadcrumb"},"inLanguage":"es","potentialAction":[{"@type":"ReadAction","target":["https:\/\/teterete.com\/mx\/"]}]},{"@type":"ImageObject","inLanguage":"es","@id":"https:\/\/teterete.com\/mx\/#primaryimage","url":"https:\/\/teterete.com\/mx\/wp-content\/uploads\/2020\/11\/dise\u00f1o-artesanal-mexicano.jpg","contentUrl":"https:\/\/teterete.com\/mx\/wp-content\/uploads\/2020\/11\/dise\u00f1o-artesanal-mexicano.jpg","width":961,"height":380,"caption":"Dise\u00f1o Artesanal Mexicano"},{"@type":"BreadcrumbList","@id":"https:\/\/teterete.com\/mx\/#breadcrumb","itemListElement":[{"@type":"ListItem","position":1,"name":"Home","item":"https:\/\/teterete.com\/mx\/"},{"@type":"ListItem","position":2,"name":"Colecci\u00f3n de Dise\u00f1o Artesanal Mexicano"}]},{"@type":"WebSite","@id":"https:\/\/teterete.com\/mx\/#website","url":"https:\/\/teterete.com\/mx\/","name":"","description":"Tienda en L\u00ednea de Fina Artesanias y Dise\u00f1o Mexicano. Bellas piezas elaboradas a mano por los mejores artesanos del pa\u00eds as\u00ed como piezas de dise\u00f1o y decoraci\u00f3n con inspiraci\u00f3n artesanal.","potentialAction":[{"@type":"SearchAction","target":{"@type":"EntryPoint","urlTemplate":"https:\/\/teterete.com\/mx\/?s={search_term_string}"},"query-input":{"@type":"PropertyValueSpecification","valueRequired":true,"valueName":"search_term_string"}}],"inLanguage":"es"}]}},"_links":{"self":[{"href":"https:\/\/teterete.com\/mx\/wp-json\/wp\/v2\/pages\/5"}],"collection":[{"href":"https:\/\/teterete.com\/mx\/wp-json\/wp\/v2\/pages"}],"about":[{"href":"https:\/\/teterete.com\/mx\/wp-json\/wp\/v2\/types\/page"}],"author":[{"embeddable":true,"href":"https:\/\/teterete.com\/mx\/wp-json\/wp\/v2\/users\/1"}],"replies":[{"embeddable":true,"href":"https:\/\/teterete.com\/mx\/wp-json\/wp\/v2\/comments?post=5"}],"version-history":[{"count":62,"href":"https:\/\/teterete.com\/mx\/wp-json\/wp\/v2\/pages\/5\/revisions"}],"predecessor-version":[{"id":10196,"href":"https:\/\/teterete.com\/mx\/wp-json\/wp\/v2\/pages\/5\/revisions\/10196"}],"wp:featuredmedia":[{"embeddable":true,"href":"https:\/\/teterete.com\/mx\/wp-json\/wp\/v2\/media\/8233"}],"wp:attachment":[{"href":"https:\/\/teterete.com\/mx\/wp-json\/wp\/v2\/media?parent=5"}],"curies":[{"name":"wp","href":"https:\/\/api.w.org\/{rel}","templated":true}]}}