{"id":10007,"date":"2021-10-30T00:14:50","date_gmt":"2021-10-30T00:14:50","guid":{"rendered":"https:\/\/teterete.com\/mx\/?post_type=product&#038;p=10007"},"modified":"2026-03-24T22:00:18","modified_gmt":"2026-03-24T22:00:18","slug":"vajilla-de-atzompa-barro-natural-set-de-4","status":"publish","type":"product","link":"https:\/\/teterete.com\/mx\/producto\/vajilla-de-atzompa-barro-natural-set-de-4\/","title":{"rendered":"Vajilla de Atzompa Barro Natural (Set de 4)"},"content":{"rendered":"<p>4 Bowls<\/p>\n<p>4 Plato Ensalada 20 cms<\/p>\n<p>4 Plato Principal 25 cms<\/p>\n<p>4 Servilletas elaboradas en telar de cintura<\/p>\n<p>**En caso de no contar con existencia la producci\u00f3n lleva de 4 a 6 semanas, favor de confirmar inventario.<\/p>\n","protected":false},"excerpt":{"rendered":"<p>Hermosa vajilla de barro negro bru\u00f1ido, 100% artesanal elaborada por artesanos de Santa Mar\u00eda Atzompa, Oaxaca.<\/p>\n","protected":false},"featured_media":12598,"comment_status":"open","ping_status":"closed","template":"","meta":{"sfsi_plus_gutenberg_text_before_share":"","sfsi_plus_gutenberg_show_text_before_share":"","sfsi_plus_gutenberg_icon_type":"","sfsi_plus_gutenberg_icon_alignemt":"","sfsi_plus_gutenburg_max_per_row":""},"product_cat":[1584,1842,658,60],"product_tag":[29,1581,2006,917,1840,2005],"acf":[],"yoast_head":"<!-- This site is optimized with the Yoast SEO plugin v23.5 - https:\/\/yoast.com\/wordpress\/plugins\/seo\/ -->\n<title>Vajilla de Atzompa Barro Natural (Set de 4) -<\/title>\n<meta name=\"description\" content=\"Vajilla de barro natural con manchas color humo obtenidos en la quema. Piezas \u00fanicas elaboras por artesanos de Santa Maria Atzompa en Oaxaca\" \/>\n<meta name=\"robots\" content=\"index, follow, max-snippet:-1, max-image-preview:large, max-video-preview:-1\" \/>\n<link rel=\"canonical\" href=\"https:\/\/teterete.com\/mx\/producto\/vajilla-de-atzompa-barro-natural-set-de-4\/\" \/>\n<meta property=\"og:locale\" content=\"es_ES\" \/>\n<meta property=\"og:type\" content=\"article\" \/>\n<meta property=\"og:title\" content=\"Vajilla de Atzompa Barro Natural (Set de 4) -\" \/>\n<meta property=\"og:description\" content=\"Vajilla de barro natural con manchas color humo obtenidos en la quema. Piezas \u00fanicas elaboras por artesanos de Santa Maria Atzompa en Oaxaca\" \/>\n<meta property=\"og:url\" content=\"https:\/\/teterete.com\/mx\/producto\/vajilla-de-atzompa-barro-natural-set-de-4\/\" \/>\n<meta property=\"article:publisher\" content=\"https:\/\/www.facebook.com\/TetereteHome\/\" \/>\n<meta property=\"article:modified_time\" content=\"2026-03-24T22:00:18+00:00\" \/>\n<meta property=\"og:image\" content=\"https:\/\/teterete.com\/mx\/wp-content\/uploads\/2021\/10\/vajilla-natura.moteada.jpg\" \/>\n\t<meta property=\"og:image:width\" content=\"1080\" \/>\n\t<meta property=\"og:image:height\" content=\"1080\" \/>\n\t<meta property=\"og:image:type\" content=\"image\/jpeg\" \/>\n<meta name=\"twitter:card\" content=\"summary_large_image\" \/>\n<meta name=\"twitter:site\" content=\"@Teterete_Home\" \/>\n<meta name=\"twitter:label1\" content=\"Tiempo de lectura\" \/>\n\t<meta name=\"twitter:data1\" content=\"1 minuto\" \/>\n<script type=\"application\/ld+json\" class=\"yoast-schema-graph\">{\"@context\":\"https:\/\/schema.org\",\"@graph\":[{\"@type\":\"WebPage\",\"@id\":\"https:\/\/teterete.com\/mx\/producto\/vajilla-de-atzompa-barro-natural-set-de-4\/\",\"url\":\"https:\/\/teterete.com\/mx\/producto\/vajilla-de-atzompa-barro-natural-set-de-4\/\",\"name\":\"Vajilla de Atzompa Barro Natural (Set de 4) -\",\"isPartOf\":{\"@id\":\"https:\/\/teterete.com\/mx\/#website\"},\"primaryImageOfPage\":{\"@id\":\"https:\/\/teterete.com\/mx\/producto\/vajilla-de-atzompa-barro-natural-set-de-4\/#primaryimage\"},\"image\":{\"@id\":\"https:\/\/teterete.com\/mx\/producto\/vajilla-de-atzompa-barro-natural-set-de-4\/#primaryimage\"},\"thumbnailUrl\":\"https:\/\/teterete.com\/mx\/wp-content\/uploads\/2021\/10\/vajilla-natura.moteada.jpg\",\"datePublished\":\"2021-10-30T00:14:50+00:00\",\"dateModified\":\"2026-03-24T22:00:18+00:00\",\"description\":\"Vajilla de barro natural con manchas color humo obtenidos en la quema. Piezas \u00fanicas elaboras por artesanos de Santa Maria Atzompa en Oaxaca\",\"breadcrumb\":{\"@id\":\"https:\/\/teterete.com\/mx\/producto\/vajilla-de-atzompa-barro-natural-set-de-4\/#breadcrumb\"},\"inLanguage\":\"es\",\"potentialAction\":[{\"@type\":\"ReadAction\",\"target\":[\"https:\/\/teterete.com\/mx\/producto\/vajilla-de-atzompa-barro-natural-set-de-4\/\"]}]},{\"@type\":\"ImageObject\",\"inLanguage\":\"es\",\"@id\":\"https:\/\/teterete.com\/mx\/producto\/vajilla-de-atzompa-barro-natural-set-de-4\/#primaryimage\",\"url\":\"https:\/\/teterete.com\/mx\/wp-content\/uploads\/2021\/10\/vajilla-natura.moteada.jpg\",\"contentUrl\":\"https:\/\/teterete.com\/mx\/wp-content\/uploads\/2021\/10\/vajilla-natura.moteada.jpg\",\"width\":1080,\"height\":1080,\"caption\":\"Vajilla Natural Moteada\"},{\"@type\":\"BreadcrumbList\",\"@id\":\"https:\/\/teterete.com\/mx\/producto\/vajilla-de-atzompa-barro-natural-set-de-4\/#breadcrumb\",\"itemListElement\":[{\"@type\":\"ListItem\",\"position\":1,\"name\":\"Home\",\"item\":\"https:\/\/teterete.com\/mx\/\"},{\"@type\":\"ListItem\",\"position\":2,\"name\":\"Productos\",\"item\":\"https:\/\/teterete.com\/mx\/shop\/\"},{\"@type\":\"ListItem\",\"position\":3,\"name\":\"Vajilla de Atzompa Barro Natural (Set de 4)\"}]},{\"@type\":\"WebSite\",\"@id\":\"https:\/\/teterete.com\/mx\/#website\",\"url\":\"https:\/\/teterete.com\/mx\/\",\"name\":\"\",\"description\":\"Tienda en L\u00ednea de Fina Artesanias y Dise\u00f1o Mexicano. Bellas piezas elaboradas a mano por los mejores artesanos del pa\u00eds as\u00ed como piezas de dise\u00f1o y decoraci\u00f3n con inspiraci\u00f3n artesanal.\",\"potentialAction\":[{\"@type\":\"SearchAction\",\"target\":{\"@type\":\"EntryPoint\",\"urlTemplate\":\"https:\/\/teterete.com\/mx\/?s={search_term_string}\"},\"query-input\":{\"@type\":\"PropertyValueSpecification\",\"valueRequired\":true,\"valueName\":\"search_term_string\"}}],\"inLanguage\":\"es\"}]}<\/script>\n<!-- \/ Yoast SEO plugin. -->","yoast_head_json":{"title":"Vajilla de Atzompa Barro Natural (Set de 4) -","description":"Vajilla de barro natural con manchas color humo obtenidos en la quema. Piezas \u00fanicas elaboras por artesanos de Santa Maria Atzompa en Oaxaca","robots":{"index":"index","follow":"follow","max-snippet":"max-snippet:-1","max-image-preview":"max-image-preview:large","max-video-preview":"max-video-preview:-1"},"canonical":"https:\/\/teterete.com\/mx\/producto\/vajilla-de-atzompa-barro-natural-set-de-4\/","og_locale":"es_ES","og_type":"article","og_title":"Vajilla de Atzompa Barro Natural (Set de 4) -","og_description":"Vajilla de barro natural con manchas color humo obtenidos en la quema. Piezas \u00fanicas elaboras por artesanos de Santa Maria Atzompa en Oaxaca","og_url":"https:\/\/teterete.com\/mx\/producto\/vajilla-de-atzompa-barro-natural-set-de-4\/","article_publisher":"https:\/\/www.facebook.com\/TetereteHome\/","article_modified_time":"2026-03-24T22:00:18+00:00","og_image":[{"width":1080,"height":1080,"url":"https:\/\/teterete.com\/mx\/wp-content\/uploads\/2021\/10\/vajilla-natura.moteada.jpg","type":"image\/jpeg"}],"twitter_card":"summary_large_image","twitter_site":"@Teterete_Home","twitter_misc":{"Tiempo de lectura":"1 minuto"},"schema":{"@context":"https:\/\/schema.org","@graph":[{"@type":"WebPage","@id":"https:\/\/teterete.com\/mx\/producto\/vajilla-de-atzompa-barro-natural-set-de-4\/","url":"https:\/\/teterete.com\/mx\/producto\/vajilla-de-atzompa-barro-natural-set-de-4\/","name":"Vajilla de Atzompa Barro Natural (Set de 4) -","isPartOf":{"@id":"https:\/\/teterete.com\/mx\/#website"},"primaryImageOfPage":{"@id":"https:\/\/teterete.com\/mx\/producto\/vajilla-de-atzompa-barro-natural-set-de-4\/#primaryimage"},"image":{"@id":"https:\/\/teterete.com\/mx\/producto\/vajilla-de-atzompa-barro-natural-set-de-4\/#primaryimage"},"thumbnailUrl":"https:\/\/teterete.com\/mx\/wp-content\/uploads\/2021\/10\/vajilla-natura.moteada.jpg","datePublished":"2021-10-30T00:14:50+00:00","dateModified":"2026-03-24T22:00:18+00:00","description":"Vajilla de barro natural con manchas color humo obtenidos en la quema. Piezas \u00fanicas elaboras por artesanos de Santa Maria Atzompa en Oaxaca","breadcrumb":{"@id":"https:\/\/teterete.com\/mx\/producto\/vajilla-de-atzompa-barro-natural-set-de-4\/#breadcrumb"},"inLanguage":"es","potentialAction":[{"@type":"ReadAction","target":["https:\/\/teterete.com\/mx\/producto\/vajilla-de-atzompa-barro-natural-set-de-4\/"]}]},{"@type":"ImageObject","inLanguage":"es","@id":"https:\/\/teterete.com\/mx\/producto\/vajilla-de-atzompa-barro-natural-set-de-4\/#primaryimage","url":"https:\/\/teterete.com\/mx\/wp-content\/uploads\/2021\/10\/vajilla-natura.moteada.jpg","contentUrl":"https:\/\/teterete.com\/mx\/wp-content\/uploads\/2021\/10\/vajilla-natura.moteada.jpg","width":1080,"height":1080,"caption":"Vajilla Natural Moteada"},{"@type":"BreadcrumbList","@id":"https:\/\/teterete.com\/mx\/producto\/vajilla-de-atzompa-barro-natural-set-de-4\/#breadcrumb","itemListElement":[{"@type":"ListItem","position":1,"name":"Home","item":"https:\/\/teterete.com\/mx\/"},{"@type":"ListItem","position":2,"name":"Productos","item":"https:\/\/teterete.com\/mx\/shop\/"},{"@type":"ListItem","position":3,"name":"Vajilla de Atzompa Barro Natural (Set de 4)"}]},{"@type":"WebSite","@id":"https:\/\/teterete.com\/mx\/#website","url":"https:\/\/teterete.com\/mx\/","name":"","description":"Tienda en L\u00ednea de Fina Artesanias y Dise\u00f1o Mexicano. Bellas piezas elaboradas a mano por los mejores artesanos del pa\u00eds as\u00ed como piezas de dise\u00f1o y decoraci\u00f3n con inspiraci\u00f3n artesanal.","potentialAction":[{"@type":"SearchAction","target":{"@type":"EntryPoint","urlTemplate":"https:\/\/teterete.com\/mx\/?s={search_term_string}"},"query-input":{"@type":"PropertyValueSpecification","valueRequired":true,"valueName":"search_term_string"}}],"inLanguage":"es"}]}},"_links":{"self":[{"href":"https:\/\/teterete.com\/mx\/wp-json\/wp\/v2\/product\/10007"}],"collection":[{"href":"https:\/\/teterete.com\/mx\/wp-json\/wp\/v2\/product"}],"about":[{"href":"https:\/\/teterete.com\/mx\/wp-json\/wp\/v2\/types\/product"}],"replies":[{"embeddable":true,"href":"https:\/\/teterete.com\/mx\/wp-json\/wp\/v2\/comments?post=10007"}],"wp:featuredmedia":[{"embeddable":true,"href":"https:\/\/teterete.com\/mx\/wp-json\/wp\/v2\/media\/12598"}],"wp:attachment":[{"href":"https:\/\/teterete.com\/mx\/wp-json\/wp\/v2\/media?parent=10007"}],"wp:term":[{"taxonomy":"product_cat","embeddable":true,"href":"https:\/\/teterete.com\/mx\/wp-json\/wp\/v2\/product_cat?post=10007"},{"taxonomy":"product_tag","embeddable":true,"href":"https:\/\/teterete.com\/mx\/wp-json\/wp\/v2\/product_tag?post=10007"}],"curies":[{"name":"wp","href":"https:\/\/api.w.org\/{rel}","templated":true}]}}