{"id":10092,"date":"2021-11-14T18:43:32","date_gmt":"2021-11-14T18:43:32","guid":{"rendered":"https:\/\/teterete.com\/mx\/?post_type=product&#038;p=10092"},"modified":"2026-01-04T19:23:20","modified_gmt":"2026-01-04T19:23:20","slug":"jarra-de-vidrio-soplado-y-set-de-6-vasos-altos","status":"publish","type":"product","link":"https:\/\/teterete.com\/mx\/producto\/jarra-de-vidrio-soplado-y-set-de-6-vasos-altos\/","title":{"rendered":"Jarra de Vidrio Soplado y Set de 6 Vasos Altos"},"content":{"rendered":"<p>La jarra fue elaborada en Oaxaca con t\u00e9cnica de vidrio soplado y un proceso sustentable ya que el vidrio es reciclado.<\/p>\n<p>1 Jarra con capacidad de 750 ml.<\/p>\n<p>6 Vasos Altos<\/p>\n<p>***Se pueden ordenar sobre pedido para mas piezas y colores.<\/p>\n","protected":false},"excerpt":{"rendered":"<p>Juego de Jarra y vasos que son 95% vidrio reciclado y horneado a 1300\u00baC \u00a0para reutilizarlo con t\u00e9cnicas de vidrio soplado dando como resultado estas piezas con dise\u00f1o \u00fanico.<\/p>\n<p>&nbsp;<\/p>\n","protected":false},"featured_media":10089,"comment_status":"open","ping_status":"closed","template":"","meta":{"sfsi_plus_gutenberg_text_before_share":"","sfsi_plus_gutenberg_show_text_before_share":"","sfsi_plus_gutenberg_icon_type":"","sfsi_plus_gutenberg_icon_alignemt":"","sfsi_plus_gutenburg_max_per_row":""},"product_cat":[1882,1584,1842,346,538],"product_tag":[2199,2198,721,719,2197],"acf":[],"yoast_head":"<!-- This site is optimized with the Yoast SEO plugin v23.5 - https:\/\/yoast.com\/wordpress\/plugins\/seo\/ -->\n<title>Jarra de Vidrio Soplado y Set de 6 Vasos Altos -<\/title>\n<meta name=\"robots\" content=\"index, follow, max-snippet:-1, max-image-preview:large, max-video-preview:-1\" \/>\n<link rel=\"canonical\" href=\"https:\/\/teterete.com\/mx\/producto\/jarra-de-vidrio-soplado-y-set-de-6-vasos-altos\/\" \/>\n<meta property=\"og:locale\" content=\"es_ES\" \/>\n<meta property=\"og:type\" content=\"article\" \/>\n<meta property=\"og:title\" content=\"Jarra de Vidrio Soplado y Set de 6 Vasos Altos -\" \/>\n<meta property=\"og:description\" content=\"Juego de Jarra y vasos que son 95% vidrio reciclado y horneado a 1300\u00baC \u00a0para reutilizarlo con t\u00e9cnicas de vidrio soplado dando como resultado estas piezas con dise\u00f1o \u00fanico.  &nbsp;\" \/>\n<meta property=\"og:url\" content=\"https:\/\/teterete.com\/mx\/producto\/jarra-de-vidrio-soplado-y-set-de-6-vasos-altos\/\" \/>\n<meta property=\"article:publisher\" content=\"https:\/\/www.facebook.com\/TetereteHome\/\" \/>\n<meta property=\"article:modified_time\" content=\"2026-01-04T19:23:20+00:00\" \/>\n<meta property=\"og:image\" content=\"https:\/\/teterete.com\/mx\/wp-content\/uploads\/2018\/02\/juego-de-vasos-y-jarra.vidrio.jpg\" \/>\n\t<meta property=\"og:image:width\" content=\"800\" \/>\n\t<meta property=\"og:image:height\" content=\"600\" \/>\n\t<meta property=\"og:image:type\" content=\"image\/jpeg\" \/>\n<meta name=\"twitter:card\" content=\"summary_large_image\" \/>\n<meta name=\"twitter:site\" content=\"@Teterete_Home\" \/>\n<script type=\"application\/ld+json\" class=\"yoast-schema-graph\">{\"@context\":\"https:\/\/schema.org\",\"@graph\":[{\"@type\":\"WebPage\",\"@id\":\"https:\/\/teterete.com\/mx\/producto\/jarra-de-vidrio-soplado-y-set-de-6-vasos-altos\/\",\"url\":\"https:\/\/teterete.com\/mx\/producto\/jarra-de-vidrio-soplado-y-set-de-6-vasos-altos\/\",\"name\":\"Jarra de Vidrio Soplado y Set de 6 Vasos Altos -\",\"isPartOf\":{\"@id\":\"https:\/\/teterete.com\/mx\/#website\"},\"primaryImageOfPage\":{\"@id\":\"https:\/\/teterete.com\/mx\/producto\/jarra-de-vidrio-soplado-y-set-de-6-vasos-altos\/#primaryimage\"},\"image\":{\"@id\":\"https:\/\/teterete.com\/mx\/producto\/jarra-de-vidrio-soplado-y-set-de-6-vasos-altos\/#primaryimage\"},\"thumbnailUrl\":\"https:\/\/teterete.com\/mx\/wp-content\/uploads\/2018\/02\/juego-de-vasos-y-jarra.vidrio.jpg\",\"datePublished\":\"2021-11-14T18:43:32+00:00\",\"dateModified\":\"2026-01-04T19:23:20+00:00\",\"breadcrumb\":{\"@id\":\"https:\/\/teterete.com\/mx\/producto\/jarra-de-vidrio-soplado-y-set-de-6-vasos-altos\/#breadcrumb\"},\"inLanguage\":\"es\",\"potentialAction\":[{\"@type\":\"ReadAction\",\"target\":[\"https:\/\/teterete.com\/mx\/producto\/jarra-de-vidrio-soplado-y-set-de-6-vasos-altos\/\"]}]},{\"@type\":\"ImageObject\",\"inLanguage\":\"es\",\"@id\":\"https:\/\/teterete.com\/mx\/producto\/jarra-de-vidrio-soplado-y-set-de-6-vasos-altos\/#primaryimage\",\"url\":\"https:\/\/teterete.com\/mx\/wp-content\/uploads\/2018\/02\/juego-de-vasos-y-jarra.vidrio.jpg\",\"contentUrl\":\"https:\/\/teterete.com\/mx\/wp-content\/uploads\/2018\/02\/juego-de-vasos-y-jarra.vidrio.jpg\",\"width\":\"800\",\"height\":\"600\",\"caption\":\"Juego de Vasos y Jarra Vidrio Soplado\"},{\"@type\":\"BreadcrumbList\",\"@id\":\"https:\/\/teterete.com\/mx\/producto\/jarra-de-vidrio-soplado-y-set-de-6-vasos-altos\/#breadcrumb\",\"itemListElement\":[{\"@type\":\"ListItem\",\"position\":1,\"name\":\"Home\",\"item\":\"https:\/\/teterete.com\/mx\/\"},{\"@type\":\"ListItem\",\"position\":2,\"name\":\"Productos\",\"item\":\"https:\/\/teterete.com\/mx\/shop\/\"},{\"@type\":\"ListItem\",\"position\":3,\"name\":\"Jarra de Vidrio Soplado y Set de 6 Vasos Altos\"}]},{\"@type\":\"WebSite\",\"@id\":\"https:\/\/teterete.com\/mx\/#website\",\"url\":\"https:\/\/teterete.com\/mx\/\",\"name\":\"\",\"description\":\"Tienda en L\u00ednea de Fina Artesanias y Dise\u00f1o Mexicano. Bellas piezas elaboradas a mano por los mejores artesanos del pa\u00eds as\u00ed como piezas de dise\u00f1o y decoraci\u00f3n con inspiraci\u00f3n artesanal.\",\"potentialAction\":[{\"@type\":\"SearchAction\",\"target\":{\"@type\":\"EntryPoint\",\"urlTemplate\":\"https:\/\/teterete.com\/mx\/?s={search_term_string}\"},\"query-input\":{\"@type\":\"PropertyValueSpecification\",\"valueRequired\":true,\"valueName\":\"search_term_string\"}}],\"inLanguage\":\"es\"}]}<\/script>\n<!-- \/ Yoast SEO plugin. -->","yoast_head_json":{"title":"Jarra de Vidrio Soplado y Set de 6 Vasos Altos -","robots":{"index":"index","follow":"follow","max-snippet":"max-snippet:-1","max-image-preview":"max-image-preview:large","max-video-preview":"max-video-preview:-1"},"canonical":"https:\/\/teterete.com\/mx\/producto\/jarra-de-vidrio-soplado-y-set-de-6-vasos-altos\/","og_locale":"es_ES","og_type":"article","og_title":"Jarra de Vidrio Soplado y Set de 6 Vasos Altos -","og_description":"Juego de Jarra y vasos que son 95% vidrio reciclado y horneado a 1300\u00baC \u00a0para reutilizarlo con t\u00e9cnicas de vidrio soplado dando como resultado estas piezas con dise\u00f1o \u00fanico.  &nbsp;","og_url":"https:\/\/teterete.com\/mx\/producto\/jarra-de-vidrio-soplado-y-set-de-6-vasos-altos\/","article_publisher":"https:\/\/www.facebook.com\/TetereteHome\/","article_modified_time":"2026-01-04T19:23:20+00:00","og_image":[{"width":800,"height":600,"url":"https:\/\/teterete.com\/mx\/wp-content\/uploads\/2018\/02\/juego-de-vasos-y-jarra.vidrio.jpg","type":"image\/jpeg"}],"twitter_card":"summary_large_image","twitter_site":"@Teterete_Home","schema":{"@context":"https:\/\/schema.org","@graph":[{"@type":"WebPage","@id":"https:\/\/teterete.com\/mx\/producto\/jarra-de-vidrio-soplado-y-set-de-6-vasos-altos\/","url":"https:\/\/teterete.com\/mx\/producto\/jarra-de-vidrio-soplado-y-set-de-6-vasos-altos\/","name":"Jarra de Vidrio Soplado y Set de 6 Vasos Altos -","isPartOf":{"@id":"https:\/\/teterete.com\/mx\/#website"},"primaryImageOfPage":{"@id":"https:\/\/teterete.com\/mx\/producto\/jarra-de-vidrio-soplado-y-set-de-6-vasos-altos\/#primaryimage"},"image":{"@id":"https:\/\/teterete.com\/mx\/producto\/jarra-de-vidrio-soplado-y-set-de-6-vasos-altos\/#primaryimage"},"thumbnailUrl":"https:\/\/teterete.com\/mx\/wp-content\/uploads\/2018\/02\/juego-de-vasos-y-jarra.vidrio.jpg","datePublished":"2021-11-14T18:43:32+00:00","dateModified":"2026-01-04T19:23:20+00:00","breadcrumb":{"@id":"https:\/\/teterete.com\/mx\/producto\/jarra-de-vidrio-soplado-y-set-de-6-vasos-altos\/#breadcrumb"},"inLanguage":"es","potentialAction":[{"@type":"ReadAction","target":["https:\/\/teterete.com\/mx\/producto\/jarra-de-vidrio-soplado-y-set-de-6-vasos-altos\/"]}]},{"@type":"ImageObject","inLanguage":"es","@id":"https:\/\/teterete.com\/mx\/producto\/jarra-de-vidrio-soplado-y-set-de-6-vasos-altos\/#primaryimage","url":"https:\/\/teterete.com\/mx\/wp-content\/uploads\/2018\/02\/juego-de-vasos-y-jarra.vidrio.jpg","contentUrl":"https:\/\/teterete.com\/mx\/wp-content\/uploads\/2018\/02\/juego-de-vasos-y-jarra.vidrio.jpg","width":"800","height":"600","caption":"Juego de Vasos y Jarra Vidrio Soplado"},{"@type":"BreadcrumbList","@id":"https:\/\/teterete.com\/mx\/producto\/jarra-de-vidrio-soplado-y-set-de-6-vasos-altos\/#breadcrumb","itemListElement":[{"@type":"ListItem","position":1,"name":"Home","item":"https:\/\/teterete.com\/mx\/"},{"@type":"ListItem","position":2,"name":"Productos","item":"https:\/\/teterete.com\/mx\/shop\/"},{"@type":"ListItem","position":3,"name":"Jarra de Vidrio Soplado y Set de 6 Vasos Altos"}]},{"@type":"WebSite","@id":"https:\/\/teterete.com\/mx\/#website","url":"https:\/\/teterete.com\/mx\/","name":"","description":"Tienda en L\u00ednea de Fina Artesanias y Dise\u00f1o Mexicano. Bellas piezas elaboradas a mano por los mejores artesanos del pa\u00eds as\u00ed como piezas de dise\u00f1o y decoraci\u00f3n con inspiraci\u00f3n artesanal.","potentialAction":[{"@type":"SearchAction","target":{"@type":"EntryPoint","urlTemplate":"https:\/\/teterete.com\/mx\/?s={search_term_string}"},"query-input":{"@type":"PropertyValueSpecification","valueRequired":true,"valueName":"search_term_string"}}],"inLanguage":"es"}]}},"_links":{"self":[{"href":"https:\/\/teterete.com\/mx\/wp-json\/wp\/v2\/product\/10092"}],"collection":[{"href":"https:\/\/teterete.com\/mx\/wp-json\/wp\/v2\/product"}],"about":[{"href":"https:\/\/teterete.com\/mx\/wp-json\/wp\/v2\/types\/product"}],"replies":[{"embeddable":true,"href":"https:\/\/teterete.com\/mx\/wp-json\/wp\/v2\/comments?post=10092"}],"wp:featuredmedia":[{"embeddable":true,"href":"https:\/\/teterete.com\/mx\/wp-json\/wp\/v2\/media\/10089"}],"wp:attachment":[{"href":"https:\/\/teterete.com\/mx\/wp-json\/wp\/v2\/media?parent=10092"}],"wp:term":[{"taxonomy":"product_cat","embeddable":true,"href":"https:\/\/teterete.com\/mx\/wp-json\/wp\/v2\/product_cat?post=10092"},{"taxonomy":"product_tag","embeddable":true,"href":"https:\/\/teterete.com\/mx\/wp-json\/wp\/v2\/product_tag?post=10092"}],"curies":[{"name":"wp","href":"https:\/\/api.w.org\/{rel}","templated":true}]}}