{"id":10116,"date":"2021-12-05T15:58:11","date_gmt":"2021-12-05T15:58:11","guid":{"rendered":"https:\/\/teterete.com\/mx\/?post_type=product&#038;p=10116"},"modified":"2026-01-04T19:23:19","modified_gmt":"2026-01-04T19:23:19","slug":"par-de-cojines-chamula-gris-con-pompones","status":"publish","type":"product","link":"https:\/\/teterete.com\/mx\/producto\/par-de-cojines-chamula-gris-con-pompones\/","title":{"rendered":"Par de Cojines en Gris con Pompones"},"content":{"rendered":"<p>Material: Lana y Algod\u00f3n<\/p>\n<p>Medidas: 45 x 45 cms<\/p>\n<p>Color: Gris y Fucsia<\/p>\n<p>Incluye 2 piezas &#8211; No Incluye relleno<\/p>\n<p>*En caso de no contar con existencias el tiempo de producci\u00f3n es de 6 semanas<\/p>\n","protected":false},"excerpt":{"rendered":"<p>Bello coj\u00edn decorativo en gris con pompones en color fucsia elaborado a mano por artesanos de los altos de Chiapas.<\/p>\n<p>&nbsp;<\/p>\n","protected":false},"featured_media":10270,"comment_status":"open","ping_status":"closed","template":"","meta":{"sfsi_plus_gutenberg_text_before_share":"","sfsi_plus_gutenberg_show_text_before_share":"","sfsi_plus_gutenberg_icon_type":"","sfsi_plus_gutenberg_icon_alignemt":"","sfsi_plus_gutenburg_max_per_row":""},"product_cat":[1371,210,336],"product_tag":[1758,2208,1759,1757,516,223],"acf":[],"yoast_head":"<!-- This site is optimized with the Yoast SEO plugin v23.5 - https:\/\/yoast.com\/wordpress\/plugins\/seo\/ -->\n<title>Par de Cojines en Gris con Pompones -<\/title>\n<meta name=\"robots\" content=\"index, follow, max-snippet:-1, max-image-preview:large, max-video-preview:-1\" \/>\n<link rel=\"canonical\" href=\"https:\/\/teterete.com\/mx\/producto\/par-de-cojines-chamula-gris-con-pompones\/\" \/>\n<meta property=\"og:locale\" content=\"es_ES\" \/>\n<meta property=\"og:type\" content=\"article\" \/>\n<meta property=\"og:title\" content=\"Par de Cojines en Gris con Pompones -\" \/>\n<meta property=\"og:description\" content=\"Bello coj\u00edn decorativo en gris con pompones en color fucsia elaborado a mano por artesanos de los altos de Chiapas.  &nbsp;\" \/>\n<meta property=\"og:url\" content=\"https:\/\/teterete.com\/mx\/producto\/par-de-cojines-chamula-gris-con-pompones\/\" \/>\n<meta property=\"article:publisher\" content=\"https:\/\/www.facebook.com\/TetereteHome\/\" \/>\n<meta property=\"article:modified_time\" content=\"2026-01-04T19:23:19+00:00\" \/>\n<meta property=\"og:image\" content=\"https:\/\/teterete.com\/mx\/wp-content\/uploads\/2021\/12\/cojines-chiapanecos.jpg\" \/>\n\t<meta property=\"og:image:width\" content=\"800\" \/>\n\t<meta property=\"og:image:height\" content=\"800\" \/>\n\t<meta property=\"og:image:type\" content=\"image\/jpeg\" \/>\n<meta name=\"twitter:card\" content=\"summary_large_image\" \/>\n<meta name=\"twitter:site\" content=\"@Teterete_Home\" \/>\n<script type=\"application\/ld+json\" class=\"yoast-schema-graph\">{\"@context\":\"https:\/\/schema.org\",\"@graph\":[{\"@type\":\"WebPage\",\"@id\":\"https:\/\/teterete.com\/mx\/producto\/par-de-cojines-chamula-gris-con-pompones\/\",\"url\":\"https:\/\/teterete.com\/mx\/producto\/par-de-cojines-chamula-gris-con-pompones\/\",\"name\":\"Par de Cojines en Gris con Pompones -\",\"isPartOf\":{\"@id\":\"https:\/\/teterete.com\/mx\/#website\"},\"primaryImageOfPage\":{\"@id\":\"https:\/\/teterete.com\/mx\/producto\/par-de-cojines-chamula-gris-con-pompones\/#primaryimage\"},\"image\":{\"@id\":\"https:\/\/teterete.com\/mx\/producto\/par-de-cojines-chamula-gris-con-pompones\/#primaryimage\"},\"thumbnailUrl\":\"https:\/\/teterete.com\/mx\/wp-content\/uploads\/2021\/12\/cojines-chiapanecos.jpg\",\"datePublished\":\"2021-12-05T15:58:11+00:00\",\"dateModified\":\"2026-01-04T19:23:19+00:00\",\"breadcrumb\":{\"@id\":\"https:\/\/teterete.com\/mx\/producto\/par-de-cojines-chamula-gris-con-pompones\/#breadcrumb\"},\"inLanguage\":\"es\",\"potentialAction\":[{\"@type\":\"ReadAction\",\"target\":[\"https:\/\/teterete.com\/mx\/producto\/par-de-cojines-chamula-gris-con-pompones\/\"]}]},{\"@type\":\"ImageObject\",\"inLanguage\":\"es\",\"@id\":\"https:\/\/teterete.com\/mx\/producto\/par-de-cojines-chamula-gris-con-pompones\/#primaryimage\",\"url\":\"https:\/\/teterete.com\/mx\/wp-content\/uploads\/2021\/12\/cojines-chiapanecos.jpg\",\"contentUrl\":\"https:\/\/teterete.com\/mx\/wp-content\/uploads\/2021\/12\/cojines-chiapanecos.jpg\",\"width\":\"800\",\"height\":\"800\",\"caption\":\"Cojines Chiapanecos\"},{\"@type\":\"BreadcrumbList\",\"@id\":\"https:\/\/teterete.com\/mx\/producto\/par-de-cojines-chamula-gris-con-pompones\/#breadcrumb\",\"itemListElement\":[{\"@type\":\"ListItem\",\"position\":1,\"name\":\"Home\",\"item\":\"https:\/\/teterete.com\/mx\/\"},{\"@type\":\"ListItem\",\"position\":2,\"name\":\"Productos\",\"item\":\"https:\/\/teterete.com\/mx\/shop\/\"},{\"@type\":\"ListItem\",\"position\":3,\"name\":\"Par de Cojines en Gris con Pompones\"}]},{\"@type\":\"WebSite\",\"@id\":\"https:\/\/teterete.com\/mx\/#website\",\"url\":\"https:\/\/teterete.com\/mx\/\",\"name\":\"\",\"description\":\"Tienda en L\u00ednea de Fina Artesanias y Dise\u00f1o Mexicano. Bellas piezas elaboradas a mano por los mejores artesanos del pa\u00eds as\u00ed como piezas de dise\u00f1o y decoraci\u00f3n con inspiraci\u00f3n artesanal.\",\"potentialAction\":[{\"@type\":\"SearchAction\",\"target\":{\"@type\":\"EntryPoint\",\"urlTemplate\":\"https:\/\/teterete.com\/mx\/?s={search_term_string}\"},\"query-input\":{\"@type\":\"PropertyValueSpecification\",\"valueRequired\":true,\"valueName\":\"search_term_string\"}}],\"inLanguage\":\"es\"}]}<\/script>\n<!-- \/ Yoast SEO plugin. -->","yoast_head_json":{"title":"Par de Cojines en Gris con Pompones -","robots":{"index":"index","follow":"follow","max-snippet":"max-snippet:-1","max-image-preview":"max-image-preview:large","max-video-preview":"max-video-preview:-1"},"canonical":"https:\/\/teterete.com\/mx\/producto\/par-de-cojines-chamula-gris-con-pompones\/","og_locale":"es_ES","og_type":"article","og_title":"Par de Cojines en Gris con Pompones -","og_description":"Bello coj\u00edn decorativo en gris con pompones en color fucsia elaborado a mano por artesanos de los altos de Chiapas.  &nbsp;","og_url":"https:\/\/teterete.com\/mx\/producto\/par-de-cojines-chamula-gris-con-pompones\/","article_publisher":"https:\/\/www.facebook.com\/TetereteHome\/","article_modified_time":"2026-01-04T19:23:19+00:00","og_image":[{"width":800,"height":800,"url":"https:\/\/teterete.com\/mx\/wp-content\/uploads\/2021\/12\/cojines-chiapanecos.jpg","type":"image\/jpeg"}],"twitter_card":"summary_large_image","twitter_site":"@Teterete_Home","schema":{"@context":"https:\/\/schema.org","@graph":[{"@type":"WebPage","@id":"https:\/\/teterete.com\/mx\/producto\/par-de-cojines-chamula-gris-con-pompones\/","url":"https:\/\/teterete.com\/mx\/producto\/par-de-cojines-chamula-gris-con-pompones\/","name":"Par de Cojines en Gris con Pompones -","isPartOf":{"@id":"https:\/\/teterete.com\/mx\/#website"},"primaryImageOfPage":{"@id":"https:\/\/teterete.com\/mx\/producto\/par-de-cojines-chamula-gris-con-pompones\/#primaryimage"},"image":{"@id":"https:\/\/teterete.com\/mx\/producto\/par-de-cojines-chamula-gris-con-pompones\/#primaryimage"},"thumbnailUrl":"https:\/\/teterete.com\/mx\/wp-content\/uploads\/2021\/12\/cojines-chiapanecos.jpg","datePublished":"2021-12-05T15:58:11+00:00","dateModified":"2026-01-04T19:23:19+00:00","breadcrumb":{"@id":"https:\/\/teterete.com\/mx\/producto\/par-de-cojines-chamula-gris-con-pompones\/#breadcrumb"},"inLanguage":"es","potentialAction":[{"@type":"ReadAction","target":["https:\/\/teterete.com\/mx\/producto\/par-de-cojines-chamula-gris-con-pompones\/"]}]},{"@type":"ImageObject","inLanguage":"es","@id":"https:\/\/teterete.com\/mx\/producto\/par-de-cojines-chamula-gris-con-pompones\/#primaryimage","url":"https:\/\/teterete.com\/mx\/wp-content\/uploads\/2021\/12\/cojines-chiapanecos.jpg","contentUrl":"https:\/\/teterete.com\/mx\/wp-content\/uploads\/2021\/12\/cojines-chiapanecos.jpg","width":"800","height":"800","caption":"Cojines Chiapanecos"},{"@type":"BreadcrumbList","@id":"https:\/\/teterete.com\/mx\/producto\/par-de-cojines-chamula-gris-con-pompones\/#breadcrumb","itemListElement":[{"@type":"ListItem","position":1,"name":"Home","item":"https:\/\/teterete.com\/mx\/"},{"@type":"ListItem","position":2,"name":"Productos","item":"https:\/\/teterete.com\/mx\/shop\/"},{"@type":"ListItem","position":3,"name":"Par de Cojines en Gris con Pompones"}]},{"@type":"WebSite","@id":"https:\/\/teterete.com\/mx\/#website","url":"https:\/\/teterete.com\/mx\/","name":"","description":"Tienda en L\u00ednea de Fina Artesanias y Dise\u00f1o Mexicano. Bellas piezas elaboradas a mano por los mejores artesanos del pa\u00eds as\u00ed como piezas de dise\u00f1o y decoraci\u00f3n con inspiraci\u00f3n artesanal.","potentialAction":[{"@type":"SearchAction","target":{"@type":"EntryPoint","urlTemplate":"https:\/\/teterete.com\/mx\/?s={search_term_string}"},"query-input":{"@type":"PropertyValueSpecification","valueRequired":true,"valueName":"search_term_string"}}],"inLanguage":"es"}]}},"_links":{"self":[{"href":"https:\/\/teterete.com\/mx\/wp-json\/wp\/v2\/product\/10116"}],"collection":[{"href":"https:\/\/teterete.com\/mx\/wp-json\/wp\/v2\/product"}],"about":[{"href":"https:\/\/teterete.com\/mx\/wp-json\/wp\/v2\/types\/product"}],"replies":[{"embeddable":true,"href":"https:\/\/teterete.com\/mx\/wp-json\/wp\/v2\/comments?post=10116"}],"wp:featuredmedia":[{"embeddable":true,"href":"https:\/\/teterete.com\/mx\/wp-json\/wp\/v2\/media\/10270"}],"wp:attachment":[{"href":"https:\/\/teterete.com\/mx\/wp-json\/wp\/v2\/media?parent=10116"}],"wp:term":[{"taxonomy":"product_cat","embeddable":true,"href":"https:\/\/teterete.com\/mx\/wp-json\/wp\/v2\/product_cat?post=10116"},{"taxonomy":"product_tag","embeddable":true,"href":"https:\/\/teterete.com\/mx\/wp-json\/wp\/v2\/product_tag?post=10116"}],"curies":[{"name":"wp","href":"https:\/\/api.w.org\/{rel}","templated":true}]}}