{"id":10288,"date":"2022-02-22T17:54:22","date_gmt":"2022-02-22T17:54:22","guid":{"rendered":"https:\/\/teterete.com\/mx\/?post_type=product&#038;p=10288"},"modified":"2024-08-29T00:03:50","modified_gmt":"2024-08-29T00:03:50","slug":"lienzo-maya-atardecer","status":"publish","type":"product","link":"https:\/\/teterete.com\/mx\/producto\/lienzo-maya-atardecer\/","title":{"rendered":"Lienzo Maya Atardecer"},"content":{"rendered":"<p>Material: Hilo de algod\u00f3n Color: Blanco\/Mostaza\/Azul Medidas: Alto: 200 cm, largo: 150 cm T\u00e9cnica: Telar maya Laureles\/ Quetzal, Campeche.<\/p>\n<p>**No incluye marco<\/p>\n","protected":false},"excerpt":{"rendered":"<p>Es una pieza de colecci\u00f3n \u00fanica, que utiliza una t\u00e9cnica propia de la Pen\u00ednsula de Yucat\u00e1n, para crear un lienzo decorativo que trae a la vida contempor\u00e1nea materiales y t\u00e9cnicas ancestrales.<\/p>\n","protected":false},"featured_media":10289,"comment_status":"open","ping_status":"closed","template":"","meta":{"sfsi_plus_gutenberg_text_before_share":"","sfsi_plus_gutenberg_show_text_before_share":"","sfsi_plus_gutenberg_icon_type":"","sfsi_plus_gutenberg_icon_alignemt":"","sfsi_plus_gutenburg_max_per_row":""},"product_cat":[1515,2166,341,350],"product_tag":[232,1126,2232,2233,223],"acf":[],"yoast_head":"<!-- This site is optimized with the Yoast SEO plugin v23.5 - https:\/\/yoast.com\/wordpress\/plugins\/seo\/ -->\n<title>Lienzo Maya Atardecer -<\/title>\n<meta name=\"robots\" content=\"index, follow, max-snippet:-1, max-image-preview:large, max-video-preview:-1\" \/>\n<link rel=\"canonical\" href=\"https:\/\/teterete.com\/mx\/producto\/lienzo-maya-atardecer\/\" \/>\n<meta property=\"og:locale\" content=\"es_ES\" \/>\n<meta property=\"og:type\" content=\"article\" \/>\n<meta property=\"og:title\" content=\"Lienzo Maya Atardecer -\" \/>\n<meta property=\"og:description\" content=\"Es una pieza de colecci\u00f3n \u00fanica, que utiliza una t\u00e9cnica propia de la Pen\u00ednsula de Yucat\u00e1n, para crear un lienzo decorativo que trae a la vida contempor\u00e1nea materiales y t\u00e9cnicas ancestrales.\" \/>\n<meta property=\"og:url\" content=\"https:\/\/teterete.com\/mx\/producto\/lienzo-maya-atardecer\/\" \/>\n<meta property=\"article:publisher\" content=\"https:\/\/www.facebook.com\/TetereteHome\/\" \/>\n<meta property=\"article:modified_time\" content=\"2024-08-29T00:03:50+00:00\" \/>\n<meta property=\"og:image\" content=\"https:\/\/teterete.com\/mx\/wp-content\/uploads\/2022\/02\/lienzo-maya.jpeg\" \/>\n\t<meta property=\"og:image:width\" content=\"423\" \/>\n\t<meta property=\"og:image:height\" content=\"423\" \/>\n\t<meta property=\"og:image:type\" content=\"image\/jpeg\" \/>\n<meta name=\"twitter:card\" content=\"summary_large_image\" \/>\n<meta name=\"twitter:site\" content=\"@Teterete_Home\" \/>\n<script type=\"application\/ld+json\" class=\"yoast-schema-graph\">{\"@context\":\"https:\/\/schema.org\",\"@graph\":[{\"@type\":\"WebPage\",\"@id\":\"https:\/\/teterete.com\/mx\/producto\/lienzo-maya-atardecer\/\",\"url\":\"https:\/\/teterete.com\/mx\/producto\/lienzo-maya-atardecer\/\",\"name\":\"Lienzo Maya Atardecer -\",\"isPartOf\":{\"@id\":\"https:\/\/teterete.com\/mx\/#website\"},\"primaryImageOfPage\":{\"@id\":\"https:\/\/teterete.com\/mx\/producto\/lienzo-maya-atardecer\/#primaryimage\"},\"image\":{\"@id\":\"https:\/\/teterete.com\/mx\/producto\/lienzo-maya-atardecer\/#primaryimage\"},\"thumbnailUrl\":\"https:\/\/teterete.com\/mx\/wp-content\/uploads\/2022\/02\/lienzo-maya.jpeg\",\"datePublished\":\"2022-02-22T17:54:22+00:00\",\"dateModified\":\"2024-08-29T00:03:50+00:00\",\"breadcrumb\":{\"@id\":\"https:\/\/teterete.com\/mx\/producto\/lienzo-maya-atardecer\/#breadcrumb\"},\"inLanguage\":\"es\",\"potentialAction\":[{\"@type\":\"ReadAction\",\"target\":[\"https:\/\/teterete.com\/mx\/producto\/lienzo-maya-atardecer\/\"]}]},{\"@type\":\"ImageObject\",\"inLanguage\":\"es\",\"@id\":\"https:\/\/teterete.com\/mx\/producto\/lienzo-maya-atardecer\/#primaryimage\",\"url\":\"https:\/\/teterete.com\/mx\/wp-content\/uploads\/2022\/02\/lienzo-maya.jpeg\",\"contentUrl\":\"https:\/\/teterete.com\/mx\/wp-content\/uploads\/2022\/02\/lienzo-maya.jpeg\",\"width\":\"423\",\"height\":\"423\",\"caption\":\"Lienzo Maya\"},{\"@type\":\"BreadcrumbList\",\"@id\":\"https:\/\/teterete.com\/mx\/producto\/lienzo-maya-atardecer\/#breadcrumb\",\"itemListElement\":[{\"@type\":\"ListItem\",\"position\":1,\"name\":\"Home\",\"item\":\"https:\/\/teterete.com\/mx\/\"},{\"@type\":\"ListItem\",\"position\":2,\"name\":\"Productos\",\"item\":\"https:\/\/teterete.com\/mx\/shop\/\"},{\"@type\":\"ListItem\",\"position\":3,\"name\":\"Lienzo Maya Atardecer\"}]},{\"@type\":\"WebSite\",\"@id\":\"https:\/\/teterete.com\/mx\/#website\",\"url\":\"https:\/\/teterete.com\/mx\/\",\"name\":\"\",\"description\":\"Tienda en L\u00ednea de Fina Artesanias y Dise\u00f1o Mexicano. Bellas piezas elaboradas a mano por los mejores artesanos del pa\u00eds as\u00ed como piezas de dise\u00f1o y decoraci\u00f3n con inspiraci\u00f3n artesanal.\",\"potentialAction\":[{\"@type\":\"SearchAction\",\"target\":{\"@type\":\"EntryPoint\",\"urlTemplate\":\"https:\/\/teterete.com\/mx\/?s={search_term_string}\"},\"query-input\":{\"@type\":\"PropertyValueSpecification\",\"valueRequired\":true,\"valueName\":\"search_term_string\"}}],\"inLanguage\":\"es\"}]}<\/script>\n<!-- \/ Yoast SEO plugin. -->","yoast_head_json":{"title":"Lienzo Maya Atardecer -","robots":{"index":"index","follow":"follow","max-snippet":"max-snippet:-1","max-image-preview":"max-image-preview:large","max-video-preview":"max-video-preview:-1"},"canonical":"https:\/\/teterete.com\/mx\/producto\/lienzo-maya-atardecer\/","og_locale":"es_ES","og_type":"article","og_title":"Lienzo Maya Atardecer -","og_description":"Es una pieza de colecci\u00f3n \u00fanica, que utiliza una t\u00e9cnica propia de la Pen\u00ednsula de Yucat\u00e1n, para crear un lienzo decorativo que trae a la vida contempor\u00e1nea materiales y t\u00e9cnicas ancestrales.","og_url":"https:\/\/teterete.com\/mx\/producto\/lienzo-maya-atardecer\/","article_publisher":"https:\/\/www.facebook.com\/TetereteHome\/","article_modified_time":"2024-08-29T00:03:50+00:00","og_image":[{"width":423,"height":423,"url":"https:\/\/teterete.com\/mx\/wp-content\/uploads\/2022\/02\/lienzo-maya.jpeg","type":"image\/jpeg"}],"twitter_card":"summary_large_image","twitter_site":"@Teterete_Home","schema":{"@context":"https:\/\/schema.org","@graph":[{"@type":"WebPage","@id":"https:\/\/teterete.com\/mx\/producto\/lienzo-maya-atardecer\/","url":"https:\/\/teterete.com\/mx\/producto\/lienzo-maya-atardecer\/","name":"Lienzo Maya Atardecer -","isPartOf":{"@id":"https:\/\/teterete.com\/mx\/#website"},"primaryImageOfPage":{"@id":"https:\/\/teterete.com\/mx\/producto\/lienzo-maya-atardecer\/#primaryimage"},"image":{"@id":"https:\/\/teterete.com\/mx\/producto\/lienzo-maya-atardecer\/#primaryimage"},"thumbnailUrl":"https:\/\/teterete.com\/mx\/wp-content\/uploads\/2022\/02\/lienzo-maya.jpeg","datePublished":"2022-02-22T17:54:22+00:00","dateModified":"2024-08-29T00:03:50+00:00","breadcrumb":{"@id":"https:\/\/teterete.com\/mx\/producto\/lienzo-maya-atardecer\/#breadcrumb"},"inLanguage":"es","potentialAction":[{"@type":"ReadAction","target":["https:\/\/teterete.com\/mx\/producto\/lienzo-maya-atardecer\/"]}]},{"@type":"ImageObject","inLanguage":"es","@id":"https:\/\/teterete.com\/mx\/producto\/lienzo-maya-atardecer\/#primaryimage","url":"https:\/\/teterete.com\/mx\/wp-content\/uploads\/2022\/02\/lienzo-maya.jpeg","contentUrl":"https:\/\/teterete.com\/mx\/wp-content\/uploads\/2022\/02\/lienzo-maya.jpeg","width":"423","height":"423","caption":"Lienzo Maya"},{"@type":"BreadcrumbList","@id":"https:\/\/teterete.com\/mx\/producto\/lienzo-maya-atardecer\/#breadcrumb","itemListElement":[{"@type":"ListItem","position":1,"name":"Home","item":"https:\/\/teterete.com\/mx\/"},{"@type":"ListItem","position":2,"name":"Productos","item":"https:\/\/teterete.com\/mx\/shop\/"},{"@type":"ListItem","position":3,"name":"Lienzo Maya Atardecer"}]},{"@type":"WebSite","@id":"https:\/\/teterete.com\/mx\/#website","url":"https:\/\/teterete.com\/mx\/","name":"","description":"Tienda en L\u00ednea de Fina Artesanias y Dise\u00f1o Mexicano. Bellas piezas elaboradas a mano por los mejores artesanos del pa\u00eds as\u00ed como piezas de dise\u00f1o y decoraci\u00f3n con inspiraci\u00f3n artesanal.","potentialAction":[{"@type":"SearchAction","target":{"@type":"EntryPoint","urlTemplate":"https:\/\/teterete.com\/mx\/?s={search_term_string}"},"query-input":{"@type":"PropertyValueSpecification","valueRequired":true,"valueName":"search_term_string"}}],"inLanguage":"es"}]}},"_links":{"self":[{"href":"https:\/\/teterete.com\/mx\/wp-json\/wp\/v2\/product\/10288"}],"collection":[{"href":"https:\/\/teterete.com\/mx\/wp-json\/wp\/v2\/product"}],"about":[{"href":"https:\/\/teterete.com\/mx\/wp-json\/wp\/v2\/types\/product"}],"replies":[{"embeddable":true,"href":"https:\/\/teterete.com\/mx\/wp-json\/wp\/v2\/comments?post=10288"}],"wp:featuredmedia":[{"embeddable":true,"href":"https:\/\/teterete.com\/mx\/wp-json\/wp\/v2\/media\/10289"}],"wp:attachment":[{"href":"https:\/\/teterete.com\/mx\/wp-json\/wp\/v2\/media?parent=10288"}],"wp:term":[{"taxonomy":"product_cat","embeddable":true,"href":"https:\/\/teterete.com\/mx\/wp-json\/wp\/v2\/product_cat?post=10288"},{"taxonomy":"product_tag","embeddable":true,"href":"https:\/\/teterete.com\/mx\/wp-json\/wp\/v2\/product_tag?post=10288"}],"curies":[{"name":"wp","href":"https:\/\/api.w.org\/{rel}","templated":true}]}}