{"id":10295,"date":"2022-02-22T18:14:20","date_gmt":"2022-02-22T18:14:20","guid":{"rendered":"https:\/\/teterete.com\/mx\/?post_type=product&#038;p=10295"},"modified":"2024-08-29T00:03:13","modified_gmt":"2024-08-29T00:03:13","slug":"panel-calakmul-rombos","status":"publish","type":"product","link":"https:\/\/teterete.com\/mx\/producto\/panel-calakmul-rombos\/","title":{"rendered":"Panel Calakmul Rombos"},"content":{"rendered":"<p>Material: Madera Color: Tonalidades de madera Medidas: 60 cm x 50 cm T\u00e9cnica: Talla de madera 20 de noviembre, Campeche.<\/p>\n","protected":false},"excerpt":{"rendered":"<p>Cada pieza de madera en esta obra fue recolectada del suelo de la selva por los artesanos de la regi\u00f3n, para despu\u00e9s ser secada durante meses, hasta que finalmente pudo ser tallada y colocada a mano.<\/p>\n","protected":false},"featured_media":10297,"comment_status":"open","ping_status":"closed","template":"","meta":{"sfsi_plus_gutenberg_text_before_share":"","sfsi_plus_gutenberg_show_text_before_share":"","sfsi_plus_gutenberg_icon_type":"","sfsi_plus_gutenberg_icon_alignemt":"","sfsi_plus_gutenburg_max_per_row":""},"product_cat":[1515,2166,341,682,350],"product_tag":[],"acf":[],"yoast_head":"<!-- This site is optimized with the Yoast SEO plugin v23.5 - https:\/\/yoast.com\/wordpress\/plugins\/seo\/ -->\n<title>Panel Calakmul Rombos -<\/title>\n<meta name=\"robots\" content=\"index, follow, max-snippet:-1, max-image-preview:large, max-video-preview:-1\" \/>\n<link rel=\"canonical\" href=\"https:\/\/teterete.com\/mx\/producto\/panel-calakmul-rombos\/\" \/>\n<meta property=\"og:locale\" content=\"es_ES\" \/>\n<meta property=\"og:type\" content=\"article\" \/>\n<meta property=\"og:title\" content=\"Panel Calakmul Rombos -\" \/>\n<meta property=\"og:description\" content=\"Cada pieza de madera en esta obra fue recolectada del suelo de la selva por los artesanos de la regi\u00f3n, para despu\u00e9s ser secada durante meses, hasta que finalmente pudo ser tallada y colocada a mano.\" \/>\n<meta property=\"og:url\" content=\"https:\/\/teterete.com\/mx\/producto\/panel-calakmul-rombos\/\" \/>\n<meta property=\"article:publisher\" content=\"https:\/\/www.facebook.com\/TetereteHome\/\" \/>\n<meta property=\"article:modified_time\" content=\"2024-08-29T00:03:13+00:00\" \/>\n<meta property=\"og:image\" content=\"https:\/\/teterete.com\/mx\/wp-content\/uploads\/2022\/02\/PANEL-DECORATIVO-DE-MADERA.jpeg\" \/>\n\t<meta property=\"og:image:width\" content=\"423\" \/>\n\t<meta property=\"og:image:height\" content=\"423\" \/>\n\t<meta property=\"og:image:type\" content=\"image\/jpeg\" \/>\n<meta name=\"twitter:card\" content=\"summary_large_image\" \/>\n<meta name=\"twitter:site\" content=\"@Teterete_Home\" \/>\n<script type=\"application\/ld+json\" class=\"yoast-schema-graph\">{\"@context\":\"https:\/\/schema.org\",\"@graph\":[{\"@type\":\"WebPage\",\"@id\":\"https:\/\/teterete.com\/mx\/producto\/panel-calakmul-rombos\/\",\"url\":\"https:\/\/teterete.com\/mx\/producto\/panel-calakmul-rombos\/\",\"name\":\"Panel Calakmul Rombos -\",\"isPartOf\":{\"@id\":\"https:\/\/teterete.com\/mx\/#website\"},\"primaryImageOfPage\":{\"@id\":\"https:\/\/teterete.com\/mx\/producto\/panel-calakmul-rombos\/#primaryimage\"},\"image\":{\"@id\":\"https:\/\/teterete.com\/mx\/producto\/panel-calakmul-rombos\/#primaryimage\"},\"thumbnailUrl\":\"https:\/\/teterete.com\/mx\/wp-content\/uploads\/2022\/02\/PANEL-DECORATIVO-DE-MADERA.jpeg\",\"datePublished\":\"2022-02-22T18:14:20+00:00\",\"dateModified\":\"2024-08-29T00:03:13+00:00\",\"breadcrumb\":{\"@id\":\"https:\/\/teterete.com\/mx\/producto\/panel-calakmul-rombos\/#breadcrumb\"},\"inLanguage\":\"es\",\"potentialAction\":[{\"@type\":\"ReadAction\",\"target\":[\"https:\/\/teterete.com\/mx\/producto\/panel-calakmul-rombos\/\"]}]},{\"@type\":\"ImageObject\",\"inLanguage\":\"es\",\"@id\":\"https:\/\/teterete.com\/mx\/producto\/panel-calakmul-rombos\/#primaryimage\",\"url\":\"https:\/\/teterete.com\/mx\/wp-content\/uploads\/2022\/02\/PANEL-DECORATIVO-DE-MADERA.jpeg\",\"contentUrl\":\"https:\/\/teterete.com\/mx\/wp-content\/uploads\/2022\/02\/PANEL-DECORATIVO-DE-MADERA.jpeg\",\"width\":\"423\",\"height\":\"423\",\"caption\":\"Panel Decorativo de Madera\"},{\"@type\":\"BreadcrumbList\",\"@id\":\"https:\/\/teterete.com\/mx\/producto\/panel-calakmul-rombos\/#breadcrumb\",\"itemListElement\":[{\"@type\":\"ListItem\",\"position\":1,\"name\":\"Home\",\"item\":\"https:\/\/teterete.com\/mx\/\"},{\"@type\":\"ListItem\",\"position\":2,\"name\":\"Productos\",\"item\":\"https:\/\/teterete.com\/mx\/shop\/\"},{\"@type\":\"ListItem\",\"position\":3,\"name\":\"Panel Calakmul Rombos\"}]},{\"@type\":\"WebSite\",\"@id\":\"https:\/\/teterete.com\/mx\/#website\",\"url\":\"https:\/\/teterete.com\/mx\/\",\"name\":\"\",\"description\":\"Tienda en L\u00ednea de Fina Artesanias y Dise\u00f1o Mexicano. Bellas piezas elaboradas a mano por los mejores artesanos del pa\u00eds as\u00ed como piezas de dise\u00f1o y decoraci\u00f3n con inspiraci\u00f3n artesanal.\",\"potentialAction\":[{\"@type\":\"SearchAction\",\"target\":{\"@type\":\"EntryPoint\",\"urlTemplate\":\"https:\/\/teterete.com\/mx\/?s={search_term_string}\"},\"query-input\":{\"@type\":\"PropertyValueSpecification\",\"valueRequired\":true,\"valueName\":\"search_term_string\"}}],\"inLanguage\":\"es\"}]}<\/script>\n<!-- \/ Yoast SEO plugin. -->","yoast_head_json":{"title":"Panel Calakmul Rombos -","robots":{"index":"index","follow":"follow","max-snippet":"max-snippet:-1","max-image-preview":"max-image-preview:large","max-video-preview":"max-video-preview:-1"},"canonical":"https:\/\/teterete.com\/mx\/producto\/panel-calakmul-rombos\/","og_locale":"es_ES","og_type":"article","og_title":"Panel Calakmul Rombos -","og_description":"Cada pieza de madera en esta obra fue recolectada del suelo de la selva por los artesanos de la regi\u00f3n, para despu\u00e9s ser secada durante meses, hasta que finalmente pudo ser tallada y colocada a mano.","og_url":"https:\/\/teterete.com\/mx\/producto\/panel-calakmul-rombos\/","article_publisher":"https:\/\/www.facebook.com\/TetereteHome\/","article_modified_time":"2024-08-29T00:03:13+00:00","og_image":[{"width":423,"height":423,"url":"https:\/\/teterete.com\/mx\/wp-content\/uploads\/2022\/02\/PANEL-DECORATIVO-DE-MADERA.jpeg","type":"image\/jpeg"}],"twitter_card":"summary_large_image","twitter_site":"@Teterete_Home","schema":{"@context":"https:\/\/schema.org","@graph":[{"@type":"WebPage","@id":"https:\/\/teterete.com\/mx\/producto\/panel-calakmul-rombos\/","url":"https:\/\/teterete.com\/mx\/producto\/panel-calakmul-rombos\/","name":"Panel Calakmul Rombos -","isPartOf":{"@id":"https:\/\/teterete.com\/mx\/#website"},"primaryImageOfPage":{"@id":"https:\/\/teterete.com\/mx\/producto\/panel-calakmul-rombos\/#primaryimage"},"image":{"@id":"https:\/\/teterete.com\/mx\/producto\/panel-calakmul-rombos\/#primaryimage"},"thumbnailUrl":"https:\/\/teterete.com\/mx\/wp-content\/uploads\/2022\/02\/PANEL-DECORATIVO-DE-MADERA.jpeg","datePublished":"2022-02-22T18:14:20+00:00","dateModified":"2024-08-29T00:03:13+00:00","breadcrumb":{"@id":"https:\/\/teterete.com\/mx\/producto\/panel-calakmul-rombos\/#breadcrumb"},"inLanguage":"es","potentialAction":[{"@type":"ReadAction","target":["https:\/\/teterete.com\/mx\/producto\/panel-calakmul-rombos\/"]}]},{"@type":"ImageObject","inLanguage":"es","@id":"https:\/\/teterete.com\/mx\/producto\/panel-calakmul-rombos\/#primaryimage","url":"https:\/\/teterete.com\/mx\/wp-content\/uploads\/2022\/02\/PANEL-DECORATIVO-DE-MADERA.jpeg","contentUrl":"https:\/\/teterete.com\/mx\/wp-content\/uploads\/2022\/02\/PANEL-DECORATIVO-DE-MADERA.jpeg","width":"423","height":"423","caption":"Panel Decorativo de Madera"},{"@type":"BreadcrumbList","@id":"https:\/\/teterete.com\/mx\/producto\/panel-calakmul-rombos\/#breadcrumb","itemListElement":[{"@type":"ListItem","position":1,"name":"Home","item":"https:\/\/teterete.com\/mx\/"},{"@type":"ListItem","position":2,"name":"Productos","item":"https:\/\/teterete.com\/mx\/shop\/"},{"@type":"ListItem","position":3,"name":"Panel Calakmul Rombos"}]},{"@type":"WebSite","@id":"https:\/\/teterete.com\/mx\/#website","url":"https:\/\/teterete.com\/mx\/","name":"","description":"Tienda en L\u00ednea de Fina Artesanias y Dise\u00f1o Mexicano. Bellas piezas elaboradas a mano por los mejores artesanos del pa\u00eds as\u00ed como piezas de dise\u00f1o y decoraci\u00f3n con inspiraci\u00f3n artesanal.","potentialAction":[{"@type":"SearchAction","target":{"@type":"EntryPoint","urlTemplate":"https:\/\/teterete.com\/mx\/?s={search_term_string}"},"query-input":{"@type":"PropertyValueSpecification","valueRequired":true,"valueName":"search_term_string"}}],"inLanguage":"es"}]}},"_links":{"self":[{"href":"https:\/\/teterete.com\/mx\/wp-json\/wp\/v2\/product\/10295"}],"collection":[{"href":"https:\/\/teterete.com\/mx\/wp-json\/wp\/v2\/product"}],"about":[{"href":"https:\/\/teterete.com\/mx\/wp-json\/wp\/v2\/types\/product"}],"replies":[{"embeddable":true,"href":"https:\/\/teterete.com\/mx\/wp-json\/wp\/v2\/comments?post=10295"}],"wp:featuredmedia":[{"embeddable":true,"href":"https:\/\/teterete.com\/mx\/wp-json\/wp\/v2\/media\/10297"}],"wp:attachment":[{"href":"https:\/\/teterete.com\/mx\/wp-json\/wp\/v2\/media?parent=10295"}],"wp:term":[{"taxonomy":"product_cat","embeddable":true,"href":"https:\/\/teterete.com\/mx\/wp-json\/wp\/v2\/product_cat?post=10295"},{"taxonomy":"product_tag","embeddable":true,"href":"https:\/\/teterete.com\/mx\/wp-json\/wp\/v2\/product_tag?post=10295"}],"curies":[{"name":"wp","href":"https:\/\/api.w.org\/{rel}","templated":true}]}}