{"id":10310,"date":"2022-02-22T18:49:00","date_gmt":"2022-02-22T18:49:00","guid":{"rendered":"https:\/\/teterete.com\/mx\/?post_type=product&#038;p=10310"},"modified":"2024-08-29T00:02:05","modified_gmt":"2024-08-29T00:02:05","slug":"telar-decorativo-plumas","status":"publish","type":"product","link":"https:\/\/teterete.com\/mx\/producto\/telar-decorativo-plumas\/","title":{"rendered":"Telar Decorativo Plumas"},"content":{"rendered":"<p>Material: 100% algod\u00f3n y plumas de gallina Color: Beige\/crudo\/caf\u2002\/gris Medidas: Largo: 80 cm, ancho: 50 cm T\u00e9cnica: Telar de cintura y brocado. Zinacant\u00e1n, Chiapas<\/p>\n","protected":false},"excerpt":{"rendered":"<p>Telar de cintura decorativo con brocado en forma de rombo y plumas entretejidas en la trama. Las plumas se usan en los trajes ceremoniales usados en bodas y eventos especiales.<\/p>\n","protected":false},"featured_media":10312,"comment_status":"open","ping_status":"closed","template":"","meta":{"sfsi_plus_gutenberg_text_before_share":"","sfsi_plus_gutenberg_show_text_before_share":"","sfsi_plus_gutenberg_icon_type":"","sfsi_plus_gutenberg_icon_alignemt":"","sfsi_plus_gutenburg_max_per_row":""},"product_cat":[1515,2166,341,682,350],"product_tag":[232,2241,2240,1367],"acf":[],"yoast_head":"<!-- This site is optimized with the Yoast SEO plugin v23.5 - https:\/\/yoast.com\/wordpress\/plugins\/seo\/ -->\n<title>Telar Decorativo Plumas -<\/title>\n<meta name=\"robots\" content=\"index, follow, max-snippet:-1, max-image-preview:large, max-video-preview:-1\" \/>\n<link rel=\"canonical\" href=\"https:\/\/teterete.com\/mx\/producto\/telar-decorativo-plumas\/\" \/>\n<meta property=\"og:locale\" content=\"es_ES\" \/>\n<meta property=\"og:type\" content=\"article\" \/>\n<meta property=\"og:title\" content=\"Telar Decorativo Plumas -\" \/>\n<meta property=\"og:description\" content=\"Telar de cintura decorativo con brocado en forma de rombo y plumas entretejidas en la trama. Las plumas se usan en los trajes ceremoniales usados en bodas y eventos especiales.\" \/>\n<meta property=\"og:url\" content=\"https:\/\/teterete.com\/mx\/producto\/telar-decorativo-plumas\/\" \/>\n<meta property=\"article:publisher\" content=\"https:\/\/www.facebook.com\/TetereteHome\/\" \/>\n<meta property=\"article:modified_time\" content=\"2024-08-29T00:02:05+00:00\" \/>\n<meta property=\"og:image\" content=\"https:\/\/teterete.com\/mx\/wp-content\/uploads\/2022\/02\/telar-de-plumas.jpeg\" \/>\n\t<meta property=\"og:image:width\" content=\"419\" \/>\n\t<meta property=\"og:image:height\" content=\"419\" \/>\n\t<meta property=\"og:image:type\" content=\"image\/jpeg\" \/>\n<meta name=\"twitter:card\" content=\"summary_large_image\" \/>\n<meta name=\"twitter:site\" content=\"@Teterete_Home\" \/>\n<script type=\"application\/ld+json\" class=\"yoast-schema-graph\">{\"@context\":\"https:\/\/schema.org\",\"@graph\":[{\"@type\":\"WebPage\",\"@id\":\"https:\/\/teterete.com\/mx\/producto\/telar-decorativo-plumas\/\",\"url\":\"https:\/\/teterete.com\/mx\/producto\/telar-decorativo-plumas\/\",\"name\":\"Telar Decorativo Plumas -\",\"isPartOf\":{\"@id\":\"https:\/\/teterete.com\/mx\/#website\"},\"primaryImageOfPage\":{\"@id\":\"https:\/\/teterete.com\/mx\/producto\/telar-decorativo-plumas\/#primaryimage\"},\"image\":{\"@id\":\"https:\/\/teterete.com\/mx\/producto\/telar-decorativo-plumas\/#primaryimage\"},\"thumbnailUrl\":\"https:\/\/teterete.com\/mx\/wp-content\/uploads\/2022\/02\/telar-de-plumas.jpeg\",\"datePublished\":\"2022-02-22T18:49:00+00:00\",\"dateModified\":\"2024-08-29T00:02:05+00:00\",\"breadcrumb\":{\"@id\":\"https:\/\/teterete.com\/mx\/producto\/telar-decorativo-plumas\/#breadcrumb\"},\"inLanguage\":\"es\",\"potentialAction\":[{\"@type\":\"ReadAction\",\"target\":[\"https:\/\/teterete.com\/mx\/producto\/telar-decorativo-plumas\/\"]}]},{\"@type\":\"ImageObject\",\"inLanguage\":\"es\",\"@id\":\"https:\/\/teterete.com\/mx\/producto\/telar-decorativo-plumas\/#primaryimage\",\"url\":\"https:\/\/teterete.com\/mx\/wp-content\/uploads\/2022\/02\/telar-de-plumas.jpeg\",\"contentUrl\":\"https:\/\/teterete.com\/mx\/wp-content\/uploads\/2022\/02\/telar-de-plumas.jpeg\",\"width\":\"419\",\"height\":\"419\",\"caption\":\"Telar de Plumas\"},{\"@type\":\"BreadcrumbList\",\"@id\":\"https:\/\/teterete.com\/mx\/producto\/telar-decorativo-plumas\/#breadcrumb\",\"itemListElement\":[{\"@type\":\"ListItem\",\"position\":1,\"name\":\"Home\",\"item\":\"https:\/\/teterete.com\/mx\/\"},{\"@type\":\"ListItem\",\"position\":2,\"name\":\"Productos\",\"item\":\"https:\/\/teterete.com\/mx\/shop\/\"},{\"@type\":\"ListItem\",\"position\":3,\"name\":\"Telar Decorativo Plumas\"}]},{\"@type\":\"WebSite\",\"@id\":\"https:\/\/teterete.com\/mx\/#website\",\"url\":\"https:\/\/teterete.com\/mx\/\",\"name\":\"\",\"description\":\"Tienda en L\u00ednea de Fina Artesanias y Dise\u00f1o Mexicano. Bellas piezas elaboradas a mano por los mejores artesanos del pa\u00eds as\u00ed como piezas de dise\u00f1o y decoraci\u00f3n con inspiraci\u00f3n artesanal.\",\"potentialAction\":[{\"@type\":\"SearchAction\",\"target\":{\"@type\":\"EntryPoint\",\"urlTemplate\":\"https:\/\/teterete.com\/mx\/?s={search_term_string}\"},\"query-input\":{\"@type\":\"PropertyValueSpecification\",\"valueRequired\":true,\"valueName\":\"search_term_string\"}}],\"inLanguage\":\"es\"}]}<\/script>\n<!-- \/ Yoast SEO plugin. -->","yoast_head_json":{"title":"Telar Decorativo Plumas -","robots":{"index":"index","follow":"follow","max-snippet":"max-snippet:-1","max-image-preview":"max-image-preview:large","max-video-preview":"max-video-preview:-1"},"canonical":"https:\/\/teterete.com\/mx\/producto\/telar-decorativo-plumas\/","og_locale":"es_ES","og_type":"article","og_title":"Telar Decorativo Plumas -","og_description":"Telar de cintura decorativo con brocado en forma de rombo y plumas entretejidas en la trama. Las plumas se usan en los trajes ceremoniales usados en bodas y eventos especiales.","og_url":"https:\/\/teterete.com\/mx\/producto\/telar-decorativo-plumas\/","article_publisher":"https:\/\/www.facebook.com\/TetereteHome\/","article_modified_time":"2024-08-29T00:02:05+00:00","og_image":[{"width":419,"height":419,"url":"https:\/\/teterete.com\/mx\/wp-content\/uploads\/2022\/02\/telar-de-plumas.jpeg","type":"image\/jpeg"}],"twitter_card":"summary_large_image","twitter_site":"@Teterete_Home","schema":{"@context":"https:\/\/schema.org","@graph":[{"@type":"WebPage","@id":"https:\/\/teterete.com\/mx\/producto\/telar-decorativo-plumas\/","url":"https:\/\/teterete.com\/mx\/producto\/telar-decorativo-plumas\/","name":"Telar Decorativo Plumas -","isPartOf":{"@id":"https:\/\/teterete.com\/mx\/#website"},"primaryImageOfPage":{"@id":"https:\/\/teterete.com\/mx\/producto\/telar-decorativo-plumas\/#primaryimage"},"image":{"@id":"https:\/\/teterete.com\/mx\/producto\/telar-decorativo-plumas\/#primaryimage"},"thumbnailUrl":"https:\/\/teterete.com\/mx\/wp-content\/uploads\/2022\/02\/telar-de-plumas.jpeg","datePublished":"2022-02-22T18:49:00+00:00","dateModified":"2024-08-29T00:02:05+00:00","breadcrumb":{"@id":"https:\/\/teterete.com\/mx\/producto\/telar-decorativo-plumas\/#breadcrumb"},"inLanguage":"es","potentialAction":[{"@type":"ReadAction","target":["https:\/\/teterete.com\/mx\/producto\/telar-decorativo-plumas\/"]}]},{"@type":"ImageObject","inLanguage":"es","@id":"https:\/\/teterete.com\/mx\/producto\/telar-decorativo-plumas\/#primaryimage","url":"https:\/\/teterete.com\/mx\/wp-content\/uploads\/2022\/02\/telar-de-plumas.jpeg","contentUrl":"https:\/\/teterete.com\/mx\/wp-content\/uploads\/2022\/02\/telar-de-plumas.jpeg","width":"419","height":"419","caption":"Telar de Plumas"},{"@type":"BreadcrumbList","@id":"https:\/\/teterete.com\/mx\/producto\/telar-decorativo-plumas\/#breadcrumb","itemListElement":[{"@type":"ListItem","position":1,"name":"Home","item":"https:\/\/teterete.com\/mx\/"},{"@type":"ListItem","position":2,"name":"Productos","item":"https:\/\/teterete.com\/mx\/shop\/"},{"@type":"ListItem","position":3,"name":"Telar Decorativo Plumas"}]},{"@type":"WebSite","@id":"https:\/\/teterete.com\/mx\/#website","url":"https:\/\/teterete.com\/mx\/","name":"","description":"Tienda en L\u00ednea de Fina Artesanias y Dise\u00f1o Mexicano. Bellas piezas elaboradas a mano por los mejores artesanos del pa\u00eds as\u00ed como piezas de dise\u00f1o y decoraci\u00f3n con inspiraci\u00f3n artesanal.","potentialAction":[{"@type":"SearchAction","target":{"@type":"EntryPoint","urlTemplate":"https:\/\/teterete.com\/mx\/?s={search_term_string}"},"query-input":{"@type":"PropertyValueSpecification","valueRequired":true,"valueName":"search_term_string"}}],"inLanguage":"es"}]}},"_links":{"self":[{"href":"https:\/\/teterete.com\/mx\/wp-json\/wp\/v2\/product\/10310"}],"collection":[{"href":"https:\/\/teterete.com\/mx\/wp-json\/wp\/v2\/product"}],"about":[{"href":"https:\/\/teterete.com\/mx\/wp-json\/wp\/v2\/types\/product"}],"replies":[{"embeddable":true,"href":"https:\/\/teterete.com\/mx\/wp-json\/wp\/v2\/comments?post=10310"}],"wp:featuredmedia":[{"embeddable":true,"href":"https:\/\/teterete.com\/mx\/wp-json\/wp\/v2\/media\/10312"}],"wp:attachment":[{"href":"https:\/\/teterete.com\/mx\/wp-json\/wp\/v2\/media?parent=10310"}],"wp:term":[{"taxonomy":"product_cat","embeddable":true,"href":"https:\/\/teterete.com\/mx\/wp-json\/wp\/v2\/product_cat?post=10310"},{"taxonomy":"product_tag","embeddable":true,"href":"https:\/\/teterete.com\/mx\/wp-json\/wp\/v2\/product_tag?post=10310"}],"curies":[{"name":"wp","href":"https:\/\/api.w.org\/{rel}","templated":true}]}}