{"id":10332,"date":"2025-06-16T16:31:45","date_gmt":"2025-06-16T16:31:45","guid":{"rendered":"https:\/\/teterete.com\/mx\/?post_type=product&#038;p=10332"},"modified":"2025-06-16T16:31:46","modified_gmt":"2025-06-16T16:31:46","slug":"contenedor-cantera","status":"publish","type":"product","link":"https:\/\/teterete.com\/mx\/producto\/contenedor-cantera\/","title":{"rendered":"Contenedor Cantera"},"content":{"rendered":"<p>3 Medidas (chico, mediano y alto)<\/p>\n<p>Material: Crema Maya<\/p>\n<p>Labrado a mano<\/p>\n","protected":false},"excerpt":{"rendered":"<p>L\u00ednea especial de piezas decorativas y funcionales labradas a mano en piedra crema maya que resalta la versatilidad, elegancia y perfecci\u00f3n de este material recuperado de la naturaleza.<\/p>\n","protected":false},"featured_media":10338,"comment_status":"open","ping_status":"closed","template":"","meta":{"_acf_changed":false,"sfsi_plus_gutenberg_text_before_share":"","sfsi_plus_gutenberg_show_text_before_share":"","sfsi_plus_gutenberg_icon_type":"","sfsi_plus_gutenberg_icon_alignemt":"","sfsi_plus_gutenburg_max_per_row":""},"product_brand":[],"product_cat":[15,1584,2577,346,1434,682],"product_tag":[2246,1003,1220,2245,2247],"class_list":{"0":"post-10332","1":"product","2":"type-product","3":"status-publish","4":"has-post-thumbnail","6":"product_cat-ceramica","7":"product_cat-mesa-mexicana","8":"product_cat-coleccion-monocromatico","9":"product_cat-servicio-de-mesa","10":"product_cat-taller_maya","11":"product_cat-terraza","12":"product_tag-decoracion-para-mesa","13":"product_tag-diseno-artesanal","14":"product_tag-florero","15":"product_tag-florero-de-cantera","16":"product_tag-piezas-artesanales-de-piedra","17":"product_shipping_class-standard","19":"first","20":"instock","21":"taxable","22":"shipping-taxable","23":"purchasable","24":"product-type-variable"},"acf":[],"yoast_head":"<!-- This site is optimized with the Yoast SEO plugin v27.5 - https:\/\/yoast.com\/product\/yoast-seo-wordpress\/ -->\n<title>Contenedor Cantera -<\/title>\n<meta name=\"robots\" content=\"index, follow, max-snippet:-1, max-image-preview:large, max-video-preview:-1\" \/>\n<link rel=\"canonical\" href=\"https:\/\/teterete.com\/mx\/producto\/contenedor-cantera\/\" \/>\n<meta property=\"og:locale\" content=\"es_ES\" \/>\n<meta property=\"og:type\" content=\"article\" \/>\n<meta property=\"og:title\" content=\"Contenedor Cantera -\" \/>\n<meta property=\"og:description\" content=\"L\u00ednea especial de piezas decorativas y funcionales labradas a mano en piedra crema maya que resalta la versatilidad, elegancia y perfecci\u00f3n de este material recuperado de la naturaleza.\" \/>\n<meta property=\"og:url\" content=\"https:\/\/teterete.com\/mx\/producto\/contenedor-cantera\/\" \/>\n<meta property=\"article:publisher\" content=\"https:\/\/www.facebook.com\/TetereteHome\/\" \/>\n<meta property=\"article:modified_time\" content=\"2025-06-16T16:31:46+00:00\" \/>\n<meta property=\"og:image\" content=\"https:\/\/teterete.com\/mx\/wp-content\/uploads\/2022\/02\/contenedor-grande.jpg\" \/>\n\t<meta property=\"og:image:width\" content=\"1280\" \/>\n\t<meta property=\"og:image:height\" content=\"1280\" \/>\n\t<meta property=\"og:image:type\" content=\"image\/jpeg\" \/>\n<meta name=\"twitter:card\" content=\"summary_large_image\" \/>\n<meta name=\"twitter:site\" content=\"@Teterete_Home\" \/>\n<script type=\"application\/ld+json\" class=\"yoast-schema-graph\">{\"@context\":\"https:\\\/\\\/schema.org\",\"@graph\":[{\"@type\":\"WebPage\",\"@id\":\"https:\\\/\\\/teterete.com\\\/mx\\\/producto\\\/contenedor-cantera\\\/\",\"url\":\"https:\\\/\\\/teterete.com\\\/mx\\\/producto\\\/contenedor-cantera\\\/\",\"name\":\"Contenedor Cantera -\",\"isPartOf\":{\"@id\":\"https:\\\/\\\/teterete.com\\\/mx\\\/#website\"},\"primaryImageOfPage\":{\"@id\":\"https:\\\/\\\/teterete.com\\\/mx\\\/producto\\\/contenedor-cantera\\\/#primaryimage\"},\"image\":{\"@id\":\"https:\\\/\\\/teterete.com\\\/mx\\\/producto\\\/contenedor-cantera\\\/#primaryimage\"},\"thumbnailUrl\":\"https:\\\/\\\/teterete.com\\\/mx\\\/wp-content\\\/uploads\\\/2022\\\/02\\\/contenedor-grande.jpg\",\"datePublished\":\"2025-06-16T16:31:45+00:00\",\"dateModified\":\"2025-06-16T16:31:46+00:00\",\"breadcrumb\":{\"@id\":\"https:\\\/\\\/teterete.com\\\/mx\\\/producto\\\/contenedor-cantera\\\/#breadcrumb\"},\"inLanguage\":\"es\",\"potentialAction\":[{\"@type\":\"ReadAction\",\"target\":[\"https:\\\/\\\/teterete.com\\\/mx\\\/producto\\\/contenedor-cantera\\\/\"]}]},{\"@type\":\"ImageObject\",\"inLanguage\":\"es\",\"@id\":\"https:\\\/\\\/teterete.com\\\/mx\\\/producto\\\/contenedor-cantera\\\/#primaryimage\",\"url\":\"https:\\\/\\\/teterete.com\\\/mx\\\/wp-content\\\/uploads\\\/2022\\\/02\\\/contenedor-grande.jpg\",\"contentUrl\":\"https:\\\/\\\/teterete.com\\\/mx\\\/wp-content\\\/uploads\\\/2022\\\/02\\\/contenedor-grande.jpg\",\"width\":\"1280\",\"height\":\"1280\",\"caption\":\"Contenedor Grande\"},{\"@type\":\"BreadcrumbList\",\"@id\":\"https:\\\/\\\/teterete.com\\\/mx\\\/producto\\\/contenedor-cantera\\\/#breadcrumb\",\"itemListElement\":[{\"@type\":\"ListItem\",\"position\":1,\"name\":\"Home\",\"item\":\"https:\\\/\\\/teterete.com\\\/mx\\\/\"},{\"@type\":\"ListItem\",\"position\":2,\"name\":\"Productos\",\"item\":\"https:\\\/\\\/teterete.com\\\/mx\\\/shop\\\/\"},{\"@type\":\"ListItem\",\"position\":3,\"name\":\"Contenedor Cantera\"}]},{\"@type\":\"WebSite\",\"@id\":\"https:\\\/\\\/teterete.com\\\/mx\\\/#website\",\"url\":\"https:\\\/\\\/teterete.com\\\/mx\\\/\",\"name\":\"\",\"description\":\"Tienda en L\u00ednea de Fina Artesanias y Dise\u00f1o Mexicano. Bellas piezas elaboradas a mano por los mejores artesanos del pa\u00eds as\u00ed como piezas de dise\u00f1o y decoraci\u00f3n con inspiraci\u00f3n artesanal.\",\"potentialAction\":[{\"@type\":\"SearchAction\",\"target\":{\"@type\":\"EntryPoint\",\"urlTemplate\":\"https:\\\/\\\/teterete.com\\\/mx\\\/?s={search_term_string}\"},\"query-input\":{\"@type\":\"PropertyValueSpecification\",\"valueRequired\":true,\"valueName\":\"search_term_string\"}}],\"inLanguage\":\"es\"}]}<\/script>\n<!-- \/ Yoast SEO plugin. -->","yoast_head_json":{"title":"Contenedor Cantera -","robots":{"index":"index","follow":"follow","max-snippet":"max-snippet:-1","max-image-preview":"max-image-preview:large","max-video-preview":"max-video-preview:-1"},"canonical":"https:\/\/teterete.com\/mx\/producto\/contenedor-cantera\/","og_locale":"es_ES","og_type":"article","og_title":"Contenedor Cantera -","og_description":"L\u00ednea especial de piezas decorativas y funcionales labradas a mano en piedra crema maya que resalta la versatilidad, elegancia y perfecci\u00f3n de este material recuperado de la naturaleza.","og_url":"https:\/\/teterete.com\/mx\/producto\/contenedor-cantera\/","article_publisher":"https:\/\/www.facebook.com\/TetereteHome\/","article_modified_time":"2025-06-16T16:31:46+00:00","og_image":[{"width":1280,"height":1280,"url":"https:\/\/teterete.com\/mx\/wp-content\/uploads\/2022\/02\/contenedor-grande.jpg","type":"image\/jpeg"}],"twitter_card":"summary_large_image","twitter_site":"@Teterete_Home","schema":{"@context":"https:\/\/schema.org","@graph":[{"@type":"WebPage","@id":"https:\/\/teterete.com\/mx\/producto\/contenedor-cantera\/","url":"https:\/\/teterete.com\/mx\/producto\/contenedor-cantera\/","name":"Contenedor Cantera -","isPartOf":{"@id":"https:\/\/teterete.com\/mx\/#website"},"primaryImageOfPage":{"@id":"https:\/\/teterete.com\/mx\/producto\/contenedor-cantera\/#primaryimage"},"image":{"@id":"https:\/\/teterete.com\/mx\/producto\/contenedor-cantera\/#primaryimage"},"thumbnailUrl":"https:\/\/teterete.com\/mx\/wp-content\/uploads\/2022\/02\/contenedor-grande.jpg","datePublished":"2025-06-16T16:31:45+00:00","dateModified":"2025-06-16T16:31:46+00:00","breadcrumb":{"@id":"https:\/\/teterete.com\/mx\/producto\/contenedor-cantera\/#breadcrumb"},"inLanguage":"es","potentialAction":[{"@type":"ReadAction","target":["https:\/\/teterete.com\/mx\/producto\/contenedor-cantera\/"]}]},{"@type":"ImageObject","inLanguage":"es","@id":"https:\/\/teterete.com\/mx\/producto\/contenedor-cantera\/#primaryimage","url":"https:\/\/teterete.com\/mx\/wp-content\/uploads\/2022\/02\/contenedor-grande.jpg","contentUrl":"https:\/\/teterete.com\/mx\/wp-content\/uploads\/2022\/02\/contenedor-grande.jpg","width":"1280","height":"1280","caption":"Contenedor Grande"},{"@type":"BreadcrumbList","@id":"https:\/\/teterete.com\/mx\/producto\/contenedor-cantera\/#breadcrumb","itemListElement":[{"@type":"ListItem","position":1,"name":"Home","item":"https:\/\/teterete.com\/mx\/"},{"@type":"ListItem","position":2,"name":"Productos","item":"https:\/\/teterete.com\/mx\/shop\/"},{"@type":"ListItem","position":3,"name":"Contenedor Cantera"}]},{"@type":"WebSite","@id":"https:\/\/teterete.com\/mx\/#website","url":"https:\/\/teterete.com\/mx\/","name":"","description":"Tienda en L\u00ednea de Fina Artesanias y Dise\u00f1o Mexicano. Bellas piezas elaboradas a mano por los mejores artesanos del pa\u00eds as\u00ed como piezas de dise\u00f1o y decoraci\u00f3n con inspiraci\u00f3n artesanal.","potentialAction":[{"@type":"SearchAction","target":{"@type":"EntryPoint","urlTemplate":"https:\/\/teterete.com\/mx\/?s={search_term_string}"},"query-input":{"@type":"PropertyValueSpecification","valueRequired":true,"valueName":"search_term_string"}}],"inLanguage":"es"}]}},"_links":{"self":[{"href":"https:\/\/teterete.com\/mx\/wp-json\/wp\/v2\/product\/10332","targetHints":{"allow":["GET"]}}],"collection":[{"href":"https:\/\/teterete.com\/mx\/wp-json\/wp\/v2\/product"}],"about":[{"href":"https:\/\/teterete.com\/mx\/wp-json\/wp\/v2\/types\/product"}],"replies":[{"embeddable":true,"href":"https:\/\/teterete.com\/mx\/wp-json\/wp\/v2\/comments?post=10332"}],"wp:featuredmedia":[{"embeddable":true,"href":"https:\/\/teterete.com\/mx\/wp-json\/wp\/v2\/media\/10338"}],"wp:attachment":[{"href":"https:\/\/teterete.com\/mx\/wp-json\/wp\/v2\/media?parent=10332"}],"wp:term":[{"taxonomy":"product_brand","embeddable":true,"href":"https:\/\/teterete.com\/mx\/wp-json\/wp\/v2\/product_brand?post=10332"},{"taxonomy":"product_cat","embeddable":true,"href":"https:\/\/teterete.com\/mx\/wp-json\/wp\/v2\/product_cat?post=10332"},{"taxonomy":"product_tag","embeddable":true,"href":"https:\/\/teterete.com\/mx\/wp-json\/wp\/v2\/product_tag?post=10332"}],"curies":[{"name":"wp","href":"https:\/\/api.w.org\/{rel}","templated":true}]}}