{"id":10353,"date":"2025-06-16T16:31:44","date_gmt":"2025-06-16T16:31:44","guid":{"rendered":"https:\/\/teterete.com\/mx\/?post_type=product&#038;p=10353"},"modified":"2025-06-16T16:31:45","modified_gmt":"2025-06-16T16:31:45","slug":"vaso-rio-artesanal","status":"publish","type":"product","link":"https:\/\/teterete.com\/mx\/producto\/vaso-rio-artesanal\/","title":{"rendered":"Vaso R\u00edo Artesanal"},"content":{"rendered":"<p>Material: Crema Maya<\/p>\n<p>Medida: 12 x 8 x 8<\/p>\n","protected":false},"excerpt":{"rendered":"<p>La l\u00ednea R\u00edo est\u00e1 conformada por elegantes piezas exclusivas fabricadas a mano en piedra crema maya para ambientar tu ba\u00f1o y crear tu spa en casa.<\/p>\n","protected":false},"featured_media":10354,"comment_status":"open","ping_status":"closed","template":"","meta":{"sfsi_plus_gutenberg_text_before_share":"","sfsi_plus_gutenberg_show_text_before_share":"","sfsi_plus_gutenberg_icon_type":"","sfsi_plus_gutenberg_icon_alignemt":"","sfsi_plus_gutenburg_max_per_row":""},"product_cat":[2577,1434,334,15],"product_tag":[2251,2252,2253,2254,2250],"acf":[],"yoast_head":"<!-- This site is optimized with the Yoast SEO plugin v23.5 - https:\/\/yoast.com\/wordpress\/plugins\/seo\/ -->\n<title>Vaso R\u00edo Artesanal -<\/title>\n<meta name=\"description\" content=\"Vaso de piedra para ba\u00f1o en crema de piedra Maya\" \/>\n<meta name=\"robots\" content=\"index, follow, max-snippet:-1, max-image-preview:large, max-video-preview:-1\" \/>\n<link rel=\"canonical\" href=\"https:\/\/teterete.com\/mx\/producto\/vaso-rio-artesanal\/\" \/>\n<meta property=\"og:locale\" content=\"es_ES\" \/>\n<meta property=\"og:type\" content=\"article\" \/>\n<meta property=\"og:title\" content=\"Vaso R\u00edo Artesanal -\" \/>\n<meta property=\"og:description\" content=\"Vaso de piedra para ba\u00f1o en crema de piedra Maya\" \/>\n<meta property=\"og:url\" content=\"https:\/\/teterete.com\/mx\/producto\/vaso-rio-artesanal\/\" \/>\n<meta property=\"article:publisher\" content=\"https:\/\/www.facebook.com\/TetereteHome\/\" \/>\n<meta property=\"article:modified_time\" content=\"2025-06-16T16:31:45+00:00\" \/>\n<meta property=\"og:image\" content=\"https:\/\/teterete.com\/mx\/wp-content\/uploads\/2022\/02\/vaso-para-ba\u00f1o.jpg\" \/>\n\t<meta property=\"og:image:width\" content=\"853\" \/>\n\t<meta property=\"og:image:height\" content=\"853\" \/>\n\t<meta property=\"og:image:type\" content=\"image\/jpeg\" \/>\n<meta name=\"twitter:card\" content=\"summary_large_image\" \/>\n<meta name=\"twitter:site\" content=\"@Teterete_Home\" \/>\n<meta name=\"twitter:label1\" content=\"Tiempo de lectura\" \/>\n\t<meta name=\"twitter:data1\" content=\"1 minuto\" \/>\n<script type=\"application\/ld+json\" class=\"yoast-schema-graph\">{\"@context\":\"https:\/\/schema.org\",\"@graph\":[{\"@type\":\"WebPage\",\"@id\":\"https:\/\/teterete.com\/mx\/producto\/vaso-rio-artesanal\/\",\"url\":\"https:\/\/teterete.com\/mx\/producto\/vaso-rio-artesanal\/\",\"name\":\"Vaso R\u00edo Artesanal -\",\"isPartOf\":{\"@id\":\"https:\/\/teterete.com\/mx\/#website\"},\"primaryImageOfPage\":{\"@id\":\"https:\/\/teterete.com\/mx\/producto\/vaso-rio-artesanal\/#primaryimage\"},\"image\":{\"@id\":\"https:\/\/teterete.com\/mx\/producto\/vaso-rio-artesanal\/#primaryimage\"},\"thumbnailUrl\":\"https:\/\/teterete.com\/mx\/wp-content\/uploads\/2022\/02\/vaso-para-ba\u00f1o.jpg\",\"datePublished\":\"2025-06-16T16:31:44+00:00\",\"dateModified\":\"2025-06-16T16:31:45+00:00\",\"description\":\"Vaso de piedra para ba\u00f1o en crema de piedra Maya\",\"breadcrumb\":{\"@id\":\"https:\/\/teterete.com\/mx\/producto\/vaso-rio-artesanal\/#breadcrumb\"},\"inLanguage\":\"es\",\"potentialAction\":[{\"@type\":\"ReadAction\",\"target\":[\"https:\/\/teterete.com\/mx\/producto\/vaso-rio-artesanal\/\"]}]},{\"@type\":\"ImageObject\",\"inLanguage\":\"es\",\"@id\":\"https:\/\/teterete.com\/mx\/producto\/vaso-rio-artesanal\/#primaryimage\",\"url\":\"https:\/\/teterete.com\/mx\/wp-content\/uploads\/2022\/02\/vaso-para-ba\u00f1o.jpg\",\"contentUrl\":\"https:\/\/teterete.com\/mx\/wp-content\/uploads\/2022\/02\/vaso-para-ba\u00f1o.jpg\",\"width\":\"853\",\"height\":\"853\",\"caption\":\"Vaso para Ba\u00f1o\"},{\"@type\":\"BreadcrumbList\",\"@id\":\"https:\/\/teterete.com\/mx\/producto\/vaso-rio-artesanal\/#breadcrumb\",\"itemListElement\":[{\"@type\":\"ListItem\",\"position\":1,\"name\":\"Home\",\"item\":\"https:\/\/teterete.com\/mx\/\"},{\"@type\":\"ListItem\",\"position\":2,\"name\":\"Productos\",\"item\":\"https:\/\/teterete.com\/mx\/shop\/\"},{\"@type\":\"ListItem\",\"position\":3,\"name\":\"Vaso R\u00edo Artesanal\"}]},{\"@type\":\"WebSite\",\"@id\":\"https:\/\/teterete.com\/mx\/#website\",\"url\":\"https:\/\/teterete.com\/mx\/\",\"name\":\"\",\"description\":\"Tienda en L\u00ednea de Fina Artesanias y Dise\u00f1o Mexicano. Bellas piezas elaboradas a mano por los mejores artesanos del pa\u00eds as\u00ed como piezas de dise\u00f1o y decoraci\u00f3n con inspiraci\u00f3n artesanal.\",\"potentialAction\":[{\"@type\":\"SearchAction\",\"target\":{\"@type\":\"EntryPoint\",\"urlTemplate\":\"https:\/\/teterete.com\/mx\/?s={search_term_string}\"},\"query-input\":{\"@type\":\"PropertyValueSpecification\",\"valueRequired\":true,\"valueName\":\"search_term_string\"}}],\"inLanguage\":\"es\"}]}<\/script>\n<!-- \/ Yoast SEO plugin. -->","yoast_head_json":{"title":"Vaso R\u00edo Artesanal -","description":"Vaso de piedra para ba\u00f1o en crema de piedra Maya","robots":{"index":"index","follow":"follow","max-snippet":"max-snippet:-1","max-image-preview":"max-image-preview:large","max-video-preview":"max-video-preview:-1"},"canonical":"https:\/\/teterete.com\/mx\/producto\/vaso-rio-artesanal\/","og_locale":"es_ES","og_type":"article","og_title":"Vaso R\u00edo Artesanal -","og_description":"Vaso de piedra para ba\u00f1o en crema de piedra Maya","og_url":"https:\/\/teterete.com\/mx\/producto\/vaso-rio-artesanal\/","article_publisher":"https:\/\/www.facebook.com\/TetereteHome\/","article_modified_time":"2025-06-16T16:31:45+00:00","og_image":[{"width":853,"height":853,"url":"https:\/\/teterete.com\/mx\/wp-content\/uploads\/2022\/02\/vaso-para-ba\u00f1o.jpg","type":"image\/jpeg"}],"twitter_card":"summary_large_image","twitter_site":"@Teterete_Home","twitter_misc":{"Tiempo de lectura":"1 minuto"},"schema":{"@context":"https:\/\/schema.org","@graph":[{"@type":"WebPage","@id":"https:\/\/teterete.com\/mx\/producto\/vaso-rio-artesanal\/","url":"https:\/\/teterete.com\/mx\/producto\/vaso-rio-artesanal\/","name":"Vaso R\u00edo Artesanal -","isPartOf":{"@id":"https:\/\/teterete.com\/mx\/#website"},"primaryImageOfPage":{"@id":"https:\/\/teterete.com\/mx\/producto\/vaso-rio-artesanal\/#primaryimage"},"image":{"@id":"https:\/\/teterete.com\/mx\/producto\/vaso-rio-artesanal\/#primaryimage"},"thumbnailUrl":"https:\/\/teterete.com\/mx\/wp-content\/uploads\/2022\/02\/vaso-para-ba\u00f1o.jpg","datePublished":"2025-06-16T16:31:44+00:00","dateModified":"2025-06-16T16:31:45+00:00","description":"Vaso de piedra para ba\u00f1o en crema de piedra Maya","breadcrumb":{"@id":"https:\/\/teterete.com\/mx\/producto\/vaso-rio-artesanal\/#breadcrumb"},"inLanguage":"es","potentialAction":[{"@type":"ReadAction","target":["https:\/\/teterete.com\/mx\/producto\/vaso-rio-artesanal\/"]}]},{"@type":"ImageObject","inLanguage":"es","@id":"https:\/\/teterete.com\/mx\/producto\/vaso-rio-artesanal\/#primaryimage","url":"https:\/\/teterete.com\/mx\/wp-content\/uploads\/2022\/02\/vaso-para-ba\u00f1o.jpg","contentUrl":"https:\/\/teterete.com\/mx\/wp-content\/uploads\/2022\/02\/vaso-para-ba\u00f1o.jpg","width":"853","height":"853","caption":"Vaso para Ba\u00f1o"},{"@type":"BreadcrumbList","@id":"https:\/\/teterete.com\/mx\/producto\/vaso-rio-artesanal\/#breadcrumb","itemListElement":[{"@type":"ListItem","position":1,"name":"Home","item":"https:\/\/teterete.com\/mx\/"},{"@type":"ListItem","position":2,"name":"Productos","item":"https:\/\/teterete.com\/mx\/shop\/"},{"@type":"ListItem","position":3,"name":"Vaso R\u00edo Artesanal"}]},{"@type":"WebSite","@id":"https:\/\/teterete.com\/mx\/#website","url":"https:\/\/teterete.com\/mx\/","name":"","description":"Tienda en L\u00ednea de Fina Artesanias y Dise\u00f1o Mexicano. Bellas piezas elaboradas a mano por los mejores artesanos del pa\u00eds as\u00ed como piezas de dise\u00f1o y decoraci\u00f3n con inspiraci\u00f3n artesanal.","potentialAction":[{"@type":"SearchAction","target":{"@type":"EntryPoint","urlTemplate":"https:\/\/teterete.com\/mx\/?s={search_term_string}"},"query-input":{"@type":"PropertyValueSpecification","valueRequired":true,"valueName":"search_term_string"}}],"inLanguage":"es"}]}},"_links":{"self":[{"href":"https:\/\/teterete.com\/mx\/wp-json\/wp\/v2\/product\/10353"}],"collection":[{"href":"https:\/\/teterete.com\/mx\/wp-json\/wp\/v2\/product"}],"about":[{"href":"https:\/\/teterete.com\/mx\/wp-json\/wp\/v2\/types\/product"}],"replies":[{"embeddable":true,"href":"https:\/\/teterete.com\/mx\/wp-json\/wp\/v2\/comments?post=10353"}],"wp:featuredmedia":[{"embeddable":true,"href":"https:\/\/teterete.com\/mx\/wp-json\/wp\/v2\/media\/10354"}],"wp:attachment":[{"href":"https:\/\/teterete.com\/mx\/wp-json\/wp\/v2\/media?parent=10353"}],"wp:term":[{"taxonomy":"product_cat","embeddable":true,"href":"https:\/\/teterete.com\/mx\/wp-json\/wp\/v2\/product_cat?post=10353"},{"taxonomy":"product_tag","embeddable":true,"href":"https:\/\/teterete.com\/mx\/wp-json\/wp\/v2\/product_tag?post=10353"}],"curies":[{"name":"wp","href":"https:\/\/api.w.org\/{rel}","templated":true}]}}