{"id":10382,"date":"2022-02-24T00:30:12","date_gmt":"2022-02-24T00:30:12","guid":{"rendered":"https:\/\/teterete.com\/mx\/?post_type=product&#038;p=10382"},"modified":"2024-08-28T20:33:47","modified_gmt":"2024-08-28T20:33:47","slug":"portaretrato-de-lujo-oochel","status":"publish","type":"product","link":"https:\/\/teterete.com\/mx\/producto\/portaretrato-de-lujo-oochel\/","title":{"rendered":"Porta Retrato de Lujo Oochel"},"content":{"rendered":"<p>2 medidas (chico y mediano)<\/p>\n<p>Material: Hueso tallado<\/p>\n<p>Labrado a mano<\/p>\n","protected":false},"excerpt":{"rendered":"<p>Porta Retrato elaborado con m\u00e1s de 400 peque\u00f1os fragmentos de cuerno tallados y pulidos a mano, este porta retrato no solo resguarda tus recuerdos favoritos, sino que adem\u00e1s se compone de elementos irrepetibles<\/p>\n","protected":false},"featured_media":10386,"comment_status":"open","ping_status":"closed","template":"","meta":{"sfsi_plus_gutenberg_text_before_share":"","sfsi_plus_gutenberg_show_text_before_share":"","sfsi_plus_gutenberg_icon_type":"","sfsi_plus_gutenberg_icon_alignemt":"","sfsi_plus_gutenburg_max_per_row":""},"product_cat":[1671,2057,1434,61,350],"product_tag":[1003,2261,2263,2262],"acf":[],"yoast_head":"<!-- This site is optimized with the Yoast SEO plugin v23.5 - https:\/\/yoast.com\/wordpress\/plugins\/seo\/ -->\n<title>Porta Retrato de Lujo Oochel -<\/title>\n<meta name=\"description\" content=\"Porta Retrato elaborado con m\u00e1s de 400 peque\u00f1os fragmentos de cuerno tallados y pulidos a mano por artesanos de la zona Maya\" \/>\n<meta name=\"robots\" content=\"index, follow, max-snippet:-1, max-image-preview:large, max-video-preview:-1\" \/>\n<link rel=\"canonical\" href=\"https:\/\/teterete.com\/mx\/producto\/portaretrato-de-lujo-oochel\/\" \/>\n<meta property=\"og:locale\" content=\"es_ES\" \/>\n<meta property=\"og:type\" content=\"article\" \/>\n<meta property=\"og:title\" content=\"Porta Retrato de Lujo Oochel -\" \/>\n<meta property=\"og:description\" content=\"Porta Retrato elaborado con m\u00e1s de 400 peque\u00f1os fragmentos de cuerno tallados y pulidos a mano por artesanos de la zona Maya\" \/>\n<meta property=\"og:url\" content=\"https:\/\/teterete.com\/mx\/producto\/portaretrato-de-lujo-oochel\/\" \/>\n<meta property=\"article:publisher\" content=\"https:\/\/www.facebook.com\/TetereteHome\/\" \/>\n<meta property=\"article:modified_time\" content=\"2024-08-28T20:33:47+00:00\" \/>\n<meta property=\"og:image\" content=\"https:\/\/teterete.com\/mx\/wp-content\/uploads\/2022\/02\/retratos-decorativos.jpg\" \/>\n\t<meta property=\"og:image:width\" content=\"548\" \/>\n\t<meta property=\"og:image:height\" content=\"548\" \/>\n\t<meta property=\"og:image:type\" content=\"image\/jpeg\" \/>\n<meta name=\"twitter:card\" content=\"summary_large_image\" \/>\n<meta name=\"twitter:site\" content=\"@Teterete_Home\" \/>\n<meta name=\"twitter:label1\" content=\"Tiempo de lectura\" \/>\n\t<meta name=\"twitter:data1\" content=\"1 minuto\" \/>\n<script type=\"application\/ld+json\" class=\"yoast-schema-graph\">{\"@context\":\"https:\/\/schema.org\",\"@graph\":[{\"@type\":\"WebPage\",\"@id\":\"https:\/\/teterete.com\/mx\/producto\/portaretrato-de-lujo-oochel\/\",\"url\":\"https:\/\/teterete.com\/mx\/producto\/portaretrato-de-lujo-oochel\/\",\"name\":\"Porta Retrato de Lujo Oochel -\",\"isPartOf\":{\"@id\":\"https:\/\/teterete.com\/mx\/#website\"},\"primaryImageOfPage\":{\"@id\":\"https:\/\/teterete.com\/mx\/producto\/portaretrato-de-lujo-oochel\/#primaryimage\"},\"image\":{\"@id\":\"https:\/\/teterete.com\/mx\/producto\/portaretrato-de-lujo-oochel\/#primaryimage\"},\"thumbnailUrl\":\"https:\/\/teterete.com\/mx\/wp-content\/uploads\/2022\/02\/retratos-decorativos.jpg\",\"datePublished\":\"2022-02-24T00:30:12+00:00\",\"dateModified\":\"2024-08-28T20:33:47+00:00\",\"description\":\"Porta Retrato elaborado con m\u00e1s de 400 peque\u00f1os fragmentos de cuerno tallados y pulidos a mano por artesanos de la zona Maya\",\"breadcrumb\":{\"@id\":\"https:\/\/teterete.com\/mx\/producto\/portaretrato-de-lujo-oochel\/#breadcrumb\"},\"inLanguage\":\"es\",\"potentialAction\":[{\"@type\":\"ReadAction\",\"target\":[\"https:\/\/teterete.com\/mx\/producto\/portaretrato-de-lujo-oochel\/\"]}]},{\"@type\":\"ImageObject\",\"inLanguage\":\"es\",\"@id\":\"https:\/\/teterete.com\/mx\/producto\/portaretrato-de-lujo-oochel\/#primaryimage\",\"url\":\"https:\/\/teterete.com\/mx\/wp-content\/uploads\/2022\/02\/retratos-decorativos.jpg\",\"contentUrl\":\"https:\/\/teterete.com\/mx\/wp-content\/uploads\/2022\/02\/retratos-decorativos.jpg\",\"width\":\"548\",\"height\":\"548\",\"caption\":\"Retratos Decorativos\"},{\"@type\":\"BreadcrumbList\",\"@id\":\"https:\/\/teterete.com\/mx\/producto\/portaretrato-de-lujo-oochel\/#breadcrumb\",\"itemListElement\":[{\"@type\":\"ListItem\",\"position\":1,\"name\":\"Home\",\"item\":\"https:\/\/teterete.com\/mx\/\"},{\"@type\":\"ListItem\",\"position\":2,\"name\":\"Productos\",\"item\":\"https:\/\/teterete.com\/mx\/shop\/\"},{\"@type\":\"ListItem\",\"position\":3,\"name\":\"Porta Retrato de Lujo Oochel\"}]},{\"@type\":\"WebSite\",\"@id\":\"https:\/\/teterete.com\/mx\/#website\",\"url\":\"https:\/\/teterete.com\/mx\/\",\"name\":\"\",\"description\":\"Tienda en L\u00ednea de Fina Artesanias y Dise\u00f1o Mexicano. Bellas piezas elaboradas a mano por los mejores artesanos del pa\u00eds as\u00ed como piezas de dise\u00f1o y decoraci\u00f3n con inspiraci\u00f3n artesanal.\",\"potentialAction\":[{\"@type\":\"SearchAction\",\"target\":{\"@type\":\"EntryPoint\",\"urlTemplate\":\"https:\/\/teterete.com\/mx\/?s={search_term_string}\"},\"query-input\":{\"@type\":\"PropertyValueSpecification\",\"valueRequired\":true,\"valueName\":\"search_term_string\"}}],\"inLanguage\":\"es\"}]}<\/script>\n<!-- \/ Yoast SEO plugin. -->","yoast_head_json":{"title":"Porta Retrato de Lujo Oochel -","description":"Porta Retrato elaborado con m\u00e1s de 400 peque\u00f1os fragmentos de cuerno tallados y pulidos a mano por artesanos de la zona Maya","robots":{"index":"index","follow":"follow","max-snippet":"max-snippet:-1","max-image-preview":"max-image-preview:large","max-video-preview":"max-video-preview:-1"},"canonical":"https:\/\/teterete.com\/mx\/producto\/portaretrato-de-lujo-oochel\/","og_locale":"es_ES","og_type":"article","og_title":"Porta Retrato de Lujo Oochel -","og_description":"Porta Retrato elaborado con m\u00e1s de 400 peque\u00f1os fragmentos de cuerno tallados y pulidos a mano por artesanos de la zona Maya","og_url":"https:\/\/teterete.com\/mx\/producto\/portaretrato-de-lujo-oochel\/","article_publisher":"https:\/\/www.facebook.com\/TetereteHome\/","article_modified_time":"2024-08-28T20:33:47+00:00","og_image":[{"width":548,"height":548,"url":"https:\/\/teterete.com\/mx\/wp-content\/uploads\/2022\/02\/retratos-decorativos.jpg","type":"image\/jpeg"}],"twitter_card":"summary_large_image","twitter_site":"@Teterete_Home","twitter_misc":{"Tiempo de lectura":"1 minuto"},"schema":{"@context":"https:\/\/schema.org","@graph":[{"@type":"WebPage","@id":"https:\/\/teterete.com\/mx\/producto\/portaretrato-de-lujo-oochel\/","url":"https:\/\/teterete.com\/mx\/producto\/portaretrato-de-lujo-oochel\/","name":"Porta Retrato de Lujo Oochel -","isPartOf":{"@id":"https:\/\/teterete.com\/mx\/#website"},"primaryImageOfPage":{"@id":"https:\/\/teterete.com\/mx\/producto\/portaretrato-de-lujo-oochel\/#primaryimage"},"image":{"@id":"https:\/\/teterete.com\/mx\/producto\/portaretrato-de-lujo-oochel\/#primaryimage"},"thumbnailUrl":"https:\/\/teterete.com\/mx\/wp-content\/uploads\/2022\/02\/retratos-decorativos.jpg","datePublished":"2022-02-24T00:30:12+00:00","dateModified":"2024-08-28T20:33:47+00:00","description":"Porta Retrato elaborado con m\u00e1s de 400 peque\u00f1os fragmentos de cuerno tallados y pulidos a mano por artesanos de la zona Maya","breadcrumb":{"@id":"https:\/\/teterete.com\/mx\/producto\/portaretrato-de-lujo-oochel\/#breadcrumb"},"inLanguage":"es","potentialAction":[{"@type":"ReadAction","target":["https:\/\/teterete.com\/mx\/producto\/portaretrato-de-lujo-oochel\/"]}]},{"@type":"ImageObject","inLanguage":"es","@id":"https:\/\/teterete.com\/mx\/producto\/portaretrato-de-lujo-oochel\/#primaryimage","url":"https:\/\/teterete.com\/mx\/wp-content\/uploads\/2022\/02\/retratos-decorativos.jpg","contentUrl":"https:\/\/teterete.com\/mx\/wp-content\/uploads\/2022\/02\/retratos-decorativos.jpg","width":"548","height":"548","caption":"Retratos Decorativos"},{"@type":"BreadcrumbList","@id":"https:\/\/teterete.com\/mx\/producto\/portaretrato-de-lujo-oochel\/#breadcrumb","itemListElement":[{"@type":"ListItem","position":1,"name":"Home","item":"https:\/\/teterete.com\/mx\/"},{"@type":"ListItem","position":2,"name":"Productos","item":"https:\/\/teterete.com\/mx\/shop\/"},{"@type":"ListItem","position":3,"name":"Porta Retrato de Lujo Oochel"}]},{"@type":"WebSite","@id":"https:\/\/teterete.com\/mx\/#website","url":"https:\/\/teterete.com\/mx\/","name":"","description":"Tienda en L\u00ednea de Fina Artesanias y Dise\u00f1o Mexicano. Bellas piezas elaboradas a mano por los mejores artesanos del pa\u00eds as\u00ed como piezas de dise\u00f1o y decoraci\u00f3n con inspiraci\u00f3n artesanal.","potentialAction":[{"@type":"SearchAction","target":{"@type":"EntryPoint","urlTemplate":"https:\/\/teterete.com\/mx\/?s={search_term_string}"},"query-input":{"@type":"PropertyValueSpecification","valueRequired":true,"valueName":"search_term_string"}}],"inLanguage":"es"}]}},"_links":{"self":[{"href":"https:\/\/teterete.com\/mx\/wp-json\/wp\/v2\/product\/10382"}],"collection":[{"href":"https:\/\/teterete.com\/mx\/wp-json\/wp\/v2\/product"}],"about":[{"href":"https:\/\/teterete.com\/mx\/wp-json\/wp\/v2\/types\/product"}],"replies":[{"embeddable":true,"href":"https:\/\/teterete.com\/mx\/wp-json\/wp\/v2\/comments?post=10382"}],"wp:featuredmedia":[{"embeddable":true,"href":"https:\/\/teterete.com\/mx\/wp-json\/wp\/v2\/media\/10386"}],"wp:attachment":[{"href":"https:\/\/teterete.com\/mx\/wp-json\/wp\/v2\/media?parent=10382"}],"wp:term":[{"taxonomy":"product_cat","embeddable":true,"href":"https:\/\/teterete.com\/mx\/wp-json\/wp\/v2\/product_cat?post=10382"},{"taxonomy":"product_tag","embeddable":true,"href":"https:\/\/teterete.com\/mx\/wp-json\/wp\/v2\/product_tag?post=10382"}],"curies":[{"name":"wp","href":"https:\/\/api.w.org\/{rel}","templated":true}]}}