{"id":10420,"date":"2022-05-11T23:21:15","date_gmt":"2022-05-11T23:21:15","guid":{"rendered":"https:\/\/teterete.com\/mx\/?post_type=product&#038;p=10420"},"modified":"2026-02-18T22:00:59","modified_gmt":"2026-02-18T22:00:59","slug":"pao-pao-colgante","status":"publish","type":"product","link":"https:\/\/teterete.com\/mx\/producto\/pao-pao-colgante\/","title":{"rendered":"Pao Pao Colgante"},"content":{"rendered":"<div class=\"page\" title=\"Page 15\">\n<div class=\"section\">\n<div class=\"layoutArea\">\n<div class=\"column\">\n<p>Disponible en 3 brillantes acabados, la ic\u00f3nica figura de gota de cristal est\u00e1 formada por una una cubierta met\u00e1lica y una pantalla de vidrio soplado que juega con la luz y la trasnparecia en la transici\u00f3n entre encendido y apagado.<\/p>\n<div class=\"page\" title=\"Page 15\">\n<div class=\"section\">\n<div class=\"layoutArea\">\n<div class=\"column\">\n<p>Acero, disipador de aluminio y pantalla de cristal soplado con chapado al vac\u00edo.<\/p>\n<p>LED 5 W, 200 lm, 2700K, IRC 90, 120V atenuable.\u00a00.7 kg. incluye cable para suspender de 3.0m<\/p>\n<p>Color: Cromo, cobre y Dorado.<\/p>\n<p>***No incluye IVA<\/p>\n<\/div>\n<\/div>\n<\/div>\n<\/div>\n<\/div>\n<\/div>\n<\/div>\n<\/div>\n","protected":false},"excerpt":{"rendered":"<div class=\"page\" title=\"Page 15\">\n<div class=\"section\">\n<div class=\"layoutArea\">\n<div class=\"column\">\n<p>Inspirado por las siluetas orga\u0301nicas de las piezas de joyeri\u0301a antigua, nuestros luminarios PAOPAO toman su nombre de la palabra china para referirse a las burbujas de jabo\u0301n.<\/p>\n<\/div>\n<\/div>\n<\/div>\n<\/div>\n","protected":false},"featured_media":10423,"comment_status":"open","ping_status":"closed","template":"","meta":{"sfsi_plus_gutenberg_text_before_share":"","sfsi_plus_gutenberg_show_text_before_share":"","sfsi_plus_gutenberg_icon_type":"","sfsi_plus_gutenberg_icon_alignemt":"","sfsi_plus_gutenburg_max_per_row":""},"product_cat":[1200,351,973],"product_tag":[2268,2269,1720,1684,1197,2270],"acf":[],"yoast_head":"<!-- This site is optimized with the Yoast SEO plugin v23.5 - https:\/\/yoast.com\/wordpress\/plugins\/seo\/ -->\n<title>Pao Pao Colgante -<\/title>\n<meta name=\"robots\" content=\"index, follow, max-snippet:-1, max-image-preview:large, max-video-preview:-1\" \/>\n<link rel=\"canonical\" href=\"https:\/\/teterete.com\/mx\/producto\/pao-pao-colgante\/\" \/>\n<meta property=\"og:locale\" content=\"es_ES\" \/>\n<meta property=\"og:type\" content=\"article\" \/>\n<meta property=\"og:title\" content=\"Pao Pao Colgante -\" \/>\n<meta property=\"og:description\" content=\"Inspirado por las siluetas orga\u0301nicas de las piezas de joyeri\u0301a antigua, nuestros luminarios PAOPAO toman su nombre de la palabra china para referirse a las burbujas de jabo\u0301n.\" \/>\n<meta property=\"og:url\" content=\"https:\/\/teterete.com\/mx\/producto\/pao-pao-colgante\/\" \/>\n<meta property=\"article:publisher\" content=\"https:\/\/www.facebook.com\/TetereteHome\/\" \/>\n<meta property=\"article:modified_time\" content=\"2026-02-18T22:00:59+00:00\" \/>\n<meta property=\"og:image\" content=\"https:\/\/teterete.com\/mx\/wp-content\/uploads\/2022\/05\/pao-pao-lampara-mexico.jpg\" \/>\n\t<meta property=\"og:image:width\" content=\"800\" \/>\n\t<meta property=\"og:image:height\" content=\"786\" \/>\n\t<meta property=\"og:image:type\" content=\"image\/jpeg\" \/>\n<meta name=\"twitter:card\" content=\"summary_large_image\" \/>\n<meta name=\"twitter:site\" content=\"@Teterete_Home\" \/>\n<meta name=\"twitter:label1\" content=\"Tiempo de lectura\" \/>\n\t<meta name=\"twitter:data1\" content=\"1 minuto\" \/>\n<script type=\"application\/ld+json\" class=\"yoast-schema-graph\">{\"@context\":\"https:\/\/schema.org\",\"@graph\":[{\"@type\":\"WebPage\",\"@id\":\"https:\/\/teterete.com\/mx\/producto\/pao-pao-colgante\/\",\"url\":\"https:\/\/teterete.com\/mx\/producto\/pao-pao-colgante\/\",\"name\":\"Pao Pao Colgante -\",\"isPartOf\":{\"@id\":\"https:\/\/teterete.com\/mx\/#website\"},\"primaryImageOfPage\":{\"@id\":\"https:\/\/teterete.com\/mx\/producto\/pao-pao-colgante\/#primaryimage\"},\"image\":{\"@id\":\"https:\/\/teterete.com\/mx\/producto\/pao-pao-colgante\/#primaryimage\"},\"thumbnailUrl\":\"https:\/\/teterete.com\/mx\/wp-content\/uploads\/2022\/05\/pao-pao-lampara-mexico.jpg\",\"datePublished\":\"2022-05-11T23:21:15+00:00\",\"dateModified\":\"2026-02-18T22:00:59+00:00\",\"breadcrumb\":{\"@id\":\"https:\/\/teterete.com\/mx\/producto\/pao-pao-colgante\/#breadcrumb\"},\"inLanguage\":\"es\",\"potentialAction\":[{\"@type\":\"ReadAction\",\"target\":[\"https:\/\/teterete.com\/mx\/producto\/pao-pao-colgante\/\"]}]},{\"@type\":\"ImageObject\",\"inLanguage\":\"es\",\"@id\":\"https:\/\/teterete.com\/mx\/producto\/pao-pao-colgante\/#primaryimage\",\"url\":\"https:\/\/teterete.com\/mx\/wp-content\/uploads\/2022\/05\/pao-pao-lampara-mexico.jpg\",\"contentUrl\":\"https:\/\/teterete.com\/mx\/wp-content\/uploads\/2022\/05\/pao-pao-lampara-mexico.jpg\",\"width\":\"800\",\"height\":\"786\",\"caption\":\"Pago Pago L\u00e1mpara\"},{\"@type\":\"BreadcrumbList\",\"@id\":\"https:\/\/teterete.com\/mx\/producto\/pao-pao-colgante\/#breadcrumb\",\"itemListElement\":[{\"@type\":\"ListItem\",\"position\":1,\"name\":\"Home\",\"item\":\"https:\/\/teterete.com\/mx\/\"},{\"@type\":\"ListItem\",\"position\":2,\"name\":\"Productos\",\"item\":\"https:\/\/teterete.com\/mx\/shop\/\"},{\"@type\":\"ListItem\",\"position\":3,\"name\":\"Pao Pao Colgante\"}]},{\"@type\":\"WebSite\",\"@id\":\"https:\/\/teterete.com\/mx\/#website\",\"url\":\"https:\/\/teterete.com\/mx\/\",\"name\":\"\",\"description\":\"Tienda en L\u00ednea de Fina Artesanias y Dise\u00f1o Mexicano. Bellas piezas elaboradas a mano por los mejores artesanos del pa\u00eds as\u00ed como piezas de dise\u00f1o y decoraci\u00f3n con inspiraci\u00f3n artesanal.\",\"potentialAction\":[{\"@type\":\"SearchAction\",\"target\":{\"@type\":\"EntryPoint\",\"urlTemplate\":\"https:\/\/teterete.com\/mx\/?s={search_term_string}\"},\"query-input\":{\"@type\":\"PropertyValueSpecification\",\"valueRequired\":true,\"valueName\":\"search_term_string\"}}],\"inLanguage\":\"es\"}]}<\/script>\n<!-- \/ Yoast SEO plugin. -->","yoast_head_json":{"title":"Pao Pao Colgante -","robots":{"index":"index","follow":"follow","max-snippet":"max-snippet:-1","max-image-preview":"max-image-preview:large","max-video-preview":"max-video-preview:-1"},"canonical":"https:\/\/teterete.com\/mx\/producto\/pao-pao-colgante\/","og_locale":"es_ES","og_type":"article","og_title":"Pao Pao Colgante -","og_description":"Inspirado por las siluetas orga\u0301nicas de las piezas de joyeri\u0301a antigua, nuestros luminarios PAOPAO toman su nombre de la palabra china para referirse a las burbujas de jabo\u0301n.","og_url":"https:\/\/teterete.com\/mx\/producto\/pao-pao-colgante\/","article_publisher":"https:\/\/www.facebook.com\/TetereteHome\/","article_modified_time":"2026-02-18T22:00:59+00:00","og_image":[{"width":800,"height":786,"url":"https:\/\/teterete.com\/mx\/wp-content\/uploads\/2022\/05\/pao-pao-lampara-mexico.jpg","type":"image\/jpeg"}],"twitter_card":"summary_large_image","twitter_site":"@Teterete_Home","twitter_misc":{"Tiempo de lectura":"1 minuto"},"schema":{"@context":"https:\/\/schema.org","@graph":[{"@type":"WebPage","@id":"https:\/\/teterete.com\/mx\/producto\/pao-pao-colgante\/","url":"https:\/\/teterete.com\/mx\/producto\/pao-pao-colgante\/","name":"Pao Pao Colgante -","isPartOf":{"@id":"https:\/\/teterete.com\/mx\/#website"},"primaryImageOfPage":{"@id":"https:\/\/teterete.com\/mx\/producto\/pao-pao-colgante\/#primaryimage"},"image":{"@id":"https:\/\/teterete.com\/mx\/producto\/pao-pao-colgante\/#primaryimage"},"thumbnailUrl":"https:\/\/teterete.com\/mx\/wp-content\/uploads\/2022\/05\/pao-pao-lampara-mexico.jpg","datePublished":"2022-05-11T23:21:15+00:00","dateModified":"2026-02-18T22:00:59+00:00","breadcrumb":{"@id":"https:\/\/teterete.com\/mx\/producto\/pao-pao-colgante\/#breadcrumb"},"inLanguage":"es","potentialAction":[{"@type":"ReadAction","target":["https:\/\/teterete.com\/mx\/producto\/pao-pao-colgante\/"]}]},{"@type":"ImageObject","inLanguage":"es","@id":"https:\/\/teterete.com\/mx\/producto\/pao-pao-colgante\/#primaryimage","url":"https:\/\/teterete.com\/mx\/wp-content\/uploads\/2022\/05\/pao-pao-lampara-mexico.jpg","contentUrl":"https:\/\/teterete.com\/mx\/wp-content\/uploads\/2022\/05\/pao-pao-lampara-mexico.jpg","width":"800","height":"786","caption":"Pago Pago L\u00e1mpara"},{"@type":"BreadcrumbList","@id":"https:\/\/teterete.com\/mx\/producto\/pao-pao-colgante\/#breadcrumb","itemListElement":[{"@type":"ListItem","position":1,"name":"Home","item":"https:\/\/teterete.com\/mx\/"},{"@type":"ListItem","position":2,"name":"Productos","item":"https:\/\/teterete.com\/mx\/shop\/"},{"@type":"ListItem","position":3,"name":"Pao Pao Colgante"}]},{"@type":"WebSite","@id":"https:\/\/teterete.com\/mx\/#website","url":"https:\/\/teterete.com\/mx\/","name":"","description":"Tienda en L\u00ednea de Fina Artesanias y Dise\u00f1o Mexicano. Bellas piezas elaboradas a mano por los mejores artesanos del pa\u00eds as\u00ed como piezas de dise\u00f1o y decoraci\u00f3n con inspiraci\u00f3n artesanal.","potentialAction":[{"@type":"SearchAction","target":{"@type":"EntryPoint","urlTemplate":"https:\/\/teterete.com\/mx\/?s={search_term_string}"},"query-input":{"@type":"PropertyValueSpecification","valueRequired":true,"valueName":"search_term_string"}}],"inLanguage":"es"}]}},"_links":{"self":[{"href":"https:\/\/teterete.com\/mx\/wp-json\/wp\/v2\/product\/10420"}],"collection":[{"href":"https:\/\/teterete.com\/mx\/wp-json\/wp\/v2\/product"}],"about":[{"href":"https:\/\/teterete.com\/mx\/wp-json\/wp\/v2\/types\/product"}],"replies":[{"embeddable":true,"href":"https:\/\/teterete.com\/mx\/wp-json\/wp\/v2\/comments?post=10420"}],"wp:featuredmedia":[{"embeddable":true,"href":"https:\/\/teterete.com\/mx\/wp-json\/wp\/v2\/media\/10423"}],"wp:attachment":[{"href":"https:\/\/teterete.com\/mx\/wp-json\/wp\/v2\/media?parent=10420"}],"wp:term":[{"taxonomy":"product_cat","embeddable":true,"href":"https:\/\/teterete.com\/mx\/wp-json\/wp\/v2\/product_cat?post=10420"},{"taxonomy":"product_tag","embeddable":true,"href":"https:\/\/teterete.com\/mx\/wp-json\/wp\/v2\/product_tag?post=10420"}],"curies":[{"name":"wp","href":"https:\/\/api.w.org\/{rel}","templated":true}]}}