{"id":10429,"date":"2022-05-14T17:48:11","date_gmt":"2022-05-14T17:48:11","guid":{"rendered":"https:\/\/teterete.com\/mx\/?post_type=product&#038;p=10429"},"modified":"2023-03-11T15:07:05","modified_gmt":"2023-03-11T15:07:05","slug":"lampara-de-tocador","status":"publish","type":"product","link":"https:\/\/teterete.com\/mx\/producto\/lampara-de-tocador\/","title":{"rendered":"L\u00e1mpara de Tocador Muse T"},"content":{"rendered":"<p>L\u00e1mpara de tocador en concreto con pantalla de cristal opalino.<\/p>\n<p>G9 LED 2W, 300 lm, 3000K, IRC 90, 120\u00aa atenuable.\u00a00.5 kg.\u00a0Cable textil gris.<\/p>\n<p>Concreto + Cristal Opalino<\/p>\n<p>**Precio no incluye IVA<\/p>\n","protected":false},"excerpt":{"rendered":"<p>MUSE es un peque\u00f1o toque de luz suficiente\u00a0para iluminar tu vida.\u00a0Dise\u00f1ada con una combinaci\u00f3n de vidrio opalino y\u00a0concreto, la l\u00e1mpara de tocador MUSE es impresionante incluso en su estado m\u00e1s\u00a0simple.<\/p>\n","protected":false},"featured_media":10430,"comment_status":"open","ping_status":"closed","template":"","meta":{"_acf_changed":false,"sfsi_plus_gutenberg_text_before_share":"","sfsi_plus_gutenberg_show_text_before_share":"","sfsi_plus_gutenberg_icon_type":"","sfsi_plus_gutenberg_icon_alignemt":"","sfsi_plus_gutenburg_max_per_row":""},"product_brand":[],"product_cat":[1200,351],"product_tag":[798,2275,2271,2273,2272,2274],"class_list":{"0":"post-10429","1":"product","2":"type-product","3":"status-publish","4":"has-post-thumbnail","6":"product_cat-iluminacion","7":"product_cat-lamparas","8":"product_tag-decoracion","9":"product_tag-interiorismo","10":"product_tag-lampara-buro","11":"product_tag-lampara-decorativas","12":"product_tag-lampara-en-mexico","13":"product_tag-lamparas-pequenas","14":"product_shipping_class-fast-delivery","16":"first","17":"instock","18":"taxable","19":"shipping-taxable","20":"purchasable","21":"product-type-simple"},"acf":[],"yoast_head":"<!-- This site is optimized with the Yoast SEO plugin v27.5 - https:\/\/yoast.com\/product\/yoast-seo-wordpress\/ -->\n<title>L\u00e1mpara de Tocador Muse T -<\/title>\n<meta name=\"description\" content=\"Dise\u00f1ada con una combinaci\u00f3n de vidrio opalino y\u00a0concreto, la l\u00e1mpara de tocador MUSE es impresionante incluso en su estado m\u00e1s\u00a0simple.\" \/>\n<meta name=\"robots\" content=\"index, follow, max-snippet:-1, max-image-preview:large, max-video-preview:-1\" \/>\n<link rel=\"canonical\" href=\"https:\/\/teterete.com\/mx\/producto\/lampara-de-tocador\/\" \/>\n<meta property=\"og:locale\" content=\"es_ES\" \/>\n<meta property=\"og:type\" content=\"article\" \/>\n<meta property=\"og:title\" content=\"L\u00e1mpara de Tocador Muse T -\" \/>\n<meta property=\"og:description\" content=\"Dise\u00f1ada con una combinaci\u00f3n de vidrio opalino y\u00a0concreto, la l\u00e1mpara de tocador MUSE es impresionante incluso en su estado m\u00e1s\u00a0simple.\" \/>\n<meta property=\"og:url\" content=\"https:\/\/teterete.com\/mx\/producto\/lampara-de-tocador\/\" \/>\n<meta property=\"article:publisher\" content=\"https:\/\/www.facebook.com\/TetereteHome\/\" \/>\n<meta property=\"article:modified_time\" content=\"2023-03-11T15:07:05+00:00\" \/>\n<meta property=\"og:image\" content=\"https:\/\/teterete.com\/mx\/wp-content\/uploads\/2022\/05\/lampara-muse.jpg\" \/>\n\t<meta property=\"og:image:width\" content=\"758\" \/>\n\t<meta property=\"og:image:height\" content=\"758\" \/>\n\t<meta property=\"og:image:type\" content=\"image\/jpeg\" \/>\n<meta name=\"twitter:card\" content=\"summary_large_image\" \/>\n<meta name=\"twitter:site\" content=\"@Teterete_Home\" \/>\n<meta name=\"twitter:label1\" content=\"Tiempo de lectura\" \/>\n\t<meta name=\"twitter:data1\" content=\"1 minuto\" \/>\n<script type=\"application\/ld+json\" class=\"yoast-schema-graph\">{\"@context\":\"https:\\\/\\\/schema.org\",\"@graph\":[{\"@type\":\"WebPage\",\"@id\":\"https:\\\/\\\/teterete.com\\\/mx\\\/producto\\\/lampara-de-tocador\\\/\",\"url\":\"https:\\\/\\\/teterete.com\\\/mx\\\/producto\\\/lampara-de-tocador\\\/\",\"name\":\"L\u00e1mpara de Tocador Muse T -\",\"isPartOf\":{\"@id\":\"https:\\\/\\\/teterete.com\\\/mx\\\/#website\"},\"primaryImageOfPage\":{\"@id\":\"https:\\\/\\\/teterete.com\\\/mx\\\/producto\\\/lampara-de-tocador\\\/#primaryimage\"},\"image\":{\"@id\":\"https:\\\/\\\/teterete.com\\\/mx\\\/producto\\\/lampara-de-tocador\\\/#primaryimage\"},\"thumbnailUrl\":\"https:\\\/\\\/teterete.com\\\/mx\\\/wp-content\\\/uploads\\\/2022\\\/05\\\/lampara-muse.jpg\",\"datePublished\":\"2022-05-14T17:48:11+00:00\",\"dateModified\":\"2023-03-11T15:07:05+00:00\",\"description\":\"Dise\u00f1ada con una combinaci\u00f3n de vidrio opalino y\u00a0concreto, la l\u00e1mpara de tocador MUSE es impresionante incluso en su estado m\u00e1s\u00a0simple.\",\"breadcrumb\":{\"@id\":\"https:\\\/\\\/teterete.com\\\/mx\\\/producto\\\/lampara-de-tocador\\\/#breadcrumb\"},\"inLanguage\":\"es\",\"potentialAction\":[{\"@type\":\"ReadAction\",\"target\":[\"https:\\\/\\\/teterete.com\\\/mx\\\/producto\\\/lampara-de-tocador\\\/\"]}]},{\"@type\":\"ImageObject\",\"inLanguage\":\"es\",\"@id\":\"https:\\\/\\\/teterete.com\\\/mx\\\/producto\\\/lampara-de-tocador\\\/#primaryimage\",\"url\":\"https:\\\/\\\/teterete.com\\\/mx\\\/wp-content\\\/uploads\\\/2022\\\/05\\\/lampara-muse.jpg\",\"contentUrl\":\"https:\\\/\\\/teterete.com\\\/mx\\\/wp-content\\\/uploads\\\/2022\\\/05\\\/lampara-muse.jpg\",\"width\":\"758\",\"height\":\"758\",\"caption\":\"L\u00e1mpara Muse\"},{\"@type\":\"BreadcrumbList\",\"@id\":\"https:\\\/\\\/teterete.com\\\/mx\\\/producto\\\/lampara-de-tocador\\\/#breadcrumb\",\"itemListElement\":[{\"@type\":\"ListItem\",\"position\":1,\"name\":\"Home\",\"item\":\"https:\\\/\\\/teterete.com\\\/mx\\\/\"},{\"@type\":\"ListItem\",\"position\":2,\"name\":\"Productos\",\"item\":\"https:\\\/\\\/teterete.com\\\/mx\\\/shop\\\/\"},{\"@type\":\"ListItem\",\"position\":3,\"name\":\"L\u00e1mpara de Tocador Muse T\"}]},{\"@type\":\"WebSite\",\"@id\":\"https:\\\/\\\/teterete.com\\\/mx\\\/#website\",\"url\":\"https:\\\/\\\/teterete.com\\\/mx\\\/\",\"name\":\"\",\"description\":\"Tienda en L\u00ednea de Fina Artesanias y Dise\u00f1o Mexicano. Bellas piezas elaboradas a mano por los mejores artesanos del pa\u00eds as\u00ed como piezas de dise\u00f1o y decoraci\u00f3n con inspiraci\u00f3n artesanal.\",\"potentialAction\":[{\"@type\":\"SearchAction\",\"target\":{\"@type\":\"EntryPoint\",\"urlTemplate\":\"https:\\\/\\\/teterete.com\\\/mx\\\/?s={search_term_string}\"},\"query-input\":{\"@type\":\"PropertyValueSpecification\",\"valueRequired\":true,\"valueName\":\"search_term_string\"}}],\"inLanguage\":\"es\"}]}<\/script>\n<!-- \/ Yoast SEO plugin. -->","yoast_head_json":{"title":"L\u00e1mpara de Tocador Muse T -","description":"Dise\u00f1ada con una combinaci\u00f3n de vidrio opalino y\u00a0concreto, la l\u00e1mpara de tocador MUSE es impresionante incluso en su estado m\u00e1s\u00a0simple.","robots":{"index":"index","follow":"follow","max-snippet":"max-snippet:-1","max-image-preview":"max-image-preview:large","max-video-preview":"max-video-preview:-1"},"canonical":"https:\/\/teterete.com\/mx\/producto\/lampara-de-tocador\/","og_locale":"es_ES","og_type":"article","og_title":"L\u00e1mpara de Tocador Muse T -","og_description":"Dise\u00f1ada con una combinaci\u00f3n de vidrio opalino y\u00a0concreto, la l\u00e1mpara de tocador MUSE es impresionante incluso en su estado m\u00e1s\u00a0simple.","og_url":"https:\/\/teterete.com\/mx\/producto\/lampara-de-tocador\/","article_publisher":"https:\/\/www.facebook.com\/TetereteHome\/","article_modified_time":"2023-03-11T15:07:05+00:00","og_image":[{"width":758,"height":758,"url":"https:\/\/teterete.com\/mx\/wp-content\/uploads\/2022\/05\/lampara-muse.jpg","type":"image\/jpeg"}],"twitter_card":"summary_large_image","twitter_site":"@Teterete_Home","twitter_misc":{"Tiempo de lectura":"1 minuto"},"schema":{"@context":"https:\/\/schema.org","@graph":[{"@type":"WebPage","@id":"https:\/\/teterete.com\/mx\/producto\/lampara-de-tocador\/","url":"https:\/\/teterete.com\/mx\/producto\/lampara-de-tocador\/","name":"L\u00e1mpara de Tocador Muse T -","isPartOf":{"@id":"https:\/\/teterete.com\/mx\/#website"},"primaryImageOfPage":{"@id":"https:\/\/teterete.com\/mx\/producto\/lampara-de-tocador\/#primaryimage"},"image":{"@id":"https:\/\/teterete.com\/mx\/producto\/lampara-de-tocador\/#primaryimage"},"thumbnailUrl":"https:\/\/teterete.com\/mx\/wp-content\/uploads\/2022\/05\/lampara-muse.jpg","datePublished":"2022-05-14T17:48:11+00:00","dateModified":"2023-03-11T15:07:05+00:00","description":"Dise\u00f1ada con una combinaci\u00f3n de vidrio opalino y\u00a0concreto, la l\u00e1mpara de tocador MUSE es impresionante incluso en su estado m\u00e1s\u00a0simple.","breadcrumb":{"@id":"https:\/\/teterete.com\/mx\/producto\/lampara-de-tocador\/#breadcrumb"},"inLanguage":"es","potentialAction":[{"@type":"ReadAction","target":["https:\/\/teterete.com\/mx\/producto\/lampara-de-tocador\/"]}]},{"@type":"ImageObject","inLanguage":"es","@id":"https:\/\/teterete.com\/mx\/producto\/lampara-de-tocador\/#primaryimage","url":"https:\/\/teterete.com\/mx\/wp-content\/uploads\/2022\/05\/lampara-muse.jpg","contentUrl":"https:\/\/teterete.com\/mx\/wp-content\/uploads\/2022\/05\/lampara-muse.jpg","width":"758","height":"758","caption":"L\u00e1mpara Muse"},{"@type":"BreadcrumbList","@id":"https:\/\/teterete.com\/mx\/producto\/lampara-de-tocador\/#breadcrumb","itemListElement":[{"@type":"ListItem","position":1,"name":"Home","item":"https:\/\/teterete.com\/mx\/"},{"@type":"ListItem","position":2,"name":"Productos","item":"https:\/\/teterete.com\/mx\/shop\/"},{"@type":"ListItem","position":3,"name":"L\u00e1mpara de Tocador Muse T"}]},{"@type":"WebSite","@id":"https:\/\/teterete.com\/mx\/#website","url":"https:\/\/teterete.com\/mx\/","name":"","description":"Tienda en L\u00ednea de Fina Artesanias y Dise\u00f1o Mexicano. Bellas piezas elaboradas a mano por los mejores artesanos del pa\u00eds as\u00ed como piezas de dise\u00f1o y decoraci\u00f3n con inspiraci\u00f3n artesanal.","potentialAction":[{"@type":"SearchAction","target":{"@type":"EntryPoint","urlTemplate":"https:\/\/teterete.com\/mx\/?s={search_term_string}"},"query-input":{"@type":"PropertyValueSpecification","valueRequired":true,"valueName":"search_term_string"}}],"inLanguage":"es"}]}},"_links":{"self":[{"href":"https:\/\/teterete.com\/mx\/wp-json\/wp\/v2\/product\/10429","targetHints":{"allow":["GET"]}}],"collection":[{"href":"https:\/\/teterete.com\/mx\/wp-json\/wp\/v2\/product"}],"about":[{"href":"https:\/\/teterete.com\/mx\/wp-json\/wp\/v2\/types\/product"}],"replies":[{"embeddable":true,"href":"https:\/\/teterete.com\/mx\/wp-json\/wp\/v2\/comments?post=10429"}],"wp:featuredmedia":[{"embeddable":true,"href":"https:\/\/teterete.com\/mx\/wp-json\/wp\/v2\/media\/10430"}],"wp:attachment":[{"href":"https:\/\/teterete.com\/mx\/wp-json\/wp\/v2\/media?parent=10429"}],"wp:term":[{"taxonomy":"product_brand","embeddable":true,"href":"https:\/\/teterete.com\/mx\/wp-json\/wp\/v2\/product_brand?post=10429"},{"taxonomy":"product_cat","embeddable":true,"href":"https:\/\/teterete.com\/mx\/wp-json\/wp\/v2\/product_cat?post=10429"},{"taxonomy":"product_tag","embeddable":true,"href":"https:\/\/teterete.com\/mx\/wp-json\/wp\/v2\/product_tag?post=10429"}],"curies":[{"name":"wp","href":"https:\/\/api.w.org\/{rel}","templated":true}]}}