{"id":10645,"date":"2022-09-01T18:33:45","date_gmt":"2022-09-01T18:33:45","guid":{"rendered":"https:\/\/teterete.com\/mx\/?post_type=product&#038;p=10645"},"modified":"2022-09-01T18:57:35","modified_gmt":"2022-09-01T18:57:35","slug":"cojin-cuadrado-raul","status":"publish","type":"product","link":"https:\/\/teterete.com\/mx\/producto\/cojin-cuadrado-raul\/","title":{"rendered":"Cojin Cuadrado Ra\u00fal"},"content":{"rendered":"<p>Tama\u00f1o: 50 x 50 cm<\/p>\n<p>Colores obtenidos de tintes naturales: Crudo blanco, gris y negro.<\/p>\n<p>Material:<\/p>\n<p>Frente: 100% lana mexicana<br \/>\nTrasero: Pa\u00f1o de lana color negro<\/p>\n<p>**En caso de no contar con inventario al momento de su compra la producci\u00f3n lleva de 15 a 20 d\u00edas<\/p>\n<p>Cuidados:<\/p>\n<p>-Evitar contacto con cloro y detergentes fuertes.<\/p>\n<p>-No lavar en casa, para limpieza profunda se recomienda lavado profesional en seco.<\/p>\n<p>-Evitar exposici\u00f3n directa al sol.<\/p>\n<p>*NO INCLUYE EL RELLENO*<\/p>\n","protected":false},"excerpt":{"rendered":"<p>Dale un toque especial a tu espacio con esta funda de coj\u00edn tejida en telar de pedal por artesanos mexicanos. Pieza ideal para usarse como una bella pieza artesanal.<\/p>\n","protected":false},"featured_media":10646,"comment_status":"open","ping_status":"closed","template":"","meta":{"sfsi_plus_gutenberg_text_before_share":"","sfsi_plus_gutenberg_show_text_before_share":"","sfsi_plus_gutenberg_icon_type":"","sfsi_plus_gutenberg_icon_alignemt":"","sfsi_plus_gutenburg_max_per_row":""},"product_cat":[210,1048,336],"product_tag":[236,1045,1046,1047,1018,1017,517,232,1003,963,1016,223,1019],"acf":[],"yoast_head":"<!-- This site is optimized with the Yoast SEO plugin v23.5 - https:\/\/yoast.com\/wordpress\/plugins\/seo\/ -->\n<title>Cojin Cuadrado Ra\u00fal -<\/title>\n<meta name=\"robots\" content=\"index, follow, max-snippet:-1, max-image-preview:large, max-video-preview:-1\" \/>\n<link rel=\"canonical\" href=\"https:\/\/teterete.com\/mx\/producto\/cojin-cuadrado-raul\/\" \/>\n<meta property=\"og:locale\" content=\"es_ES\" \/>\n<meta property=\"og:type\" content=\"article\" \/>\n<meta property=\"og:title\" content=\"Cojin Cuadrado Ra\u00fal -\" \/>\n<meta property=\"og:description\" content=\"Dale un toque especial a tu espacio con esta funda de coj\u00edn tejida en telar de pedal por artesanos mexicanos. Pieza ideal para usarse como una bella pieza artesanal.\" \/>\n<meta property=\"og:url\" content=\"https:\/\/teterete.com\/mx\/producto\/cojin-cuadrado-raul\/\" \/>\n<meta property=\"article:publisher\" content=\"https:\/\/www.facebook.com\/TetereteHome\/\" \/>\n<meta property=\"article:modified_time\" content=\"2022-09-01T18:57:35+00:00\" \/>\n<meta property=\"og:image\" content=\"https:\/\/teterete.com\/mx\/wp-content\/uploads\/2022\/09\/RAULDLC_webiste_1344x1344.jpg.webp\" \/>\n\t<meta property=\"og:image:width\" content=\"1344\" \/>\n\t<meta property=\"og:image:height\" content=\"1344\" \/>\n\t<meta property=\"og:image:type\" content=\"image\/webp\" \/>\n<meta name=\"twitter:card\" content=\"summary_large_image\" \/>\n<meta name=\"twitter:site\" content=\"@Teterete_Home\" \/>\n<script type=\"application\/ld+json\" class=\"yoast-schema-graph\">{\"@context\":\"https:\/\/schema.org\",\"@graph\":[{\"@type\":\"WebPage\",\"@id\":\"https:\/\/teterete.com\/mx\/producto\/cojin-cuadrado-raul\/\",\"url\":\"https:\/\/teterete.com\/mx\/producto\/cojin-cuadrado-raul\/\",\"name\":\"Cojin Cuadrado Ra\u00fal -\",\"isPartOf\":{\"@id\":\"https:\/\/teterete.com\/mx\/#website\"},\"primaryImageOfPage\":{\"@id\":\"https:\/\/teterete.com\/mx\/producto\/cojin-cuadrado-raul\/#primaryimage\"},\"image\":{\"@id\":\"https:\/\/teterete.com\/mx\/producto\/cojin-cuadrado-raul\/#primaryimage\"},\"thumbnailUrl\":\"https:\/\/teterete.com\/mx\/wp-content\/uploads\/2022\/09\/RAULDLC_webiste_1344x1344.jpg.webp\",\"datePublished\":\"2022-09-01T18:33:45+00:00\",\"dateModified\":\"2022-09-01T18:57:35+00:00\",\"breadcrumb\":{\"@id\":\"https:\/\/teterete.com\/mx\/producto\/cojin-cuadrado-raul\/#breadcrumb\"},\"inLanguage\":\"es\",\"potentialAction\":[{\"@type\":\"ReadAction\",\"target\":[\"https:\/\/teterete.com\/mx\/producto\/cojin-cuadrado-raul\/\"]}]},{\"@type\":\"ImageObject\",\"inLanguage\":\"es\",\"@id\":\"https:\/\/teterete.com\/mx\/producto\/cojin-cuadrado-raul\/#primaryimage\",\"url\":\"https:\/\/teterete.com\/mx\/wp-content\/uploads\/2022\/09\/RAULDLC_webiste_1344x1344.jpg.webp\",\"contentUrl\":\"https:\/\/teterete.com\/mx\/wp-content\/uploads\/2022\/09\/RAULDLC_webiste_1344x1344.jpg.webp\",\"width\":\"1344\",\"height\":\"1344\",\"caption\":\"Cojin Artesanal Ra\u00fal\"},{\"@type\":\"BreadcrumbList\",\"@id\":\"https:\/\/teterete.com\/mx\/producto\/cojin-cuadrado-raul\/#breadcrumb\",\"itemListElement\":[{\"@type\":\"ListItem\",\"position\":1,\"name\":\"Home\",\"item\":\"https:\/\/teterete.com\/mx\/\"},{\"@type\":\"ListItem\",\"position\":2,\"name\":\"Productos\",\"item\":\"https:\/\/teterete.com\/mx\/shop\/\"},{\"@type\":\"ListItem\",\"position\":3,\"name\":\"Cojin Cuadrado Ra\u00fal\"}]},{\"@type\":\"WebSite\",\"@id\":\"https:\/\/teterete.com\/mx\/#website\",\"url\":\"https:\/\/teterete.com\/mx\/\",\"name\":\"\",\"description\":\"Tienda en L\u00ednea de Fina Artesanias y Dise\u00f1o Mexicano. Bellas piezas elaboradas a mano por los mejores artesanos del pa\u00eds as\u00ed como piezas de dise\u00f1o y decoraci\u00f3n con inspiraci\u00f3n artesanal.\",\"potentialAction\":[{\"@type\":\"SearchAction\",\"target\":{\"@type\":\"EntryPoint\",\"urlTemplate\":\"https:\/\/teterete.com\/mx\/?s={search_term_string}\"},\"query-input\":{\"@type\":\"PropertyValueSpecification\",\"valueRequired\":true,\"valueName\":\"search_term_string\"}}],\"inLanguage\":\"es\"}]}<\/script>\n<!-- \/ Yoast SEO plugin. -->","yoast_head_json":{"title":"Cojin Cuadrado Ra\u00fal -","robots":{"index":"index","follow":"follow","max-snippet":"max-snippet:-1","max-image-preview":"max-image-preview:large","max-video-preview":"max-video-preview:-1"},"canonical":"https:\/\/teterete.com\/mx\/producto\/cojin-cuadrado-raul\/","og_locale":"es_ES","og_type":"article","og_title":"Cojin Cuadrado Ra\u00fal -","og_description":"Dale un toque especial a tu espacio con esta funda de coj\u00edn tejida en telar de pedal por artesanos mexicanos. Pieza ideal para usarse como una bella pieza artesanal.","og_url":"https:\/\/teterete.com\/mx\/producto\/cojin-cuadrado-raul\/","article_publisher":"https:\/\/www.facebook.com\/TetereteHome\/","article_modified_time":"2022-09-01T18:57:35+00:00","og_image":[{"width":1344,"height":1344,"url":"https:\/\/teterete.com\/mx\/wp-content\/uploads\/2022\/09\/RAULDLC_webiste_1344x1344.jpg.webp","type":"image\/webp"}],"twitter_card":"summary_large_image","twitter_site":"@Teterete_Home","schema":{"@context":"https:\/\/schema.org","@graph":[{"@type":"WebPage","@id":"https:\/\/teterete.com\/mx\/producto\/cojin-cuadrado-raul\/","url":"https:\/\/teterete.com\/mx\/producto\/cojin-cuadrado-raul\/","name":"Cojin Cuadrado Ra\u00fal -","isPartOf":{"@id":"https:\/\/teterete.com\/mx\/#website"},"primaryImageOfPage":{"@id":"https:\/\/teterete.com\/mx\/producto\/cojin-cuadrado-raul\/#primaryimage"},"image":{"@id":"https:\/\/teterete.com\/mx\/producto\/cojin-cuadrado-raul\/#primaryimage"},"thumbnailUrl":"https:\/\/teterete.com\/mx\/wp-content\/uploads\/2022\/09\/RAULDLC_webiste_1344x1344.jpg.webp","datePublished":"2022-09-01T18:33:45+00:00","dateModified":"2022-09-01T18:57:35+00:00","breadcrumb":{"@id":"https:\/\/teterete.com\/mx\/producto\/cojin-cuadrado-raul\/#breadcrumb"},"inLanguage":"es","potentialAction":[{"@type":"ReadAction","target":["https:\/\/teterete.com\/mx\/producto\/cojin-cuadrado-raul\/"]}]},{"@type":"ImageObject","inLanguage":"es","@id":"https:\/\/teterete.com\/mx\/producto\/cojin-cuadrado-raul\/#primaryimage","url":"https:\/\/teterete.com\/mx\/wp-content\/uploads\/2022\/09\/RAULDLC_webiste_1344x1344.jpg.webp","contentUrl":"https:\/\/teterete.com\/mx\/wp-content\/uploads\/2022\/09\/RAULDLC_webiste_1344x1344.jpg.webp","width":"1344","height":"1344","caption":"Cojin Artesanal Ra\u00fal"},{"@type":"BreadcrumbList","@id":"https:\/\/teterete.com\/mx\/producto\/cojin-cuadrado-raul\/#breadcrumb","itemListElement":[{"@type":"ListItem","position":1,"name":"Home","item":"https:\/\/teterete.com\/mx\/"},{"@type":"ListItem","position":2,"name":"Productos","item":"https:\/\/teterete.com\/mx\/shop\/"},{"@type":"ListItem","position":3,"name":"Cojin Cuadrado Ra\u00fal"}]},{"@type":"WebSite","@id":"https:\/\/teterete.com\/mx\/#website","url":"https:\/\/teterete.com\/mx\/","name":"","description":"Tienda en L\u00ednea de Fina Artesanias y Dise\u00f1o Mexicano. Bellas piezas elaboradas a mano por los mejores artesanos del pa\u00eds as\u00ed como piezas de dise\u00f1o y decoraci\u00f3n con inspiraci\u00f3n artesanal.","potentialAction":[{"@type":"SearchAction","target":{"@type":"EntryPoint","urlTemplate":"https:\/\/teterete.com\/mx\/?s={search_term_string}"},"query-input":{"@type":"PropertyValueSpecification","valueRequired":true,"valueName":"search_term_string"}}],"inLanguage":"es"}]}},"_links":{"self":[{"href":"https:\/\/teterete.com\/mx\/wp-json\/wp\/v2\/product\/10645"}],"collection":[{"href":"https:\/\/teterete.com\/mx\/wp-json\/wp\/v2\/product"}],"about":[{"href":"https:\/\/teterete.com\/mx\/wp-json\/wp\/v2\/types\/product"}],"replies":[{"embeddable":true,"href":"https:\/\/teterete.com\/mx\/wp-json\/wp\/v2\/comments?post=10645"}],"wp:featuredmedia":[{"embeddable":true,"href":"https:\/\/teterete.com\/mx\/wp-json\/wp\/v2\/media\/10646"}],"wp:attachment":[{"href":"https:\/\/teterete.com\/mx\/wp-json\/wp\/v2\/media?parent=10645"}],"wp:term":[{"taxonomy":"product_cat","embeddable":true,"href":"https:\/\/teterete.com\/mx\/wp-json\/wp\/v2\/product_cat?post=10645"},{"taxonomy":"product_tag","embeddable":true,"href":"https:\/\/teterete.com\/mx\/wp-json\/wp\/v2\/product_tag?post=10645"}],"curies":[{"name":"wp","href":"https:\/\/api.w.org\/{rel}","templated":true}]}}