{"id":10686,"date":"2022-09-02T18:43:21","date_gmt":"2022-09-02T18:43:21","guid":{"rendered":"https:\/\/teterete.com\/mx\/?post_type=product&#038;p=10686"},"modified":"2024-08-28T23:57:20","modified_gmt":"2024-08-28T23:57:20","slug":"funda-cojin-bayalemo","status":"publish","type":"product","link":"https:\/\/teterete.com\/mx\/producto\/funda-cojin-bayalemo\/","title":{"rendered":"Funda Coj\u00edn Bayalemo"},"content":{"rendered":"\n<p>Lavado a mano con la pieza al rev\u00e9s, secado sin exponer al sol.<\/p>\n\n\n\n<p>T\u00e9cnica: Telar de cintura y bordado<\/p>\n\n\n\n<p>Material: Algod\u00f3n<br>Color: Blanco\/Caf\u00e9<br>Medidas: Alto: 50 cm, ancho: 50 cm<br>Estado de la Rep\u00fablica: precios especiales<\/p>\n","protected":false},"excerpt":{"rendered":"<p>La funda para coj\u00edn Bayalemo est\u00e1 tejido en telar de cintura con algod\u00f3n, por artesanas de Bayalemo que se ubica en San Andr\u00e9s Larr\u00e1inzar, Chiapas. Las tejedoras elaboran la tela con dise\u00f1os de cuadros que implica gran complejidad de la t\u00e9cnica, al terminar la tela le dan un acabado fino con diferentes uniones y detalles.<\/p>\n","protected":false},"featured_media":10687,"comment_status":"open","ping_status":"closed","template":"","meta":{"_acf_changed":false,"sfsi_plus_gutenberg_text_before_share":"","sfsi_plus_gutenberg_show_text_before_share":"","sfsi_plus_gutenberg_icon_type":"","sfsi_plus_gutenberg_icon_alignemt":"","sfsi_plus_gutenburg_max_per_row":""},"product_brand":[],"product_cat":[210,336,2166],"product_tag":[2155,289,2309,310],"class_list":{"0":"post-10686","1":"product","2":"type-product","3":"status-publish","4":"has-post-thumbnail","6":"product_cat-cojines","7":"product_cat-cojines-decorativos","8":"product_cat-ensamble-artesano","9":"product_tag-cojines-artesanales","10":"product_tag-cojines-de-chiapas","11":"product_tag-cojines-de-telar","12":"product_tag-teterete-decoracion","13":"product_shipping_class-fast-delivery","15":"first","16":"instock","17":"taxable","18":"shipping-taxable","19":"purchasable","20":"product-type-simple"},"acf":[],"yoast_head":"<!-- This site is optimized with the Yoast SEO plugin v27.5 - https:\/\/yoast.com\/product\/yoast-seo-wordpress\/ -->\n<title>Funda Coj\u00edn Bayalemo -<\/title>\n<meta name=\"robots\" content=\"index, follow, max-snippet:-1, max-image-preview:large, max-video-preview:-1\" \/>\n<link rel=\"canonical\" href=\"https:\/\/teterete.com\/mx\/producto\/funda-cojin-bayalemo\/\" \/>\n<meta property=\"og:locale\" content=\"es_ES\" \/>\n<meta property=\"og:type\" content=\"article\" \/>\n<meta property=\"og:title\" content=\"Funda Coj\u00edn Bayalemo -\" \/>\n<meta property=\"og:description\" content=\"La funda para coj\u00edn Bayalemo est\u00e1 tejido en telar de cintura con algod\u00f3n, por artesanas de Bayalemo que se ubica en San Andr\u00e9s Larr\u00e1inzar, Chiapas. Las tejedoras elaboran la tela con dise\u00f1os de cuadros que implica gran complejidad de la t\u00e9cnica, al terminar la tela le dan un acabado fino con diferentes uniones y detalles.\" \/>\n<meta property=\"og:url\" content=\"https:\/\/teterete.com\/mx\/producto\/funda-cojin-bayalemo\/\" \/>\n<meta property=\"article:publisher\" content=\"https:\/\/www.facebook.com\/TetereteHome\/\" \/>\n<meta property=\"article:modified_time\" content=\"2024-08-28T23:57:20+00:00\" \/>\n<meta property=\"og:image\" content=\"https:\/\/teterete.com\/mx\/wp-content\/uploads\/2022\/09\/Unknown-21.jpeg\" \/>\n\t<meta property=\"og:image:width\" content=\"798\" \/>\n\t<meta property=\"og:image:height\" content=\"798\" \/>\n\t<meta property=\"og:image:type\" content=\"image\/jpeg\" \/>\n<meta name=\"twitter:card\" content=\"summary_large_image\" \/>\n<meta name=\"twitter:site\" content=\"@Teterete_Home\" \/>\n<script type=\"application\/ld+json\" class=\"yoast-schema-graph\">{\"@context\":\"https:\\\/\\\/schema.org\",\"@graph\":[{\"@type\":\"WebPage\",\"@id\":\"https:\\\/\\\/teterete.com\\\/mx\\\/producto\\\/funda-cojin-bayalemo\\\/\",\"url\":\"https:\\\/\\\/teterete.com\\\/mx\\\/producto\\\/funda-cojin-bayalemo\\\/\",\"name\":\"Funda Coj\u00edn Bayalemo -\",\"isPartOf\":{\"@id\":\"https:\\\/\\\/teterete.com\\\/mx\\\/#website\"},\"primaryImageOfPage\":{\"@id\":\"https:\\\/\\\/teterete.com\\\/mx\\\/producto\\\/funda-cojin-bayalemo\\\/#primaryimage\"},\"image\":{\"@id\":\"https:\\\/\\\/teterete.com\\\/mx\\\/producto\\\/funda-cojin-bayalemo\\\/#primaryimage\"},\"thumbnailUrl\":\"https:\\\/\\\/teterete.com\\\/mx\\\/wp-content\\\/uploads\\\/2022\\\/09\\\/Unknown-21.jpeg\",\"datePublished\":\"2022-09-02T18:43:21+00:00\",\"dateModified\":\"2024-08-28T23:57:20+00:00\",\"breadcrumb\":{\"@id\":\"https:\\\/\\\/teterete.com\\\/mx\\\/producto\\\/funda-cojin-bayalemo\\\/#breadcrumb\"},\"inLanguage\":\"es\",\"potentialAction\":[{\"@type\":\"ReadAction\",\"target\":[\"https:\\\/\\\/teterete.com\\\/mx\\\/producto\\\/funda-cojin-bayalemo\\\/\"]}]},{\"@type\":\"ImageObject\",\"inLanguage\":\"es\",\"@id\":\"https:\\\/\\\/teterete.com\\\/mx\\\/producto\\\/funda-cojin-bayalemo\\\/#primaryimage\",\"url\":\"https:\\\/\\\/teterete.com\\\/mx\\\/wp-content\\\/uploads\\\/2022\\\/09\\\/Unknown-21.jpeg\",\"contentUrl\":\"https:\\\/\\\/teterete.com\\\/mx\\\/wp-content\\\/uploads\\\/2022\\\/09\\\/Unknown-21.jpeg\",\"width\":\"798\",\"height\":\"798\"},{\"@type\":\"BreadcrumbList\",\"@id\":\"https:\\\/\\\/teterete.com\\\/mx\\\/producto\\\/funda-cojin-bayalemo\\\/#breadcrumb\",\"itemListElement\":[{\"@type\":\"ListItem\",\"position\":1,\"name\":\"Home\",\"item\":\"https:\\\/\\\/teterete.com\\\/mx\\\/\"},{\"@type\":\"ListItem\",\"position\":2,\"name\":\"Productos\",\"item\":\"https:\\\/\\\/teterete.com\\\/mx\\\/shop\\\/\"},{\"@type\":\"ListItem\",\"position\":3,\"name\":\"Funda Coj\u00edn Bayalemo\"}]},{\"@type\":\"WebSite\",\"@id\":\"https:\\\/\\\/teterete.com\\\/mx\\\/#website\",\"url\":\"https:\\\/\\\/teterete.com\\\/mx\\\/\",\"name\":\"\",\"description\":\"Tienda en L\u00ednea de Fina Artesanias y Dise\u00f1o Mexicano. Bellas piezas elaboradas a mano por los mejores artesanos del pa\u00eds as\u00ed como piezas de dise\u00f1o y decoraci\u00f3n con inspiraci\u00f3n artesanal.\",\"potentialAction\":[{\"@type\":\"SearchAction\",\"target\":{\"@type\":\"EntryPoint\",\"urlTemplate\":\"https:\\\/\\\/teterete.com\\\/mx\\\/?s={search_term_string}\"},\"query-input\":{\"@type\":\"PropertyValueSpecification\",\"valueRequired\":true,\"valueName\":\"search_term_string\"}}],\"inLanguage\":\"es\"}]}<\/script>\n<!-- \/ Yoast SEO plugin. -->","yoast_head_json":{"title":"Funda Coj\u00edn Bayalemo -","robots":{"index":"index","follow":"follow","max-snippet":"max-snippet:-1","max-image-preview":"max-image-preview:large","max-video-preview":"max-video-preview:-1"},"canonical":"https:\/\/teterete.com\/mx\/producto\/funda-cojin-bayalemo\/","og_locale":"es_ES","og_type":"article","og_title":"Funda Coj\u00edn Bayalemo -","og_description":"La funda para coj\u00edn Bayalemo est\u00e1 tejido en telar de cintura con algod\u00f3n, por artesanas de Bayalemo que se ubica en San Andr\u00e9s Larr\u00e1inzar, Chiapas. Las tejedoras elaboran la tela con dise\u00f1os de cuadros que implica gran complejidad de la t\u00e9cnica, al terminar la tela le dan un acabado fino con diferentes uniones y detalles.","og_url":"https:\/\/teterete.com\/mx\/producto\/funda-cojin-bayalemo\/","article_publisher":"https:\/\/www.facebook.com\/TetereteHome\/","article_modified_time":"2024-08-28T23:57:20+00:00","og_image":[{"width":798,"height":798,"url":"https:\/\/teterete.com\/mx\/wp-content\/uploads\/2022\/09\/Unknown-21.jpeg","type":"image\/jpeg"}],"twitter_card":"summary_large_image","twitter_site":"@Teterete_Home","schema":{"@context":"https:\/\/schema.org","@graph":[{"@type":"WebPage","@id":"https:\/\/teterete.com\/mx\/producto\/funda-cojin-bayalemo\/","url":"https:\/\/teterete.com\/mx\/producto\/funda-cojin-bayalemo\/","name":"Funda Coj\u00edn Bayalemo -","isPartOf":{"@id":"https:\/\/teterete.com\/mx\/#website"},"primaryImageOfPage":{"@id":"https:\/\/teterete.com\/mx\/producto\/funda-cojin-bayalemo\/#primaryimage"},"image":{"@id":"https:\/\/teterete.com\/mx\/producto\/funda-cojin-bayalemo\/#primaryimage"},"thumbnailUrl":"https:\/\/teterete.com\/mx\/wp-content\/uploads\/2022\/09\/Unknown-21.jpeg","datePublished":"2022-09-02T18:43:21+00:00","dateModified":"2024-08-28T23:57:20+00:00","breadcrumb":{"@id":"https:\/\/teterete.com\/mx\/producto\/funda-cojin-bayalemo\/#breadcrumb"},"inLanguage":"es","potentialAction":[{"@type":"ReadAction","target":["https:\/\/teterete.com\/mx\/producto\/funda-cojin-bayalemo\/"]}]},{"@type":"ImageObject","inLanguage":"es","@id":"https:\/\/teterete.com\/mx\/producto\/funda-cojin-bayalemo\/#primaryimage","url":"https:\/\/teterete.com\/mx\/wp-content\/uploads\/2022\/09\/Unknown-21.jpeg","contentUrl":"https:\/\/teterete.com\/mx\/wp-content\/uploads\/2022\/09\/Unknown-21.jpeg","width":"798","height":"798"},{"@type":"BreadcrumbList","@id":"https:\/\/teterete.com\/mx\/producto\/funda-cojin-bayalemo\/#breadcrumb","itemListElement":[{"@type":"ListItem","position":1,"name":"Home","item":"https:\/\/teterete.com\/mx\/"},{"@type":"ListItem","position":2,"name":"Productos","item":"https:\/\/teterete.com\/mx\/shop\/"},{"@type":"ListItem","position":3,"name":"Funda Coj\u00edn Bayalemo"}]},{"@type":"WebSite","@id":"https:\/\/teterete.com\/mx\/#website","url":"https:\/\/teterete.com\/mx\/","name":"","description":"Tienda en L\u00ednea de Fina Artesanias y Dise\u00f1o Mexicano. Bellas piezas elaboradas a mano por los mejores artesanos del pa\u00eds as\u00ed como piezas de dise\u00f1o y decoraci\u00f3n con inspiraci\u00f3n artesanal.","potentialAction":[{"@type":"SearchAction","target":{"@type":"EntryPoint","urlTemplate":"https:\/\/teterete.com\/mx\/?s={search_term_string}"},"query-input":{"@type":"PropertyValueSpecification","valueRequired":true,"valueName":"search_term_string"}}],"inLanguage":"es"}]}},"_links":{"self":[{"href":"https:\/\/teterete.com\/mx\/wp-json\/wp\/v2\/product\/10686","targetHints":{"allow":["GET"]}}],"collection":[{"href":"https:\/\/teterete.com\/mx\/wp-json\/wp\/v2\/product"}],"about":[{"href":"https:\/\/teterete.com\/mx\/wp-json\/wp\/v2\/types\/product"}],"replies":[{"embeddable":true,"href":"https:\/\/teterete.com\/mx\/wp-json\/wp\/v2\/comments?post=10686"}],"wp:featuredmedia":[{"embeddable":true,"href":"https:\/\/teterete.com\/mx\/wp-json\/wp\/v2\/media\/10687"}],"wp:attachment":[{"href":"https:\/\/teterete.com\/mx\/wp-json\/wp\/v2\/media?parent=10686"}],"wp:term":[{"taxonomy":"product_brand","embeddable":true,"href":"https:\/\/teterete.com\/mx\/wp-json\/wp\/v2\/product_brand?post=10686"},{"taxonomy":"product_cat","embeddable":true,"href":"https:\/\/teterete.com\/mx\/wp-json\/wp\/v2\/product_cat?post=10686"},{"taxonomy":"product_tag","embeddable":true,"href":"https:\/\/teterete.com\/mx\/wp-json\/wp\/v2\/product_tag?post=10686"}],"curies":[{"name":"wp","href":"https:\/\/api.w.org\/{rel}","templated":true}]}}