{"id":10692,"date":"2022-09-03T13:19:54","date_gmt":"2022-09-03T13:19:54","guid":{"rendered":"https:\/\/teterete.com\/mx\/?post_type=product&#038;p=10692"},"modified":"2024-08-28T23:56:18","modified_gmt":"2024-08-28T23:56:18","slug":"cojin-artesanal-manuela-cafe","status":"publish","type":"product","link":"https:\/\/teterete.com\/mx\/producto\/cojin-artesanal-manuela-cafe\/","title":{"rendered":"Coj\u00edn Artesanal Manuela Caf\u00e9"},"content":{"rendered":"\n<p>Lavado a mano con la pieza al rev\u00e9s, secado sin exponer al sol.<\/p>\n\n\n\n<p>T\u00e9cnica: Telar de cintura<br>Material: Algod\u00f3n<br>Color: Blanco\/Caf\u00e9<br>Medidas: Largo: 40 cm, ancho: 40 cm<\/p>\n","protected":false},"excerpt":{"rendered":"<p>La funda para coj\u00edn \u201cManuela\u201d est\u00e1 tejido en telar de cintura con algod\u00f3n, por artesanas de la zona Tzotzill en Chiapas. Las tejedoras elaboran la tela con dise\u00f1os que representan su cosmovisi\u00f3n e implica gran complejidad en la t\u00e9cnica, al terminar la tela le dan un acabado fino con diferentes uniones y detalles.<\/p>\n","protected":false},"featured_media":10694,"comment_status":"open","ping_status":"closed","template":"","meta":{"sfsi_plus_gutenberg_text_before_share":"","sfsi_plus_gutenberg_show_text_before_share":"","sfsi_plus_gutenberg_icon_type":"","sfsi_plus_gutenberg_icon_alignemt":"","sfsi_plus_gutenburg_max_per_row":""},"product_cat":[2166,210,336],"product_tag":[2155,289,2309,310],"acf":[],"yoast_head":"<!-- This site is optimized with the Yoast SEO plugin v23.5 - https:\/\/yoast.com\/wordpress\/plugins\/seo\/ -->\n<title>Coj\u00edn Artesanal Manuela Caf\u00e9 -<\/title>\n<meta name=\"robots\" content=\"index, follow, max-snippet:-1, max-image-preview:large, max-video-preview:-1\" \/>\n<link rel=\"canonical\" href=\"https:\/\/teterete.com\/mx\/producto\/cojin-artesanal-manuela-cafe\/\" \/>\n<meta property=\"og:locale\" content=\"es_ES\" \/>\n<meta property=\"og:type\" content=\"article\" \/>\n<meta property=\"og:title\" content=\"Coj\u00edn Artesanal Manuela Caf\u00e9 -\" \/>\n<meta property=\"og:description\" content=\"La funda para coj\u00edn \u201cManuela\u201d est\u00e1 tejido en telar de cintura con algod\u00f3n, por artesanas de la zona Tzotzill en Chiapas. Las tejedoras elaboran la tela con dise\u00f1os que representan su cosmovisi\u00f3n e implica gran complejidad en la t\u00e9cnica, al terminar la tela le dan un acabado fino con diferentes uniones y detalles.\" \/>\n<meta property=\"og:url\" content=\"https:\/\/teterete.com\/mx\/producto\/cojin-artesanal-manuela-cafe\/\" \/>\n<meta property=\"article:publisher\" content=\"https:\/\/www.facebook.com\/TetereteHome\/\" \/>\n<meta property=\"article:modified_time\" content=\"2024-08-28T23:56:18+00:00\" \/>\n<meta property=\"og:image\" content=\"https:\/\/teterete.com\/mx\/wp-content\/uploads\/2022\/09\/cojin-bordado-cafe.jpeg\" \/>\n\t<meta property=\"og:image:width\" content=\"682\" \/>\n\t<meta property=\"og:image:height\" content=\"682\" \/>\n\t<meta property=\"og:image:type\" content=\"image\/jpeg\" \/>\n<meta name=\"twitter:card\" content=\"summary_large_image\" \/>\n<meta name=\"twitter:site\" content=\"@Teterete_Home\" \/>\n<script type=\"application\/ld+json\" class=\"yoast-schema-graph\">{\"@context\":\"https:\/\/schema.org\",\"@graph\":[{\"@type\":\"WebPage\",\"@id\":\"https:\/\/teterete.com\/mx\/producto\/cojin-artesanal-manuela-cafe\/\",\"url\":\"https:\/\/teterete.com\/mx\/producto\/cojin-artesanal-manuela-cafe\/\",\"name\":\"Coj\u00edn Artesanal Manuela Caf\u00e9 -\",\"isPartOf\":{\"@id\":\"https:\/\/teterete.com\/mx\/#website\"},\"primaryImageOfPage\":{\"@id\":\"https:\/\/teterete.com\/mx\/producto\/cojin-artesanal-manuela-cafe\/#primaryimage\"},\"image\":{\"@id\":\"https:\/\/teterete.com\/mx\/producto\/cojin-artesanal-manuela-cafe\/#primaryimage\"},\"thumbnailUrl\":\"https:\/\/teterete.com\/mx\/wp-content\/uploads\/2022\/09\/cojin-bordado-cafe.jpeg\",\"datePublished\":\"2022-09-03T13:19:54+00:00\",\"dateModified\":\"2024-08-28T23:56:18+00:00\",\"breadcrumb\":{\"@id\":\"https:\/\/teterete.com\/mx\/producto\/cojin-artesanal-manuela-cafe\/#breadcrumb\"},\"inLanguage\":\"es\",\"potentialAction\":[{\"@type\":\"ReadAction\",\"target\":[\"https:\/\/teterete.com\/mx\/producto\/cojin-artesanal-manuela-cafe\/\"]}]},{\"@type\":\"ImageObject\",\"inLanguage\":\"es\",\"@id\":\"https:\/\/teterete.com\/mx\/producto\/cojin-artesanal-manuela-cafe\/#primaryimage\",\"url\":\"https:\/\/teterete.com\/mx\/wp-content\/uploads\/2022\/09\/cojin-bordado-cafe.jpeg\",\"contentUrl\":\"https:\/\/teterete.com\/mx\/wp-content\/uploads\/2022\/09\/cojin-bordado-cafe.jpeg\",\"width\":\"682\",\"height\":\"682\"},{\"@type\":\"BreadcrumbList\",\"@id\":\"https:\/\/teterete.com\/mx\/producto\/cojin-artesanal-manuela-cafe\/#breadcrumb\",\"itemListElement\":[{\"@type\":\"ListItem\",\"position\":1,\"name\":\"Home\",\"item\":\"https:\/\/teterete.com\/mx\/\"},{\"@type\":\"ListItem\",\"position\":2,\"name\":\"Productos\",\"item\":\"https:\/\/teterete.com\/mx\/shop\/\"},{\"@type\":\"ListItem\",\"position\":3,\"name\":\"Coj\u00edn Artesanal Manuela Caf\u00e9\"}]},{\"@type\":\"WebSite\",\"@id\":\"https:\/\/teterete.com\/mx\/#website\",\"url\":\"https:\/\/teterete.com\/mx\/\",\"name\":\"\",\"description\":\"Tienda en L\u00ednea de Fina Artesanias y Dise\u00f1o Mexicano. Bellas piezas elaboradas a mano por los mejores artesanos del pa\u00eds as\u00ed como piezas de dise\u00f1o y decoraci\u00f3n con inspiraci\u00f3n artesanal.\",\"potentialAction\":[{\"@type\":\"SearchAction\",\"target\":{\"@type\":\"EntryPoint\",\"urlTemplate\":\"https:\/\/teterete.com\/mx\/?s={search_term_string}\"},\"query-input\":{\"@type\":\"PropertyValueSpecification\",\"valueRequired\":true,\"valueName\":\"search_term_string\"}}],\"inLanguage\":\"es\"}]}<\/script>\n<!-- \/ Yoast SEO plugin. -->","yoast_head_json":{"title":"Coj\u00edn Artesanal Manuela Caf\u00e9 -","robots":{"index":"index","follow":"follow","max-snippet":"max-snippet:-1","max-image-preview":"max-image-preview:large","max-video-preview":"max-video-preview:-1"},"canonical":"https:\/\/teterete.com\/mx\/producto\/cojin-artesanal-manuela-cafe\/","og_locale":"es_ES","og_type":"article","og_title":"Coj\u00edn Artesanal Manuela Caf\u00e9 -","og_description":"La funda para coj\u00edn \u201cManuela\u201d est\u00e1 tejido en telar de cintura con algod\u00f3n, por artesanas de la zona Tzotzill en Chiapas. Las tejedoras elaboran la tela con dise\u00f1os que representan su cosmovisi\u00f3n e implica gran complejidad en la t\u00e9cnica, al terminar la tela le dan un acabado fino con diferentes uniones y detalles.","og_url":"https:\/\/teterete.com\/mx\/producto\/cojin-artesanal-manuela-cafe\/","article_publisher":"https:\/\/www.facebook.com\/TetereteHome\/","article_modified_time":"2024-08-28T23:56:18+00:00","og_image":[{"width":682,"height":682,"url":"https:\/\/teterete.com\/mx\/wp-content\/uploads\/2022\/09\/cojin-bordado-cafe.jpeg","type":"image\/jpeg"}],"twitter_card":"summary_large_image","twitter_site":"@Teterete_Home","schema":{"@context":"https:\/\/schema.org","@graph":[{"@type":"WebPage","@id":"https:\/\/teterete.com\/mx\/producto\/cojin-artesanal-manuela-cafe\/","url":"https:\/\/teterete.com\/mx\/producto\/cojin-artesanal-manuela-cafe\/","name":"Coj\u00edn Artesanal Manuela Caf\u00e9 -","isPartOf":{"@id":"https:\/\/teterete.com\/mx\/#website"},"primaryImageOfPage":{"@id":"https:\/\/teterete.com\/mx\/producto\/cojin-artesanal-manuela-cafe\/#primaryimage"},"image":{"@id":"https:\/\/teterete.com\/mx\/producto\/cojin-artesanal-manuela-cafe\/#primaryimage"},"thumbnailUrl":"https:\/\/teterete.com\/mx\/wp-content\/uploads\/2022\/09\/cojin-bordado-cafe.jpeg","datePublished":"2022-09-03T13:19:54+00:00","dateModified":"2024-08-28T23:56:18+00:00","breadcrumb":{"@id":"https:\/\/teterete.com\/mx\/producto\/cojin-artesanal-manuela-cafe\/#breadcrumb"},"inLanguage":"es","potentialAction":[{"@type":"ReadAction","target":["https:\/\/teterete.com\/mx\/producto\/cojin-artesanal-manuela-cafe\/"]}]},{"@type":"ImageObject","inLanguage":"es","@id":"https:\/\/teterete.com\/mx\/producto\/cojin-artesanal-manuela-cafe\/#primaryimage","url":"https:\/\/teterete.com\/mx\/wp-content\/uploads\/2022\/09\/cojin-bordado-cafe.jpeg","contentUrl":"https:\/\/teterete.com\/mx\/wp-content\/uploads\/2022\/09\/cojin-bordado-cafe.jpeg","width":"682","height":"682"},{"@type":"BreadcrumbList","@id":"https:\/\/teterete.com\/mx\/producto\/cojin-artesanal-manuela-cafe\/#breadcrumb","itemListElement":[{"@type":"ListItem","position":1,"name":"Home","item":"https:\/\/teterete.com\/mx\/"},{"@type":"ListItem","position":2,"name":"Productos","item":"https:\/\/teterete.com\/mx\/shop\/"},{"@type":"ListItem","position":3,"name":"Coj\u00edn Artesanal Manuela Caf\u00e9"}]},{"@type":"WebSite","@id":"https:\/\/teterete.com\/mx\/#website","url":"https:\/\/teterete.com\/mx\/","name":"","description":"Tienda en L\u00ednea de Fina Artesanias y Dise\u00f1o Mexicano. Bellas piezas elaboradas a mano por los mejores artesanos del pa\u00eds as\u00ed como piezas de dise\u00f1o y decoraci\u00f3n con inspiraci\u00f3n artesanal.","potentialAction":[{"@type":"SearchAction","target":{"@type":"EntryPoint","urlTemplate":"https:\/\/teterete.com\/mx\/?s={search_term_string}"},"query-input":{"@type":"PropertyValueSpecification","valueRequired":true,"valueName":"search_term_string"}}],"inLanguage":"es"}]}},"_links":{"self":[{"href":"https:\/\/teterete.com\/mx\/wp-json\/wp\/v2\/product\/10692"}],"collection":[{"href":"https:\/\/teterete.com\/mx\/wp-json\/wp\/v2\/product"}],"about":[{"href":"https:\/\/teterete.com\/mx\/wp-json\/wp\/v2\/types\/product"}],"replies":[{"embeddable":true,"href":"https:\/\/teterete.com\/mx\/wp-json\/wp\/v2\/comments?post=10692"}],"wp:featuredmedia":[{"embeddable":true,"href":"https:\/\/teterete.com\/mx\/wp-json\/wp\/v2\/media\/10694"}],"wp:attachment":[{"href":"https:\/\/teterete.com\/mx\/wp-json\/wp\/v2\/media?parent=10692"}],"wp:term":[{"taxonomy":"product_cat","embeddable":true,"href":"https:\/\/teterete.com\/mx\/wp-json\/wp\/v2\/product_cat?post=10692"},{"taxonomy":"product_tag","embeddable":true,"href":"https:\/\/teterete.com\/mx\/wp-json\/wp\/v2\/product_tag?post=10692"}],"curies":[{"name":"wp","href":"https:\/\/api.w.org\/{rel}","templated":true}]}}