{"id":10695,"date":"2022-09-03T13:34:11","date_gmt":"2022-09-03T13:34:11","guid":{"rendered":"https:\/\/teterete.com\/mx\/?post_type=product&#038;p=10695"},"modified":"2024-08-29T19:00:03","modified_gmt":"2024-08-29T19:00:03","slug":"manta-artesanal-lago","status":"publish","type":"product","link":"https:\/\/teterete.com\/mx\/producto\/manta-artesanal-lago\/","title":{"rendered":"Manta Artesanal Lago"},"content":{"rendered":"\n<p>Cuidados: Lavar a m\u00e1quina con agua fr\u00eda. Secar a m\u00e1quina en temperatura media. Plancha a temperatura media si es necesario. Lavado en seco. No usar blanqueador.<br>Organizaci\u00f3n Aliada: CANDOR<br>Dise\u00f1ador: Fernanda Mereles<\/p>\n\n\n\n<p>Material: Algod\u00f3n<br>Color: Camel<br>Medidas: 1.70 x 1.30m<\/p>\n","protected":false},"excerpt":{"rendered":"<p>Manta decorativa tejida en telar de pedales y anudada a mano. Hecha con 100% algod\u00f3n peinado te\u00f1ido e hilado industrial. Esta pieza esta tejida en varios lienzos, con dos tejidos diferentes, los cuales se unen a mano por medio de nudos con el cuidado de unir los lienzos a la misma distancia.<\/p>\n<p>Finalmente se refuerzan estas uniones con costura recta para la durabilidad de la prenda. El proceso de urdido, enrollado, abetille y tejido toma alrededor de 6 horas por pieza, mientras el anudado toma aproximadamente 5 horas, m\u00e1s el tiempo que conlleva el corte, costura, control de calidad, gesti\u00f3n y aprendizaje que tiene la pieza.<\/p>\n<p>Esta pieza puede ser usada como manta decorativa en el sof\u00e1, al pie de la cama o como un tejido decorativo para la pared.<\/p>\n","protected":false},"featured_media":10699,"comment_status":"open","ping_status":"closed","template":"","meta":{"_acf_changed":false,"sfsi_plus_gutenberg_text_before_share":"","sfsi_plus_gutenberg_show_text_before_share":"","sfsi_plus_gutenberg_icon_type":"","sfsi_plus_gutenberg_icon_alignemt":"","sfsi_plus_gutenburg_max_per_row":""},"product_brand":[],"product_cat":[337,1515,2166,350],"product_tag":[232,841,2311,2312,223],"class_list":{"0":"post-10695","1":"product","2":"type-product","3":"status-publish","4":"has-post-thumbnail","6":"product_cat-cubrecama","7":"product_cat-decoracion-pared","8":"product_cat-ensamble-artesano","9":"product_cat-piezas-unicas","10":"product_tag-decoracion-mexicana","11":"product_tag-manta-artesanal","12":"product_tag-manta-tejida-a-mano","13":"product_tag-teterete-decor","14":"product_tag-textiles-mexicanos","15":"product_shipping_class-standard","17":"first","18":"instock","19":"taxable","20":"shipping-taxable","21":"purchasable","22":"product-type-simple"},"acf":[],"yoast_head":"<!-- This site is optimized with the Yoast SEO plugin v27.5 - https:\/\/yoast.com\/product\/yoast-seo-wordpress\/ -->\n<title>Manta Artesanal Lago -<\/title>\n<meta name=\"robots\" content=\"index, follow, max-snippet:-1, max-image-preview:large, max-video-preview:-1\" \/>\n<link rel=\"canonical\" href=\"https:\/\/teterete.com\/mx\/producto\/manta-artesanal-lago\/\" \/>\n<meta property=\"og:locale\" content=\"es_ES\" \/>\n<meta property=\"og:type\" content=\"article\" \/>\n<meta property=\"og:title\" content=\"Manta Artesanal Lago -\" \/>\n<meta property=\"og:description\" content=\"Manta decorativa tejida en telar de pedales y anudada a mano. Hecha con 100% algod\u00f3n peinado te\u00f1ido e hilado industrial. Esta pieza esta tejida en varios lienzos, con dos tejidos diferentes, los cuales se unen a mano por medio de nudos con el cuidado de unir los lienzos a la misma distancia.  Finalmente se refuerzan estas uniones con costura recta para la durabilidad de la prenda. El proceso de urdido, enrollado, abetille y tejido toma alrededor de 6 horas por pieza, mientras el anudado toma aproximadamente 5 horas, m\u00e1s el tiempo que conlleva el corte, costura, control de calidad, gesti\u00f3n y aprendizaje que tiene la pieza.  Esta pieza puede ser usada como manta decorativa en el sof\u00e1, al pie de la cama o como un tejido decorativo para la pared.\" \/>\n<meta property=\"og:url\" content=\"https:\/\/teterete.com\/mx\/producto\/manta-artesanal-lago\/\" \/>\n<meta property=\"article:publisher\" content=\"https:\/\/www.facebook.com\/TetereteHome\/\" \/>\n<meta property=\"article:modified_time\" content=\"2024-08-29T19:00:03+00:00\" \/>\n<meta property=\"og:image\" content=\"https:\/\/teterete.com\/mx\/wp-content\/uploads\/2022\/09\/manta-lago.jpeg\" \/>\n\t<meta property=\"og:image:width\" content=\"936\" \/>\n\t<meta property=\"og:image:height\" content=\"936\" \/>\n\t<meta property=\"og:image:type\" content=\"image\/jpeg\" \/>\n<meta name=\"twitter:card\" content=\"summary_large_image\" \/>\n<meta name=\"twitter:site\" content=\"@Teterete_Home\" \/>\n<script type=\"application\/ld+json\" class=\"yoast-schema-graph\">{\"@context\":\"https:\\\/\\\/schema.org\",\"@graph\":[{\"@type\":\"WebPage\",\"@id\":\"https:\\\/\\\/teterete.com\\\/mx\\\/producto\\\/manta-artesanal-lago\\\/\",\"url\":\"https:\\\/\\\/teterete.com\\\/mx\\\/producto\\\/manta-artesanal-lago\\\/\",\"name\":\"Manta Artesanal Lago -\",\"isPartOf\":{\"@id\":\"https:\\\/\\\/teterete.com\\\/mx\\\/#website\"},\"primaryImageOfPage\":{\"@id\":\"https:\\\/\\\/teterete.com\\\/mx\\\/producto\\\/manta-artesanal-lago\\\/#primaryimage\"},\"image\":{\"@id\":\"https:\\\/\\\/teterete.com\\\/mx\\\/producto\\\/manta-artesanal-lago\\\/#primaryimage\"},\"thumbnailUrl\":\"https:\\\/\\\/teterete.com\\\/mx\\\/wp-content\\\/uploads\\\/2022\\\/09\\\/manta-lago.jpeg\",\"datePublished\":\"2022-09-03T13:34:11+00:00\",\"dateModified\":\"2024-08-29T19:00:03+00:00\",\"breadcrumb\":{\"@id\":\"https:\\\/\\\/teterete.com\\\/mx\\\/producto\\\/manta-artesanal-lago\\\/#breadcrumb\"},\"inLanguage\":\"es\",\"potentialAction\":[{\"@type\":\"ReadAction\",\"target\":[\"https:\\\/\\\/teterete.com\\\/mx\\\/producto\\\/manta-artesanal-lago\\\/\"]}]},{\"@type\":\"ImageObject\",\"inLanguage\":\"es\",\"@id\":\"https:\\\/\\\/teterete.com\\\/mx\\\/producto\\\/manta-artesanal-lago\\\/#primaryimage\",\"url\":\"https:\\\/\\\/teterete.com\\\/mx\\\/wp-content\\\/uploads\\\/2022\\\/09\\\/manta-lago.jpeg\",\"contentUrl\":\"https:\\\/\\\/teterete.com\\\/mx\\\/wp-content\\\/uploads\\\/2022\\\/09\\\/manta-lago.jpeg\",\"width\":\"936\",\"height\":\"936\",\"caption\":\"Manta Lago Artesanal\"},{\"@type\":\"BreadcrumbList\",\"@id\":\"https:\\\/\\\/teterete.com\\\/mx\\\/producto\\\/manta-artesanal-lago\\\/#breadcrumb\",\"itemListElement\":[{\"@type\":\"ListItem\",\"position\":1,\"name\":\"Home\",\"item\":\"https:\\\/\\\/teterete.com\\\/mx\\\/\"},{\"@type\":\"ListItem\",\"position\":2,\"name\":\"Productos\",\"item\":\"https:\\\/\\\/teterete.com\\\/mx\\\/shop\\\/\"},{\"@type\":\"ListItem\",\"position\":3,\"name\":\"Manta Artesanal Lago\"}]},{\"@type\":\"WebSite\",\"@id\":\"https:\\\/\\\/teterete.com\\\/mx\\\/#website\",\"url\":\"https:\\\/\\\/teterete.com\\\/mx\\\/\",\"name\":\"\",\"description\":\"Tienda en L\u00ednea de Fina Artesanias y Dise\u00f1o Mexicano. Bellas piezas elaboradas a mano por los mejores artesanos del pa\u00eds as\u00ed como piezas de dise\u00f1o y decoraci\u00f3n con inspiraci\u00f3n artesanal.\",\"potentialAction\":[{\"@type\":\"SearchAction\",\"target\":{\"@type\":\"EntryPoint\",\"urlTemplate\":\"https:\\\/\\\/teterete.com\\\/mx\\\/?s={search_term_string}\"},\"query-input\":{\"@type\":\"PropertyValueSpecification\",\"valueRequired\":true,\"valueName\":\"search_term_string\"}}],\"inLanguage\":\"es\"}]}<\/script>\n<!-- \/ Yoast SEO plugin. -->","yoast_head_json":{"title":"Manta Artesanal Lago -","robots":{"index":"index","follow":"follow","max-snippet":"max-snippet:-1","max-image-preview":"max-image-preview:large","max-video-preview":"max-video-preview:-1"},"canonical":"https:\/\/teterete.com\/mx\/producto\/manta-artesanal-lago\/","og_locale":"es_ES","og_type":"article","og_title":"Manta Artesanal Lago -","og_description":"Manta decorativa tejida en telar de pedales y anudada a mano. Hecha con 100% algod\u00f3n peinado te\u00f1ido e hilado industrial. Esta pieza esta tejida en varios lienzos, con dos tejidos diferentes, los cuales se unen a mano por medio de nudos con el cuidado de unir los lienzos a la misma distancia.  Finalmente se refuerzan estas uniones con costura recta para la durabilidad de la prenda. El proceso de urdido, enrollado, abetille y tejido toma alrededor de 6 horas por pieza, mientras el anudado toma aproximadamente 5 horas, m\u00e1s el tiempo que conlleva el corte, costura, control de calidad, gesti\u00f3n y aprendizaje que tiene la pieza.  Esta pieza puede ser usada como manta decorativa en el sof\u00e1, al pie de la cama o como un tejido decorativo para la pared.","og_url":"https:\/\/teterete.com\/mx\/producto\/manta-artesanal-lago\/","article_publisher":"https:\/\/www.facebook.com\/TetereteHome\/","article_modified_time":"2024-08-29T19:00:03+00:00","og_image":[{"width":936,"height":936,"url":"https:\/\/teterete.com\/mx\/wp-content\/uploads\/2022\/09\/manta-lago.jpeg","type":"image\/jpeg"}],"twitter_card":"summary_large_image","twitter_site":"@Teterete_Home","schema":{"@context":"https:\/\/schema.org","@graph":[{"@type":"WebPage","@id":"https:\/\/teterete.com\/mx\/producto\/manta-artesanal-lago\/","url":"https:\/\/teterete.com\/mx\/producto\/manta-artesanal-lago\/","name":"Manta Artesanal Lago -","isPartOf":{"@id":"https:\/\/teterete.com\/mx\/#website"},"primaryImageOfPage":{"@id":"https:\/\/teterete.com\/mx\/producto\/manta-artesanal-lago\/#primaryimage"},"image":{"@id":"https:\/\/teterete.com\/mx\/producto\/manta-artesanal-lago\/#primaryimage"},"thumbnailUrl":"https:\/\/teterete.com\/mx\/wp-content\/uploads\/2022\/09\/manta-lago.jpeg","datePublished":"2022-09-03T13:34:11+00:00","dateModified":"2024-08-29T19:00:03+00:00","breadcrumb":{"@id":"https:\/\/teterete.com\/mx\/producto\/manta-artesanal-lago\/#breadcrumb"},"inLanguage":"es","potentialAction":[{"@type":"ReadAction","target":["https:\/\/teterete.com\/mx\/producto\/manta-artesanal-lago\/"]}]},{"@type":"ImageObject","inLanguage":"es","@id":"https:\/\/teterete.com\/mx\/producto\/manta-artesanal-lago\/#primaryimage","url":"https:\/\/teterete.com\/mx\/wp-content\/uploads\/2022\/09\/manta-lago.jpeg","contentUrl":"https:\/\/teterete.com\/mx\/wp-content\/uploads\/2022\/09\/manta-lago.jpeg","width":"936","height":"936","caption":"Manta Lago Artesanal"},{"@type":"BreadcrumbList","@id":"https:\/\/teterete.com\/mx\/producto\/manta-artesanal-lago\/#breadcrumb","itemListElement":[{"@type":"ListItem","position":1,"name":"Home","item":"https:\/\/teterete.com\/mx\/"},{"@type":"ListItem","position":2,"name":"Productos","item":"https:\/\/teterete.com\/mx\/shop\/"},{"@type":"ListItem","position":3,"name":"Manta Artesanal Lago"}]},{"@type":"WebSite","@id":"https:\/\/teterete.com\/mx\/#website","url":"https:\/\/teterete.com\/mx\/","name":"","description":"Tienda en L\u00ednea de Fina Artesanias y Dise\u00f1o Mexicano. Bellas piezas elaboradas a mano por los mejores artesanos del pa\u00eds as\u00ed como piezas de dise\u00f1o y decoraci\u00f3n con inspiraci\u00f3n artesanal.","potentialAction":[{"@type":"SearchAction","target":{"@type":"EntryPoint","urlTemplate":"https:\/\/teterete.com\/mx\/?s={search_term_string}"},"query-input":{"@type":"PropertyValueSpecification","valueRequired":true,"valueName":"search_term_string"}}],"inLanguage":"es"}]}},"_links":{"self":[{"href":"https:\/\/teterete.com\/mx\/wp-json\/wp\/v2\/product\/10695","targetHints":{"allow":["GET"]}}],"collection":[{"href":"https:\/\/teterete.com\/mx\/wp-json\/wp\/v2\/product"}],"about":[{"href":"https:\/\/teterete.com\/mx\/wp-json\/wp\/v2\/types\/product"}],"replies":[{"embeddable":true,"href":"https:\/\/teterete.com\/mx\/wp-json\/wp\/v2\/comments?post=10695"}],"wp:featuredmedia":[{"embeddable":true,"href":"https:\/\/teterete.com\/mx\/wp-json\/wp\/v2\/media\/10699"}],"wp:attachment":[{"href":"https:\/\/teterete.com\/mx\/wp-json\/wp\/v2\/media?parent=10695"}],"wp:term":[{"taxonomy":"product_brand","embeddable":true,"href":"https:\/\/teterete.com\/mx\/wp-json\/wp\/v2\/product_brand?post=10695"},{"taxonomy":"product_cat","embeddable":true,"href":"https:\/\/teterete.com\/mx\/wp-json\/wp\/v2\/product_cat?post=10695"},{"taxonomy":"product_tag","embeddable":true,"href":"https:\/\/teterete.com\/mx\/wp-json\/wp\/v2\/product_tag?post=10695"}],"curies":[{"name":"wp","href":"https:\/\/api.w.org\/{rel}","templated":true}]}}