{"id":10723,"date":"2022-09-28T21:30:26","date_gmt":"2022-09-28T21:30:26","guid":{"rendered":"https:\/\/teterete.com\/mx\/?post_type=product&#038;p=10723"},"modified":"2022-09-28T21:36:14","modified_gmt":"2022-09-28T21:36:14","slug":"craneo-de-toro-arte-huichol-i","status":"publish","type":"product","link":"https:\/\/teterete.com\/mx\/producto\/craneo-de-toro-arte-huichol-i\/","title":{"rendered":"Cr\u00e1neo de Toro Arte Huichol I"},"content":{"rendered":"<p>Cr\u00e1neo de toro en cer\u00e1mica decora con estambre elaborado por artesanos huicholes.<br \/>\nMedidas: 16 cms de profundidad x 47 cms de profundidad y 58 cms de alto.<\/p>\n","protected":false},"excerpt":{"rendered":"<p>Bello craneo de Toro cer\u00e1mico con decorado Huichol en estambre. Piezas \u00fanicas para decorar tu espacio.<\/p>\n","protected":false},"featured_media":10724,"comment_status":"open","ping_status":"closed","template":"","meta":{"sfsi_plus_gutenberg_text_before_share":"","sfsi_plus_gutenberg_show_text_before_share":"","sfsi_plus_gutenberg_icon_type":"","sfsi_plus_gutenberg_icon_alignemt":"","sfsi_plus_gutenburg_max_per_row":""},"product_cat":[1515,341,774,941,15,538,350],"product_tag":[944,230,222,956,942,943,233,399,24,310],"acf":[],"yoast_head":"<!-- This site is optimized with the Yoast SEO plugin v23.5 - https:\/\/yoast.com\/wordpress\/plugins\/seo\/ -->\n<title>Cr\u00e1neo de Toro Arte Huichol I -<\/title>\n<meta name=\"robots\" content=\"index, follow, max-snippet:-1, max-image-preview:large, max-video-preview:-1\" \/>\n<link rel=\"canonical\" href=\"https:\/\/teterete.com\/mx\/producto\/craneo-de-toro-arte-huichol-i\/\" \/>\n<meta property=\"og:locale\" content=\"es_ES\" \/>\n<meta property=\"og:type\" content=\"article\" \/>\n<meta property=\"og:title\" content=\"Cr\u00e1neo de Toro Arte Huichol I -\" \/>\n<meta property=\"og:description\" content=\"Bello craneo de Toro cer\u00e1mico con decorado Huichol en estambre. Piezas \u00fanicas para decorar tu espacio.\" \/>\n<meta property=\"og:url\" content=\"https:\/\/teterete.com\/mx\/producto\/craneo-de-toro-arte-huichol-i\/\" \/>\n<meta property=\"article:publisher\" content=\"https:\/\/www.facebook.com\/TetereteHome\/\" \/>\n<meta property=\"article:modified_time\" content=\"2022-09-28T21:36:14+00:00\" \/>\n<meta property=\"og:image\" content=\"https:\/\/teterete.com\/mx\/wp-content\/uploads\/2022\/09\/3794be11-911c-4cb3-b82b-c72abb7e6b56.jpg\" \/>\n\t<meta property=\"og:image:width\" content=\"1274\" \/>\n\t<meta property=\"og:image:height\" content=\"1280\" \/>\n\t<meta property=\"og:image:type\" content=\"image\/jpeg\" \/>\n<meta name=\"twitter:card\" content=\"summary_large_image\" \/>\n<meta name=\"twitter:site\" content=\"@Teterete_Home\" \/>\n<script type=\"application\/ld+json\" class=\"yoast-schema-graph\">{\"@context\":\"https:\/\/schema.org\",\"@graph\":[{\"@type\":\"WebPage\",\"@id\":\"https:\/\/teterete.com\/mx\/producto\/craneo-de-toro-arte-huichol-i\/\",\"url\":\"https:\/\/teterete.com\/mx\/producto\/craneo-de-toro-arte-huichol-i\/\",\"name\":\"Cr\u00e1neo de Toro Arte Huichol I -\",\"isPartOf\":{\"@id\":\"https:\/\/teterete.com\/mx\/#website\"},\"primaryImageOfPage\":{\"@id\":\"https:\/\/teterete.com\/mx\/producto\/craneo-de-toro-arte-huichol-i\/#primaryimage\"},\"image\":{\"@id\":\"https:\/\/teterete.com\/mx\/producto\/craneo-de-toro-arte-huichol-i\/#primaryimage\"},\"thumbnailUrl\":\"https:\/\/teterete.com\/mx\/wp-content\/uploads\/2022\/09\/3794be11-911c-4cb3-b82b-c72abb7e6b56.jpg\",\"datePublished\":\"2022-09-28T21:30:26+00:00\",\"dateModified\":\"2022-09-28T21:36:14+00:00\",\"breadcrumb\":{\"@id\":\"https:\/\/teterete.com\/mx\/producto\/craneo-de-toro-arte-huichol-i\/#breadcrumb\"},\"inLanguage\":\"es\",\"potentialAction\":[{\"@type\":\"ReadAction\",\"target\":[\"https:\/\/teterete.com\/mx\/producto\/craneo-de-toro-arte-huichol-i\/\"]}]},{\"@type\":\"ImageObject\",\"inLanguage\":\"es\",\"@id\":\"https:\/\/teterete.com\/mx\/producto\/craneo-de-toro-arte-huichol-i\/#primaryimage\",\"url\":\"https:\/\/teterete.com\/mx\/wp-content\/uploads\/2022\/09\/3794be11-911c-4cb3-b82b-c72abb7e6b56.jpg\",\"contentUrl\":\"https:\/\/teterete.com\/mx\/wp-content\/uploads\/2022\/09\/3794be11-911c-4cb3-b82b-c72abb7e6b56.jpg\",\"width\":\"1274\",\"height\":\"1280\"},{\"@type\":\"BreadcrumbList\",\"@id\":\"https:\/\/teterete.com\/mx\/producto\/craneo-de-toro-arte-huichol-i\/#breadcrumb\",\"itemListElement\":[{\"@type\":\"ListItem\",\"position\":1,\"name\":\"Home\",\"item\":\"https:\/\/teterete.com\/mx\/\"},{\"@type\":\"ListItem\",\"position\":2,\"name\":\"Productos\",\"item\":\"https:\/\/teterete.com\/mx\/shop\/\"},{\"@type\":\"ListItem\",\"position\":3,\"name\":\"Cr\u00e1neo de Toro Arte Huichol I\"}]},{\"@type\":\"WebSite\",\"@id\":\"https:\/\/teterete.com\/mx\/#website\",\"url\":\"https:\/\/teterete.com\/mx\/\",\"name\":\"\",\"description\":\"Tienda en L\u00ednea de Fina Artesanias y Dise\u00f1o Mexicano. Bellas piezas elaboradas a mano por los mejores artesanos del pa\u00eds as\u00ed como piezas de dise\u00f1o y decoraci\u00f3n con inspiraci\u00f3n artesanal.\",\"potentialAction\":[{\"@type\":\"SearchAction\",\"target\":{\"@type\":\"EntryPoint\",\"urlTemplate\":\"https:\/\/teterete.com\/mx\/?s={search_term_string}\"},\"query-input\":{\"@type\":\"PropertyValueSpecification\",\"valueRequired\":true,\"valueName\":\"search_term_string\"}}],\"inLanguage\":\"es\"}]}<\/script>\n<!-- \/ Yoast SEO plugin. -->","yoast_head_json":{"title":"Cr\u00e1neo de Toro Arte Huichol I -","robots":{"index":"index","follow":"follow","max-snippet":"max-snippet:-1","max-image-preview":"max-image-preview:large","max-video-preview":"max-video-preview:-1"},"canonical":"https:\/\/teterete.com\/mx\/producto\/craneo-de-toro-arte-huichol-i\/","og_locale":"es_ES","og_type":"article","og_title":"Cr\u00e1neo de Toro Arte Huichol I -","og_description":"Bello craneo de Toro cer\u00e1mico con decorado Huichol en estambre. Piezas \u00fanicas para decorar tu espacio.","og_url":"https:\/\/teterete.com\/mx\/producto\/craneo-de-toro-arte-huichol-i\/","article_publisher":"https:\/\/www.facebook.com\/TetereteHome\/","article_modified_time":"2022-09-28T21:36:14+00:00","og_image":[{"width":1274,"height":1280,"url":"https:\/\/teterete.com\/mx\/wp-content\/uploads\/2022\/09\/3794be11-911c-4cb3-b82b-c72abb7e6b56.jpg","type":"image\/jpeg"}],"twitter_card":"summary_large_image","twitter_site":"@Teterete_Home","schema":{"@context":"https:\/\/schema.org","@graph":[{"@type":"WebPage","@id":"https:\/\/teterete.com\/mx\/producto\/craneo-de-toro-arte-huichol-i\/","url":"https:\/\/teterete.com\/mx\/producto\/craneo-de-toro-arte-huichol-i\/","name":"Cr\u00e1neo de Toro Arte Huichol I -","isPartOf":{"@id":"https:\/\/teterete.com\/mx\/#website"},"primaryImageOfPage":{"@id":"https:\/\/teterete.com\/mx\/producto\/craneo-de-toro-arte-huichol-i\/#primaryimage"},"image":{"@id":"https:\/\/teterete.com\/mx\/producto\/craneo-de-toro-arte-huichol-i\/#primaryimage"},"thumbnailUrl":"https:\/\/teterete.com\/mx\/wp-content\/uploads\/2022\/09\/3794be11-911c-4cb3-b82b-c72abb7e6b56.jpg","datePublished":"2022-09-28T21:30:26+00:00","dateModified":"2022-09-28T21:36:14+00:00","breadcrumb":{"@id":"https:\/\/teterete.com\/mx\/producto\/craneo-de-toro-arte-huichol-i\/#breadcrumb"},"inLanguage":"es","potentialAction":[{"@type":"ReadAction","target":["https:\/\/teterete.com\/mx\/producto\/craneo-de-toro-arte-huichol-i\/"]}]},{"@type":"ImageObject","inLanguage":"es","@id":"https:\/\/teterete.com\/mx\/producto\/craneo-de-toro-arte-huichol-i\/#primaryimage","url":"https:\/\/teterete.com\/mx\/wp-content\/uploads\/2022\/09\/3794be11-911c-4cb3-b82b-c72abb7e6b56.jpg","contentUrl":"https:\/\/teterete.com\/mx\/wp-content\/uploads\/2022\/09\/3794be11-911c-4cb3-b82b-c72abb7e6b56.jpg","width":"1274","height":"1280"},{"@type":"BreadcrumbList","@id":"https:\/\/teterete.com\/mx\/producto\/craneo-de-toro-arte-huichol-i\/#breadcrumb","itemListElement":[{"@type":"ListItem","position":1,"name":"Home","item":"https:\/\/teterete.com\/mx\/"},{"@type":"ListItem","position":2,"name":"Productos","item":"https:\/\/teterete.com\/mx\/shop\/"},{"@type":"ListItem","position":3,"name":"Cr\u00e1neo de Toro Arte Huichol I"}]},{"@type":"WebSite","@id":"https:\/\/teterete.com\/mx\/#website","url":"https:\/\/teterete.com\/mx\/","name":"","description":"Tienda en L\u00ednea de Fina Artesanias y Dise\u00f1o Mexicano. Bellas piezas elaboradas a mano por los mejores artesanos del pa\u00eds as\u00ed como piezas de dise\u00f1o y decoraci\u00f3n con inspiraci\u00f3n artesanal.","potentialAction":[{"@type":"SearchAction","target":{"@type":"EntryPoint","urlTemplate":"https:\/\/teterete.com\/mx\/?s={search_term_string}"},"query-input":{"@type":"PropertyValueSpecification","valueRequired":true,"valueName":"search_term_string"}}],"inLanguage":"es"}]}},"_links":{"self":[{"href":"https:\/\/teterete.com\/mx\/wp-json\/wp\/v2\/product\/10723"}],"collection":[{"href":"https:\/\/teterete.com\/mx\/wp-json\/wp\/v2\/product"}],"about":[{"href":"https:\/\/teterete.com\/mx\/wp-json\/wp\/v2\/types\/product"}],"replies":[{"embeddable":true,"href":"https:\/\/teterete.com\/mx\/wp-json\/wp\/v2\/comments?post=10723"}],"wp:featuredmedia":[{"embeddable":true,"href":"https:\/\/teterete.com\/mx\/wp-json\/wp\/v2\/media\/10724"}],"wp:attachment":[{"href":"https:\/\/teterete.com\/mx\/wp-json\/wp\/v2\/media?parent=10723"}],"wp:term":[{"taxonomy":"product_cat","embeddable":true,"href":"https:\/\/teterete.com\/mx\/wp-json\/wp\/v2\/product_cat?post=10723"},{"taxonomy":"product_tag","embeddable":true,"href":"https:\/\/teterete.com\/mx\/wp-json\/wp\/v2\/product_tag?post=10723"}],"curies":[{"name":"wp","href":"https:\/\/api.w.org\/{rel}","templated":true}]}}