{"id":10762,"date":"2022-09-29T21:03:02","date_gmt":"2022-09-29T21:03:02","guid":{"rendered":"https:\/\/teterete.com\/mx\/?post_type=product&#038;p=10762"},"modified":"2025-06-02T02:30:46","modified_gmt":"2025-06-02T02:30:46","slug":"collar-aguila-real-plata","status":"publish","type":"product","link":"https:\/\/teterete.com\/mx\/producto\/collar-aguila-real-plata\/","title":{"rendered":"Collar \u00c1guila Real Plata"},"content":{"rendered":"<p>Hecho en CDMX por artesanos locales en plata .925<\/p>\n<p>Cada especie que es representada en esta colecci\u00f3n est\u00e1 en peligro de extinci\u00f3n y necesita de nuestra ayuda y atenci\u00f3n. Es un esfuerzo para llamar la atenci\u00f3n y lograr comunicar la situaci\u00f3n delicada en la que se encuentran, estas piezas no son solo bellos accesorios se colabora con asociaciones encargadas del cuidado y rescate de estas especies ya que con tu compra ayudas a estas asociaciones en sus esfuerzos por mitigar el problema.<\/p>\n","protected":false},"excerpt":{"rendered":"<p>Hermoso collar artesanal del \u00c1guila Real. Pieza \u00fanica elaborada en plata .925 (5% de las ventas de esta pieza van directamente para ENDESU)<\/p>\n","protected":false},"featured_media":10763,"comment_status":"open","ping_status":"closed","template":"","meta":{"sfsi_plus_gutenberg_text_before_share":"","sfsi_plus_gutenberg_show_text_before_share":"","sfsi_plus_gutenberg_icon_type":"","sfsi_plus_gutenberg_icon_alignemt":"","sfsi_plus_gutenburg_max_per_row":""},"product_cat":[2316,1216,1671,1263,2057,61],"product_tag":[2314,2315,1091,1030],"acf":[],"yoast_head":"<!-- This site is optimized with the Yoast SEO plugin v23.5 - https:\/\/yoast.com\/wordpress\/plugins\/seo\/ -->\n<title>Collar \u00c1guila Real Plata -<\/title>\n<meta name=\"robots\" content=\"index, follow, max-snippet:-1, max-image-preview:large, max-video-preview:-1\" \/>\n<link rel=\"canonical\" href=\"https:\/\/teterete.com\/mx\/producto\/collar-aguila-real-plata\/\" \/>\n<meta property=\"og:locale\" content=\"es_ES\" \/>\n<meta property=\"og:type\" content=\"article\" \/>\n<meta property=\"og:title\" content=\"Collar \u00c1guila Real Plata -\" \/>\n<meta property=\"og:description\" content=\"Hermoso collar artesanal del \u00c1guila Real. Pieza \u00fanica elaborada en plata .925 (5% de las ventas de esta pieza van directamente para ENDESU)\" \/>\n<meta property=\"og:url\" content=\"https:\/\/teterete.com\/mx\/producto\/collar-aguila-real-plata\/\" \/>\n<meta property=\"article:publisher\" content=\"https:\/\/www.facebook.com\/TetereteHome\/\" \/>\n<meta property=\"article:modified_time\" content=\"2025-06-02T02:30:46+00:00\" \/>\n<meta property=\"og:image\" content=\"https:\/\/teterete.com\/mx\/wp-content\/uploads\/2022\/09\/aguila-real-plata.jpeg\" \/>\n\t<meta property=\"og:image:width\" content=\"800\" \/>\n\t<meta property=\"og:image:height\" content=\"800\" \/>\n\t<meta property=\"og:image:type\" content=\"image\/jpeg\" \/>\n<meta name=\"twitter:card\" content=\"summary_large_image\" \/>\n<meta name=\"twitter:site\" content=\"@Teterete_Home\" \/>\n<meta name=\"twitter:label1\" content=\"Tiempo de lectura\" \/>\n\t<meta name=\"twitter:data1\" content=\"1 minuto\" \/>\n<script type=\"application\/ld+json\" class=\"yoast-schema-graph\">{\"@context\":\"https:\/\/schema.org\",\"@graph\":[{\"@type\":\"WebPage\",\"@id\":\"https:\/\/teterete.com\/mx\/producto\/collar-aguila-real-plata\/\",\"url\":\"https:\/\/teterete.com\/mx\/producto\/collar-aguila-real-plata\/\",\"name\":\"Collar \u00c1guila Real Plata -\",\"isPartOf\":{\"@id\":\"https:\/\/teterete.com\/mx\/#website\"},\"primaryImageOfPage\":{\"@id\":\"https:\/\/teterete.com\/mx\/producto\/collar-aguila-real-plata\/#primaryimage\"},\"image\":{\"@id\":\"https:\/\/teterete.com\/mx\/producto\/collar-aguila-real-plata\/#primaryimage\"},\"thumbnailUrl\":\"https:\/\/teterete.com\/mx\/wp-content\/uploads\/2022\/09\/aguila-real-plata.jpeg\",\"datePublished\":\"2022-09-29T21:03:02+00:00\",\"dateModified\":\"2025-06-02T02:30:46+00:00\",\"breadcrumb\":{\"@id\":\"https:\/\/teterete.com\/mx\/producto\/collar-aguila-real-plata\/#breadcrumb\"},\"inLanguage\":\"es\",\"potentialAction\":[{\"@type\":\"ReadAction\",\"target\":[\"https:\/\/teterete.com\/mx\/producto\/collar-aguila-real-plata\/\"]}]},{\"@type\":\"ImageObject\",\"inLanguage\":\"es\",\"@id\":\"https:\/\/teterete.com\/mx\/producto\/collar-aguila-real-plata\/#primaryimage\",\"url\":\"https:\/\/teterete.com\/mx\/wp-content\/uploads\/2022\/09\/aguila-real-plata.jpeg\",\"contentUrl\":\"https:\/\/teterete.com\/mx\/wp-content\/uploads\/2022\/09\/aguila-real-plata.jpeg\",\"width\":\"800\",\"height\":\"800\",\"caption\":\"\u00c1guila Real Plata\"},{\"@type\":\"BreadcrumbList\",\"@id\":\"https:\/\/teterete.com\/mx\/producto\/collar-aguila-real-plata\/#breadcrumb\",\"itemListElement\":[{\"@type\":\"ListItem\",\"position\":1,\"name\":\"Home\",\"item\":\"https:\/\/teterete.com\/mx\/\"},{\"@type\":\"ListItem\",\"position\":2,\"name\":\"Productos\",\"item\":\"https:\/\/teterete.com\/mx\/shop\/\"},{\"@type\":\"ListItem\",\"position\":3,\"name\":\"Collar \u00c1guila Real Plata\"}]},{\"@type\":\"WebSite\",\"@id\":\"https:\/\/teterete.com\/mx\/#website\",\"url\":\"https:\/\/teterete.com\/mx\/\",\"name\":\"\",\"description\":\"Tienda en L\u00ednea de Fina Artesanias y Dise\u00f1o Mexicano. Bellas piezas elaboradas a mano por los mejores artesanos del pa\u00eds as\u00ed como piezas de dise\u00f1o y decoraci\u00f3n con inspiraci\u00f3n artesanal.\",\"potentialAction\":[{\"@type\":\"SearchAction\",\"target\":{\"@type\":\"EntryPoint\",\"urlTemplate\":\"https:\/\/teterete.com\/mx\/?s={search_term_string}\"},\"query-input\":{\"@type\":\"PropertyValueSpecification\",\"valueRequired\":true,\"valueName\":\"search_term_string\"}}],\"inLanguage\":\"es\"}]}<\/script>\n<!-- \/ Yoast SEO plugin. -->","yoast_head_json":{"title":"Collar \u00c1guila Real Plata -","robots":{"index":"index","follow":"follow","max-snippet":"max-snippet:-1","max-image-preview":"max-image-preview:large","max-video-preview":"max-video-preview:-1"},"canonical":"https:\/\/teterete.com\/mx\/producto\/collar-aguila-real-plata\/","og_locale":"es_ES","og_type":"article","og_title":"Collar \u00c1guila Real Plata -","og_description":"Hermoso collar artesanal del \u00c1guila Real. Pieza \u00fanica elaborada en plata .925 (5% de las ventas de esta pieza van directamente para ENDESU)","og_url":"https:\/\/teterete.com\/mx\/producto\/collar-aguila-real-plata\/","article_publisher":"https:\/\/www.facebook.com\/TetereteHome\/","article_modified_time":"2025-06-02T02:30:46+00:00","og_image":[{"width":800,"height":800,"url":"https:\/\/teterete.com\/mx\/wp-content\/uploads\/2022\/09\/aguila-real-plata.jpeg","type":"image\/jpeg"}],"twitter_card":"summary_large_image","twitter_site":"@Teterete_Home","twitter_misc":{"Tiempo de lectura":"1 minuto"},"schema":{"@context":"https:\/\/schema.org","@graph":[{"@type":"WebPage","@id":"https:\/\/teterete.com\/mx\/producto\/collar-aguila-real-plata\/","url":"https:\/\/teterete.com\/mx\/producto\/collar-aguila-real-plata\/","name":"Collar \u00c1guila Real Plata -","isPartOf":{"@id":"https:\/\/teterete.com\/mx\/#website"},"primaryImageOfPage":{"@id":"https:\/\/teterete.com\/mx\/producto\/collar-aguila-real-plata\/#primaryimage"},"image":{"@id":"https:\/\/teterete.com\/mx\/producto\/collar-aguila-real-plata\/#primaryimage"},"thumbnailUrl":"https:\/\/teterete.com\/mx\/wp-content\/uploads\/2022\/09\/aguila-real-plata.jpeg","datePublished":"2022-09-29T21:03:02+00:00","dateModified":"2025-06-02T02:30:46+00:00","breadcrumb":{"@id":"https:\/\/teterete.com\/mx\/producto\/collar-aguila-real-plata\/#breadcrumb"},"inLanguage":"es","potentialAction":[{"@type":"ReadAction","target":["https:\/\/teterete.com\/mx\/producto\/collar-aguila-real-plata\/"]}]},{"@type":"ImageObject","inLanguage":"es","@id":"https:\/\/teterete.com\/mx\/producto\/collar-aguila-real-plata\/#primaryimage","url":"https:\/\/teterete.com\/mx\/wp-content\/uploads\/2022\/09\/aguila-real-plata.jpeg","contentUrl":"https:\/\/teterete.com\/mx\/wp-content\/uploads\/2022\/09\/aguila-real-plata.jpeg","width":"800","height":"800","caption":"\u00c1guila Real Plata"},{"@type":"BreadcrumbList","@id":"https:\/\/teterete.com\/mx\/producto\/collar-aguila-real-plata\/#breadcrumb","itemListElement":[{"@type":"ListItem","position":1,"name":"Home","item":"https:\/\/teterete.com\/mx\/"},{"@type":"ListItem","position":2,"name":"Productos","item":"https:\/\/teterete.com\/mx\/shop\/"},{"@type":"ListItem","position":3,"name":"Collar \u00c1guila Real Plata"}]},{"@type":"WebSite","@id":"https:\/\/teterete.com\/mx\/#website","url":"https:\/\/teterete.com\/mx\/","name":"","description":"Tienda en L\u00ednea de Fina Artesanias y Dise\u00f1o Mexicano. Bellas piezas elaboradas a mano por los mejores artesanos del pa\u00eds as\u00ed como piezas de dise\u00f1o y decoraci\u00f3n con inspiraci\u00f3n artesanal.","potentialAction":[{"@type":"SearchAction","target":{"@type":"EntryPoint","urlTemplate":"https:\/\/teterete.com\/mx\/?s={search_term_string}"},"query-input":{"@type":"PropertyValueSpecification","valueRequired":true,"valueName":"search_term_string"}}],"inLanguage":"es"}]}},"_links":{"self":[{"href":"https:\/\/teterete.com\/mx\/wp-json\/wp\/v2\/product\/10762"}],"collection":[{"href":"https:\/\/teterete.com\/mx\/wp-json\/wp\/v2\/product"}],"about":[{"href":"https:\/\/teterete.com\/mx\/wp-json\/wp\/v2\/types\/product"}],"replies":[{"embeddable":true,"href":"https:\/\/teterete.com\/mx\/wp-json\/wp\/v2\/comments?post=10762"}],"wp:featuredmedia":[{"embeddable":true,"href":"https:\/\/teterete.com\/mx\/wp-json\/wp\/v2\/media\/10763"}],"wp:attachment":[{"href":"https:\/\/teterete.com\/mx\/wp-json\/wp\/v2\/media?parent=10762"}],"wp:term":[{"taxonomy":"product_cat","embeddable":true,"href":"https:\/\/teterete.com\/mx\/wp-json\/wp\/v2\/product_cat?post=10762"},{"taxonomy":"product_tag","embeddable":true,"href":"https:\/\/teterete.com\/mx\/wp-json\/wp\/v2\/product_tag?post=10762"}],"curies":[{"name":"wp","href":"https:\/\/api.w.org\/{rel}","templated":true}]}}