{"id":10799,"date":"2022-11-13T15:20:09","date_gmt":"2022-11-13T15:20:09","guid":{"rendered":"https:\/\/teterete.com\/mx\/?post_type=product&#038;p=10799"},"modified":"2022-11-14T15:16:48","modified_gmt":"2022-11-14T15:16:48","slug":"portavasos","status":"publish","type":"product","link":"https:\/\/teterete.com\/mx\/producto\/portavasos\/","title":{"rendered":"Kit Portavasos Sta Rosa"},"content":{"rendered":"\n<p><em>1 juego de 6 Portavasos de henequ\u00e9n<\/em><\/p>\n\n\n\n<p><em>Color: tzalam, gris y natural<\/em><\/p>\n\n\n\n<p><em>Medidas: \u00d8 10 cm<\/em><\/p>\n\n\n\n<figure class=\"wp-block-image\"><img decoding=\"async\" src=\"blob:https:\/\/teterete.com\/1a047cde-c271-48a3-a0c9-efee55ab04b5\" alt=\"\"\/><\/figure>\n\n\n\n<p><\/p>\n","protected":false},"excerpt":{"rendered":"<p>Esenciales para el hogar, con estilo y tradici\u00f3n Este juego de portavasos son accesorios para mesa y cocina que rescatan lo tradicional de la t\u00e9cnica en un dise\u00f1o minimalista para el hogar que da un sentido fresco a cualquier espacio.<\/p>\n<p>Son tejidos a mano con la fibra que se obtiene del agave end\u00e9mico de la pen\u00ednsula de Yucat\u00e1n y te\u00f1ida con materiales naturales como el caldo de frijol y madera de tzalam.<\/p>\n","protected":false},"featured_media":10802,"comment_status":"open","ping_status":"closed","template":"","meta":{"_acf_changed":false,"sfsi_plus_gutenberg_text_before_share":"","sfsi_plus_gutenberg_show_text_before_share":"","sfsi_plus_gutenberg_icon_type":"","sfsi_plus_gutenberg_icon_alignemt":"","sfsi_plus_gutenburg_max_per_row":""},"product_brand":[],"product_cat":[1882,2322,538,346],"product_tag":[1403,2327,2326,1002],"class_list":{"0":"post-10799","1":"product","2":"type-product","3":"status-publish","4":"has-post-thumbnail","6":"product_cat-bar","7":"product_cat-kist-artesanales","8":"product_cat-para_el","9":"product_cat-servicio-de-mesa","10":"product_tag-artesania-maya","11":"product_tag-henequen","12":"product_tag-portavasos-artesanal","13":"product_tag-regalos-mexicanos","14":"product_shipping_class-fast-delivery","16":"first","17":"instock","18":"taxable","19":"shipping-taxable","20":"purchasable","21":"product-type-simple"},"acf":[],"yoast_head":"<!-- This site is optimized with the Yoast SEO plugin v27.5 - https:\/\/yoast.com\/product\/yoast-seo-wordpress\/ -->\n<title>Kit Portavasos Sta Rosa -<\/title>\n<meta name=\"description\" content=\"Este juego de portavasos son accesorios para mesa y cocina que rescatan lo tradicional de la t\u00e9cnica en un dise\u00f1o minimalista para el hogar\" \/>\n<meta name=\"robots\" content=\"index, follow, max-snippet:-1, max-image-preview:large, max-video-preview:-1\" \/>\n<link rel=\"canonical\" href=\"https:\/\/teterete.com\/mx\/producto\/portavasos\/\" \/>\n<meta property=\"og:locale\" content=\"es_ES\" \/>\n<meta property=\"og:type\" content=\"article\" \/>\n<meta property=\"og:title\" content=\"Kit Portavasos Sta Rosa -\" \/>\n<meta property=\"og:description\" content=\"Este juego de portavasos son accesorios para mesa y cocina que rescatan lo tradicional de la t\u00e9cnica en un dise\u00f1o minimalista para el hogar\" \/>\n<meta property=\"og:url\" content=\"https:\/\/teterete.com\/mx\/producto\/portavasos\/\" \/>\n<meta property=\"article:publisher\" content=\"https:\/\/www.facebook.com\/TetereteHome\/\" \/>\n<meta property=\"article:modified_time\" content=\"2022-11-14T15:16:48+00:00\" \/>\n<meta property=\"og:image\" content=\"https:\/\/teterete.com\/mx\/wp-content\/uploads\/2022\/11\/portavasos.jpg\" \/>\n\t<meta property=\"og:image:width\" content=\"2019\" \/>\n\t<meta property=\"og:image:height\" content=\"2019\" \/>\n\t<meta property=\"og:image:type\" content=\"image\/jpeg\" \/>\n<meta name=\"twitter:card\" content=\"summary_large_image\" \/>\n<meta name=\"twitter:site\" content=\"@Teterete_Home\" \/>\n<meta name=\"twitter:label1\" content=\"Tiempo de lectura\" \/>\n\t<meta name=\"twitter:data1\" content=\"1 minuto\" \/>\n<script type=\"application\/ld+json\" class=\"yoast-schema-graph\">{\"@context\":\"https:\\\/\\\/schema.org\",\"@graph\":[{\"@type\":\"WebPage\",\"@id\":\"https:\\\/\\\/teterete.com\\\/mx\\\/producto\\\/portavasos\\\/\",\"url\":\"https:\\\/\\\/teterete.com\\\/mx\\\/producto\\\/portavasos\\\/\",\"name\":\"Kit Portavasos Sta Rosa -\",\"isPartOf\":{\"@id\":\"https:\\\/\\\/teterete.com\\\/mx\\\/#website\"},\"primaryImageOfPage\":{\"@id\":\"https:\\\/\\\/teterete.com\\\/mx\\\/producto\\\/portavasos\\\/#primaryimage\"},\"image\":{\"@id\":\"https:\\\/\\\/teterete.com\\\/mx\\\/producto\\\/portavasos\\\/#primaryimage\"},\"thumbnailUrl\":\"https:\\\/\\\/teterete.com\\\/mx\\\/wp-content\\\/uploads\\\/2022\\\/11\\\/portavasos.jpg\",\"datePublished\":\"2022-11-13T15:20:09+00:00\",\"dateModified\":\"2022-11-14T15:16:48+00:00\",\"description\":\"Este juego de portavasos son accesorios para mesa y cocina que rescatan lo tradicional de la t\u00e9cnica en un dise\u00f1o minimalista para el hogar\",\"breadcrumb\":{\"@id\":\"https:\\\/\\\/teterete.com\\\/mx\\\/producto\\\/portavasos\\\/#breadcrumb\"},\"inLanguage\":\"es\",\"potentialAction\":[{\"@type\":\"ReadAction\",\"target\":[\"https:\\\/\\\/teterete.com\\\/mx\\\/producto\\\/portavasos\\\/\"]}]},{\"@type\":\"ImageObject\",\"inLanguage\":\"es\",\"@id\":\"https:\\\/\\\/teterete.com\\\/mx\\\/producto\\\/portavasos\\\/#primaryimage\",\"url\":\"https:\\\/\\\/teterete.com\\\/mx\\\/wp-content\\\/uploads\\\/2022\\\/11\\\/portavasos.jpg\",\"contentUrl\":\"https:\\\/\\\/teterete.com\\\/mx\\\/wp-content\\\/uploads\\\/2022\\\/11\\\/portavasos.jpg\",\"width\":\"2019\",\"height\":\"2019\",\"caption\":\"Portavasos Artesanal\"},{\"@type\":\"BreadcrumbList\",\"@id\":\"https:\\\/\\\/teterete.com\\\/mx\\\/producto\\\/portavasos\\\/#breadcrumb\",\"itemListElement\":[{\"@type\":\"ListItem\",\"position\":1,\"name\":\"Home\",\"item\":\"https:\\\/\\\/teterete.com\\\/mx\\\/\"},{\"@type\":\"ListItem\",\"position\":2,\"name\":\"Productos\",\"item\":\"https:\\\/\\\/teterete.com\\\/mx\\\/shop\\\/\"},{\"@type\":\"ListItem\",\"position\":3,\"name\":\"Kit Portavasos Sta Rosa\"}]},{\"@type\":\"WebSite\",\"@id\":\"https:\\\/\\\/teterete.com\\\/mx\\\/#website\",\"url\":\"https:\\\/\\\/teterete.com\\\/mx\\\/\",\"name\":\"\",\"description\":\"Tienda en L\u00ednea de Fina Artesanias y Dise\u00f1o Mexicano. Bellas piezas elaboradas a mano por los mejores artesanos del pa\u00eds as\u00ed como piezas de dise\u00f1o y decoraci\u00f3n con inspiraci\u00f3n artesanal.\",\"potentialAction\":[{\"@type\":\"SearchAction\",\"target\":{\"@type\":\"EntryPoint\",\"urlTemplate\":\"https:\\\/\\\/teterete.com\\\/mx\\\/?s={search_term_string}\"},\"query-input\":{\"@type\":\"PropertyValueSpecification\",\"valueRequired\":true,\"valueName\":\"search_term_string\"}}],\"inLanguage\":\"es\"}]}<\/script>\n<!-- \/ Yoast SEO plugin. -->","yoast_head_json":{"title":"Kit Portavasos Sta Rosa -","description":"Este juego de portavasos son accesorios para mesa y cocina que rescatan lo tradicional de la t\u00e9cnica en un dise\u00f1o minimalista para el hogar","robots":{"index":"index","follow":"follow","max-snippet":"max-snippet:-1","max-image-preview":"max-image-preview:large","max-video-preview":"max-video-preview:-1"},"canonical":"https:\/\/teterete.com\/mx\/producto\/portavasos\/","og_locale":"es_ES","og_type":"article","og_title":"Kit Portavasos Sta Rosa -","og_description":"Este juego de portavasos son accesorios para mesa y cocina que rescatan lo tradicional de la t\u00e9cnica en un dise\u00f1o minimalista para el hogar","og_url":"https:\/\/teterete.com\/mx\/producto\/portavasos\/","article_publisher":"https:\/\/www.facebook.com\/TetereteHome\/","article_modified_time":"2022-11-14T15:16:48+00:00","og_image":[{"width":2019,"height":2019,"url":"https:\/\/teterete.com\/mx\/wp-content\/uploads\/2022\/11\/portavasos.jpg","type":"image\/jpeg"}],"twitter_card":"summary_large_image","twitter_site":"@Teterete_Home","twitter_misc":{"Tiempo de lectura":"1 minuto"},"schema":{"@context":"https:\/\/schema.org","@graph":[{"@type":"WebPage","@id":"https:\/\/teterete.com\/mx\/producto\/portavasos\/","url":"https:\/\/teterete.com\/mx\/producto\/portavasos\/","name":"Kit Portavasos Sta Rosa -","isPartOf":{"@id":"https:\/\/teterete.com\/mx\/#website"},"primaryImageOfPage":{"@id":"https:\/\/teterete.com\/mx\/producto\/portavasos\/#primaryimage"},"image":{"@id":"https:\/\/teterete.com\/mx\/producto\/portavasos\/#primaryimage"},"thumbnailUrl":"https:\/\/teterete.com\/mx\/wp-content\/uploads\/2022\/11\/portavasos.jpg","datePublished":"2022-11-13T15:20:09+00:00","dateModified":"2022-11-14T15:16:48+00:00","description":"Este juego de portavasos son accesorios para mesa y cocina que rescatan lo tradicional de la t\u00e9cnica en un dise\u00f1o minimalista para el hogar","breadcrumb":{"@id":"https:\/\/teterete.com\/mx\/producto\/portavasos\/#breadcrumb"},"inLanguage":"es","potentialAction":[{"@type":"ReadAction","target":["https:\/\/teterete.com\/mx\/producto\/portavasos\/"]}]},{"@type":"ImageObject","inLanguage":"es","@id":"https:\/\/teterete.com\/mx\/producto\/portavasos\/#primaryimage","url":"https:\/\/teterete.com\/mx\/wp-content\/uploads\/2022\/11\/portavasos.jpg","contentUrl":"https:\/\/teterete.com\/mx\/wp-content\/uploads\/2022\/11\/portavasos.jpg","width":"2019","height":"2019","caption":"Portavasos Artesanal"},{"@type":"BreadcrumbList","@id":"https:\/\/teterete.com\/mx\/producto\/portavasos\/#breadcrumb","itemListElement":[{"@type":"ListItem","position":1,"name":"Home","item":"https:\/\/teterete.com\/mx\/"},{"@type":"ListItem","position":2,"name":"Productos","item":"https:\/\/teterete.com\/mx\/shop\/"},{"@type":"ListItem","position":3,"name":"Kit Portavasos Sta Rosa"}]},{"@type":"WebSite","@id":"https:\/\/teterete.com\/mx\/#website","url":"https:\/\/teterete.com\/mx\/","name":"","description":"Tienda en L\u00ednea de Fina Artesanias y Dise\u00f1o Mexicano. Bellas piezas elaboradas a mano por los mejores artesanos del pa\u00eds as\u00ed como piezas de dise\u00f1o y decoraci\u00f3n con inspiraci\u00f3n artesanal.","potentialAction":[{"@type":"SearchAction","target":{"@type":"EntryPoint","urlTemplate":"https:\/\/teterete.com\/mx\/?s={search_term_string}"},"query-input":{"@type":"PropertyValueSpecification","valueRequired":true,"valueName":"search_term_string"}}],"inLanguage":"es"}]}},"_links":{"self":[{"href":"https:\/\/teterete.com\/mx\/wp-json\/wp\/v2\/product\/10799","targetHints":{"allow":["GET"]}}],"collection":[{"href":"https:\/\/teterete.com\/mx\/wp-json\/wp\/v2\/product"}],"about":[{"href":"https:\/\/teterete.com\/mx\/wp-json\/wp\/v2\/types\/product"}],"replies":[{"embeddable":true,"href":"https:\/\/teterete.com\/mx\/wp-json\/wp\/v2\/comments?post=10799"}],"wp:featuredmedia":[{"embeddable":true,"href":"https:\/\/teterete.com\/mx\/wp-json\/wp\/v2\/media\/10802"}],"wp:attachment":[{"href":"https:\/\/teterete.com\/mx\/wp-json\/wp\/v2\/media?parent=10799"}],"wp:term":[{"taxonomy":"product_brand","embeddable":true,"href":"https:\/\/teterete.com\/mx\/wp-json\/wp\/v2\/product_brand?post=10799"},{"taxonomy":"product_cat","embeddable":true,"href":"https:\/\/teterete.com\/mx\/wp-json\/wp\/v2\/product_cat?post=10799"},{"taxonomy":"product_tag","embeddable":true,"href":"https:\/\/teterete.com\/mx\/wp-json\/wp\/v2\/product_tag?post=10799"}],"curies":[{"name":"wp","href":"https:\/\/api.w.org\/{rel}","templated":true}]}}