{"id":10809,"date":"2022-11-14T14:52:24","date_gmt":"2022-11-14T14:52:24","guid":{"rendered":"https:\/\/teterete.com\/mx\/?post_type=product&#038;p=10809"},"modified":"2022-11-14T15:08:40","modified_gmt":"2022-11-14T15:08:40","slug":"tote-y-hamaca","status":"publish","type":"product","link":"https:\/\/teterete.com\/mx\/producto\/tote-y-hamaca\/","title":{"rendered":"Kit Yaxunah Tote y Hamaca"},"content":{"rendered":"\n<p>Para llevarlo a cualquier lugar, regala un pedazo de Yucat\u00e1n.<\/p>\n\n\n\n<p>1 tote Mayab<br>1 hamaca Ocho madejos con macram\u00e9<br>Colores tote Mayab: blanca o negra<br>Colores hamaca: cruda o negra<br><\/p>\n","protected":false},"excerpt":{"rendered":"<p>La tote Mayab est\u00e1 tejida en telar de pedal con henequ\u00e9n, la fibra que se obtiene del agave end\u00e9mico de la pen\u00ednsula de Yucat\u00e1n. Esta bolsa es ideal para un d\u00eda en la playa, combinar con un look casual o la idea de transportar la hamaca ocho madejas para disfrutar de una media luna de sue\u00f1o.<\/p>\n<p>Suave y fresca como el eterno verano de Yucat\u00e1n puede tomar a las artesanas hasta un mes y medio en urdirla a mano con un fleco de tejido cerrado estilo macram\u00e9.<\/p>\n","protected":false},"featured_media":10810,"comment_status":"open","ping_status":"closed","template":"","meta":{"sfsi_plus_gutenberg_text_before_share":"","sfsi_plus_gutenberg_show_text_before_share":"","sfsi_plus_gutenberg_icon_type":"","sfsi_plus_gutenberg_icon_alignemt":"","sfsi_plus_gutenburg_max_per_row":""},"product_cat":[2322,61,57],"product_tag":[1403,1360,2321,1637,1944],"acf":[],"yoast_head":"<!-- This site is optimized with the Yoast SEO plugin v23.5 - https:\/\/yoast.com\/wordpress\/plugins\/seo\/ -->\n<title>Kit Yaxunah Tote y Hamaca -<\/title>\n<meta name=\"description\" content=\"Kit artesanal de tote tejido en telar y hamaca con un fleco tejido macram\u00e9 para disfrutar tus fines de semana en la playa o parque.\" \/>\n<meta name=\"robots\" content=\"index, follow, max-snippet:-1, max-image-preview:large, max-video-preview:-1\" \/>\n<link rel=\"canonical\" href=\"https:\/\/teterete.com\/mx\/producto\/tote-y-hamaca\/\" \/>\n<meta property=\"og:locale\" content=\"es_ES\" \/>\n<meta property=\"og:type\" content=\"article\" \/>\n<meta property=\"og:title\" content=\"Kit Yaxunah Tote y Hamaca -\" \/>\n<meta property=\"og:description\" content=\"Kit artesanal de tote tejido en telar y hamaca con un fleco tejido macram\u00e9 para disfrutar tus fines de semana en la playa o parque.\" \/>\n<meta property=\"og:url\" content=\"https:\/\/teterete.com\/mx\/producto\/tote-y-hamaca\/\" \/>\n<meta property=\"article:publisher\" content=\"https:\/\/www.facebook.com\/TetereteHome\/\" \/>\n<meta property=\"article:modified_time\" content=\"2022-11-14T15:08:40+00:00\" \/>\n<meta property=\"og:image\" content=\"https:\/\/teterete.com\/mx\/wp-content\/uploads\/2022\/11\/tote-y-hamaca.jpg\" \/>\n\t<meta property=\"og:image:width\" content=\"2048\" \/>\n\t<meta property=\"og:image:height\" content=\"2048\" \/>\n\t<meta property=\"og:image:type\" content=\"image\/jpeg\" \/>\n<meta name=\"twitter:card\" content=\"summary_large_image\" \/>\n<meta name=\"twitter:site\" content=\"@Teterete_Home\" \/>\n<meta name=\"twitter:label1\" content=\"Tiempo de lectura\" \/>\n\t<meta name=\"twitter:data1\" content=\"1 minuto\" \/>\n<script type=\"application\/ld+json\" class=\"yoast-schema-graph\">{\"@context\":\"https:\/\/schema.org\",\"@graph\":[{\"@type\":\"WebPage\",\"@id\":\"https:\/\/teterete.com\/mx\/producto\/tote-y-hamaca\/\",\"url\":\"https:\/\/teterete.com\/mx\/producto\/tote-y-hamaca\/\",\"name\":\"Kit Yaxunah Tote y Hamaca -\",\"isPartOf\":{\"@id\":\"https:\/\/teterete.com\/mx\/#website\"},\"primaryImageOfPage\":{\"@id\":\"https:\/\/teterete.com\/mx\/producto\/tote-y-hamaca\/#primaryimage\"},\"image\":{\"@id\":\"https:\/\/teterete.com\/mx\/producto\/tote-y-hamaca\/#primaryimage\"},\"thumbnailUrl\":\"https:\/\/teterete.com\/mx\/wp-content\/uploads\/2022\/11\/tote-y-hamaca.jpg\",\"datePublished\":\"2022-11-14T14:52:24+00:00\",\"dateModified\":\"2022-11-14T15:08:40+00:00\",\"description\":\"Kit artesanal de tote tejido en telar y hamaca con un fleco tejido macram\u00e9 para disfrutar tus fines de semana en la playa o parque.\",\"breadcrumb\":{\"@id\":\"https:\/\/teterete.com\/mx\/producto\/tote-y-hamaca\/#breadcrumb\"},\"inLanguage\":\"es\",\"potentialAction\":[{\"@type\":\"ReadAction\",\"target\":[\"https:\/\/teterete.com\/mx\/producto\/tote-y-hamaca\/\"]}]},{\"@type\":\"ImageObject\",\"inLanguage\":\"es\",\"@id\":\"https:\/\/teterete.com\/mx\/producto\/tote-y-hamaca\/#primaryimage\",\"url\":\"https:\/\/teterete.com\/mx\/wp-content\/uploads\/2022\/11\/tote-y-hamaca.jpg\",\"contentUrl\":\"https:\/\/teterete.com\/mx\/wp-content\/uploads\/2022\/11\/tote-y-hamaca.jpg\",\"width\":\"2048\",\"height\":\"2048\",\"caption\":\"Tote y Hamaca\"},{\"@type\":\"BreadcrumbList\",\"@id\":\"https:\/\/teterete.com\/mx\/producto\/tote-y-hamaca\/#breadcrumb\",\"itemListElement\":[{\"@type\":\"ListItem\",\"position\":1,\"name\":\"Home\",\"item\":\"https:\/\/teterete.com\/mx\/\"},{\"@type\":\"ListItem\",\"position\":2,\"name\":\"Productos\",\"item\":\"https:\/\/teterete.com\/mx\/shop\/\"},{\"@type\":\"ListItem\",\"position\":3,\"name\":\"Kit Yaxunah Tote y Hamaca\"}]},{\"@type\":\"WebSite\",\"@id\":\"https:\/\/teterete.com\/mx\/#website\",\"url\":\"https:\/\/teterete.com\/mx\/\",\"name\":\"\",\"description\":\"Tienda en L\u00ednea de Fina Artesanias y Dise\u00f1o Mexicano. Bellas piezas elaboradas a mano por los mejores artesanos del pa\u00eds as\u00ed como piezas de dise\u00f1o y decoraci\u00f3n con inspiraci\u00f3n artesanal.\",\"potentialAction\":[{\"@type\":\"SearchAction\",\"target\":{\"@type\":\"EntryPoint\",\"urlTemplate\":\"https:\/\/teterete.com\/mx\/?s={search_term_string}\"},\"query-input\":{\"@type\":\"PropertyValueSpecification\",\"valueRequired\":true,\"valueName\":\"search_term_string\"}}],\"inLanguage\":\"es\"}]}<\/script>\n<!-- \/ Yoast SEO plugin. -->","yoast_head_json":{"title":"Kit Yaxunah Tote y Hamaca -","description":"Kit artesanal de tote tejido en telar y hamaca con un fleco tejido macram\u00e9 para disfrutar tus fines de semana en la playa o parque.","robots":{"index":"index","follow":"follow","max-snippet":"max-snippet:-1","max-image-preview":"max-image-preview:large","max-video-preview":"max-video-preview:-1"},"canonical":"https:\/\/teterete.com\/mx\/producto\/tote-y-hamaca\/","og_locale":"es_ES","og_type":"article","og_title":"Kit Yaxunah Tote y Hamaca -","og_description":"Kit artesanal de tote tejido en telar y hamaca con un fleco tejido macram\u00e9 para disfrutar tus fines de semana en la playa o parque.","og_url":"https:\/\/teterete.com\/mx\/producto\/tote-y-hamaca\/","article_publisher":"https:\/\/www.facebook.com\/TetereteHome\/","article_modified_time":"2022-11-14T15:08:40+00:00","og_image":[{"width":2048,"height":2048,"url":"https:\/\/teterete.com\/mx\/wp-content\/uploads\/2022\/11\/tote-y-hamaca.jpg","type":"image\/jpeg"}],"twitter_card":"summary_large_image","twitter_site":"@Teterete_Home","twitter_misc":{"Tiempo de lectura":"1 minuto"},"schema":{"@context":"https:\/\/schema.org","@graph":[{"@type":"WebPage","@id":"https:\/\/teterete.com\/mx\/producto\/tote-y-hamaca\/","url":"https:\/\/teterete.com\/mx\/producto\/tote-y-hamaca\/","name":"Kit Yaxunah Tote y Hamaca -","isPartOf":{"@id":"https:\/\/teterete.com\/mx\/#website"},"primaryImageOfPage":{"@id":"https:\/\/teterete.com\/mx\/producto\/tote-y-hamaca\/#primaryimage"},"image":{"@id":"https:\/\/teterete.com\/mx\/producto\/tote-y-hamaca\/#primaryimage"},"thumbnailUrl":"https:\/\/teterete.com\/mx\/wp-content\/uploads\/2022\/11\/tote-y-hamaca.jpg","datePublished":"2022-11-14T14:52:24+00:00","dateModified":"2022-11-14T15:08:40+00:00","description":"Kit artesanal de tote tejido en telar y hamaca con un fleco tejido macram\u00e9 para disfrutar tus fines de semana en la playa o parque.","breadcrumb":{"@id":"https:\/\/teterete.com\/mx\/producto\/tote-y-hamaca\/#breadcrumb"},"inLanguage":"es","potentialAction":[{"@type":"ReadAction","target":["https:\/\/teterete.com\/mx\/producto\/tote-y-hamaca\/"]}]},{"@type":"ImageObject","inLanguage":"es","@id":"https:\/\/teterete.com\/mx\/producto\/tote-y-hamaca\/#primaryimage","url":"https:\/\/teterete.com\/mx\/wp-content\/uploads\/2022\/11\/tote-y-hamaca.jpg","contentUrl":"https:\/\/teterete.com\/mx\/wp-content\/uploads\/2022\/11\/tote-y-hamaca.jpg","width":"2048","height":"2048","caption":"Tote y Hamaca"},{"@type":"BreadcrumbList","@id":"https:\/\/teterete.com\/mx\/producto\/tote-y-hamaca\/#breadcrumb","itemListElement":[{"@type":"ListItem","position":1,"name":"Home","item":"https:\/\/teterete.com\/mx\/"},{"@type":"ListItem","position":2,"name":"Productos","item":"https:\/\/teterete.com\/mx\/shop\/"},{"@type":"ListItem","position":3,"name":"Kit Yaxunah Tote y Hamaca"}]},{"@type":"WebSite","@id":"https:\/\/teterete.com\/mx\/#website","url":"https:\/\/teterete.com\/mx\/","name":"","description":"Tienda en L\u00ednea de Fina Artesanias y Dise\u00f1o Mexicano. Bellas piezas elaboradas a mano por los mejores artesanos del pa\u00eds as\u00ed como piezas de dise\u00f1o y decoraci\u00f3n con inspiraci\u00f3n artesanal.","potentialAction":[{"@type":"SearchAction","target":{"@type":"EntryPoint","urlTemplate":"https:\/\/teterete.com\/mx\/?s={search_term_string}"},"query-input":{"@type":"PropertyValueSpecification","valueRequired":true,"valueName":"search_term_string"}}],"inLanguage":"es"}]}},"_links":{"self":[{"href":"https:\/\/teterete.com\/mx\/wp-json\/wp\/v2\/product\/10809"}],"collection":[{"href":"https:\/\/teterete.com\/mx\/wp-json\/wp\/v2\/product"}],"about":[{"href":"https:\/\/teterete.com\/mx\/wp-json\/wp\/v2\/types\/product"}],"replies":[{"embeddable":true,"href":"https:\/\/teterete.com\/mx\/wp-json\/wp\/v2\/comments?post=10809"}],"wp:featuredmedia":[{"embeddable":true,"href":"https:\/\/teterete.com\/mx\/wp-json\/wp\/v2\/media\/10810"}],"wp:attachment":[{"href":"https:\/\/teterete.com\/mx\/wp-json\/wp\/v2\/media?parent=10809"}],"wp:term":[{"taxonomy":"product_cat","embeddable":true,"href":"https:\/\/teterete.com\/mx\/wp-json\/wp\/v2\/product_cat?post=10809"},{"taxonomy":"product_tag","embeddable":true,"href":"https:\/\/teterete.com\/mx\/wp-json\/wp\/v2\/product_tag?post=10809"}],"curies":[{"name":"wp","href":"https:\/\/api.w.org\/{rel}","templated":true}]}}