{"id":10813,"date":"2022-11-14T18:03:47","date_gmt":"2022-11-14T18:03:47","guid":{"rendered":"https:\/\/teterete.com\/mx\/?post_type=product&#038;p=10813"},"modified":"2024-04-27T13:47:31","modified_gmt":"2024-04-27T13:47:31","slug":"kit-de-canasta-y-toallas","status":"publish","type":"product","link":"https:\/\/teterete.com\/mx\/producto\/kit-de-canasta-y-toallas\/","title":{"rendered":"Kit de Canasta y Toallas"},"content":{"rendered":"\r\n<p>Canasta de mimbre natural tejida a mano y con detalles en negro en orillas.<\/p>\r\n\r\n\r\n\r\n<p>Incluye:<\/p>\r\n\r\n\r\n\r\n<p>Juego de 2 toallas felpa con aplicaci\u00f3n de lino y bordado a mano de hojitas negras. Medida 37 x 26 cms<\/p>\r\n\r\n\r\n\r\n<p>1 Cepillo exfoliador de henequ\u00e9n con tejido de yute.<\/p>\r\n\r\n\r\n\r\n<p>1 Jab\u00f3n de miel, natural y toronjil<\/p>\r\n\r\n\r\n\r\n<p>I canasta de mimbre en color natural y negro medidas 45 cms x 15 cms<\/p>\r\n","protected":false},"excerpt":{"rendered":"<p>\u00fanico kit artesanal para ba\u00f1o con 2 toallas, cepillo exfoliador, jab\u00f3n y canasta de mimbre.\u00a0<\/p>\n","protected":false},"featured_media":10624,"comment_status":"open","ping_status":"closed","template":"","meta":{"sfsi_plus_gutenberg_text_before_share":"","sfsi_plus_gutenberg_show_text_before_share":"","sfsi_plus_gutenberg_icon_type":"","sfsi_plus_gutenberg_icon_alignemt":"","sfsi_plus_gutenburg_max_per_row":""},"product_cat":[2322,1865,2057,995,335,334,683,61],"product_tag":[1553,1848,2321,2328,1002,2329],"acf":[],"yoast_head":"<!-- This site is optimized with the Yoast SEO plugin v23.5 - https:\/\/yoast.com\/wordpress\/plugins\/seo\/ -->\n<title>Kit de Canasta y Toallas -<\/title>\n<meta name=\"description\" content=\"\u00fanico kit artesanal para ba\u00f1o con 2 toallas, cepillo exfoliador, jab\u00f3n y canasta de mimbre.\u00a0\" \/>\n<meta name=\"robots\" content=\"index, follow, max-snippet:-1, max-image-preview:large, max-video-preview:-1\" \/>\n<link rel=\"canonical\" href=\"https:\/\/teterete.com\/mx\/producto\/kit-de-canasta-y-toallas\/\" \/>\n<meta property=\"og:locale\" content=\"es_ES\" \/>\n<meta property=\"og:type\" content=\"article\" \/>\n<meta property=\"og:title\" content=\"Kit de Canasta y Toallas -\" \/>\n<meta property=\"og:description\" content=\"\u00fanico kit artesanal para ba\u00f1o con 2 toallas, cepillo exfoliador, jab\u00f3n y canasta de mimbre.\u00a0\" \/>\n<meta property=\"og:url\" content=\"https:\/\/teterete.com\/mx\/producto\/kit-de-canasta-y-toallas\/\" \/>\n<meta property=\"article:publisher\" content=\"https:\/\/www.facebook.com\/TetereteHome\/\" \/>\n<meta property=\"article:modified_time\" content=\"2024-04-27T13:47:31+00:00\" \/>\n<meta property=\"og:image\" content=\"https:\/\/teterete.com\/mx\/wp-content\/uploads\/2022\/09\/Canasta-Bicolor-02.webp\" \/>\n\t<meta property=\"og:image:width\" content=\"900\" \/>\n\t<meta property=\"og:image:height\" content=\"900\" \/>\n\t<meta property=\"og:image:type\" content=\"image\/webp\" \/>\n<meta name=\"twitter:card\" content=\"summary_large_image\" \/>\n<meta name=\"twitter:site\" content=\"@Teterete_Home\" \/>\n<meta name=\"twitter:label1\" content=\"Tiempo de lectura\" \/>\n\t<meta name=\"twitter:data1\" content=\"1 minuto\" \/>\n<script type=\"application\/ld+json\" class=\"yoast-schema-graph\">{\"@context\":\"https:\/\/schema.org\",\"@graph\":[{\"@type\":\"WebPage\",\"@id\":\"https:\/\/teterete.com\/mx\/producto\/kit-de-canasta-y-toallas\/\",\"url\":\"https:\/\/teterete.com\/mx\/producto\/kit-de-canasta-y-toallas\/\",\"name\":\"Kit de Canasta y Toallas -\",\"isPartOf\":{\"@id\":\"https:\/\/teterete.com\/mx\/#website\"},\"primaryImageOfPage\":{\"@id\":\"https:\/\/teterete.com\/mx\/producto\/kit-de-canasta-y-toallas\/#primaryimage\"},\"image\":{\"@id\":\"https:\/\/teterete.com\/mx\/producto\/kit-de-canasta-y-toallas\/#primaryimage\"},\"thumbnailUrl\":\"https:\/\/teterete.com\/mx\/wp-content\/uploads\/2022\/09\/Canasta-Bicolor-02.webp\",\"datePublished\":\"2022-11-14T18:03:47+00:00\",\"dateModified\":\"2024-04-27T13:47:31+00:00\",\"description\":\"\u00fanico kit artesanal para ba\u00f1o con 2 toallas, cepillo exfoliador, jab\u00f3n y canasta de mimbre.\u00a0\",\"breadcrumb\":{\"@id\":\"https:\/\/teterete.com\/mx\/producto\/kit-de-canasta-y-toallas\/#breadcrumb\"},\"inLanguage\":\"es\",\"potentialAction\":[{\"@type\":\"ReadAction\",\"target\":[\"https:\/\/teterete.com\/mx\/producto\/kit-de-canasta-y-toallas\/\"]}]},{\"@type\":\"ImageObject\",\"inLanguage\":\"es\",\"@id\":\"https:\/\/teterete.com\/mx\/producto\/kit-de-canasta-y-toallas\/#primaryimage\",\"url\":\"https:\/\/teterete.com\/mx\/wp-content\/uploads\/2022\/09\/Canasta-Bicolor-02.webp\",\"contentUrl\":\"https:\/\/teterete.com\/mx\/wp-content\/uploads\/2022\/09\/Canasta-Bicolor-02.webp\",\"width\":\"900\",\"height\":\"900\",\"caption\":\"Canasta de Mimbre\"},{\"@type\":\"BreadcrumbList\",\"@id\":\"https:\/\/teterete.com\/mx\/producto\/kit-de-canasta-y-toallas\/#breadcrumb\",\"itemListElement\":[{\"@type\":\"ListItem\",\"position\":1,\"name\":\"Home\",\"item\":\"https:\/\/teterete.com\/mx\/\"},{\"@type\":\"ListItem\",\"position\":2,\"name\":\"Productos\",\"item\":\"https:\/\/teterete.com\/mx\/shop\/\"},{\"@type\":\"ListItem\",\"position\":3,\"name\":\"Kit de Canasta y Toallas\"}]},{\"@type\":\"WebSite\",\"@id\":\"https:\/\/teterete.com\/mx\/#website\",\"url\":\"https:\/\/teterete.com\/mx\/\",\"name\":\"\",\"description\":\"Tienda en L\u00ednea de Fina Artesanias y Dise\u00f1o Mexicano. Bellas piezas elaboradas a mano por los mejores artesanos del pa\u00eds as\u00ed como piezas de dise\u00f1o y decoraci\u00f3n con inspiraci\u00f3n artesanal.\",\"potentialAction\":[{\"@type\":\"SearchAction\",\"target\":{\"@type\":\"EntryPoint\",\"urlTemplate\":\"https:\/\/teterete.com\/mx\/?s={search_term_string}\"},\"query-input\":{\"@type\":\"PropertyValueSpecification\",\"valueRequired\":true,\"valueName\":\"search_term_string\"}}],\"inLanguage\":\"es\"}]}<\/script>\n<!-- \/ Yoast SEO plugin. -->","yoast_head_json":{"title":"Kit de Canasta y Toallas -","description":"\u00fanico kit artesanal para ba\u00f1o con 2 toallas, cepillo exfoliador, jab\u00f3n y canasta de mimbre.\u00a0","robots":{"index":"index","follow":"follow","max-snippet":"max-snippet:-1","max-image-preview":"max-image-preview:large","max-video-preview":"max-video-preview:-1"},"canonical":"https:\/\/teterete.com\/mx\/producto\/kit-de-canasta-y-toallas\/","og_locale":"es_ES","og_type":"article","og_title":"Kit de Canasta y Toallas -","og_description":"\u00fanico kit artesanal para ba\u00f1o con 2 toallas, cepillo exfoliador, jab\u00f3n y canasta de mimbre.\u00a0","og_url":"https:\/\/teterete.com\/mx\/producto\/kit-de-canasta-y-toallas\/","article_publisher":"https:\/\/www.facebook.com\/TetereteHome\/","article_modified_time":"2024-04-27T13:47:31+00:00","og_image":[{"width":900,"height":900,"url":"https:\/\/teterete.com\/mx\/wp-content\/uploads\/2022\/09\/Canasta-Bicolor-02.webp","type":"image\/webp"}],"twitter_card":"summary_large_image","twitter_site":"@Teterete_Home","twitter_misc":{"Tiempo de lectura":"1 minuto"},"schema":{"@context":"https:\/\/schema.org","@graph":[{"@type":"WebPage","@id":"https:\/\/teterete.com\/mx\/producto\/kit-de-canasta-y-toallas\/","url":"https:\/\/teterete.com\/mx\/producto\/kit-de-canasta-y-toallas\/","name":"Kit de Canasta y Toallas -","isPartOf":{"@id":"https:\/\/teterete.com\/mx\/#website"},"primaryImageOfPage":{"@id":"https:\/\/teterete.com\/mx\/producto\/kit-de-canasta-y-toallas\/#primaryimage"},"image":{"@id":"https:\/\/teterete.com\/mx\/producto\/kit-de-canasta-y-toallas\/#primaryimage"},"thumbnailUrl":"https:\/\/teterete.com\/mx\/wp-content\/uploads\/2022\/09\/Canasta-Bicolor-02.webp","datePublished":"2022-11-14T18:03:47+00:00","dateModified":"2024-04-27T13:47:31+00:00","description":"\u00fanico kit artesanal para ba\u00f1o con 2 toallas, cepillo exfoliador, jab\u00f3n y canasta de mimbre.\u00a0","breadcrumb":{"@id":"https:\/\/teterete.com\/mx\/producto\/kit-de-canasta-y-toallas\/#breadcrumb"},"inLanguage":"es","potentialAction":[{"@type":"ReadAction","target":["https:\/\/teterete.com\/mx\/producto\/kit-de-canasta-y-toallas\/"]}]},{"@type":"ImageObject","inLanguage":"es","@id":"https:\/\/teterete.com\/mx\/producto\/kit-de-canasta-y-toallas\/#primaryimage","url":"https:\/\/teterete.com\/mx\/wp-content\/uploads\/2022\/09\/Canasta-Bicolor-02.webp","contentUrl":"https:\/\/teterete.com\/mx\/wp-content\/uploads\/2022\/09\/Canasta-Bicolor-02.webp","width":"900","height":"900","caption":"Canasta de Mimbre"},{"@type":"BreadcrumbList","@id":"https:\/\/teterete.com\/mx\/producto\/kit-de-canasta-y-toallas\/#breadcrumb","itemListElement":[{"@type":"ListItem","position":1,"name":"Home","item":"https:\/\/teterete.com\/mx\/"},{"@type":"ListItem","position":2,"name":"Productos","item":"https:\/\/teterete.com\/mx\/shop\/"},{"@type":"ListItem","position":3,"name":"Kit de Canasta y Toallas"}]},{"@type":"WebSite","@id":"https:\/\/teterete.com\/mx\/#website","url":"https:\/\/teterete.com\/mx\/","name":"","description":"Tienda en L\u00ednea de Fina Artesanias y Dise\u00f1o Mexicano. Bellas piezas elaboradas a mano por los mejores artesanos del pa\u00eds as\u00ed como piezas de dise\u00f1o y decoraci\u00f3n con inspiraci\u00f3n artesanal.","potentialAction":[{"@type":"SearchAction","target":{"@type":"EntryPoint","urlTemplate":"https:\/\/teterete.com\/mx\/?s={search_term_string}"},"query-input":{"@type":"PropertyValueSpecification","valueRequired":true,"valueName":"search_term_string"}}],"inLanguage":"es"}]}},"_links":{"self":[{"href":"https:\/\/teterete.com\/mx\/wp-json\/wp\/v2\/product\/10813"}],"collection":[{"href":"https:\/\/teterete.com\/mx\/wp-json\/wp\/v2\/product"}],"about":[{"href":"https:\/\/teterete.com\/mx\/wp-json\/wp\/v2\/types\/product"}],"replies":[{"embeddable":true,"href":"https:\/\/teterete.com\/mx\/wp-json\/wp\/v2\/comments?post=10813"}],"wp:featuredmedia":[{"embeddable":true,"href":"https:\/\/teterete.com\/mx\/wp-json\/wp\/v2\/media\/10624"}],"wp:attachment":[{"href":"https:\/\/teterete.com\/mx\/wp-json\/wp\/v2\/media?parent=10813"}],"wp:term":[{"taxonomy":"product_cat","embeddable":true,"href":"https:\/\/teterete.com\/mx\/wp-json\/wp\/v2\/product_cat?post=10813"},{"taxonomy":"product_tag","embeddable":true,"href":"https:\/\/teterete.com\/mx\/wp-json\/wp\/v2\/product_tag?post=10813"}],"curies":[{"name":"wp","href":"https:\/\/api.w.org\/{rel}","templated":true}]}}