{"id":10819,"date":"2022-11-14T18:48:47","date_gmt":"2022-11-14T18:48:47","guid":{"rendered":"https:\/\/teterete.com\/mx\/?post_type=product&#038;p=10819"},"modified":"2023-05-29T18:15:15","modified_gmt":"2023-05-29T18:15:15","slug":"corona-navidena","status":"publish","type":"product","link":"https:\/\/teterete.com\/mx\/producto\/corona-navidena\/","title":{"rendered":"Kit Corona Navide\u00f1a Artesanal y Veladoras"},"content":{"rendered":"\n<p>Bella corona elaborada en rat\u00e1n natural y 4 veladoras con terminado en corteza de pi\u00f1a<\/p>\n\n\n\n<p>1 Corona navide\u00f1a en rat\u00e1n. Medidas 50 cms de di\u00e1metro <\/p>\n\n\n\n<p>4 vasos veladora con corteza de pi\u00f1a<\/p>\n","protected":false},"excerpt":{"rendered":"<p>Bella corona navide\u00f1a elaborada en rat\u00e1n por artesanos de Valle de Bravo para decorar t\u00fa espacio con un toque artesanal.<\/p>\n","protected":false},"featured_media":10820,"comment_status":"open","ping_status":"closed","template":"","meta":{"_acf_changed":false,"sfsi_plus_gutenberg_text_before_share":"","sfsi_plus_gutenberg_show_text_before_share":"","sfsi_plus_gutenberg_icon_type":"","sfsi_plus_gutenberg_icon_alignemt":"","sfsi_plus_gutenburg_max_per_row":""},"product_brand":[],"product_cat":[1865],"product_tag":[2331,2330,1551],"class_list":{"0":"post-10819","1":"product","2":"type-product","3":"status-publish","4":"has-post-thumbnail","6":"product_cat-adornos-navidenos","7":"product_tag-artesania-navidena-regalos-artesanales","8":"product_tag-corona-navidena","9":"product_tag-decoracion-navidena","10":"product_shipping_class-big-size","12":"first","13":"instock","14":"taxable","15":"shipping-taxable","16":"purchasable","17":"product-type-simple"},"acf":[],"yoast_head":"<!-- This site is optimized with the Yoast SEO plugin v27.5 - https:\/\/yoast.com\/product\/yoast-seo-wordpress\/ -->\n<title>Kit Corona Navide\u00f1a Artesanal y Veladoras -<\/title>\n<meta name=\"description\" content=\"Bella corona navide\u00f1a elaborada en rat\u00e1n por artesanos de Valle de Bravo para decorar tu espacio con un toque artesanal.\" \/>\n<meta name=\"robots\" content=\"index, follow, max-snippet:-1, max-image-preview:large, max-video-preview:-1\" \/>\n<link rel=\"canonical\" href=\"https:\/\/teterete.com\/mx\/producto\/corona-navidena\/\" \/>\n<meta property=\"og:locale\" content=\"es_ES\" \/>\n<meta property=\"og:type\" content=\"article\" \/>\n<meta property=\"og:title\" content=\"Kit Corona Navide\u00f1a Artesanal y Veladoras -\" \/>\n<meta property=\"og:description\" content=\"Bella corona navide\u00f1a elaborada en rat\u00e1n por artesanos de Valle de Bravo para decorar tu espacio con un toque artesanal.\" \/>\n<meta property=\"og:url\" content=\"https:\/\/teterete.com\/mx\/producto\/corona-navidena\/\" \/>\n<meta property=\"article:publisher\" content=\"https:\/\/www.facebook.com\/TetereteHome\/\" \/>\n<meta property=\"article:modified_time\" content=\"2023-05-29T18:15:15+00:00\" \/>\n<meta property=\"og:image\" content=\"https:\/\/teterete.com\/mx\/wp-content\/uploads\/2022\/11\/corona-navidena.jpeg\" \/>\n\t<meta property=\"og:image:width\" content=\"1280\" \/>\n\t<meta property=\"og:image:height\" content=\"853\" \/>\n\t<meta property=\"og:image:type\" content=\"image\/jpeg\" \/>\n<meta name=\"twitter:card\" content=\"summary_large_image\" \/>\n<meta name=\"twitter:site\" content=\"@Teterete_Home\" \/>\n<meta name=\"twitter:label1\" content=\"Tiempo de lectura\" \/>\n\t<meta name=\"twitter:data1\" content=\"1 minuto\" \/>\n<script type=\"application\/ld+json\" class=\"yoast-schema-graph\">{\"@context\":\"https:\\\/\\\/schema.org\",\"@graph\":[{\"@type\":\"WebPage\",\"@id\":\"https:\\\/\\\/teterete.com\\\/mx\\\/producto\\\/corona-navidena\\\/\",\"url\":\"https:\\\/\\\/teterete.com\\\/mx\\\/producto\\\/corona-navidena\\\/\",\"name\":\"Kit Corona Navide\u00f1a Artesanal y Veladoras -\",\"isPartOf\":{\"@id\":\"https:\\\/\\\/teterete.com\\\/mx\\\/#website\"},\"primaryImageOfPage\":{\"@id\":\"https:\\\/\\\/teterete.com\\\/mx\\\/producto\\\/corona-navidena\\\/#primaryimage\"},\"image\":{\"@id\":\"https:\\\/\\\/teterete.com\\\/mx\\\/producto\\\/corona-navidena\\\/#primaryimage\"},\"thumbnailUrl\":\"https:\\\/\\\/teterete.com\\\/mx\\\/wp-content\\\/uploads\\\/2022\\\/11\\\/corona-navidena.jpeg\",\"datePublished\":\"2022-11-14T18:48:47+00:00\",\"dateModified\":\"2023-05-29T18:15:15+00:00\",\"description\":\"Bella corona navide\u00f1a elaborada en rat\u00e1n por artesanos de Valle de Bravo para decorar tu espacio con un toque artesanal.\",\"breadcrumb\":{\"@id\":\"https:\\\/\\\/teterete.com\\\/mx\\\/producto\\\/corona-navidena\\\/#breadcrumb\"},\"inLanguage\":\"es\",\"potentialAction\":[{\"@type\":\"ReadAction\",\"target\":[\"https:\\\/\\\/teterete.com\\\/mx\\\/producto\\\/corona-navidena\\\/\"]}]},{\"@type\":\"ImageObject\",\"inLanguage\":\"es\",\"@id\":\"https:\\\/\\\/teterete.com\\\/mx\\\/producto\\\/corona-navidena\\\/#primaryimage\",\"url\":\"https:\\\/\\\/teterete.com\\\/mx\\\/wp-content\\\/uploads\\\/2022\\\/11\\\/corona-navidena.jpeg\",\"contentUrl\":\"https:\\\/\\\/teterete.com\\\/mx\\\/wp-content\\\/uploads\\\/2022\\\/11\\\/corona-navidena.jpeg\",\"width\":\"1280\",\"height\":\"853\",\"caption\":\"Corona Navide\u00f1a\"},{\"@type\":\"BreadcrumbList\",\"@id\":\"https:\\\/\\\/teterete.com\\\/mx\\\/producto\\\/corona-navidena\\\/#breadcrumb\",\"itemListElement\":[{\"@type\":\"ListItem\",\"position\":1,\"name\":\"Home\",\"item\":\"https:\\\/\\\/teterete.com\\\/mx\\\/\"},{\"@type\":\"ListItem\",\"position\":2,\"name\":\"Productos\",\"item\":\"https:\\\/\\\/teterete.com\\\/mx\\\/shop\\\/\"},{\"@type\":\"ListItem\",\"position\":3,\"name\":\"Kit Corona Navide\u00f1a Artesanal y Veladoras\"}]},{\"@type\":\"WebSite\",\"@id\":\"https:\\\/\\\/teterete.com\\\/mx\\\/#website\",\"url\":\"https:\\\/\\\/teterete.com\\\/mx\\\/\",\"name\":\"\",\"description\":\"Tienda en L\u00ednea de Fina Artesanias y Dise\u00f1o Mexicano. Bellas piezas elaboradas a mano por los mejores artesanos del pa\u00eds as\u00ed como piezas de dise\u00f1o y decoraci\u00f3n con inspiraci\u00f3n artesanal.\",\"potentialAction\":[{\"@type\":\"SearchAction\",\"target\":{\"@type\":\"EntryPoint\",\"urlTemplate\":\"https:\\\/\\\/teterete.com\\\/mx\\\/?s={search_term_string}\"},\"query-input\":{\"@type\":\"PropertyValueSpecification\",\"valueRequired\":true,\"valueName\":\"search_term_string\"}}],\"inLanguage\":\"es\"}]}<\/script>\n<!-- \/ Yoast SEO plugin. -->","yoast_head_json":{"title":"Kit Corona Navide\u00f1a Artesanal y Veladoras -","description":"Bella corona navide\u00f1a elaborada en rat\u00e1n por artesanos de Valle de Bravo para decorar tu espacio con un toque artesanal.","robots":{"index":"index","follow":"follow","max-snippet":"max-snippet:-1","max-image-preview":"max-image-preview:large","max-video-preview":"max-video-preview:-1"},"canonical":"https:\/\/teterete.com\/mx\/producto\/corona-navidena\/","og_locale":"es_ES","og_type":"article","og_title":"Kit Corona Navide\u00f1a Artesanal y Veladoras -","og_description":"Bella corona navide\u00f1a elaborada en rat\u00e1n por artesanos de Valle de Bravo para decorar tu espacio con un toque artesanal.","og_url":"https:\/\/teterete.com\/mx\/producto\/corona-navidena\/","article_publisher":"https:\/\/www.facebook.com\/TetereteHome\/","article_modified_time":"2023-05-29T18:15:15+00:00","og_image":[{"width":1280,"height":853,"url":"https:\/\/teterete.com\/mx\/wp-content\/uploads\/2022\/11\/corona-navidena.jpeg","type":"image\/jpeg"}],"twitter_card":"summary_large_image","twitter_site":"@Teterete_Home","twitter_misc":{"Tiempo de lectura":"1 minuto"},"schema":{"@context":"https:\/\/schema.org","@graph":[{"@type":"WebPage","@id":"https:\/\/teterete.com\/mx\/producto\/corona-navidena\/","url":"https:\/\/teterete.com\/mx\/producto\/corona-navidena\/","name":"Kit Corona Navide\u00f1a Artesanal y Veladoras -","isPartOf":{"@id":"https:\/\/teterete.com\/mx\/#website"},"primaryImageOfPage":{"@id":"https:\/\/teterete.com\/mx\/producto\/corona-navidena\/#primaryimage"},"image":{"@id":"https:\/\/teterete.com\/mx\/producto\/corona-navidena\/#primaryimage"},"thumbnailUrl":"https:\/\/teterete.com\/mx\/wp-content\/uploads\/2022\/11\/corona-navidena.jpeg","datePublished":"2022-11-14T18:48:47+00:00","dateModified":"2023-05-29T18:15:15+00:00","description":"Bella corona navide\u00f1a elaborada en rat\u00e1n por artesanos de Valle de Bravo para decorar tu espacio con un toque artesanal.","breadcrumb":{"@id":"https:\/\/teterete.com\/mx\/producto\/corona-navidena\/#breadcrumb"},"inLanguage":"es","potentialAction":[{"@type":"ReadAction","target":["https:\/\/teterete.com\/mx\/producto\/corona-navidena\/"]}]},{"@type":"ImageObject","inLanguage":"es","@id":"https:\/\/teterete.com\/mx\/producto\/corona-navidena\/#primaryimage","url":"https:\/\/teterete.com\/mx\/wp-content\/uploads\/2022\/11\/corona-navidena.jpeg","contentUrl":"https:\/\/teterete.com\/mx\/wp-content\/uploads\/2022\/11\/corona-navidena.jpeg","width":"1280","height":"853","caption":"Corona Navide\u00f1a"},{"@type":"BreadcrumbList","@id":"https:\/\/teterete.com\/mx\/producto\/corona-navidena\/#breadcrumb","itemListElement":[{"@type":"ListItem","position":1,"name":"Home","item":"https:\/\/teterete.com\/mx\/"},{"@type":"ListItem","position":2,"name":"Productos","item":"https:\/\/teterete.com\/mx\/shop\/"},{"@type":"ListItem","position":3,"name":"Kit Corona Navide\u00f1a Artesanal y Veladoras"}]},{"@type":"WebSite","@id":"https:\/\/teterete.com\/mx\/#website","url":"https:\/\/teterete.com\/mx\/","name":"","description":"Tienda en L\u00ednea de Fina Artesanias y Dise\u00f1o Mexicano. Bellas piezas elaboradas a mano por los mejores artesanos del pa\u00eds as\u00ed como piezas de dise\u00f1o y decoraci\u00f3n con inspiraci\u00f3n artesanal.","potentialAction":[{"@type":"SearchAction","target":{"@type":"EntryPoint","urlTemplate":"https:\/\/teterete.com\/mx\/?s={search_term_string}"},"query-input":{"@type":"PropertyValueSpecification","valueRequired":true,"valueName":"search_term_string"}}],"inLanguage":"es"}]}},"_links":{"self":[{"href":"https:\/\/teterete.com\/mx\/wp-json\/wp\/v2\/product\/10819","targetHints":{"allow":["GET"]}}],"collection":[{"href":"https:\/\/teterete.com\/mx\/wp-json\/wp\/v2\/product"}],"about":[{"href":"https:\/\/teterete.com\/mx\/wp-json\/wp\/v2\/types\/product"}],"replies":[{"embeddable":true,"href":"https:\/\/teterete.com\/mx\/wp-json\/wp\/v2\/comments?post=10819"}],"wp:featuredmedia":[{"embeddable":true,"href":"https:\/\/teterete.com\/mx\/wp-json\/wp\/v2\/media\/10820"}],"wp:attachment":[{"href":"https:\/\/teterete.com\/mx\/wp-json\/wp\/v2\/media?parent=10819"}],"wp:term":[{"taxonomy":"product_brand","embeddable":true,"href":"https:\/\/teterete.com\/mx\/wp-json\/wp\/v2\/product_brand?post=10819"},{"taxonomy":"product_cat","embeddable":true,"href":"https:\/\/teterete.com\/mx\/wp-json\/wp\/v2\/product_cat?post=10819"},{"taxonomy":"product_tag","embeddable":true,"href":"https:\/\/teterete.com\/mx\/wp-json\/wp\/v2\/product_tag?post=10819"}],"curies":[{"name":"wp","href":"https:\/\/api.w.org\/{rel}","templated":true}]}}