{"id":10835,"date":"2022-11-15T16:33:35","date_gmt":"2022-11-15T16:33:35","guid":{"rendered":"https:\/\/teterete.com\/mx\/?post_type=product&#038;p=10835"},"modified":"2025-10-19T23:26:38","modified_gmt":"2025-10-19T23:26:38","slug":"kit-gin","status":"publish","type":"product","link":"https:\/\/teterete.com\/mx\/producto\/kit-gin\/","title":{"rendered":"Kit Gin y Taz\u00f3n de Cer\u00e1mica Artesanal"},"content":{"rendered":"\r\n<p>Regalo con una botella de J\u00e4pi Gin de 200 ml, un frasco de c\u00edtricos de la marca Beatriz Attolini y un taz\u00f3n mini de cer\u00e1mica en color negro con terminado de rat\u00e1n en una charola de rat\u00e1n tejida a mano.<\/p>\r\n\r\n\r\n\r\n<p>Medidas: 17 x 18.5 x 11.5 cm<\/p>\r\n\r\n\r\n\r\n<p>&nbsp;<\/p>\r\n","protected":false},"excerpt":{"rendered":"<p>El kit incluye una botella de 200 ml de Ginebra artesanal, un taz\u00f3n de cer\u00e1mica con base de rat\u00e1n y un frasco de c\u00edtricos.\u00a0<\/p>\n","protected":false},"featured_media":10836,"comment_status":"open","ping_status":"closed","template":"","meta":{"_acf_changed":false,"sfsi_plus_gutenberg_text_before_share":"","sfsi_plus_gutenberg_show_text_before_share":"","sfsi_plus_gutenberg_icon_type":"","sfsi_plus_gutenberg_icon_alignemt":"","sfsi_plus_gutenburg_max_per_row":""},"product_brand":[],"product_cat":[1882,2322,995,1865,538],"product_tag":[1545,1637,1002,2332],"class_list":{"0":"post-10835","1":"product","2":"type-product","3":"status-publish","4":"has-post-thumbnail","6":"product_cat-bar","7":"product_cat-kist-artesanales","8":"product_cat-musgo","9":"product_cat-adornos-navidenos","10":"product_cat-para_el","11":"product_tag-mezcaleros","12":"product_tag-regalos-artesanales","13":"product_tag-regalos-mexicanos","14":"product_tag-set-mezcal-y-mezcaleros","15":"product_shipping_class-standard","17":"first","18":"instock","19":"taxable","20":"shipping-taxable","21":"purchasable","22":"product-type-simple"},"acf":[],"yoast_head":"<!-- This site is optimized with the Yoast SEO plugin v27.5 - https:\/\/yoast.com\/product\/yoast-seo-wordpress\/ -->\n<title>Kit Gin y Taz\u00f3n de Cer\u00e1mica Artesanal -<\/title>\n<meta name=\"description\" content=\"El kit incluye una botella de 200 ml de Ginebra artesanal, un taz\u00f3n de cer\u00e1mica con base de rat\u00e1n y un frasco de c\u00edtricos.\u00a0\" \/>\n<meta name=\"robots\" content=\"index, follow, max-snippet:-1, max-image-preview:large, max-video-preview:-1\" \/>\n<link rel=\"canonical\" href=\"https:\/\/teterete.com\/mx\/producto\/kit-gin\/\" \/>\n<meta property=\"og:locale\" content=\"es_ES\" \/>\n<meta property=\"og:type\" content=\"article\" \/>\n<meta property=\"og:title\" content=\"Kit Gin y Taz\u00f3n de Cer\u00e1mica Artesanal -\" \/>\n<meta property=\"og:description\" content=\"El kit incluye una botella de 200 ml de Ginebra artesanal, un taz\u00f3n de cer\u00e1mica con base de rat\u00e1n y un frasco de c\u00edtricos.\u00a0\" \/>\n<meta property=\"og:url\" content=\"https:\/\/teterete.com\/mx\/producto\/kit-gin\/\" \/>\n<meta property=\"article:publisher\" content=\"https:\/\/www.facebook.com\/TetereteHome\/\" \/>\n<meta property=\"article:modified_time\" content=\"2025-10-19T23:26:38+00:00\" \/>\n<meta property=\"og:image\" content=\"https:\/\/teterete.com\/mx\/wp-content\/uploads\/2022\/11\/Regalo-Japi-Gin-02.webp\" \/>\n\t<meta property=\"og:image:width\" content=\"900\" \/>\n\t<meta property=\"og:image:height\" content=\"900\" \/>\n\t<meta property=\"og:image:type\" content=\"image\/webp\" \/>\n<meta name=\"twitter:card\" content=\"summary_large_image\" \/>\n<meta name=\"twitter:site\" content=\"@Teterete_Home\" \/>\n<meta name=\"twitter:label1\" content=\"Tiempo de lectura\" \/>\n\t<meta name=\"twitter:data1\" content=\"1 minuto\" \/>\n<script type=\"application\/ld+json\" class=\"yoast-schema-graph\">{\"@context\":\"https:\\\/\\\/schema.org\",\"@graph\":[{\"@type\":\"WebPage\",\"@id\":\"https:\\\/\\\/teterete.com\\\/mx\\\/producto\\\/kit-gin\\\/\",\"url\":\"https:\\\/\\\/teterete.com\\\/mx\\\/producto\\\/kit-gin\\\/\",\"name\":\"Kit Gin y Taz\u00f3n de Cer\u00e1mica Artesanal -\",\"isPartOf\":{\"@id\":\"https:\\\/\\\/teterete.com\\\/mx\\\/#website\"},\"primaryImageOfPage\":{\"@id\":\"https:\\\/\\\/teterete.com\\\/mx\\\/producto\\\/kit-gin\\\/#primaryimage\"},\"image\":{\"@id\":\"https:\\\/\\\/teterete.com\\\/mx\\\/producto\\\/kit-gin\\\/#primaryimage\"},\"thumbnailUrl\":\"https:\\\/\\\/teterete.com\\\/mx\\\/wp-content\\\/uploads\\\/2022\\\/11\\\/Regalo-Japi-Gin-02.webp\",\"datePublished\":\"2022-11-15T16:33:35+00:00\",\"dateModified\":\"2025-10-19T23:26:38+00:00\",\"description\":\"El kit incluye una botella de 200 ml de Ginebra artesanal, un taz\u00f3n de cer\u00e1mica con base de rat\u00e1n y un frasco de c\u00edtricos.\u00a0\",\"breadcrumb\":{\"@id\":\"https:\\\/\\\/teterete.com\\\/mx\\\/producto\\\/kit-gin\\\/#breadcrumb\"},\"inLanguage\":\"es\",\"potentialAction\":[{\"@type\":\"ReadAction\",\"target\":[\"https:\\\/\\\/teterete.com\\\/mx\\\/producto\\\/kit-gin\\\/\"]}]},{\"@type\":\"ImageObject\",\"inLanguage\":\"es\",\"@id\":\"https:\\\/\\\/teterete.com\\\/mx\\\/producto\\\/kit-gin\\\/#primaryimage\",\"url\":\"https:\\\/\\\/teterete.com\\\/mx\\\/wp-content\\\/uploads\\\/2022\\\/11\\\/Regalo-Japi-Gin-02.webp\",\"contentUrl\":\"https:\\\/\\\/teterete.com\\\/mx\\\/wp-content\\\/uploads\\\/2022\\\/11\\\/Regalo-Japi-Gin-02.webp\",\"width\":\"900\",\"height\":\"900\",\"caption\":\"Kit Gin Artesanal\"},{\"@type\":\"BreadcrumbList\",\"@id\":\"https:\\\/\\\/teterete.com\\\/mx\\\/producto\\\/kit-gin\\\/#breadcrumb\",\"itemListElement\":[{\"@type\":\"ListItem\",\"position\":1,\"name\":\"Home\",\"item\":\"https:\\\/\\\/teterete.com\\\/mx\\\/\"},{\"@type\":\"ListItem\",\"position\":2,\"name\":\"Productos\",\"item\":\"https:\\\/\\\/teterete.com\\\/mx\\\/shop\\\/\"},{\"@type\":\"ListItem\",\"position\":3,\"name\":\"Kit Gin y Taz\u00f3n de Cer\u00e1mica Artesanal\"}]},{\"@type\":\"WebSite\",\"@id\":\"https:\\\/\\\/teterete.com\\\/mx\\\/#website\",\"url\":\"https:\\\/\\\/teterete.com\\\/mx\\\/\",\"name\":\"\",\"description\":\"Tienda en L\u00ednea de Fina Artesanias y Dise\u00f1o Mexicano. Bellas piezas elaboradas a mano por los mejores artesanos del pa\u00eds as\u00ed como piezas de dise\u00f1o y decoraci\u00f3n con inspiraci\u00f3n artesanal.\",\"potentialAction\":[{\"@type\":\"SearchAction\",\"target\":{\"@type\":\"EntryPoint\",\"urlTemplate\":\"https:\\\/\\\/teterete.com\\\/mx\\\/?s={search_term_string}\"},\"query-input\":{\"@type\":\"PropertyValueSpecification\",\"valueRequired\":true,\"valueName\":\"search_term_string\"}}],\"inLanguage\":\"es\"}]}<\/script>\n<!-- \/ Yoast SEO plugin. -->","yoast_head_json":{"title":"Kit Gin y Taz\u00f3n de Cer\u00e1mica Artesanal -","description":"El kit incluye una botella de 200 ml de Ginebra artesanal, un taz\u00f3n de cer\u00e1mica con base de rat\u00e1n y un frasco de c\u00edtricos.\u00a0","robots":{"index":"index","follow":"follow","max-snippet":"max-snippet:-1","max-image-preview":"max-image-preview:large","max-video-preview":"max-video-preview:-1"},"canonical":"https:\/\/teterete.com\/mx\/producto\/kit-gin\/","og_locale":"es_ES","og_type":"article","og_title":"Kit Gin y Taz\u00f3n de Cer\u00e1mica Artesanal -","og_description":"El kit incluye una botella de 200 ml de Ginebra artesanal, un taz\u00f3n de cer\u00e1mica con base de rat\u00e1n y un frasco de c\u00edtricos.\u00a0","og_url":"https:\/\/teterete.com\/mx\/producto\/kit-gin\/","article_publisher":"https:\/\/www.facebook.com\/TetereteHome\/","article_modified_time":"2025-10-19T23:26:38+00:00","og_image":[{"width":900,"height":900,"url":"https:\/\/teterete.com\/mx\/wp-content\/uploads\/2022\/11\/Regalo-Japi-Gin-02.webp","type":"image\/webp"}],"twitter_card":"summary_large_image","twitter_site":"@Teterete_Home","twitter_misc":{"Tiempo de lectura":"1 minuto"},"schema":{"@context":"https:\/\/schema.org","@graph":[{"@type":"WebPage","@id":"https:\/\/teterete.com\/mx\/producto\/kit-gin\/","url":"https:\/\/teterete.com\/mx\/producto\/kit-gin\/","name":"Kit Gin y Taz\u00f3n de Cer\u00e1mica Artesanal -","isPartOf":{"@id":"https:\/\/teterete.com\/mx\/#website"},"primaryImageOfPage":{"@id":"https:\/\/teterete.com\/mx\/producto\/kit-gin\/#primaryimage"},"image":{"@id":"https:\/\/teterete.com\/mx\/producto\/kit-gin\/#primaryimage"},"thumbnailUrl":"https:\/\/teterete.com\/mx\/wp-content\/uploads\/2022\/11\/Regalo-Japi-Gin-02.webp","datePublished":"2022-11-15T16:33:35+00:00","dateModified":"2025-10-19T23:26:38+00:00","description":"El kit incluye una botella de 200 ml de Ginebra artesanal, un taz\u00f3n de cer\u00e1mica con base de rat\u00e1n y un frasco de c\u00edtricos.\u00a0","breadcrumb":{"@id":"https:\/\/teterete.com\/mx\/producto\/kit-gin\/#breadcrumb"},"inLanguage":"es","potentialAction":[{"@type":"ReadAction","target":["https:\/\/teterete.com\/mx\/producto\/kit-gin\/"]}]},{"@type":"ImageObject","inLanguage":"es","@id":"https:\/\/teterete.com\/mx\/producto\/kit-gin\/#primaryimage","url":"https:\/\/teterete.com\/mx\/wp-content\/uploads\/2022\/11\/Regalo-Japi-Gin-02.webp","contentUrl":"https:\/\/teterete.com\/mx\/wp-content\/uploads\/2022\/11\/Regalo-Japi-Gin-02.webp","width":"900","height":"900","caption":"Kit Gin Artesanal"},{"@type":"BreadcrumbList","@id":"https:\/\/teterete.com\/mx\/producto\/kit-gin\/#breadcrumb","itemListElement":[{"@type":"ListItem","position":1,"name":"Home","item":"https:\/\/teterete.com\/mx\/"},{"@type":"ListItem","position":2,"name":"Productos","item":"https:\/\/teterete.com\/mx\/shop\/"},{"@type":"ListItem","position":3,"name":"Kit Gin y Taz\u00f3n de Cer\u00e1mica Artesanal"}]},{"@type":"WebSite","@id":"https:\/\/teterete.com\/mx\/#website","url":"https:\/\/teterete.com\/mx\/","name":"","description":"Tienda en L\u00ednea de Fina Artesanias y Dise\u00f1o Mexicano. Bellas piezas elaboradas a mano por los mejores artesanos del pa\u00eds as\u00ed como piezas de dise\u00f1o y decoraci\u00f3n con inspiraci\u00f3n artesanal.","potentialAction":[{"@type":"SearchAction","target":{"@type":"EntryPoint","urlTemplate":"https:\/\/teterete.com\/mx\/?s={search_term_string}"},"query-input":{"@type":"PropertyValueSpecification","valueRequired":true,"valueName":"search_term_string"}}],"inLanguage":"es"}]}},"_links":{"self":[{"href":"https:\/\/teterete.com\/mx\/wp-json\/wp\/v2\/product\/10835","targetHints":{"allow":["GET"]}}],"collection":[{"href":"https:\/\/teterete.com\/mx\/wp-json\/wp\/v2\/product"}],"about":[{"href":"https:\/\/teterete.com\/mx\/wp-json\/wp\/v2\/types\/product"}],"replies":[{"embeddable":true,"href":"https:\/\/teterete.com\/mx\/wp-json\/wp\/v2\/comments?post=10835"}],"wp:featuredmedia":[{"embeddable":true,"href":"https:\/\/teterete.com\/mx\/wp-json\/wp\/v2\/media\/10836"}],"wp:attachment":[{"href":"https:\/\/teterete.com\/mx\/wp-json\/wp\/v2\/media?parent=10835"}],"wp:term":[{"taxonomy":"product_brand","embeddable":true,"href":"https:\/\/teterete.com\/mx\/wp-json\/wp\/v2\/product_brand?post=10835"},{"taxonomy":"product_cat","embeddable":true,"href":"https:\/\/teterete.com\/mx\/wp-json\/wp\/v2\/product_cat?post=10835"},{"taxonomy":"product_tag","embeddable":true,"href":"https:\/\/teterete.com\/mx\/wp-json\/wp\/v2\/product_tag?post=10835"}],"curies":[{"name":"wp","href":"https:\/\/api.w.org\/{rel}","templated":true}]}}