{"id":10860,"date":"2022-12-07T23:06:59","date_gmt":"2022-12-07T23:06:59","guid":{"rendered":"https:\/\/teterete.com\/mx\/?post_type=product&#038;p=10860"},"modified":"2022-12-19T14:50:38","modified_gmt":"2022-12-19T14:50:38","slug":"baul-azul-grecas","status":"publish","type":"product","link":"https:\/\/teterete.com\/mx\/producto\/baul-azul-grecas\/","title":{"rendered":"Ba\u00fal Azul Grecas"},"content":{"rendered":"<p>Medidas: 15 cms de largo x 8 cms de ancho y 8 cms de altura<\/p>\n<p>Color: Azul y blanco<\/p>\n<p>Material: Madera de pino<\/p>\n","protected":false},"excerpt":{"rendered":"<p>Este ba\u00fal tostonero es elaborado por artesanos de Olinal\u00e1 en madera de pino, se lijan para darle una textura mas plana, se agregan capas de tierra con aceite de ch\u00eda para luego tallar o rayar y dar el dise\u00f1o final a mano, sin moldes.<\/p>\n","protected":false},"featured_media":10861,"comment_status":"open","ping_status":"closed","template":"","meta":{"sfsi_plus_gutenberg_text_before_share":"","sfsi_plus_gutenberg_show_text_before_share":"","sfsi_plus_gutenberg_icon_type":"","sfsi_plus_gutenberg_icon_alignemt":"","sfsi_plus_gutenburg_max_per_row":""},"product_cat":[2057,342,539],"product_tag":[1887,222,1161,2217,2218,272,1002],"acf":[],"yoast_head":"<!-- This site is optimized with the Yoast SEO plugin v23.5 - https:\/\/yoast.com\/wordpress\/plugins\/seo\/ -->\n<title>Ba\u00fal Azul Grecas -<\/title>\n<meta name=\"description\" content=\"Ba\u00fal labrado y pintado a mano por artesanos mexicanos de Olinal\u00e1. Bella pieza de artesan\u00eda fina mexicana\" \/>\n<meta name=\"robots\" content=\"index, follow, max-snippet:-1, max-image-preview:large, max-video-preview:-1\" \/>\n<link rel=\"canonical\" href=\"https:\/\/teterete.com\/mx\/producto\/baul-azul-grecas\/\" \/>\n<meta property=\"og:locale\" content=\"es_ES\" \/>\n<meta property=\"og:type\" content=\"article\" \/>\n<meta property=\"og:title\" content=\"Ba\u00fal Azul Grecas -\" \/>\n<meta property=\"og:description\" content=\"Ba\u00fal labrado y pintado a mano por artesanos mexicanos de Olinal\u00e1. Bella pieza de artesan\u00eda fina mexicana\" \/>\n<meta property=\"og:url\" content=\"https:\/\/teterete.com\/mx\/producto\/baul-azul-grecas\/\" \/>\n<meta property=\"article:publisher\" content=\"https:\/\/www.facebook.com\/TetereteHome\/\" \/>\n<meta property=\"article:modified_time\" content=\"2022-12-19T14:50:38+00:00\" \/>\n<meta property=\"og:image\" content=\"https:\/\/teterete.com\/mx\/wp-content\/uploads\/2022\/12\/baul-azul-artesanal.jpg\" \/>\n\t<meta property=\"og:image:width\" content=\"800\" \/>\n\t<meta property=\"og:image:height\" content=\"735\" \/>\n\t<meta property=\"og:image:type\" content=\"image\/jpeg\" \/>\n<meta name=\"twitter:card\" content=\"summary_large_image\" \/>\n<meta name=\"twitter:site\" content=\"@Teterete_Home\" \/>\n<meta name=\"twitter:label1\" content=\"Tiempo de lectura\" \/>\n\t<meta name=\"twitter:data1\" content=\"1 minuto\" \/>\n<script type=\"application\/ld+json\" class=\"yoast-schema-graph\">{\"@context\":\"https:\/\/schema.org\",\"@graph\":[{\"@type\":\"WebPage\",\"@id\":\"https:\/\/teterete.com\/mx\/producto\/baul-azul-grecas\/\",\"url\":\"https:\/\/teterete.com\/mx\/producto\/baul-azul-grecas\/\",\"name\":\"Ba\u00fal Azul Grecas -\",\"isPartOf\":{\"@id\":\"https:\/\/teterete.com\/mx\/#website\"},\"primaryImageOfPage\":{\"@id\":\"https:\/\/teterete.com\/mx\/producto\/baul-azul-grecas\/#primaryimage\"},\"image\":{\"@id\":\"https:\/\/teterete.com\/mx\/producto\/baul-azul-grecas\/#primaryimage\"},\"thumbnailUrl\":\"https:\/\/teterete.com\/mx\/wp-content\/uploads\/2022\/12\/baul-azul-artesanal.jpg\",\"datePublished\":\"2022-12-07T23:06:59+00:00\",\"dateModified\":\"2022-12-19T14:50:38+00:00\",\"description\":\"Ba\u00fal labrado y pintado a mano por artesanos mexicanos de Olinal\u00e1. Bella pieza de artesan\u00eda fina mexicana\",\"breadcrumb\":{\"@id\":\"https:\/\/teterete.com\/mx\/producto\/baul-azul-grecas\/#breadcrumb\"},\"inLanguage\":\"es\",\"potentialAction\":[{\"@type\":\"ReadAction\",\"target\":[\"https:\/\/teterete.com\/mx\/producto\/baul-azul-grecas\/\"]}]},{\"@type\":\"ImageObject\",\"inLanguage\":\"es\",\"@id\":\"https:\/\/teterete.com\/mx\/producto\/baul-azul-grecas\/#primaryimage\",\"url\":\"https:\/\/teterete.com\/mx\/wp-content\/uploads\/2022\/12\/baul-azul-artesanal.jpg\",\"contentUrl\":\"https:\/\/teterete.com\/mx\/wp-content\/uploads\/2022\/12\/baul-azul-artesanal.jpg\",\"width\":\"800\",\"height\":\"735\",\"caption\":\"Ba\u00fal Azul Artesanal\"},{\"@type\":\"BreadcrumbList\",\"@id\":\"https:\/\/teterete.com\/mx\/producto\/baul-azul-grecas\/#breadcrumb\",\"itemListElement\":[{\"@type\":\"ListItem\",\"position\":1,\"name\":\"Home\",\"item\":\"https:\/\/teterete.com\/mx\/\"},{\"@type\":\"ListItem\",\"position\":2,\"name\":\"Productos\",\"item\":\"https:\/\/teterete.com\/mx\/shop\/\"},{\"@type\":\"ListItem\",\"position\":3,\"name\":\"Ba\u00fal Azul Grecas\"}]},{\"@type\":\"WebSite\",\"@id\":\"https:\/\/teterete.com\/mx\/#website\",\"url\":\"https:\/\/teterete.com\/mx\/\",\"name\":\"\",\"description\":\"Tienda en L\u00ednea de Fina Artesanias y Dise\u00f1o Mexicano. Bellas piezas elaboradas a mano por los mejores artesanos del pa\u00eds as\u00ed como piezas de dise\u00f1o y decoraci\u00f3n con inspiraci\u00f3n artesanal.\",\"potentialAction\":[{\"@type\":\"SearchAction\",\"target\":{\"@type\":\"EntryPoint\",\"urlTemplate\":\"https:\/\/teterete.com\/mx\/?s={search_term_string}\"},\"query-input\":{\"@type\":\"PropertyValueSpecification\",\"valueRequired\":true,\"valueName\":\"search_term_string\"}}],\"inLanguage\":\"es\"}]}<\/script>\n<!-- \/ Yoast SEO plugin. -->","yoast_head_json":{"title":"Ba\u00fal Azul Grecas -","description":"Ba\u00fal labrado y pintado a mano por artesanos mexicanos de Olinal\u00e1. Bella pieza de artesan\u00eda fina mexicana","robots":{"index":"index","follow":"follow","max-snippet":"max-snippet:-1","max-image-preview":"max-image-preview:large","max-video-preview":"max-video-preview:-1"},"canonical":"https:\/\/teterete.com\/mx\/producto\/baul-azul-grecas\/","og_locale":"es_ES","og_type":"article","og_title":"Ba\u00fal Azul Grecas -","og_description":"Ba\u00fal labrado y pintado a mano por artesanos mexicanos de Olinal\u00e1. Bella pieza de artesan\u00eda fina mexicana","og_url":"https:\/\/teterete.com\/mx\/producto\/baul-azul-grecas\/","article_publisher":"https:\/\/www.facebook.com\/TetereteHome\/","article_modified_time":"2022-12-19T14:50:38+00:00","og_image":[{"width":800,"height":735,"url":"https:\/\/teterete.com\/mx\/wp-content\/uploads\/2022\/12\/baul-azul-artesanal.jpg","type":"image\/jpeg"}],"twitter_card":"summary_large_image","twitter_site":"@Teterete_Home","twitter_misc":{"Tiempo de lectura":"1 minuto"},"schema":{"@context":"https:\/\/schema.org","@graph":[{"@type":"WebPage","@id":"https:\/\/teterete.com\/mx\/producto\/baul-azul-grecas\/","url":"https:\/\/teterete.com\/mx\/producto\/baul-azul-grecas\/","name":"Ba\u00fal Azul Grecas -","isPartOf":{"@id":"https:\/\/teterete.com\/mx\/#website"},"primaryImageOfPage":{"@id":"https:\/\/teterete.com\/mx\/producto\/baul-azul-grecas\/#primaryimage"},"image":{"@id":"https:\/\/teterete.com\/mx\/producto\/baul-azul-grecas\/#primaryimage"},"thumbnailUrl":"https:\/\/teterete.com\/mx\/wp-content\/uploads\/2022\/12\/baul-azul-artesanal.jpg","datePublished":"2022-12-07T23:06:59+00:00","dateModified":"2022-12-19T14:50:38+00:00","description":"Ba\u00fal labrado y pintado a mano por artesanos mexicanos de Olinal\u00e1. Bella pieza de artesan\u00eda fina mexicana","breadcrumb":{"@id":"https:\/\/teterete.com\/mx\/producto\/baul-azul-grecas\/#breadcrumb"},"inLanguage":"es","potentialAction":[{"@type":"ReadAction","target":["https:\/\/teterete.com\/mx\/producto\/baul-azul-grecas\/"]}]},{"@type":"ImageObject","inLanguage":"es","@id":"https:\/\/teterete.com\/mx\/producto\/baul-azul-grecas\/#primaryimage","url":"https:\/\/teterete.com\/mx\/wp-content\/uploads\/2022\/12\/baul-azul-artesanal.jpg","contentUrl":"https:\/\/teterete.com\/mx\/wp-content\/uploads\/2022\/12\/baul-azul-artesanal.jpg","width":"800","height":"735","caption":"Ba\u00fal Azul Artesanal"},{"@type":"BreadcrumbList","@id":"https:\/\/teterete.com\/mx\/producto\/baul-azul-grecas\/#breadcrumb","itemListElement":[{"@type":"ListItem","position":1,"name":"Home","item":"https:\/\/teterete.com\/mx\/"},{"@type":"ListItem","position":2,"name":"Productos","item":"https:\/\/teterete.com\/mx\/shop\/"},{"@type":"ListItem","position":3,"name":"Ba\u00fal Azul Grecas"}]},{"@type":"WebSite","@id":"https:\/\/teterete.com\/mx\/#website","url":"https:\/\/teterete.com\/mx\/","name":"","description":"Tienda en L\u00ednea de Fina Artesanias y Dise\u00f1o Mexicano. Bellas piezas elaboradas a mano por los mejores artesanos del pa\u00eds as\u00ed como piezas de dise\u00f1o y decoraci\u00f3n con inspiraci\u00f3n artesanal.","potentialAction":[{"@type":"SearchAction","target":{"@type":"EntryPoint","urlTemplate":"https:\/\/teterete.com\/mx\/?s={search_term_string}"},"query-input":{"@type":"PropertyValueSpecification","valueRequired":true,"valueName":"search_term_string"}}],"inLanguage":"es"}]}},"_links":{"self":[{"href":"https:\/\/teterete.com\/mx\/wp-json\/wp\/v2\/product\/10860"}],"collection":[{"href":"https:\/\/teterete.com\/mx\/wp-json\/wp\/v2\/product"}],"about":[{"href":"https:\/\/teterete.com\/mx\/wp-json\/wp\/v2\/types\/product"}],"replies":[{"embeddable":true,"href":"https:\/\/teterete.com\/mx\/wp-json\/wp\/v2\/comments?post=10860"}],"wp:featuredmedia":[{"embeddable":true,"href":"https:\/\/teterete.com\/mx\/wp-json\/wp\/v2\/media\/10861"}],"wp:attachment":[{"href":"https:\/\/teterete.com\/mx\/wp-json\/wp\/v2\/media?parent=10860"}],"wp:term":[{"taxonomy":"product_cat","embeddable":true,"href":"https:\/\/teterete.com\/mx\/wp-json\/wp\/v2\/product_cat?post=10860"},{"taxonomy":"product_tag","embeddable":true,"href":"https:\/\/teterete.com\/mx\/wp-json\/wp\/v2\/product_tag?post=10860"}],"curies":[{"name":"wp","href":"https:\/\/api.w.org\/{rel}","templated":true}]}}