{"id":10866,"date":"2022-12-07T23:18:33","date_gmt":"2022-12-07T23:18:33","guid":{"rendered":"https:\/\/teterete.com\/mx\/?post_type=product&#038;p=10866"},"modified":"2025-08-05T22:33:28","modified_gmt":"2025-08-05T22:33:28","slug":"cajita-roja-artesanal","status":"publish","type":"product","link":"https:\/\/teterete.com\/mx\/producto\/cajita-roja-artesanal\/","title":{"rendered":"Cajita Roja Artesanal"},"content":{"rendered":"<p>Medidas: 20 cms de largo x 12 cms de ancho y 14 cms de altura<\/p>\n<p>Color: Roja y Negro<\/p>\n<p>Material: Madera de pino<\/p>\n","protected":false},"excerpt":{"rendered":"<p>Esta cajita artesanal es elaborada por artesanos de Olinal\u00e1 en madera de pino, se lijan para darle una textura mas plana, se agregan capas de tierra con aceite de ch\u00eda para luego tallar o rayar y dar el dise\u00f1o final a mano, sin moldes.<\/p>\n","protected":false},"featured_media":10867,"comment_status":"open","ping_status":"closed","template":"","meta":{"_acf_changed":false,"sfsi_plus_gutenberg_text_before_share":"","sfsi_plus_gutenberg_show_text_before_share":"","sfsi_plus_gutenberg_icon_type":"","sfsi_plus_gutenberg_icon_alignemt":"","sfsi_plus_gutenburg_max_per_row":""},"product_brand":[],"product_cat":[539,342,2057],"product_tag":[1887,222,1161,2217,2218,272,1002],"class_list":{"0":"post-10866","1":"product","2":"type-product","3":"status-publish","4":"has-post-thumbnail","6":"product_cat-cajitas_de_madera","7":"product_cat-guajes_y_cajitas","8":"product_cat-regalos-mama","9":"product_tag-artesania-de-olinala","10":"product_tag-artesania-mexicana","11":"product_tag-baul-de-olinala","12":"product_tag-baul-tostonero","13":"product_tag-cajita-de-madera","14":"product_tag-joyero","15":"product_tag-regalos-mexicanos","16":"product_shipping_class-fast-delivery","18":"first","19":"outofstock","20":"taxable","21":"shipping-taxable","22":"purchasable","23":"product-type-simple"},"acf":[],"yoast_head":"<!-- This site is optimized with the Yoast SEO plugin v27.6 - https:\/\/yoast.com\/product\/yoast-seo-wordpress\/ -->\n<title>Cajita Roja Artesanal -<\/title>\n<meta name=\"description\" content=\"Ba\u00fal labrado y pintado a mano por artesanos mexicanos de Olinal\u00e1. Bella pieza de artesan\u00eda fina mexicana\" \/>\n<meta name=\"robots\" content=\"index, follow, max-snippet:-1, max-image-preview:large, max-video-preview:-1\" \/>\n<link rel=\"canonical\" href=\"https:\/\/teterete.com\/mx\/producto\/cajita-roja-artesanal\/\" \/>\n<meta property=\"og:locale\" content=\"es_ES\" \/>\n<meta property=\"og:type\" content=\"article\" \/>\n<meta property=\"og:title\" content=\"Cajita Roja Artesanal -\" \/>\n<meta property=\"og:description\" content=\"Ba\u00fal labrado y pintado a mano por artesanos mexicanos de Olinal\u00e1. Bella pieza de artesan\u00eda fina mexicana\" \/>\n<meta property=\"og:url\" content=\"https:\/\/teterete.com\/mx\/producto\/cajita-roja-artesanal\/\" \/>\n<meta property=\"article:publisher\" content=\"https:\/\/www.facebook.com\/TetereteHome\/\" \/>\n<meta property=\"article:modified_time\" content=\"2025-08-05T22:33:28+00:00\" \/>\n<meta property=\"og:image\" content=\"https:\/\/teterete.com\/mx\/wp-content\/uploads\/2022\/12\/cajita-roja-artesanal.jpg\" \/>\n\t<meta property=\"og:image:width\" content=\"800\" \/>\n\t<meta property=\"og:image:height\" content=\"798\" \/>\n\t<meta property=\"og:image:type\" content=\"image\/jpeg\" \/>\n<meta name=\"twitter:card\" content=\"summary_large_image\" \/>\n<meta name=\"twitter:site\" content=\"@Teterete_Home\" \/>\n<meta name=\"twitter:label1\" content=\"Tiempo de lectura\" \/>\n\t<meta name=\"twitter:data1\" content=\"1 minuto\" \/>\n<script type=\"application\/ld+json\" class=\"yoast-schema-graph\">{\"@context\":\"https:\\\/\\\/schema.org\",\"@graph\":[{\"@type\":\"WebPage\",\"@id\":\"https:\\\/\\\/teterete.com\\\/mx\\\/producto\\\/cajita-roja-artesanal\\\/\",\"url\":\"https:\\\/\\\/teterete.com\\\/mx\\\/producto\\\/cajita-roja-artesanal\\\/\",\"name\":\"Cajita Roja Artesanal -\",\"isPartOf\":{\"@id\":\"https:\\\/\\\/teterete.com\\\/mx\\\/#website\"},\"primaryImageOfPage\":{\"@id\":\"https:\\\/\\\/teterete.com\\\/mx\\\/producto\\\/cajita-roja-artesanal\\\/#primaryimage\"},\"image\":{\"@id\":\"https:\\\/\\\/teterete.com\\\/mx\\\/producto\\\/cajita-roja-artesanal\\\/#primaryimage\"},\"thumbnailUrl\":\"https:\\\/\\\/teterete.com\\\/mx\\\/wp-content\\\/uploads\\\/2022\\\/12\\\/cajita-roja-artesanal.jpg\",\"datePublished\":\"2022-12-07T23:18:33+00:00\",\"dateModified\":\"2025-08-05T22:33:28+00:00\",\"description\":\"Ba\u00fal labrado y pintado a mano por artesanos mexicanos de Olinal\u00e1. Bella pieza de artesan\u00eda fina mexicana\",\"breadcrumb\":{\"@id\":\"https:\\\/\\\/teterete.com\\\/mx\\\/producto\\\/cajita-roja-artesanal\\\/#breadcrumb\"},\"inLanguage\":\"es\",\"potentialAction\":[{\"@type\":\"ReadAction\",\"target\":[\"https:\\\/\\\/teterete.com\\\/mx\\\/producto\\\/cajita-roja-artesanal\\\/\"]}]},{\"@type\":\"ImageObject\",\"inLanguage\":\"es\",\"@id\":\"https:\\\/\\\/teterete.com\\\/mx\\\/producto\\\/cajita-roja-artesanal\\\/#primaryimage\",\"url\":\"https:\\\/\\\/teterete.com\\\/mx\\\/wp-content\\\/uploads\\\/2022\\\/12\\\/cajita-roja-artesanal.jpg\",\"contentUrl\":\"https:\\\/\\\/teterete.com\\\/mx\\\/wp-content\\\/uploads\\\/2022\\\/12\\\/cajita-roja-artesanal.jpg\",\"width\":\"800\",\"height\":\"798\"},{\"@type\":\"BreadcrumbList\",\"@id\":\"https:\\\/\\\/teterete.com\\\/mx\\\/producto\\\/cajita-roja-artesanal\\\/#breadcrumb\",\"itemListElement\":[{\"@type\":\"ListItem\",\"position\":1,\"name\":\"Home\",\"item\":\"https:\\\/\\\/teterete.com\\\/mx\\\/\"},{\"@type\":\"ListItem\",\"position\":2,\"name\":\"Productos\",\"item\":\"https:\\\/\\\/teterete.com\\\/mx\\\/shop\\\/\"},{\"@type\":\"ListItem\",\"position\":3,\"name\":\"Cajita Roja Artesanal\"}]},{\"@type\":\"WebSite\",\"@id\":\"https:\\\/\\\/teterete.com\\\/mx\\\/#website\",\"url\":\"https:\\\/\\\/teterete.com\\\/mx\\\/\",\"name\":\"\",\"description\":\"Tienda en L\u00ednea de Fina Artesanias y Dise\u00f1o Mexicano. Bellas piezas elaboradas a mano por los mejores artesanos del pa\u00eds as\u00ed como piezas de dise\u00f1o y decoraci\u00f3n con inspiraci\u00f3n artesanal.\",\"potentialAction\":[{\"@type\":\"SearchAction\",\"target\":{\"@type\":\"EntryPoint\",\"urlTemplate\":\"https:\\\/\\\/teterete.com\\\/mx\\\/?s={search_term_string}\"},\"query-input\":{\"@type\":\"PropertyValueSpecification\",\"valueRequired\":true,\"valueName\":\"search_term_string\"}}],\"inLanguage\":\"es\"}]}<\/script>\n<!-- \/ Yoast SEO plugin. -->","yoast_head_json":{"title":"Cajita Roja Artesanal -","description":"Ba\u00fal labrado y pintado a mano por artesanos mexicanos de Olinal\u00e1. Bella pieza de artesan\u00eda fina mexicana","robots":{"index":"index","follow":"follow","max-snippet":"max-snippet:-1","max-image-preview":"max-image-preview:large","max-video-preview":"max-video-preview:-1"},"canonical":"https:\/\/teterete.com\/mx\/producto\/cajita-roja-artesanal\/","og_locale":"es_ES","og_type":"article","og_title":"Cajita Roja Artesanal -","og_description":"Ba\u00fal labrado y pintado a mano por artesanos mexicanos de Olinal\u00e1. Bella pieza de artesan\u00eda fina mexicana","og_url":"https:\/\/teterete.com\/mx\/producto\/cajita-roja-artesanal\/","article_publisher":"https:\/\/www.facebook.com\/TetereteHome\/","article_modified_time":"2025-08-05T22:33:28+00:00","og_image":[{"width":800,"height":798,"url":"https:\/\/teterete.com\/mx\/wp-content\/uploads\/2022\/12\/cajita-roja-artesanal.jpg","type":"image\/jpeg"}],"twitter_card":"summary_large_image","twitter_site":"@Teterete_Home","twitter_misc":{"Tiempo de lectura":"1 minuto"},"schema":{"@context":"https:\/\/schema.org","@graph":[{"@type":"WebPage","@id":"https:\/\/teterete.com\/mx\/producto\/cajita-roja-artesanal\/","url":"https:\/\/teterete.com\/mx\/producto\/cajita-roja-artesanal\/","name":"Cajita Roja Artesanal -","isPartOf":{"@id":"https:\/\/teterete.com\/mx\/#website"},"primaryImageOfPage":{"@id":"https:\/\/teterete.com\/mx\/producto\/cajita-roja-artesanal\/#primaryimage"},"image":{"@id":"https:\/\/teterete.com\/mx\/producto\/cajita-roja-artesanal\/#primaryimage"},"thumbnailUrl":"https:\/\/teterete.com\/mx\/wp-content\/uploads\/2022\/12\/cajita-roja-artesanal.jpg","datePublished":"2022-12-07T23:18:33+00:00","dateModified":"2025-08-05T22:33:28+00:00","description":"Ba\u00fal labrado y pintado a mano por artesanos mexicanos de Olinal\u00e1. Bella pieza de artesan\u00eda fina mexicana","breadcrumb":{"@id":"https:\/\/teterete.com\/mx\/producto\/cajita-roja-artesanal\/#breadcrumb"},"inLanguage":"es","potentialAction":[{"@type":"ReadAction","target":["https:\/\/teterete.com\/mx\/producto\/cajita-roja-artesanal\/"]}]},{"@type":"ImageObject","inLanguage":"es","@id":"https:\/\/teterete.com\/mx\/producto\/cajita-roja-artesanal\/#primaryimage","url":"https:\/\/teterete.com\/mx\/wp-content\/uploads\/2022\/12\/cajita-roja-artesanal.jpg","contentUrl":"https:\/\/teterete.com\/mx\/wp-content\/uploads\/2022\/12\/cajita-roja-artesanal.jpg","width":"800","height":"798"},{"@type":"BreadcrumbList","@id":"https:\/\/teterete.com\/mx\/producto\/cajita-roja-artesanal\/#breadcrumb","itemListElement":[{"@type":"ListItem","position":1,"name":"Home","item":"https:\/\/teterete.com\/mx\/"},{"@type":"ListItem","position":2,"name":"Productos","item":"https:\/\/teterete.com\/mx\/shop\/"},{"@type":"ListItem","position":3,"name":"Cajita Roja Artesanal"}]},{"@type":"WebSite","@id":"https:\/\/teterete.com\/mx\/#website","url":"https:\/\/teterete.com\/mx\/","name":"","description":"Tienda en L\u00ednea de Fina Artesanias y Dise\u00f1o Mexicano. Bellas piezas elaboradas a mano por los mejores artesanos del pa\u00eds as\u00ed como piezas de dise\u00f1o y decoraci\u00f3n con inspiraci\u00f3n artesanal.","potentialAction":[{"@type":"SearchAction","target":{"@type":"EntryPoint","urlTemplate":"https:\/\/teterete.com\/mx\/?s={search_term_string}"},"query-input":{"@type":"PropertyValueSpecification","valueRequired":true,"valueName":"search_term_string"}}],"inLanguage":"es"}]}},"_links":{"self":[{"href":"https:\/\/teterete.com\/mx\/wp-json\/wp\/v2\/product\/10866","targetHints":{"allow":["GET"]}}],"collection":[{"href":"https:\/\/teterete.com\/mx\/wp-json\/wp\/v2\/product"}],"about":[{"href":"https:\/\/teterete.com\/mx\/wp-json\/wp\/v2\/types\/product"}],"replies":[{"embeddable":true,"href":"https:\/\/teterete.com\/mx\/wp-json\/wp\/v2\/comments?post=10866"}],"wp:featuredmedia":[{"embeddable":true,"href":"https:\/\/teterete.com\/mx\/wp-json\/wp\/v2\/media\/10867"}],"wp:attachment":[{"href":"https:\/\/teterete.com\/mx\/wp-json\/wp\/v2\/media?parent=10866"}],"wp:term":[{"taxonomy":"product_brand","embeddable":true,"href":"https:\/\/teterete.com\/mx\/wp-json\/wp\/v2\/product_brand?post=10866"},{"taxonomy":"product_cat","embeddable":true,"href":"https:\/\/teterete.com\/mx\/wp-json\/wp\/v2\/product_cat?post=10866"},{"taxonomy":"product_tag","embeddable":true,"href":"https:\/\/teterete.com\/mx\/wp-json\/wp\/v2\/product_tag?post=10866"}],"curies":[{"name":"wp","href":"https:\/\/api.w.org\/{rel}","templated":true}]}}