{"id":10887,"date":"2023-01-12T14:38:59","date_gmt":"2023-01-12T14:38:59","guid":{"rendered":"https:\/\/teterete.com\/mx\/?post_type=product&#038;p=10887"},"modified":"2024-08-28T23:53:48","modified_gmt":"2024-08-28T23:53:48","slug":"panel-hexagonal-artesanal","status":"publish","type":"product","link":"https:\/\/teterete.com\/mx\/producto\/panel-hexagonal-artesanal\/","title":{"rendered":"Panel Hexagonal Artesanal"},"content":{"rendered":"<p>Material: Madera Color: Tonalidades de madera Medidas: 60 cm x 67 cm T\u00e9cnica: Talla de madera 20 de noviembre, Campeche.<\/p>\n","protected":false},"excerpt":{"rendered":"<p>Cada pieza de madera en este panel hexagonal artesanal fue recolectada del suelo de la selva por los artesanos de la regi\u00f3n, para despu\u00e9s ser secada durante meses, hasta que finalmente pudo ser tallada y colocada a mano.<\/p>\n","protected":false},"featured_media":10888,"comment_status":"open","ping_status":"closed","template":"","meta":{"sfsi_plus_gutenberg_text_before_share":"","sfsi_plus_gutenberg_show_text_before_share":"","sfsi_plus_gutenberg_icon_type":"","sfsi_plus_gutenberg_icon_alignemt":"","sfsi_plus_gutenburg_max_per_row":""},"product_cat":[1515,2166,341,682,350],"product_tag":[],"acf":[],"yoast_head":"<!-- This site is optimized with the Yoast SEO plugin v23.5 - https:\/\/yoast.com\/wordpress\/plugins\/seo\/ -->\n<title>Panel Hexagonal Artesanal -<\/title>\n<meta name=\"description\" content=\"Cada pieza de madera en este panel hexagonal artesanal fue recolectada del suelo de la selva por los artesanos de la regi\u00f3n y secado por meses.\" \/>\n<meta name=\"robots\" content=\"index, follow, max-snippet:-1, max-image-preview:large, max-video-preview:-1\" \/>\n<link rel=\"canonical\" href=\"https:\/\/teterete.com\/mx\/producto\/panel-hexagonal-artesanal\/\" \/>\n<meta property=\"og:locale\" content=\"es_ES\" \/>\n<meta property=\"og:type\" content=\"article\" \/>\n<meta property=\"og:title\" content=\"Panel Hexagonal Artesanal -\" \/>\n<meta property=\"og:description\" content=\"Cada pieza de madera en este panel hexagonal artesanal fue recolectada del suelo de la selva por los artesanos de la regi\u00f3n y secado por meses.\" \/>\n<meta property=\"og:url\" content=\"https:\/\/teterete.com\/mx\/producto\/panel-hexagonal-artesanal\/\" \/>\n<meta property=\"article:publisher\" content=\"https:\/\/www.facebook.com\/TetereteHome\/\" \/>\n<meta property=\"article:modified_time\" content=\"2024-08-28T23:53:48+00:00\" \/>\n<meta property=\"og:image\" content=\"https:\/\/teterete.com\/mx\/wp-content\/uploads\/2023\/01\/panel-hexagonal.jpeg\" \/>\n\t<meta property=\"og:image:width\" content=\"431\" \/>\n\t<meta property=\"og:image:height\" content=\"392\" \/>\n\t<meta property=\"og:image:type\" content=\"image\/jpeg\" \/>\n<meta name=\"twitter:card\" content=\"summary_large_image\" \/>\n<meta name=\"twitter:site\" content=\"@Teterete_Home\" \/>\n<meta name=\"twitter:label1\" content=\"Tiempo de lectura\" \/>\n\t<meta name=\"twitter:data1\" content=\"1 minuto\" \/>\n<script type=\"application\/ld+json\" class=\"yoast-schema-graph\">{\"@context\":\"https:\/\/schema.org\",\"@graph\":[{\"@type\":\"WebPage\",\"@id\":\"https:\/\/teterete.com\/mx\/producto\/panel-hexagonal-artesanal\/\",\"url\":\"https:\/\/teterete.com\/mx\/producto\/panel-hexagonal-artesanal\/\",\"name\":\"Panel Hexagonal Artesanal -\",\"isPartOf\":{\"@id\":\"https:\/\/teterete.com\/mx\/#website\"},\"primaryImageOfPage\":{\"@id\":\"https:\/\/teterete.com\/mx\/producto\/panel-hexagonal-artesanal\/#primaryimage\"},\"image\":{\"@id\":\"https:\/\/teterete.com\/mx\/producto\/panel-hexagonal-artesanal\/#primaryimage\"},\"thumbnailUrl\":\"https:\/\/teterete.com\/mx\/wp-content\/uploads\/2023\/01\/panel-hexagonal.jpeg\",\"datePublished\":\"2023-01-12T14:38:59+00:00\",\"dateModified\":\"2024-08-28T23:53:48+00:00\",\"description\":\"Cada pieza de madera en este panel hexagonal artesanal fue recolectada del suelo de la selva por los artesanos de la regi\u00f3n y secado por meses.\",\"breadcrumb\":{\"@id\":\"https:\/\/teterete.com\/mx\/producto\/panel-hexagonal-artesanal\/#breadcrumb\"},\"inLanguage\":\"es\",\"potentialAction\":[{\"@type\":\"ReadAction\",\"target\":[\"https:\/\/teterete.com\/mx\/producto\/panel-hexagonal-artesanal\/\"]}]},{\"@type\":\"ImageObject\",\"inLanguage\":\"es\",\"@id\":\"https:\/\/teterete.com\/mx\/producto\/panel-hexagonal-artesanal\/#primaryimage\",\"url\":\"https:\/\/teterete.com\/mx\/wp-content\/uploads\/2023\/01\/panel-hexagonal.jpeg\",\"contentUrl\":\"https:\/\/teterete.com\/mx\/wp-content\/uploads\/2023\/01\/panel-hexagonal.jpeg\",\"width\":\"431\",\"height\":\"392\",\"caption\":\"Panel Hexagonal Artesanal\"},{\"@type\":\"BreadcrumbList\",\"@id\":\"https:\/\/teterete.com\/mx\/producto\/panel-hexagonal-artesanal\/#breadcrumb\",\"itemListElement\":[{\"@type\":\"ListItem\",\"position\":1,\"name\":\"Home\",\"item\":\"https:\/\/teterete.com\/mx\/\"},{\"@type\":\"ListItem\",\"position\":2,\"name\":\"Productos\",\"item\":\"https:\/\/teterete.com\/mx\/shop\/\"},{\"@type\":\"ListItem\",\"position\":3,\"name\":\"Panel Hexagonal Artesanal\"}]},{\"@type\":\"WebSite\",\"@id\":\"https:\/\/teterete.com\/mx\/#website\",\"url\":\"https:\/\/teterete.com\/mx\/\",\"name\":\"\",\"description\":\"Tienda en L\u00ednea de Fina Artesanias y Dise\u00f1o Mexicano. Bellas piezas elaboradas a mano por los mejores artesanos del pa\u00eds as\u00ed como piezas de dise\u00f1o y decoraci\u00f3n con inspiraci\u00f3n artesanal.\",\"potentialAction\":[{\"@type\":\"SearchAction\",\"target\":{\"@type\":\"EntryPoint\",\"urlTemplate\":\"https:\/\/teterete.com\/mx\/?s={search_term_string}\"},\"query-input\":{\"@type\":\"PropertyValueSpecification\",\"valueRequired\":true,\"valueName\":\"search_term_string\"}}],\"inLanguage\":\"es\"}]}<\/script>\n<!-- \/ Yoast SEO plugin. -->","yoast_head_json":{"title":"Panel Hexagonal Artesanal -","description":"Cada pieza de madera en este panel hexagonal artesanal fue recolectada del suelo de la selva por los artesanos de la regi\u00f3n y secado por meses.","robots":{"index":"index","follow":"follow","max-snippet":"max-snippet:-1","max-image-preview":"max-image-preview:large","max-video-preview":"max-video-preview:-1"},"canonical":"https:\/\/teterete.com\/mx\/producto\/panel-hexagonal-artesanal\/","og_locale":"es_ES","og_type":"article","og_title":"Panel Hexagonal Artesanal -","og_description":"Cada pieza de madera en este panel hexagonal artesanal fue recolectada del suelo de la selva por los artesanos de la regi\u00f3n y secado por meses.","og_url":"https:\/\/teterete.com\/mx\/producto\/panel-hexagonal-artesanal\/","article_publisher":"https:\/\/www.facebook.com\/TetereteHome\/","article_modified_time":"2024-08-28T23:53:48+00:00","og_image":[{"width":431,"height":392,"url":"https:\/\/teterete.com\/mx\/wp-content\/uploads\/2023\/01\/panel-hexagonal.jpeg","type":"image\/jpeg"}],"twitter_card":"summary_large_image","twitter_site":"@Teterete_Home","twitter_misc":{"Tiempo de lectura":"1 minuto"},"schema":{"@context":"https:\/\/schema.org","@graph":[{"@type":"WebPage","@id":"https:\/\/teterete.com\/mx\/producto\/panel-hexagonal-artesanal\/","url":"https:\/\/teterete.com\/mx\/producto\/panel-hexagonal-artesanal\/","name":"Panel Hexagonal Artesanal -","isPartOf":{"@id":"https:\/\/teterete.com\/mx\/#website"},"primaryImageOfPage":{"@id":"https:\/\/teterete.com\/mx\/producto\/panel-hexagonal-artesanal\/#primaryimage"},"image":{"@id":"https:\/\/teterete.com\/mx\/producto\/panel-hexagonal-artesanal\/#primaryimage"},"thumbnailUrl":"https:\/\/teterete.com\/mx\/wp-content\/uploads\/2023\/01\/panel-hexagonal.jpeg","datePublished":"2023-01-12T14:38:59+00:00","dateModified":"2024-08-28T23:53:48+00:00","description":"Cada pieza de madera en este panel hexagonal artesanal fue recolectada del suelo de la selva por los artesanos de la regi\u00f3n y secado por meses.","breadcrumb":{"@id":"https:\/\/teterete.com\/mx\/producto\/panel-hexagonal-artesanal\/#breadcrumb"},"inLanguage":"es","potentialAction":[{"@type":"ReadAction","target":["https:\/\/teterete.com\/mx\/producto\/panel-hexagonal-artesanal\/"]}]},{"@type":"ImageObject","inLanguage":"es","@id":"https:\/\/teterete.com\/mx\/producto\/panel-hexagonal-artesanal\/#primaryimage","url":"https:\/\/teterete.com\/mx\/wp-content\/uploads\/2023\/01\/panel-hexagonal.jpeg","contentUrl":"https:\/\/teterete.com\/mx\/wp-content\/uploads\/2023\/01\/panel-hexagonal.jpeg","width":"431","height":"392","caption":"Panel Hexagonal Artesanal"},{"@type":"BreadcrumbList","@id":"https:\/\/teterete.com\/mx\/producto\/panel-hexagonal-artesanal\/#breadcrumb","itemListElement":[{"@type":"ListItem","position":1,"name":"Home","item":"https:\/\/teterete.com\/mx\/"},{"@type":"ListItem","position":2,"name":"Productos","item":"https:\/\/teterete.com\/mx\/shop\/"},{"@type":"ListItem","position":3,"name":"Panel Hexagonal Artesanal"}]},{"@type":"WebSite","@id":"https:\/\/teterete.com\/mx\/#website","url":"https:\/\/teterete.com\/mx\/","name":"","description":"Tienda en L\u00ednea de Fina Artesanias y Dise\u00f1o Mexicano. Bellas piezas elaboradas a mano por los mejores artesanos del pa\u00eds as\u00ed como piezas de dise\u00f1o y decoraci\u00f3n con inspiraci\u00f3n artesanal.","potentialAction":[{"@type":"SearchAction","target":{"@type":"EntryPoint","urlTemplate":"https:\/\/teterete.com\/mx\/?s={search_term_string}"},"query-input":{"@type":"PropertyValueSpecification","valueRequired":true,"valueName":"search_term_string"}}],"inLanguage":"es"}]}},"_links":{"self":[{"href":"https:\/\/teterete.com\/mx\/wp-json\/wp\/v2\/product\/10887"}],"collection":[{"href":"https:\/\/teterete.com\/mx\/wp-json\/wp\/v2\/product"}],"about":[{"href":"https:\/\/teterete.com\/mx\/wp-json\/wp\/v2\/types\/product"}],"replies":[{"embeddable":true,"href":"https:\/\/teterete.com\/mx\/wp-json\/wp\/v2\/comments?post=10887"}],"wp:featuredmedia":[{"embeddable":true,"href":"https:\/\/teterete.com\/mx\/wp-json\/wp\/v2\/media\/10888"}],"wp:attachment":[{"href":"https:\/\/teterete.com\/mx\/wp-json\/wp\/v2\/media?parent=10887"}],"wp:term":[{"taxonomy":"product_cat","embeddable":true,"href":"https:\/\/teterete.com\/mx\/wp-json\/wp\/v2\/product_cat?post=10887"},{"taxonomy":"product_tag","embeddable":true,"href":"https:\/\/teterete.com\/mx\/wp-json\/wp\/v2\/product_tag?post=10887"}],"curies":[{"name":"wp","href":"https:\/\/api.w.org\/{rel}","templated":true}]}}