{"id":10912,"date":"2023-02-19T16:58:27","date_gmt":"2023-02-19T16:58:27","guid":{"rendered":"https:\/\/teterete.com\/mx\/?post_type=product&#038;p=10912"},"modified":"2024-08-28T23:52:45","modified_gmt":"2024-08-28T23:52:45","slug":"camino-de-mesa-artesanal-3","status":"publish","type":"product","link":"https:\/\/teterete.com\/mx\/producto\/camino-de-mesa-artesanal-3\/","title":{"rendered":"Camino de Mesa Artesanal Vinajel"},"content":{"rendered":"<p>Se sugiere lavar en seco.<br \/>\nT\u00e9cnica: Telar de cintura<br \/>\nMaterial: Algod\u00f3n<br \/>\nColor: Aqua\/gris\/caf\u00e9\/verde\/beige\/tabaco<br \/>\nMedidas: 180 cm de largo x 40 cm de ancho<\/p>\n","protected":false},"excerpt":{"rendered":"<p>El camino de mesa &#8220;K\u00b4analetik ta vinajel\u201d o &#8220;Cielo con estrellas&#8221; fue elaborado por las artesanas de la Empresa Social de Mujeres Artesanas de Arcochen, Larrainzar en tela 100% lino y bordado en punto de cruz. Para lograr un bordado uniforme, las artesanas deshilan la tela, de esta manera es m\u00e1s f\u00e1cil contar los hilos para bordar.<\/p>\n","protected":false},"featured_media":10915,"comment_status":"open","ping_status":"closed","template":"","meta":{"sfsi_plus_gutenberg_text_before_share":"","sfsi_plus_gutenberg_show_text_before_share":"","sfsi_plus_gutenberg_icon_type":"","sfsi_plus_gutenberg_icon_alignemt":"","sfsi_plus_gutenburg_max_per_row":""},"product_cat":[2166,1584,344],"product_tag":[381,2160,250,223],"acf":[],"yoast_head":"<!-- This site is optimized with the Yoast SEO plugin v23.5 - https:\/\/yoast.com\/wordpress\/plugins\/seo\/ -->\n<title>Camino de Mesa Artesanal Vinajel -<\/title>\n<meta name=\"description\" content=\"Camino de mesa artesanal elaborado por tejedoras chiapanecas de San Andres Larraizar\" \/>\n<meta name=\"robots\" content=\"index, follow, max-snippet:-1, max-image-preview:large, max-video-preview:-1\" \/>\n<link rel=\"canonical\" href=\"https:\/\/teterete.com\/mx\/producto\/camino-de-mesa-artesanal-3\/\" \/>\n<meta property=\"og:locale\" content=\"es_ES\" \/>\n<meta property=\"og:type\" content=\"article\" \/>\n<meta property=\"og:title\" content=\"Camino de Mesa Artesanal Vinajel -\" \/>\n<meta property=\"og:description\" content=\"Camino de mesa artesanal elaborado por tejedoras chiapanecas de San Andres Larraizar\" \/>\n<meta property=\"og:url\" content=\"https:\/\/teterete.com\/mx\/producto\/camino-de-mesa-artesanal-3\/\" \/>\n<meta property=\"article:publisher\" content=\"https:\/\/www.facebook.com\/TetereteHome\/\" \/>\n<meta property=\"article:modified_time\" content=\"2024-08-28T23:52:45+00:00\" \/>\n<meta property=\"og:image\" content=\"https:\/\/teterete.com\/mx\/wp-content\/uploads\/2023\/02\/camino-de-mesa-chaipas.jpg\" \/>\n\t<meta property=\"og:image:width\" content=\"640\" \/>\n\t<meta property=\"og:image:height\" content=\"640\" \/>\n\t<meta property=\"og:image:type\" content=\"image\/jpeg\" \/>\n<meta name=\"twitter:card\" content=\"summary_large_image\" \/>\n<meta name=\"twitter:site\" content=\"@Teterete_Home\" \/>\n<meta name=\"twitter:label1\" content=\"Tiempo de lectura\" \/>\n\t<meta name=\"twitter:data1\" content=\"1 minuto\" \/>\n<script type=\"application\/ld+json\" class=\"yoast-schema-graph\">{\"@context\":\"https:\/\/schema.org\",\"@graph\":[{\"@type\":\"WebPage\",\"@id\":\"https:\/\/teterete.com\/mx\/producto\/camino-de-mesa-artesanal-3\/\",\"url\":\"https:\/\/teterete.com\/mx\/producto\/camino-de-mesa-artesanal-3\/\",\"name\":\"Camino de Mesa Artesanal Vinajel -\",\"isPartOf\":{\"@id\":\"https:\/\/teterete.com\/mx\/#website\"},\"primaryImageOfPage\":{\"@id\":\"https:\/\/teterete.com\/mx\/producto\/camino-de-mesa-artesanal-3\/#primaryimage\"},\"image\":{\"@id\":\"https:\/\/teterete.com\/mx\/producto\/camino-de-mesa-artesanal-3\/#primaryimage\"},\"thumbnailUrl\":\"https:\/\/teterete.com\/mx\/wp-content\/uploads\/2023\/02\/camino-de-mesa-chaipas.jpg\",\"datePublished\":\"2023-02-19T16:58:27+00:00\",\"dateModified\":\"2024-08-28T23:52:45+00:00\",\"description\":\"Camino de mesa artesanal elaborado por tejedoras chiapanecas de San Andres Larraizar\",\"breadcrumb\":{\"@id\":\"https:\/\/teterete.com\/mx\/producto\/camino-de-mesa-artesanal-3\/#breadcrumb\"},\"inLanguage\":\"es\",\"potentialAction\":[{\"@type\":\"ReadAction\",\"target\":[\"https:\/\/teterete.com\/mx\/producto\/camino-de-mesa-artesanal-3\/\"]}]},{\"@type\":\"ImageObject\",\"inLanguage\":\"es\",\"@id\":\"https:\/\/teterete.com\/mx\/producto\/camino-de-mesa-artesanal-3\/#primaryimage\",\"url\":\"https:\/\/teterete.com\/mx\/wp-content\/uploads\/2023\/02\/camino-de-mesa-chaipas.jpg\",\"contentUrl\":\"https:\/\/teterete.com\/mx\/wp-content\/uploads\/2023\/02\/camino-de-mesa-chaipas.jpg\",\"width\":\"640\",\"height\":\"640\",\"caption\":\"Camino de Mesa Chiapas\"},{\"@type\":\"BreadcrumbList\",\"@id\":\"https:\/\/teterete.com\/mx\/producto\/camino-de-mesa-artesanal-3\/#breadcrumb\",\"itemListElement\":[{\"@type\":\"ListItem\",\"position\":1,\"name\":\"Home\",\"item\":\"https:\/\/teterete.com\/mx\/\"},{\"@type\":\"ListItem\",\"position\":2,\"name\":\"Productos\",\"item\":\"https:\/\/teterete.com\/mx\/shop\/\"},{\"@type\":\"ListItem\",\"position\":3,\"name\":\"Camino de Mesa Artesanal Vinajel\"}]},{\"@type\":\"WebSite\",\"@id\":\"https:\/\/teterete.com\/mx\/#website\",\"url\":\"https:\/\/teterete.com\/mx\/\",\"name\":\"\",\"description\":\"Tienda en L\u00ednea de Fina Artesanias y Dise\u00f1o Mexicano. Bellas piezas elaboradas a mano por los mejores artesanos del pa\u00eds as\u00ed como piezas de dise\u00f1o y decoraci\u00f3n con inspiraci\u00f3n artesanal.\",\"potentialAction\":[{\"@type\":\"SearchAction\",\"target\":{\"@type\":\"EntryPoint\",\"urlTemplate\":\"https:\/\/teterete.com\/mx\/?s={search_term_string}\"},\"query-input\":{\"@type\":\"PropertyValueSpecification\",\"valueRequired\":true,\"valueName\":\"search_term_string\"}}],\"inLanguage\":\"es\"}]}<\/script>\n<!-- \/ Yoast SEO plugin. -->","yoast_head_json":{"title":"Camino de Mesa Artesanal Vinajel -","description":"Camino de mesa artesanal elaborado por tejedoras chiapanecas de San Andres Larraizar","robots":{"index":"index","follow":"follow","max-snippet":"max-snippet:-1","max-image-preview":"max-image-preview:large","max-video-preview":"max-video-preview:-1"},"canonical":"https:\/\/teterete.com\/mx\/producto\/camino-de-mesa-artesanal-3\/","og_locale":"es_ES","og_type":"article","og_title":"Camino de Mesa Artesanal Vinajel -","og_description":"Camino de mesa artesanal elaborado por tejedoras chiapanecas de San Andres Larraizar","og_url":"https:\/\/teterete.com\/mx\/producto\/camino-de-mesa-artesanal-3\/","article_publisher":"https:\/\/www.facebook.com\/TetereteHome\/","article_modified_time":"2024-08-28T23:52:45+00:00","og_image":[{"width":640,"height":640,"url":"https:\/\/teterete.com\/mx\/wp-content\/uploads\/2023\/02\/camino-de-mesa-chaipas.jpg","type":"image\/jpeg"}],"twitter_card":"summary_large_image","twitter_site":"@Teterete_Home","twitter_misc":{"Tiempo de lectura":"1 minuto"},"schema":{"@context":"https:\/\/schema.org","@graph":[{"@type":"WebPage","@id":"https:\/\/teterete.com\/mx\/producto\/camino-de-mesa-artesanal-3\/","url":"https:\/\/teterete.com\/mx\/producto\/camino-de-mesa-artesanal-3\/","name":"Camino de Mesa Artesanal Vinajel -","isPartOf":{"@id":"https:\/\/teterete.com\/mx\/#website"},"primaryImageOfPage":{"@id":"https:\/\/teterete.com\/mx\/producto\/camino-de-mesa-artesanal-3\/#primaryimage"},"image":{"@id":"https:\/\/teterete.com\/mx\/producto\/camino-de-mesa-artesanal-3\/#primaryimage"},"thumbnailUrl":"https:\/\/teterete.com\/mx\/wp-content\/uploads\/2023\/02\/camino-de-mesa-chaipas.jpg","datePublished":"2023-02-19T16:58:27+00:00","dateModified":"2024-08-28T23:52:45+00:00","description":"Camino de mesa artesanal elaborado por tejedoras chiapanecas de San Andres Larraizar","breadcrumb":{"@id":"https:\/\/teterete.com\/mx\/producto\/camino-de-mesa-artesanal-3\/#breadcrumb"},"inLanguage":"es","potentialAction":[{"@type":"ReadAction","target":["https:\/\/teterete.com\/mx\/producto\/camino-de-mesa-artesanal-3\/"]}]},{"@type":"ImageObject","inLanguage":"es","@id":"https:\/\/teterete.com\/mx\/producto\/camino-de-mesa-artesanal-3\/#primaryimage","url":"https:\/\/teterete.com\/mx\/wp-content\/uploads\/2023\/02\/camino-de-mesa-chaipas.jpg","contentUrl":"https:\/\/teterete.com\/mx\/wp-content\/uploads\/2023\/02\/camino-de-mesa-chaipas.jpg","width":"640","height":"640","caption":"Camino de Mesa Chiapas"},{"@type":"BreadcrumbList","@id":"https:\/\/teterete.com\/mx\/producto\/camino-de-mesa-artesanal-3\/#breadcrumb","itemListElement":[{"@type":"ListItem","position":1,"name":"Home","item":"https:\/\/teterete.com\/mx\/"},{"@type":"ListItem","position":2,"name":"Productos","item":"https:\/\/teterete.com\/mx\/shop\/"},{"@type":"ListItem","position":3,"name":"Camino de Mesa Artesanal Vinajel"}]},{"@type":"WebSite","@id":"https:\/\/teterete.com\/mx\/#website","url":"https:\/\/teterete.com\/mx\/","name":"","description":"Tienda en L\u00ednea de Fina Artesanias y Dise\u00f1o Mexicano. Bellas piezas elaboradas a mano por los mejores artesanos del pa\u00eds as\u00ed como piezas de dise\u00f1o y decoraci\u00f3n con inspiraci\u00f3n artesanal.","potentialAction":[{"@type":"SearchAction","target":{"@type":"EntryPoint","urlTemplate":"https:\/\/teterete.com\/mx\/?s={search_term_string}"},"query-input":{"@type":"PropertyValueSpecification","valueRequired":true,"valueName":"search_term_string"}}],"inLanguage":"es"}]}},"_links":{"self":[{"href":"https:\/\/teterete.com\/mx\/wp-json\/wp\/v2\/product\/10912"}],"collection":[{"href":"https:\/\/teterete.com\/mx\/wp-json\/wp\/v2\/product"}],"about":[{"href":"https:\/\/teterete.com\/mx\/wp-json\/wp\/v2\/types\/product"}],"replies":[{"embeddable":true,"href":"https:\/\/teterete.com\/mx\/wp-json\/wp\/v2\/comments?post=10912"}],"wp:featuredmedia":[{"embeddable":true,"href":"https:\/\/teterete.com\/mx\/wp-json\/wp\/v2\/media\/10915"}],"wp:attachment":[{"href":"https:\/\/teterete.com\/mx\/wp-json\/wp\/v2\/media?parent=10912"}],"wp:term":[{"taxonomy":"product_cat","embeddable":true,"href":"https:\/\/teterete.com\/mx\/wp-json\/wp\/v2\/product_cat?post=10912"},{"taxonomy":"product_tag","embeddable":true,"href":"https:\/\/teterete.com\/mx\/wp-json\/wp\/v2\/product_tag?post=10912"}],"curies":[{"name":"wp","href":"https:\/\/api.w.org\/{rel}","templated":true}]}}