{"id":10945,"date":"2023-03-05T03:44:23","date_gmt":"2023-03-05T03:44:23","guid":{"rendered":"https:\/\/teterete.com\/mx\/?post_type=product&#038;p=10945"},"modified":"2023-03-11T15:02:01","modified_gmt":"2023-03-11T15:02:01","slug":"luminarios-decorativos","status":"publish","type":"product","link":"https:\/\/teterete.com\/mx\/producto\/luminarios-decorativos\/","title":{"rendered":"L\u00e1mpara Castle Glo"},"content":{"rendered":"\n<p>Luminarios decorativos para suspender modelo CASTLE GLO M. Fabricado en concreto aligerado con pantalla de cristal opalino \u00d814 cm. Cable para suspender de 2 m. Incluye 1 l\u00e1mpara G9 LED 5W, 450 lm, 2700K, IRC 90.<\/p>\n","protected":false},"excerpt":{"rendered":"<p>Somos pioneros en el dise\u00f1o y fabricaci\u00f3n de luminarios decorativos en concreto, distingui\u00e9ndonos por el estudio minucioso del comportamiento de la luz con el material. Muestra de ellos son los nuevos modelos CASTLE GLO, que mezclan pantallas de cristal opalino con cuerpos de concreto perfectamente pulido a mano, en una silueta fluida, sencilla y hermosa.\u00a0<\/p>\n","protected":false},"featured_media":10966,"comment_status":"open","ping_status":"closed","template":"","meta":{"sfsi_plus_gutenberg_text_before_share":"","sfsi_plus_gutenberg_show_text_before_share":"","sfsi_plus_gutenberg_icon_type":"","sfsi_plus_gutenberg_icon_alignemt":"","sfsi_plus_gutenburg_max_per_row":""},"product_cat":[1200,351,973],"product_tag":[2344,2343,1181,2274,2342],"acf":[],"yoast_head":"<!-- This site is optimized with the Yoast SEO plugin v23.5 - https:\/\/yoast.com\/wordpress\/plugins\/seo\/ -->\n<title>L\u00e1mpara Castle Glo -<\/title>\n<meta name=\"description\" content=\"Dise\u00f1o y fabricaci\u00f3n de luminarios decorativos en concreto, distingui\u00e9ndonos por el estudio minucioso del comportamiento de la luz con el material.\" \/>\n<meta name=\"robots\" content=\"index, follow, max-snippet:-1, max-image-preview:large, max-video-preview:-1\" \/>\n<link rel=\"canonical\" href=\"https:\/\/teterete.com\/mx\/producto\/luminarios-decorativos\/\" \/>\n<meta property=\"og:locale\" content=\"es_ES\" \/>\n<meta property=\"og:type\" content=\"article\" \/>\n<meta property=\"og:title\" content=\"L\u00e1mpara Castle Glo -\" \/>\n<meta property=\"og:description\" content=\"Dise\u00f1o y fabricaci\u00f3n de luminarios decorativos en concreto, distingui\u00e9ndonos por el estudio minucioso del comportamiento de la luz con el material.\" \/>\n<meta property=\"og:url\" content=\"https:\/\/teterete.com\/mx\/producto\/luminarios-decorativos\/\" \/>\n<meta property=\"article:publisher\" content=\"https:\/\/www.facebook.com\/TetereteHome\/\" \/>\n<meta property=\"article:modified_time\" content=\"2023-03-11T15:02:01+00:00\" \/>\n<meta property=\"og:image\" content=\"https:\/\/teterete.com\/mx\/wp-content\/uploads\/2023\/03\/luminaria-colgante.jpeg\" \/>\n\t<meta property=\"og:image:width\" content=\"800\" \/>\n\t<meta property=\"og:image:height\" content=\"800\" \/>\n\t<meta property=\"og:image:type\" content=\"image\/jpeg\" \/>\n<meta name=\"twitter:card\" content=\"summary_large_image\" \/>\n<meta name=\"twitter:site\" content=\"@Teterete_Home\" \/>\n<meta name=\"twitter:label1\" content=\"Tiempo de lectura\" \/>\n\t<meta name=\"twitter:data1\" content=\"1 minuto\" \/>\n<script type=\"application\/ld+json\" class=\"yoast-schema-graph\">{\"@context\":\"https:\/\/schema.org\",\"@graph\":[{\"@type\":\"WebPage\",\"@id\":\"https:\/\/teterete.com\/mx\/producto\/luminarios-decorativos\/\",\"url\":\"https:\/\/teterete.com\/mx\/producto\/luminarios-decorativos\/\",\"name\":\"L\u00e1mpara Castle Glo -\",\"isPartOf\":{\"@id\":\"https:\/\/teterete.com\/mx\/#website\"},\"primaryImageOfPage\":{\"@id\":\"https:\/\/teterete.com\/mx\/producto\/luminarios-decorativos\/#primaryimage\"},\"image\":{\"@id\":\"https:\/\/teterete.com\/mx\/producto\/luminarios-decorativos\/#primaryimage\"},\"thumbnailUrl\":\"https:\/\/teterete.com\/mx\/wp-content\/uploads\/2023\/03\/luminaria-colgante.jpeg\",\"datePublished\":\"2023-03-05T03:44:23+00:00\",\"dateModified\":\"2023-03-11T15:02:01+00:00\",\"description\":\"Dise\u00f1o y fabricaci\u00f3n de luminarios decorativos en concreto, distingui\u00e9ndonos por el estudio minucioso del comportamiento de la luz con el material.\",\"breadcrumb\":{\"@id\":\"https:\/\/teterete.com\/mx\/producto\/luminarios-decorativos\/#breadcrumb\"},\"inLanguage\":\"es\",\"potentialAction\":[{\"@type\":\"ReadAction\",\"target\":[\"https:\/\/teterete.com\/mx\/producto\/luminarios-decorativos\/\"]}]},{\"@type\":\"ImageObject\",\"inLanguage\":\"es\",\"@id\":\"https:\/\/teterete.com\/mx\/producto\/luminarios-decorativos\/#primaryimage\",\"url\":\"https:\/\/teterete.com\/mx\/wp-content\/uploads\/2023\/03\/luminaria-colgante.jpeg\",\"contentUrl\":\"https:\/\/teterete.com\/mx\/wp-content\/uploads\/2023\/03\/luminaria-colgante.jpeg\",\"width\":\"800\",\"height\":\"800\",\"caption\":\"Luminaria Colgante\"},{\"@type\":\"BreadcrumbList\",\"@id\":\"https:\/\/teterete.com\/mx\/producto\/luminarios-decorativos\/#breadcrumb\",\"itemListElement\":[{\"@type\":\"ListItem\",\"position\":1,\"name\":\"Home\",\"item\":\"https:\/\/teterete.com\/mx\/\"},{\"@type\":\"ListItem\",\"position\":2,\"name\":\"Productos\",\"item\":\"https:\/\/teterete.com\/mx\/shop\/\"},{\"@type\":\"ListItem\",\"position\":3,\"name\":\"L\u00e1mpara Castle Glo\"}]},{\"@type\":\"WebSite\",\"@id\":\"https:\/\/teterete.com\/mx\/#website\",\"url\":\"https:\/\/teterete.com\/mx\/\",\"name\":\"\",\"description\":\"Tienda en L\u00ednea de Fina Artesanias y Dise\u00f1o Mexicano. Bellas piezas elaboradas a mano por los mejores artesanos del pa\u00eds as\u00ed como piezas de dise\u00f1o y decoraci\u00f3n con inspiraci\u00f3n artesanal.\",\"potentialAction\":[{\"@type\":\"SearchAction\",\"target\":{\"@type\":\"EntryPoint\",\"urlTemplate\":\"https:\/\/teterete.com\/mx\/?s={search_term_string}\"},\"query-input\":{\"@type\":\"PropertyValueSpecification\",\"valueRequired\":true,\"valueName\":\"search_term_string\"}}],\"inLanguage\":\"es\"}]}<\/script>\n<!-- \/ Yoast SEO plugin. -->","yoast_head_json":{"title":"L\u00e1mpara Castle Glo -","description":"Dise\u00f1o y fabricaci\u00f3n de luminarios decorativos en concreto, distingui\u00e9ndonos por el estudio minucioso del comportamiento de la luz con el material.","robots":{"index":"index","follow":"follow","max-snippet":"max-snippet:-1","max-image-preview":"max-image-preview:large","max-video-preview":"max-video-preview:-1"},"canonical":"https:\/\/teterete.com\/mx\/producto\/luminarios-decorativos\/","og_locale":"es_ES","og_type":"article","og_title":"L\u00e1mpara Castle Glo -","og_description":"Dise\u00f1o y fabricaci\u00f3n de luminarios decorativos en concreto, distingui\u00e9ndonos por el estudio minucioso del comportamiento de la luz con el material.","og_url":"https:\/\/teterete.com\/mx\/producto\/luminarios-decorativos\/","article_publisher":"https:\/\/www.facebook.com\/TetereteHome\/","article_modified_time":"2023-03-11T15:02:01+00:00","og_image":[{"width":800,"height":800,"url":"https:\/\/teterete.com\/mx\/wp-content\/uploads\/2023\/03\/luminaria-colgante.jpeg","type":"image\/jpeg"}],"twitter_card":"summary_large_image","twitter_site":"@Teterete_Home","twitter_misc":{"Tiempo de lectura":"1 minuto"},"schema":{"@context":"https:\/\/schema.org","@graph":[{"@type":"WebPage","@id":"https:\/\/teterete.com\/mx\/producto\/luminarios-decorativos\/","url":"https:\/\/teterete.com\/mx\/producto\/luminarios-decorativos\/","name":"L\u00e1mpara Castle Glo -","isPartOf":{"@id":"https:\/\/teterete.com\/mx\/#website"},"primaryImageOfPage":{"@id":"https:\/\/teterete.com\/mx\/producto\/luminarios-decorativos\/#primaryimage"},"image":{"@id":"https:\/\/teterete.com\/mx\/producto\/luminarios-decorativos\/#primaryimage"},"thumbnailUrl":"https:\/\/teterete.com\/mx\/wp-content\/uploads\/2023\/03\/luminaria-colgante.jpeg","datePublished":"2023-03-05T03:44:23+00:00","dateModified":"2023-03-11T15:02:01+00:00","description":"Dise\u00f1o y fabricaci\u00f3n de luminarios decorativos en concreto, distingui\u00e9ndonos por el estudio minucioso del comportamiento de la luz con el material.","breadcrumb":{"@id":"https:\/\/teterete.com\/mx\/producto\/luminarios-decorativos\/#breadcrumb"},"inLanguage":"es","potentialAction":[{"@type":"ReadAction","target":["https:\/\/teterete.com\/mx\/producto\/luminarios-decorativos\/"]}]},{"@type":"ImageObject","inLanguage":"es","@id":"https:\/\/teterete.com\/mx\/producto\/luminarios-decorativos\/#primaryimage","url":"https:\/\/teterete.com\/mx\/wp-content\/uploads\/2023\/03\/luminaria-colgante.jpeg","contentUrl":"https:\/\/teterete.com\/mx\/wp-content\/uploads\/2023\/03\/luminaria-colgante.jpeg","width":"800","height":"800","caption":"Luminaria Colgante"},{"@type":"BreadcrumbList","@id":"https:\/\/teterete.com\/mx\/producto\/luminarios-decorativos\/#breadcrumb","itemListElement":[{"@type":"ListItem","position":1,"name":"Home","item":"https:\/\/teterete.com\/mx\/"},{"@type":"ListItem","position":2,"name":"Productos","item":"https:\/\/teterete.com\/mx\/shop\/"},{"@type":"ListItem","position":3,"name":"L\u00e1mpara Castle Glo"}]},{"@type":"WebSite","@id":"https:\/\/teterete.com\/mx\/#website","url":"https:\/\/teterete.com\/mx\/","name":"","description":"Tienda en L\u00ednea de Fina Artesanias y Dise\u00f1o Mexicano. Bellas piezas elaboradas a mano por los mejores artesanos del pa\u00eds as\u00ed como piezas de dise\u00f1o y decoraci\u00f3n con inspiraci\u00f3n artesanal.","potentialAction":[{"@type":"SearchAction","target":{"@type":"EntryPoint","urlTemplate":"https:\/\/teterete.com\/mx\/?s={search_term_string}"},"query-input":{"@type":"PropertyValueSpecification","valueRequired":true,"valueName":"search_term_string"}}],"inLanguage":"es"}]}},"_links":{"self":[{"href":"https:\/\/teterete.com\/mx\/wp-json\/wp\/v2\/product\/10945"}],"collection":[{"href":"https:\/\/teterete.com\/mx\/wp-json\/wp\/v2\/product"}],"about":[{"href":"https:\/\/teterete.com\/mx\/wp-json\/wp\/v2\/types\/product"}],"replies":[{"embeddable":true,"href":"https:\/\/teterete.com\/mx\/wp-json\/wp\/v2\/comments?post=10945"}],"wp:featuredmedia":[{"embeddable":true,"href":"https:\/\/teterete.com\/mx\/wp-json\/wp\/v2\/media\/10966"}],"wp:attachment":[{"href":"https:\/\/teterete.com\/mx\/wp-json\/wp\/v2\/media?parent=10945"}],"wp:term":[{"taxonomy":"product_cat","embeddable":true,"href":"https:\/\/teterete.com\/mx\/wp-json\/wp\/v2\/product_cat?post=10945"},{"taxonomy":"product_tag","embeddable":true,"href":"https:\/\/teterete.com\/mx\/wp-json\/wp\/v2\/product_tag?post=10945"}],"curies":[{"name":"wp","href":"https:\/\/api.w.org\/{rel}","templated":true}]}}