{"id":10958,"date":"2023-03-05T14:31:43","date_gmt":"2023-03-05T14:31:43","guid":{"rendered":"https:\/\/teterete.com\/mx\/?post_type=product&#038;p=10958"},"modified":"2023-03-11T18:06:23","modified_gmt":"2023-03-11T18:06:23","slug":"luminaria-muro","status":"publish","type":"product","link":"https:\/\/teterete.com\/mx\/producto\/luminaria-muro\/","title":{"rendered":"Mumu Wu Luminaria Muro"},"content":{"rendered":"\n<p><em>Aluminio con soporte de acero.<\/em><\/p>\n\n\n\n<p><em>LED 4.5 W, 400 lm, 2700K, IRC 95, 120V atenuable TRIAC.<\/em><\/p>\n\n\n\n<p><em>1.3 kg.<\/em><\/p>\n\n\n\n<p><em>C\u00e1nope para montaje en muro.<\/em><\/p>\n\n\n\n<p>**Precio no incluye IVA<\/p>\n","protected":false},"excerpt":{"rendered":"<p>MUMU W\u00da es la m\u00e1xima evoluci\u00f3n de esta familia de luminarias para muro, buscando una \u00f3ptima eficiencia y funcionalidad. A pesar de sus m\u00ednimas dimensiones, W\u00da no escatima en su potencia. Est\u00e1 formada por un brazo dirigible unido a un punto de luz ajustable, lo que permite que sea utilizada tanto como luz de trabajo, como luz ambiental, potencializando la versatilidad de sus aplicaciones.<\/p>\n","protected":false},"featured_media":10959,"comment_status":"open","ping_status":"closed","template":"","meta":{"_acf_changed":false,"sfsi_plus_gutenberg_text_before_share":"","sfsi_plus_gutenberg_show_text_before_share":"","sfsi_plus_gutenberg_icon_type":"","sfsi_plus_gutenberg_icon_alignemt":"","sfsi_plus_gutenburg_max_per_row":""},"product_brand":[],"product_cat":[973,341,1200,351],"product_tag":[1684,2351,2350,2342,1198],"class_list":{"0":"post-10958","1":"product","2":"type-product","3":"status-publish","4":"has-post-thumbnail","6":"product_cat-candela","7":"product_cat-pared","8":"product_cat-iluminacion","9":"product_cat-lamparas","10":"product_tag-lamparas-decorativas","11":"product_tag-lamparas-para-muro","12":"product_tag-luminaria-para-muro","13":"product_tag-luminarias","14":"product_tag-tienda-de-lamparas","16":"first","17":"onbackorder","18":"taxable","19":"shipping-taxable","20":"product-type-simple"},"acf":[],"yoast_head":"<!-- This site is optimized with the Yoast SEO plugin v27.6 - https:\/\/yoast.com\/product\/yoast-seo-wordpress\/ -->\n<title>Mumu Wu Luminaria Muro -<\/title>\n<meta name=\"description\" content=\"MUMU W\u00da es la m\u00e1xima evoluci\u00f3n de esta familia de luminarias para muro, buscando una \u00f3ptima eficiencia y funcionalidad.\" \/>\n<meta name=\"robots\" content=\"index, follow, max-snippet:-1, max-image-preview:large, max-video-preview:-1\" \/>\n<link rel=\"canonical\" href=\"https:\/\/teterete.com\/mx\/producto\/luminaria-muro\/\" \/>\n<meta property=\"og:locale\" content=\"es_ES\" \/>\n<meta property=\"og:type\" content=\"article\" \/>\n<meta property=\"og:title\" content=\"Mumu Wu Luminaria Muro -\" \/>\n<meta property=\"og:description\" content=\"MUMU W\u00da es la m\u00e1xima evoluci\u00f3n de esta familia de luminarias para muro, buscando una \u00f3ptima eficiencia y funcionalidad.\" \/>\n<meta property=\"og:url\" content=\"https:\/\/teterete.com\/mx\/producto\/luminaria-muro\/\" \/>\n<meta property=\"article:publisher\" content=\"https:\/\/www.facebook.com\/TetereteHome\/\" \/>\n<meta property=\"article:modified_time\" content=\"2023-03-11T18:06:23+00:00\" \/>\n<meta property=\"og:image\" content=\"https:\/\/teterete.com\/mx\/wp-content\/uploads\/2023\/03\/luminarias-muro.jpg\" \/>\n\t<meta property=\"og:image:width\" content=\"1480\" \/>\n\t<meta property=\"og:image:height\" content=\"1480\" \/>\n\t<meta property=\"og:image:type\" content=\"image\/jpeg\" \/>\n<meta name=\"twitter:card\" content=\"summary_large_image\" \/>\n<meta name=\"twitter:site\" content=\"@Teterete_Home\" \/>\n<meta name=\"twitter:label1\" content=\"Tiempo de lectura\" \/>\n\t<meta name=\"twitter:data1\" content=\"1 minuto\" \/>\n<script type=\"application\/ld+json\" class=\"yoast-schema-graph\">{\"@context\":\"https:\\\/\\\/schema.org\",\"@graph\":[{\"@type\":\"WebPage\",\"@id\":\"https:\\\/\\\/teterete.com\\\/mx\\\/producto\\\/luminaria-muro\\\/\",\"url\":\"https:\\\/\\\/teterete.com\\\/mx\\\/producto\\\/luminaria-muro\\\/\",\"name\":\"Mumu Wu Luminaria Muro -\",\"isPartOf\":{\"@id\":\"https:\\\/\\\/teterete.com\\\/mx\\\/#website\"},\"primaryImageOfPage\":{\"@id\":\"https:\\\/\\\/teterete.com\\\/mx\\\/producto\\\/luminaria-muro\\\/#primaryimage\"},\"image\":{\"@id\":\"https:\\\/\\\/teterete.com\\\/mx\\\/producto\\\/luminaria-muro\\\/#primaryimage\"},\"thumbnailUrl\":\"https:\\\/\\\/teterete.com\\\/mx\\\/wp-content\\\/uploads\\\/2023\\\/03\\\/luminarias-muro.jpg\",\"datePublished\":\"2023-03-05T14:31:43+00:00\",\"dateModified\":\"2023-03-11T18:06:23+00:00\",\"description\":\"MUMU W\u00da es la m\u00e1xima evoluci\u00f3n de esta familia de luminarias para muro, buscando una \u00f3ptima eficiencia y funcionalidad.\",\"breadcrumb\":{\"@id\":\"https:\\\/\\\/teterete.com\\\/mx\\\/producto\\\/luminaria-muro\\\/#breadcrumb\"},\"inLanguage\":\"es\",\"potentialAction\":[{\"@type\":\"ReadAction\",\"target\":[\"https:\\\/\\\/teterete.com\\\/mx\\\/producto\\\/luminaria-muro\\\/\"]}]},{\"@type\":\"ImageObject\",\"inLanguage\":\"es\",\"@id\":\"https:\\\/\\\/teterete.com\\\/mx\\\/producto\\\/luminaria-muro\\\/#primaryimage\",\"url\":\"https:\\\/\\\/teterete.com\\\/mx\\\/wp-content\\\/uploads\\\/2023\\\/03\\\/luminarias-muro.jpg\",\"contentUrl\":\"https:\\\/\\\/teterete.com\\\/mx\\\/wp-content\\\/uploads\\\/2023\\\/03\\\/luminarias-muro.jpg\",\"width\":\"1480\",\"height\":\"1480\",\"caption\":\"Luminarias Muro\"},{\"@type\":\"BreadcrumbList\",\"@id\":\"https:\\\/\\\/teterete.com\\\/mx\\\/producto\\\/luminaria-muro\\\/#breadcrumb\",\"itemListElement\":[{\"@type\":\"ListItem\",\"position\":1,\"name\":\"Home\",\"item\":\"https:\\\/\\\/teterete.com\\\/mx\\\/\"},{\"@type\":\"ListItem\",\"position\":2,\"name\":\"Productos\",\"item\":\"https:\\\/\\\/teterete.com\\\/mx\\\/shop\\\/\"},{\"@type\":\"ListItem\",\"position\":3,\"name\":\"Mumu Wu Luminaria Muro\"}]},{\"@type\":\"WebSite\",\"@id\":\"https:\\\/\\\/teterete.com\\\/mx\\\/#website\",\"url\":\"https:\\\/\\\/teterete.com\\\/mx\\\/\",\"name\":\"\",\"description\":\"Tienda en L\u00ednea de Fina Artesanias y Dise\u00f1o Mexicano. Bellas piezas elaboradas a mano por los mejores artesanos del pa\u00eds as\u00ed como piezas de dise\u00f1o y decoraci\u00f3n con inspiraci\u00f3n artesanal.\",\"potentialAction\":[{\"@type\":\"SearchAction\",\"target\":{\"@type\":\"EntryPoint\",\"urlTemplate\":\"https:\\\/\\\/teterete.com\\\/mx\\\/?s={search_term_string}\"},\"query-input\":{\"@type\":\"PropertyValueSpecification\",\"valueRequired\":true,\"valueName\":\"search_term_string\"}}],\"inLanguage\":\"es\"}]}<\/script>\n<!-- \/ Yoast SEO plugin. -->","yoast_head_json":{"title":"Mumu Wu Luminaria Muro -","description":"MUMU W\u00da es la m\u00e1xima evoluci\u00f3n de esta familia de luminarias para muro, buscando una \u00f3ptima eficiencia y funcionalidad.","robots":{"index":"index","follow":"follow","max-snippet":"max-snippet:-1","max-image-preview":"max-image-preview:large","max-video-preview":"max-video-preview:-1"},"canonical":"https:\/\/teterete.com\/mx\/producto\/luminaria-muro\/","og_locale":"es_ES","og_type":"article","og_title":"Mumu Wu Luminaria Muro -","og_description":"MUMU W\u00da es la m\u00e1xima evoluci\u00f3n de esta familia de luminarias para muro, buscando una \u00f3ptima eficiencia y funcionalidad.","og_url":"https:\/\/teterete.com\/mx\/producto\/luminaria-muro\/","article_publisher":"https:\/\/www.facebook.com\/TetereteHome\/","article_modified_time":"2023-03-11T18:06:23+00:00","og_image":[{"width":1480,"height":1480,"url":"https:\/\/teterete.com\/mx\/wp-content\/uploads\/2023\/03\/luminarias-muro.jpg","type":"image\/jpeg"}],"twitter_card":"summary_large_image","twitter_site":"@Teterete_Home","twitter_misc":{"Tiempo de lectura":"1 minuto"},"schema":{"@context":"https:\/\/schema.org","@graph":[{"@type":"WebPage","@id":"https:\/\/teterete.com\/mx\/producto\/luminaria-muro\/","url":"https:\/\/teterete.com\/mx\/producto\/luminaria-muro\/","name":"Mumu Wu Luminaria Muro -","isPartOf":{"@id":"https:\/\/teterete.com\/mx\/#website"},"primaryImageOfPage":{"@id":"https:\/\/teterete.com\/mx\/producto\/luminaria-muro\/#primaryimage"},"image":{"@id":"https:\/\/teterete.com\/mx\/producto\/luminaria-muro\/#primaryimage"},"thumbnailUrl":"https:\/\/teterete.com\/mx\/wp-content\/uploads\/2023\/03\/luminarias-muro.jpg","datePublished":"2023-03-05T14:31:43+00:00","dateModified":"2023-03-11T18:06:23+00:00","description":"MUMU W\u00da es la m\u00e1xima evoluci\u00f3n de esta familia de luminarias para muro, buscando una \u00f3ptima eficiencia y funcionalidad.","breadcrumb":{"@id":"https:\/\/teterete.com\/mx\/producto\/luminaria-muro\/#breadcrumb"},"inLanguage":"es","potentialAction":[{"@type":"ReadAction","target":["https:\/\/teterete.com\/mx\/producto\/luminaria-muro\/"]}]},{"@type":"ImageObject","inLanguage":"es","@id":"https:\/\/teterete.com\/mx\/producto\/luminaria-muro\/#primaryimage","url":"https:\/\/teterete.com\/mx\/wp-content\/uploads\/2023\/03\/luminarias-muro.jpg","contentUrl":"https:\/\/teterete.com\/mx\/wp-content\/uploads\/2023\/03\/luminarias-muro.jpg","width":"1480","height":"1480","caption":"Luminarias Muro"},{"@type":"BreadcrumbList","@id":"https:\/\/teterete.com\/mx\/producto\/luminaria-muro\/#breadcrumb","itemListElement":[{"@type":"ListItem","position":1,"name":"Home","item":"https:\/\/teterete.com\/mx\/"},{"@type":"ListItem","position":2,"name":"Productos","item":"https:\/\/teterete.com\/mx\/shop\/"},{"@type":"ListItem","position":3,"name":"Mumu Wu Luminaria Muro"}]},{"@type":"WebSite","@id":"https:\/\/teterete.com\/mx\/#website","url":"https:\/\/teterete.com\/mx\/","name":"","description":"Tienda en L\u00ednea de Fina Artesanias y Dise\u00f1o Mexicano. Bellas piezas elaboradas a mano por los mejores artesanos del pa\u00eds as\u00ed como piezas de dise\u00f1o y decoraci\u00f3n con inspiraci\u00f3n artesanal.","potentialAction":[{"@type":"SearchAction","target":{"@type":"EntryPoint","urlTemplate":"https:\/\/teterete.com\/mx\/?s={search_term_string}"},"query-input":{"@type":"PropertyValueSpecification","valueRequired":true,"valueName":"search_term_string"}}],"inLanguage":"es"}]}},"_links":{"self":[{"href":"https:\/\/teterete.com\/mx\/wp-json\/wp\/v2\/product\/10958","targetHints":{"allow":["GET"]}}],"collection":[{"href":"https:\/\/teterete.com\/mx\/wp-json\/wp\/v2\/product"}],"about":[{"href":"https:\/\/teterete.com\/mx\/wp-json\/wp\/v2\/types\/product"}],"replies":[{"embeddable":true,"href":"https:\/\/teterete.com\/mx\/wp-json\/wp\/v2\/comments?post=10958"}],"wp:featuredmedia":[{"embeddable":true,"href":"https:\/\/teterete.com\/mx\/wp-json\/wp\/v2\/media\/10959"}],"wp:attachment":[{"href":"https:\/\/teterete.com\/mx\/wp-json\/wp\/v2\/media?parent=10958"}],"wp:term":[{"taxonomy":"product_brand","embeddable":true,"href":"https:\/\/teterete.com\/mx\/wp-json\/wp\/v2\/product_brand?post=10958"},{"taxonomy":"product_cat","embeddable":true,"href":"https:\/\/teterete.com\/mx\/wp-json\/wp\/v2\/product_cat?post=10958"},{"taxonomy":"product_tag","embeddable":true,"href":"https:\/\/teterete.com\/mx\/wp-json\/wp\/v2\/product_tag?post=10958"}],"curies":[{"name":"wp","href":"https:\/\/api.w.org\/{rel}","templated":true}]}}