{"id":10972,"date":"2023-03-11T15:37:25","date_gmt":"2023-03-11T15:37:25","guid":{"rendered":"https:\/\/teterete.com\/mx\/?post_type=product&#038;p=10972"},"modified":"2023-03-11T18:20:43","modified_gmt":"2023-03-11T18:20:43","slug":"lampara-de-pie-apolo","status":"publish","type":"product","link":"https:\/\/teterete.com\/mx\/producto\/lampara-de-pie-apolo\/","title":{"rendered":"L\u00e1mpara de Pie Apolo"},"content":{"rendered":"\n<p>Luminario decorativo de pie modelo APOLO MEGA. Fabricado en acero color negro mate, tripie de madera de roble. Pantalla ajustable 75\u00b0 con pantalla antideslumbramiento. Incluye sistema de LED CREE 17 W, 1200 lm, 2700K, IRC 90. Sistema de encendido atenuable Touch to Dimm integrado.<\/p>\n\n\n\n<p>**Precio SIN IVA<\/p>\n","protected":false},"excerpt":{"rendered":"<p>APOLO es un l\u00e1mpara de pie imponente, dise\u00f1ado para ser el foco de atenci\u00f3n en cualquier espacio. La enorme pantalla ayuda a reflera una suave luz uniforme evitando el contacto visual con la fuente de luz, gracias a la protecci\u00f3n central que tiene. La base de este luminario es un atractivo tripie de madera y cuenta con sistema atenuable para ajustar la cantidad de luz para generar diferentes atm\u00f3sferas.<\/p>\n","protected":false},"featured_media":10978,"comment_status":"open","ping_status":"closed","template":"","meta":{"sfsi_plus_gutenberg_text_before_share":"","sfsi_plus_gutenberg_show_text_before_share":"","sfsi_plus_gutenberg_icon_type":"","sfsi_plus_gutenberg_icon_alignemt":"","sfsi_plus_gutenburg_max_per_row":""},"product_cat":[1200,351,973],"product_tag":[1490,1684,2353,1198],"acf":[],"yoast_head":"<!-- This site is optimized with the Yoast SEO plugin v23.5 - https:\/\/yoast.com\/wordpress\/plugins\/seo\/ -->\n<title>L\u00e1mpara de Pie Apolo -<\/title>\n<meta name=\"description\" content=\"APOLO es un l\u00e1mpara de pie imponente, dise\u00f1ado para ser el foco de atenci\u00f3n en cualquier espacio.\" \/>\n<meta name=\"robots\" content=\"index, follow, max-snippet:-1, max-image-preview:large, max-video-preview:-1\" \/>\n<link rel=\"canonical\" href=\"https:\/\/teterete.com\/mx\/producto\/lampara-de-pie-apolo\/\" \/>\n<meta property=\"og:locale\" content=\"es_ES\" \/>\n<meta property=\"og:type\" content=\"article\" \/>\n<meta property=\"og:title\" content=\"L\u00e1mpara de Pie Apolo -\" \/>\n<meta property=\"og:description\" content=\"APOLO es un l\u00e1mpara de pie imponente, dise\u00f1ado para ser el foco de atenci\u00f3n en cualquier espacio.\" \/>\n<meta property=\"og:url\" content=\"https:\/\/teterete.com\/mx\/producto\/lampara-de-pie-apolo\/\" \/>\n<meta property=\"article:publisher\" content=\"https:\/\/www.facebook.com\/TetereteHome\/\" \/>\n<meta property=\"article:modified_time\" content=\"2023-03-11T18:20:43+00:00\" \/>\n<meta property=\"og:image\" content=\"https:\/\/teterete.com\/mx\/wp-content\/uploads\/2023\/03\/lampara-de-pie-mexico.jpeg\" \/>\n\t<meta property=\"og:image:width\" content=\"800\" \/>\n\t<meta property=\"og:image:height\" content=\"497\" \/>\n\t<meta property=\"og:image:type\" content=\"image\/jpeg\" \/>\n<meta name=\"twitter:card\" content=\"summary_large_image\" \/>\n<meta name=\"twitter:site\" content=\"@Teterete_Home\" \/>\n<meta name=\"twitter:label1\" content=\"Tiempo de lectura\" \/>\n\t<meta name=\"twitter:data1\" content=\"1 minuto\" \/>\n<script type=\"application\/ld+json\" class=\"yoast-schema-graph\">{\"@context\":\"https:\/\/schema.org\",\"@graph\":[{\"@type\":\"WebPage\",\"@id\":\"https:\/\/teterete.com\/mx\/producto\/lampara-de-pie-apolo\/\",\"url\":\"https:\/\/teterete.com\/mx\/producto\/lampara-de-pie-apolo\/\",\"name\":\"L\u00e1mpara de Pie Apolo -\",\"isPartOf\":{\"@id\":\"https:\/\/teterete.com\/mx\/#website\"},\"primaryImageOfPage\":{\"@id\":\"https:\/\/teterete.com\/mx\/producto\/lampara-de-pie-apolo\/#primaryimage\"},\"image\":{\"@id\":\"https:\/\/teterete.com\/mx\/producto\/lampara-de-pie-apolo\/#primaryimage\"},\"thumbnailUrl\":\"https:\/\/teterete.com\/mx\/wp-content\/uploads\/2023\/03\/lampara-de-pie-mexico.jpeg\",\"datePublished\":\"2023-03-11T15:37:25+00:00\",\"dateModified\":\"2023-03-11T18:20:43+00:00\",\"description\":\"APOLO es un l\u00e1mpara de pie imponente, dise\u00f1ado para ser el foco de atenci\u00f3n en cualquier espacio.\",\"breadcrumb\":{\"@id\":\"https:\/\/teterete.com\/mx\/producto\/lampara-de-pie-apolo\/#breadcrumb\"},\"inLanguage\":\"es\",\"potentialAction\":[{\"@type\":\"ReadAction\",\"target\":[\"https:\/\/teterete.com\/mx\/producto\/lampara-de-pie-apolo\/\"]}]},{\"@type\":\"ImageObject\",\"inLanguage\":\"es\",\"@id\":\"https:\/\/teterete.com\/mx\/producto\/lampara-de-pie-apolo\/#primaryimage\",\"url\":\"https:\/\/teterete.com\/mx\/wp-content\/uploads\/2023\/03\/lampara-de-pie-mexico.jpeg\",\"contentUrl\":\"https:\/\/teterete.com\/mx\/wp-content\/uploads\/2023\/03\/lampara-de-pie-mexico.jpeg\",\"width\":\"800\",\"height\":\"497\"},{\"@type\":\"BreadcrumbList\",\"@id\":\"https:\/\/teterete.com\/mx\/producto\/lampara-de-pie-apolo\/#breadcrumb\",\"itemListElement\":[{\"@type\":\"ListItem\",\"position\":1,\"name\":\"Home\",\"item\":\"https:\/\/teterete.com\/mx\/\"},{\"@type\":\"ListItem\",\"position\":2,\"name\":\"Productos\",\"item\":\"https:\/\/teterete.com\/mx\/shop\/\"},{\"@type\":\"ListItem\",\"position\":3,\"name\":\"L\u00e1mpara de Pie Apolo\"}]},{\"@type\":\"WebSite\",\"@id\":\"https:\/\/teterete.com\/mx\/#website\",\"url\":\"https:\/\/teterete.com\/mx\/\",\"name\":\"\",\"description\":\"Tienda en L\u00ednea de Fina Artesanias y Dise\u00f1o Mexicano. Bellas piezas elaboradas a mano por los mejores artesanos del pa\u00eds as\u00ed como piezas de dise\u00f1o y decoraci\u00f3n con inspiraci\u00f3n artesanal.\",\"potentialAction\":[{\"@type\":\"SearchAction\",\"target\":{\"@type\":\"EntryPoint\",\"urlTemplate\":\"https:\/\/teterete.com\/mx\/?s={search_term_string}\"},\"query-input\":{\"@type\":\"PropertyValueSpecification\",\"valueRequired\":true,\"valueName\":\"search_term_string\"}}],\"inLanguage\":\"es\"}]}<\/script>\n<!-- \/ Yoast SEO plugin. -->","yoast_head_json":{"title":"L\u00e1mpara de Pie Apolo -","description":"APOLO es un l\u00e1mpara de pie imponente, dise\u00f1ado para ser el foco de atenci\u00f3n en cualquier espacio.","robots":{"index":"index","follow":"follow","max-snippet":"max-snippet:-1","max-image-preview":"max-image-preview:large","max-video-preview":"max-video-preview:-1"},"canonical":"https:\/\/teterete.com\/mx\/producto\/lampara-de-pie-apolo\/","og_locale":"es_ES","og_type":"article","og_title":"L\u00e1mpara de Pie Apolo -","og_description":"APOLO es un l\u00e1mpara de pie imponente, dise\u00f1ado para ser el foco de atenci\u00f3n en cualquier espacio.","og_url":"https:\/\/teterete.com\/mx\/producto\/lampara-de-pie-apolo\/","article_publisher":"https:\/\/www.facebook.com\/TetereteHome\/","article_modified_time":"2023-03-11T18:20:43+00:00","og_image":[{"width":800,"height":497,"url":"https:\/\/teterete.com\/mx\/wp-content\/uploads\/2023\/03\/lampara-de-pie-mexico.jpeg","type":"image\/jpeg"}],"twitter_card":"summary_large_image","twitter_site":"@Teterete_Home","twitter_misc":{"Tiempo de lectura":"1 minuto"},"schema":{"@context":"https:\/\/schema.org","@graph":[{"@type":"WebPage","@id":"https:\/\/teterete.com\/mx\/producto\/lampara-de-pie-apolo\/","url":"https:\/\/teterete.com\/mx\/producto\/lampara-de-pie-apolo\/","name":"L\u00e1mpara de Pie Apolo -","isPartOf":{"@id":"https:\/\/teterete.com\/mx\/#website"},"primaryImageOfPage":{"@id":"https:\/\/teterete.com\/mx\/producto\/lampara-de-pie-apolo\/#primaryimage"},"image":{"@id":"https:\/\/teterete.com\/mx\/producto\/lampara-de-pie-apolo\/#primaryimage"},"thumbnailUrl":"https:\/\/teterete.com\/mx\/wp-content\/uploads\/2023\/03\/lampara-de-pie-mexico.jpeg","datePublished":"2023-03-11T15:37:25+00:00","dateModified":"2023-03-11T18:20:43+00:00","description":"APOLO es un l\u00e1mpara de pie imponente, dise\u00f1ado para ser el foco de atenci\u00f3n en cualquier espacio.","breadcrumb":{"@id":"https:\/\/teterete.com\/mx\/producto\/lampara-de-pie-apolo\/#breadcrumb"},"inLanguage":"es","potentialAction":[{"@type":"ReadAction","target":["https:\/\/teterete.com\/mx\/producto\/lampara-de-pie-apolo\/"]}]},{"@type":"ImageObject","inLanguage":"es","@id":"https:\/\/teterete.com\/mx\/producto\/lampara-de-pie-apolo\/#primaryimage","url":"https:\/\/teterete.com\/mx\/wp-content\/uploads\/2023\/03\/lampara-de-pie-mexico.jpeg","contentUrl":"https:\/\/teterete.com\/mx\/wp-content\/uploads\/2023\/03\/lampara-de-pie-mexico.jpeg","width":"800","height":"497"},{"@type":"BreadcrumbList","@id":"https:\/\/teterete.com\/mx\/producto\/lampara-de-pie-apolo\/#breadcrumb","itemListElement":[{"@type":"ListItem","position":1,"name":"Home","item":"https:\/\/teterete.com\/mx\/"},{"@type":"ListItem","position":2,"name":"Productos","item":"https:\/\/teterete.com\/mx\/shop\/"},{"@type":"ListItem","position":3,"name":"L\u00e1mpara de Pie Apolo"}]},{"@type":"WebSite","@id":"https:\/\/teterete.com\/mx\/#website","url":"https:\/\/teterete.com\/mx\/","name":"","description":"Tienda en L\u00ednea de Fina Artesanias y Dise\u00f1o Mexicano. Bellas piezas elaboradas a mano por los mejores artesanos del pa\u00eds as\u00ed como piezas de dise\u00f1o y decoraci\u00f3n con inspiraci\u00f3n artesanal.","potentialAction":[{"@type":"SearchAction","target":{"@type":"EntryPoint","urlTemplate":"https:\/\/teterete.com\/mx\/?s={search_term_string}"},"query-input":{"@type":"PropertyValueSpecification","valueRequired":true,"valueName":"search_term_string"}}],"inLanguage":"es"}]}},"_links":{"self":[{"href":"https:\/\/teterete.com\/mx\/wp-json\/wp\/v2\/product\/10972"}],"collection":[{"href":"https:\/\/teterete.com\/mx\/wp-json\/wp\/v2\/product"}],"about":[{"href":"https:\/\/teterete.com\/mx\/wp-json\/wp\/v2\/types\/product"}],"replies":[{"embeddable":true,"href":"https:\/\/teterete.com\/mx\/wp-json\/wp\/v2\/comments?post=10972"}],"wp:featuredmedia":[{"embeddable":true,"href":"https:\/\/teterete.com\/mx\/wp-json\/wp\/v2\/media\/10978"}],"wp:attachment":[{"href":"https:\/\/teterete.com\/mx\/wp-json\/wp\/v2\/media?parent=10972"}],"wp:term":[{"taxonomy":"product_cat","embeddable":true,"href":"https:\/\/teterete.com\/mx\/wp-json\/wp\/v2\/product_cat?post=10972"},{"taxonomy":"product_tag","embeddable":true,"href":"https:\/\/teterete.com\/mx\/wp-json\/wp\/v2\/product_tag?post=10972"}],"curies":[{"name":"wp","href":"https:\/\/api.w.org\/{rel}","templated":true}]}}