{"id":10975,"date":"2023-03-11T18:20:00","date_gmt":"2023-03-11T18:20:00","guid":{"rendered":"https:\/\/teterete.com\/mx\/?post_type=product&#038;p=10975"},"modified":"2025-01-18T16:42:05","modified_gmt":"2025-01-18T16:42:05","slug":"lampara-de-pie-archer","status":"publish","type":"product","link":"https:\/\/teterete.com\/mx\/producto\/lampara-de-pie-archer\/","title":{"rendered":"L\u00e1mpara de pie Archer"},"content":{"rendered":"\r\n<p>Luminario decorativo de pie modelo ARCHER MEGA. Fabricado en acero color negro mate, poste de madera de haya y pantalla de acr\u00edlico con forro de tela color negro.<\/p>\r\n\r\n\r\n\r\n<p>Poste ajustable altura m\u00e1xima 1.7 m.<\/p>\r\n\r\n\r\n\r\n<p>Para 3 l\u00e1mparas A16 E26.<\/p>\r\n\r\n\r\n\r\n<p>Switch on\/off en piso.<\/p>\r\n\r\n\r\n\r\n<p>**Precio SIN IVA<\/p>\r\n","protected":false},"excerpt":{"rendered":"<p>La constelaci\u00f3n de sagitario (el arquero) es una de las m\u00e1s brillantes desde el firmamento terrestre y es el punto de partida para la geometr\u00eda de ARCHER, nuestra l\u00e1mpara de pie articulado de enormes dimensiones. Est\u00e1 formado por una base de acero s\u00f3lido, un fuerte poste de madera de haya y una pantalla de acr\u00edlico forrado en tela color negro. Un luminario tanto elegante como imponente.<\/p>\n","protected":false},"featured_media":12157,"comment_status":"open","ping_status":"closed","template":"","meta":{"sfsi_plus_gutenberg_text_before_share":"","sfsi_plus_gutenberg_show_text_before_share":"","sfsi_plus_gutenberg_icon_type":"","sfsi_plus_gutenberg_icon_alignemt":"","sfsi_plus_gutenburg_max_per_row":""},"product_cat":[1200,351,973],"product_tag":[799,1490,1197,2353,1198],"acf":[],"yoast_head":"<!-- This site is optimized with the Yoast SEO plugin v23.5 - https:\/\/yoast.com\/wordpress\/plugins\/seo\/ -->\n<title>L\u00e1mpara de pie Archer -<\/title>\n<meta name=\"description\" content=\"La constelaci\u00f3n de sagitario (el arquero) es la inspiraci\u00f3n para la geometr\u00eda de ARCHER, nuestra l\u00e1mpara de pie articulado de enormes dimensiones\" \/>\n<meta name=\"robots\" content=\"index, follow, max-snippet:-1, max-image-preview:large, max-video-preview:-1\" \/>\n<link rel=\"canonical\" href=\"https:\/\/teterete.com\/mx\/producto\/lampara-de-pie-archer\/\" \/>\n<meta property=\"og:locale\" content=\"es_ES\" \/>\n<meta property=\"og:type\" content=\"article\" \/>\n<meta property=\"og:title\" content=\"L\u00e1mpara de pie Archer -\" \/>\n<meta property=\"og:description\" content=\"La constelaci\u00f3n de sagitario (el arquero) es la inspiraci\u00f3n para la geometr\u00eda de ARCHER, nuestra l\u00e1mpara de pie articulado de enormes dimensiones\" \/>\n<meta property=\"og:url\" content=\"https:\/\/teterete.com\/mx\/producto\/lampara-de-pie-archer\/\" \/>\n<meta property=\"article:publisher\" content=\"https:\/\/www.facebook.com\/TetereteHome\/\" \/>\n<meta property=\"article:modified_time\" content=\"2025-01-18T16:42:05+00:00\" \/>\n<meta property=\"og:image\" content=\"https:\/\/teterete.com\/mx\/wp-content\/uploads\/2023\/03\/lampara-de-pie-archer.jpg\" \/>\n\t<meta property=\"og:image:width\" content=\"800\" \/>\n\t<meta property=\"og:image:height\" content=\"800\" \/>\n\t<meta property=\"og:image:type\" content=\"image\/jpeg\" \/>\n<meta name=\"twitter:card\" content=\"summary_large_image\" \/>\n<meta name=\"twitter:site\" content=\"@Teterete_Home\" \/>\n<meta name=\"twitter:label1\" content=\"Tiempo de lectura\" \/>\n\t<meta name=\"twitter:data1\" content=\"1 minuto\" \/>\n<script type=\"application\/ld+json\" class=\"yoast-schema-graph\">{\"@context\":\"https:\/\/schema.org\",\"@graph\":[{\"@type\":\"WebPage\",\"@id\":\"https:\/\/teterete.com\/mx\/producto\/lampara-de-pie-archer\/\",\"url\":\"https:\/\/teterete.com\/mx\/producto\/lampara-de-pie-archer\/\",\"name\":\"L\u00e1mpara de pie Archer -\",\"isPartOf\":{\"@id\":\"https:\/\/teterete.com\/mx\/#website\"},\"primaryImageOfPage\":{\"@id\":\"https:\/\/teterete.com\/mx\/producto\/lampara-de-pie-archer\/#primaryimage\"},\"image\":{\"@id\":\"https:\/\/teterete.com\/mx\/producto\/lampara-de-pie-archer\/#primaryimage\"},\"thumbnailUrl\":\"https:\/\/teterete.com\/mx\/wp-content\/uploads\/2023\/03\/lampara-de-pie-archer.jpg\",\"datePublished\":\"2023-03-11T18:20:00+00:00\",\"dateModified\":\"2025-01-18T16:42:05+00:00\",\"description\":\"La constelaci\u00f3n de sagitario (el arquero) es la inspiraci\u00f3n para la geometr\u00eda de ARCHER, nuestra l\u00e1mpara de pie articulado de enormes dimensiones\",\"breadcrumb\":{\"@id\":\"https:\/\/teterete.com\/mx\/producto\/lampara-de-pie-archer\/#breadcrumb\"},\"inLanguage\":\"es\",\"potentialAction\":[{\"@type\":\"ReadAction\",\"target\":[\"https:\/\/teterete.com\/mx\/producto\/lampara-de-pie-archer\/\"]}]},{\"@type\":\"ImageObject\",\"inLanguage\":\"es\",\"@id\":\"https:\/\/teterete.com\/mx\/producto\/lampara-de-pie-archer\/#primaryimage\",\"url\":\"https:\/\/teterete.com\/mx\/wp-content\/uploads\/2023\/03\/lampara-de-pie-archer.jpg\",\"contentUrl\":\"https:\/\/teterete.com\/mx\/wp-content\/uploads\/2023\/03\/lampara-de-pie-archer.jpg\",\"width\":800,\"height\":800,\"caption\":\"L\u00e1mpara de Pie Archer\"},{\"@type\":\"BreadcrumbList\",\"@id\":\"https:\/\/teterete.com\/mx\/producto\/lampara-de-pie-archer\/#breadcrumb\",\"itemListElement\":[{\"@type\":\"ListItem\",\"position\":1,\"name\":\"Home\",\"item\":\"https:\/\/teterete.com\/mx\/\"},{\"@type\":\"ListItem\",\"position\":2,\"name\":\"Productos\",\"item\":\"https:\/\/teterete.com\/mx\/shop\/\"},{\"@type\":\"ListItem\",\"position\":3,\"name\":\"L\u00e1mpara de pie Archer\"}]},{\"@type\":\"WebSite\",\"@id\":\"https:\/\/teterete.com\/mx\/#website\",\"url\":\"https:\/\/teterete.com\/mx\/\",\"name\":\"\",\"description\":\"Tienda en L\u00ednea de Fina Artesanias y Dise\u00f1o Mexicano. Bellas piezas elaboradas a mano por los mejores artesanos del pa\u00eds as\u00ed como piezas de dise\u00f1o y decoraci\u00f3n con inspiraci\u00f3n artesanal.\",\"potentialAction\":[{\"@type\":\"SearchAction\",\"target\":{\"@type\":\"EntryPoint\",\"urlTemplate\":\"https:\/\/teterete.com\/mx\/?s={search_term_string}\"},\"query-input\":{\"@type\":\"PropertyValueSpecification\",\"valueRequired\":true,\"valueName\":\"search_term_string\"}}],\"inLanguage\":\"es\"}]}<\/script>\n<!-- \/ Yoast SEO plugin. -->","yoast_head_json":{"title":"L\u00e1mpara de pie Archer -","description":"La constelaci\u00f3n de sagitario (el arquero) es la inspiraci\u00f3n para la geometr\u00eda de ARCHER, nuestra l\u00e1mpara de pie articulado de enormes dimensiones","robots":{"index":"index","follow":"follow","max-snippet":"max-snippet:-1","max-image-preview":"max-image-preview:large","max-video-preview":"max-video-preview:-1"},"canonical":"https:\/\/teterete.com\/mx\/producto\/lampara-de-pie-archer\/","og_locale":"es_ES","og_type":"article","og_title":"L\u00e1mpara de pie Archer -","og_description":"La constelaci\u00f3n de sagitario (el arquero) es la inspiraci\u00f3n para la geometr\u00eda de ARCHER, nuestra l\u00e1mpara de pie articulado de enormes dimensiones","og_url":"https:\/\/teterete.com\/mx\/producto\/lampara-de-pie-archer\/","article_publisher":"https:\/\/www.facebook.com\/TetereteHome\/","article_modified_time":"2025-01-18T16:42:05+00:00","og_image":[{"width":800,"height":800,"url":"https:\/\/teterete.com\/mx\/wp-content\/uploads\/2023\/03\/lampara-de-pie-archer.jpg","type":"image\/jpeg"}],"twitter_card":"summary_large_image","twitter_site":"@Teterete_Home","twitter_misc":{"Tiempo de lectura":"1 minuto"},"schema":{"@context":"https:\/\/schema.org","@graph":[{"@type":"WebPage","@id":"https:\/\/teterete.com\/mx\/producto\/lampara-de-pie-archer\/","url":"https:\/\/teterete.com\/mx\/producto\/lampara-de-pie-archer\/","name":"L\u00e1mpara de pie Archer -","isPartOf":{"@id":"https:\/\/teterete.com\/mx\/#website"},"primaryImageOfPage":{"@id":"https:\/\/teterete.com\/mx\/producto\/lampara-de-pie-archer\/#primaryimage"},"image":{"@id":"https:\/\/teterete.com\/mx\/producto\/lampara-de-pie-archer\/#primaryimage"},"thumbnailUrl":"https:\/\/teterete.com\/mx\/wp-content\/uploads\/2023\/03\/lampara-de-pie-archer.jpg","datePublished":"2023-03-11T18:20:00+00:00","dateModified":"2025-01-18T16:42:05+00:00","description":"La constelaci\u00f3n de sagitario (el arquero) es la inspiraci\u00f3n para la geometr\u00eda de ARCHER, nuestra l\u00e1mpara de pie articulado de enormes dimensiones","breadcrumb":{"@id":"https:\/\/teterete.com\/mx\/producto\/lampara-de-pie-archer\/#breadcrumb"},"inLanguage":"es","potentialAction":[{"@type":"ReadAction","target":["https:\/\/teterete.com\/mx\/producto\/lampara-de-pie-archer\/"]}]},{"@type":"ImageObject","inLanguage":"es","@id":"https:\/\/teterete.com\/mx\/producto\/lampara-de-pie-archer\/#primaryimage","url":"https:\/\/teterete.com\/mx\/wp-content\/uploads\/2023\/03\/lampara-de-pie-archer.jpg","contentUrl":"https:\/\/teterete.com\/mx\/wp-content\/uploads\/2023\/03\/lampara-de-pie-archer.jpg","width":800,"height":800,"caption":"L\u00e1mpara de Pie Archer"},{"@type":"BreadcrumbList","@id":"https:\/\/teterete.com\/mx\/producto\/lampara-de-pie-archer\/#breadcrumb","itemListElement":[{"@type":"ListItem","position":1,"name":"Home","item":"https:\/\/teterete.com\/mx\/"},{"@type":"ListItem","position":2,"name":"Productos","item":"https:\/\/teterete.com\/mx\/shop\/"},{"@type":"ListItem","position":3,"name":"L\u00e1mpara de pie Archer"}]},{"@type":"WebSite","@id":"https:\/\/teterete.com\/mx\/#website","url":"https:\/\/teterete.com\/mx\/","name":"","description":"Tienda en L\u00ednea de Fina Artesanias y Dise\u00f1o Mexicano. Bellas piezas elaboradas a mano por los mejores artesanos del pa\u00eds as\u00ed como piezas de dise\u00f1o y decoraci\u00f3n con inspiraci\u00f3n artesanal.","potentialAction":[{"@type":"SearchAction","target":{"@type":"EntryPoint","urlTemplate":"https:\/\/teterete.com\/mx\/?s={search_term_string}"},"query-input":{"@type":"PropertyValueSpecification","valueRequired":true,"valueName":"search_term_string"}}],"inLanguage":"es"}]}},"_links":{"self":[{"href":"https:\/\/teterete.com\/mx\/wp-json\/wp\/v2\/product\/10975"}],"collection":[{"href":"https:\/\/teterete.com\/mx\/wp-json\/wp\/v2\/product"}],"about":[{"href":"https:\/\/teterete.com\/mx\/wp-json\/wp\/v2\/types\/product"}],"replies":[{"embeddable":true,"href":"https:\/\/teterete.com\/mx\/wp-json\/wp\/v2\/comments?post=10975"}],"wp:featuredmedia":[{"embeddable":true,"href":"https:\/\/teterete.com\/mx\/wp-json\/wp\/v2\/media\/12157"}],"wp:attachment":[{"href":"https:\/\/teterete.com\/mx\/wp-json\/wp\/v2\/media?parent=10975"}],"wp:term":[{"taxonomy":"product_cat","embeddable":true,"href":"https:\/\/teterete.com\/mx\/wp-json\/wp\/v2\/product_cat?post=10975"},{"taxonomy":"product_tag","embeddable":true,"href":"https:\/\/teterete.com\/mx\/wp-json\/wp\/v2\/product_tag?post=10975"}],"curies":[{"name":"wp","href":"https:\/\/api.w.org\/{rel}","templated":true}]}}