{"id":10979,"date":"2023-03-11T18:56:11","date_gmt":"2023-03-11T18:56:11","guid":{"rendered":"https:\/\/teterete.com\/mx\/?post_type=product&#038;p=10979"},"modified":"2024-09-24T17:45:08","modified_gmt":"2024-09-24T17:45:08","slug":"tapete-entrada","status":"publish","type":"product","link":"https:\/\/teterete.com\/mx\/producto\/tapete-entrada\/","title":{"rendered":"Tapete para Ba\u00f1o Otilia"},"content":{"rendered":"\r\n<p>Cuidado y mantenimiento: Sacudir y desempolvar. Puede llevarse a la tintorer\u00eda y pedir que se haga un lavado en seco.<br \/>Material: negro en urdimbre y shedr\u00f3n, negro y beige claro en trama<br \/>Color: Shedron-negro-beige claro<br \/>Medidas: 90 cm de ancho x 60 cm de altura<\/p>\r\n","protected":false},"excerpt":{"rendered":"<p>Tapete para ba\u00f1o decorativo tejido en telar de cintura por el grupo \u201cColor de Rosa\u201d en la localidad de Belisario Dominguez del municipio de Chenalh\u00f3, Chiapas. El dise\u00f1o de este tapete surge a partir de un ejercicio creativo con las artesanas inspirado en las figuras de la arquitectura de San Crist\u00f3bal de las Casas. Este tapete combina dos t\u00e9cnicas artesanales: tejido en telar de cintura con lana de borrego natural hilada a mano que es la base del tapete, sobre la cual posteriormente, agregan uno a uno pompones de 5 diferentes colores, hasta formar figuras completas y l\u00edneas a lo largo del tapete. Cada tapete tiene alrededor de 650 pompones que se hacen enrollando a mano hilo acr\u00edlico o estambre, una vez amarrado, se corta y se le da la forma redonda al pomp\u00f3n.<\/p>\n","protected":false},"featured_media":10980,"comment_status":"open","ping_status":"closed","template":"","meta":{"sfsi_plus_gutenberg_text_before_share":"","sfsi_plus_gutenberg_show_text_before_share":"","sfsi_plus_gutenberg_icon_type":"","sfsi_plus_gutenberg_icon_alignemt":"","sfsi_plus_gutenburg_max_per_row":""},"product_cat":[2166,1516,209,360,350],"product_tag":[1706,2354,865,2159,223],"acf":[],"yoast_head":"<!-- This site is optimized with the Yoast SEO plugin v23.5 - https:\/\/yoast.com\/wordpress\/plugins\/seo\/ -->\n<title>Tapete para Ba\u00f1o Otilia -<\/title>\n<meta name=\"description\" content=\"Tapete para ba\u00f1o decorativo tejido en telar de cintura por el grupo \u201cColor de Rosa\u201d en la localidad de Belisario Dominguez del municipio de Chenalh\u00f3,\" \/>\n<meta name=\"robots\" content=\"index, follow, max-snippet:-1, max-image-preview:large, max-video-preview:-1\" \/>\n<link rel=\"canonical\" href=\"https:\/\/teterete.com\/mx\/producto\/tapete-entrada\/\" \/>\n<meta property=\"og:locale\" content=\"es_ES\" \/>\n<meta property=\"og:type\" content=\"article\" \/>\n<meta property=\"og:title\" content=\"Tapete para Ba\u00f1o Otilia -\" \/>\n<meta property=\"og:description\" content=\"Tapete para ba\u00f1o decorativo tejido en telar de cintura por el grupo \u201cColor de Rosa\u201d en la localidad de Belisario Dominguez del municipio de Chenalh\u00f3,\" \/>\n<meta property=\"og:url\" content=\"https:\/\/teterete.com\/mx\/producto\/tapete-entrada\/\" \/>\n<meta property=\"article:publisher\" content=\"https:\/\/www.facebook.com\/TetereteHome\/\" \/>\n<meta property=\"article:modified_time\" content=\"2024-09-24T17:45:08+00:00\" \/>\n<meta property=\"og:image\" content=\"https:\/\/teterete.com\/mx\/wp-content\/uploads\/2023\/03\/tapetes-corredor.jpg\" \/>\n\t<meta property=\"og:image:width\" content=\"1192\" \/>\n\t<meta property=\"og:image:height\" content=\"792\" \/>\n\t<meta property=\"og:image:type\" content=\"image\/jpeg\" \/>\n<meta name=\"twitter:card\" content=\"summary_large_image\" \/>\n<meta name=\"twitter:site\" content=\"@Teterete_Home\" \/>\n<meta name=\"twitter:label1\" content=\"Tiempo de lectura\" \/>\n\t<meta name=\"twitter:data1\" content=\"1 minuto\" \/>\n<script type=\"application\/ld+json\" class=\"yoast-schema-graph\">{\"@context\":\"https:\/\/schema.org\",\"@graph\":[{\"@type\":\"WebPage\",\"@id\":\"https:\/\/teterete.com\/mx\/producto\/tapete-entrada\/\",\"url\":\"https:\/\/teterete.com\/mx\/producto\/tapete-entrada\/\",\"name\":\"Tapete para Ba\u00f1o Otilia -\",\"isPartOf\":{\"@id\":\"https:\/\/teterete.com\/mx\/#website\"},\"primaryImageOfPage\":{\"@id\":\"https:\/\/teterete.com\/mx\/producto\/tapete-entrada\/#primaryimage\"},\"image\":{\"@id\":\"https:\/\/teterete.com\/mx\/producto\/tapete-entrada\/#primaryimage\"},\"thumbnailUrl\":\"https:\/\/teterete.com\/mx\/wp-content\/uploads\/2023\/03\/tapetes-corredor.jpg\",\"datePublished\":\"2023-03-11T18:56:11+00:00\",\"dateModified\":\"2024-09-24T17:45:08+00:00\",\"description\":\"Tapete para ba\u00f1o decorativo tejido en telar de cintura por el grupo \u201cColor de Rosa\u201d en la localidad de Belisario Dominguez del municipio de Chenalh\u00f3,\",\"breadcrumb\":{\"@id\":\"https:\/\/teterete.com\/mx\/producto\/tapete-entrada\/#breadcrumb\"},\"inLanguage\":\"es\",\"potentialAction\":[{\"@type\":\"ReadAction\",\"target\":[\"https:\/\/teterete.com\/mx\/producto\/tapete-entrada\/\"]}]},{\"@type\":\"ImageObject\",\"inLanguage\":\"es\",\"@id\":\"https:\/\/teterete.com\/mx\/producto\/tapete-entrada\/#primaryimage\",\"url\":\"https:\/\/teterete.com\/mx\/wp-content\/uploads\/2023\/03\/tapetes-corredor.jpg\",\"contentUrl\":\"https:\/\/teterete.com\/mx\/wp-content\/uploads\/2023\/03\/tapetes-corredor.jpg\",\"width\":\"1192\",\"height\":\"792\",\"caption\":\"Tapetes Corredor\"},{\"@type\":\"BreadcrumbList\",\"@id\":\"https:\/\/teterete.com\/mx\/producto\/tapete-entrada\/#breadcrumb\",\"itemListElement\":[{\"@type\":\"ListItem\",\"position\":1,\"name\":\"Home\",\"item\":\"https:\/\/teterete.com\/mx\/\"},{\"@type\":\"ListItem\",\"position\":2,\"name\":\"Productos\",\"item\":\"https:\/\/teterete.com\/mx\/shop\/\"},{\"@type\":\"ListItem\",\"position\":3,\"name\":\"Tapete para Ba\u00f1o Otilia\"}]},{\"@type\":\"WebSite\",\"@id\":\"https:\/\/teterete.com\/mx\/#website\",\"url\":\"https:\/\/teterete.com\/mx\/\",\"name\":\"\",\"description\":\"Tienda en L\u00ednea de Fina Artesanias y Dise\u00f1o Mexicano. Bellas piezas elaboradas a mano por los mejores artesanos del pa\u00eds as\u00ed como piezas de dise\u00f1o y decoraci\u00f3n con inspiraci\u00f3n artesanal.\",\"potentialAction\":[{\"@type\":\"SearchAction\",\"target\":{\"@type\":\"EntryPoint\",\"urlTemplate\":\"https:\/\/teterete.com\/mx\/?s={search_term_string}\"},\"query-input\":{\"@type\":\"PropertyValueSpecification\",\"valueRequired\":true,\"valueName\":\"search_term_string\"}}],\"inLanguage\":\"es\"}]}<\/script>\n<!-- \/ Yoast SEO plugin. -->","yoast_head_json":{"title":"Tapete para Ba\u00f1o Otilia -","description":"Tapete para ba\u00f1o decorativo tejido en telar de cintura por el grupo \u201cColor de Rosa\u201d en la localidad de Belisario Dominguez del municipio de Chenalh\u00f3,","robots":{"index":"index","follow":"follow","max-snippet":"max-snippet:-1","max-image-preview":"max-image-preview:large","max-video-preview":"max-video-preview:-1"},"canonical":"https:\/\/teterete.com\/mx\/producto\/tapete-entrada\/","og_locale":"es_ES","og_type":"article","og_title":"Tapete para Ba\u00f1o Otilia -","og_description":"Tapete para ba\u00f1o decorativo tejido en telar de cintura por el grupo \u201cColor de Rosa\u201d en la localidad de Belisario Dominguez del municipio de Chenalh\u00f3,","og_url":"https:\/\/teterete.com\/mx\/producto\/tapete-entrada\/","article_publisher":"https:\/\/www.facebook.com\/TetereteHome\/","article_modified_time":"2024-09-24T17:45:08+00:00","og_image":[{"width":1192,"height":792,"url":"https:\/\/teterete.com\/mx\/wp-content\/uploads\/2023\/03\/tapetes-corredor.jpg","type":"image\/jpeg"}],"twitter_card":"summary_large_image","twitter_site":"@Teterete_Home","twitter_misc":{"Tiempo de lectura":"1 minuto"},"schema":{"@context":"https:\/\/schema.org","@graph":[{"@type":"WebPage","@id":"https:\/\/teterete.com\/mx\/producto\/tapete-entrada\/","url":"https:\/\/teterete.com\/mx\/producto\/tapete-entrada\/","name":"Tapete para Ba\u00f1o Otilia -","isPartOf":{"@id":"https:\/\/teterete.com\/mx\/#website"},"primaryImageOfPage":{"@id":"https:\/\/teterete.com\/mx\/producto\/tapete-entrada\/#primaryimage"},"image":{"@id":"https:\/\/teterete.com\/mx\/producto\/tapete-entrada\/#primaryimage"},"thumbnailUrl":"https:\/\/teterete.com\/mx\/wp-content\/uploads\/2023\/03\/tapetes-corredor.jpg","datePublished":"2023-03-11T18:56:11+00:00","dateModified":"2024-09-24T17:45:08+00:00","description":"Tapete para ba\u00f1o decorativo tejido en telar de cintura por el grupo \u201cColor de Rosa\u201d en la localidad de Belisario Dominguez del municipio de Chenalh\u00f3,","breadcrumb":{"@id":"https:\/\/teterete.com\/mx\/producto\/tapete-entrada\/#breadcrumb"},"inLanguage":"es","potentialAction":[{"@type":"ReadAction","target":["https:\/\/teterete.com\/mx\/producto\/tapete-entrada\/"]}]},{"@type":"ImageObject","inLanguage":"es","@id":"https:\/\/teterete.com\/mx\/producto\/tapete-entrada\/#primaryimage","url":"https:\/\/teterete.com\/mx\/wp-content\/uploads\/2023\/03\/tapetes-corredor.jpg","contentUrl":"https:\/\/teterete.com\/mx\/wp-content\/uploads\/2023\/03\/tapetes-corredor.jpg","width":"1192","height":"792","caption":"Tapetes Corredor"},{"@type":"BreadcrumbList","@id":"https:\/\/teterete.com\/mx\/producto\/tapete-entrada\/#breadcrumb","itemListElement":[{"@type":"ListItem","position":1,"name":"Home","item":"https:\/\/teterete.com\/mx\/"},{"@type":"ListItem","position":2,"name":"Productos","item":"https:\/\/teterete.com\/mx\/shop\/"},{"@type":"ListItem","position":3,"name":"Tapete para Ba\u00f1o Otilia"}]},{"@type":"WebSite","@id":"https:\/\/teterete.com\/mx\/#website","url":"https:\/\/teterete.com\/mx\/","name":"","description":"Tienda en L\u00ednea de Fina Artesanias y Dise\u00f1o Mexicano. Bellas piezas elaboradas a mano por los mejores artesanos del pa\u00eds as\u00ed como piezas de dise\u00f1o y decoraci\u00f3n con inspiraci\u00f3n artesanal.","potentialAction":[{"@type":"SearchAction","target":{"@type":"EntryPoint","urlTemplate":"https:\/\/teterete.com\/mx\/?s={search_term_string}"},"query-input":{"@type":"PropertyValueSpecification","valueRequired":true,"valueName":"search_term_string"}}],"inLanguage":"es"}]}},"_links":{"self":[{"href":"https:\/\/teterete.com\/mx\/wp-json\/wp\/v2\/product\/10979"}],"collection":[{"href":"https:\/\/teterete.com\/mx\/wp-json\/wp\/v2\/product"}],"about":[{"href":"https:\/\/teterete.com\/mx\/wp-json\/wp\/v2\/types\/product"}],"replies":[{"embeddable":true,"href":"https:\/\/teterete.com\/mx\/wp-json\/wp\/v2\/comments?post=10979"}],"wp:featuredmedia":[{"embeddable":true,"href":"https:\/\/teterete.com\/mx\/wp-json\/wp\/v2\/media\/10980"}],"wp:attachment":[{"href":"https:\/\/teterete.com\/mx\/wp-json\/wp\/v2\/media?parent=10979"}],"wp:term":[{"taxonomy":"product_cat","embeddable":true,"href":"https:\/\/teterete.com\/mx\/wp-json\/wp\/v2\/product_cat?post=10979"},{"taxonomy":"product_tag","embeddable":true,"href":"https:\/\/teterete.com\/mx\/wp-json\/wp\/v2\/product_tag?post=10979"}],"curies":[{"name":"wp","href":"https:\/\/api.w.org\/{rel}","templated":true}]}}