{"id":10984,"date":"2023-03-12T14:16:51","date_gmt":"2023-03-12T14:16:51","guid":{"rendered":"https:\/\/teterete.com\/mx\/?post_type=product&#038;p=10984"},"modified":"2024-08-28T23:51:26","modified_gmt":"2024-08-28T23:51:26","slug":"espejo-artesanal","status":"publish","type":"product","link":"https:\/\/teterete.com\/mx\/producto\/espejo-artesanal\/","title":{"rendered":"Espejo Artesanal Cascada con Chaquira"},"content":{"rendered":"\n<p>Se sugiere lavar el espejo artesanal con un pa\u00f1o h\u00famedo para su cuidado.<\/p>\n\n\n\n<p>T\u00e9cnica: Ensamblado de chaquira<br>Material: Chaquira, espejo<br>Color: Azul marino\/Palo de rosa<br>Medidas: Di\u00e1metro: 50 cm<\/p>\n","protected":false},"excerpt":{"rendered":"<p>Espejo artesanal enmarcado con hilo y chaquira, hecho por artesanas de Pahuatl\u00e1n, Puebla. El grupo Tani Matzi Houtu traslad\u00f3 sus grandes habilidades de bordado con chaquira sobre tela a una pieza que invita a la vanidad, al goce de verse en un espejo que hace referencia al roc\u00edo de la lluvia con un marco finamente ornamentado con chaquira. Estas piezas forman parte de la colecci\u00f3n \u201cFlores de d\u00eda\u201d, inspirada en la flora de la regi\u00f3n y su movimiento. Puede ir directamente sobre un muro.<\/p>\n","protected":false},"featured_media":10988,"comment_status":"open","ping_status":"closed","template":"","meta":{"_acf_changed":false,"sfsi_plus_gutenberg_text_before_share":"","sfsi_plus_gutenberg_show_text_before_share":"","sfsi_plus_gutenberg_icon_type":"","sfsi_plus_gutenberg_icon_alignemt":"","sfsi_plus_gutenburg_max_per_row":""},"product_brand":[],"product_cat":[334,341,1515,2166],"product_tag":[232,2355,2356,810],"class_list":{"0":"post-10984","1":"product","2":"type-product","3":"status-publish","4":"has-post-thumbnail","6":"product_cat-accesorios-bano","7":"product_cat-pared","8":"product_cat-decoracion-pared","9":"product_cat-ensamble-artesano","10":"product_tag-decoracion-mexicana","11":"product_tag-espejo-artesanal","12":"product_tag-espejo-con-chaquira","13":"product_tag-piezas-artesanales","14":"product_shipping_class-standard","16":"first","17":"outofstock","18":"taxable","19":"shipping-taxable","20":"purchasable","21":"product-type-simple"},"acf":[],"yoast_head":"<!-- This site is optimized with the Yoast SEO plugin v27.6 - https:\/\/yoast.com\/product\/yoast-seo-wordpress\/ -->\n<title>Espejo Artesanal Cascada con Chaquira -<\/title>\n<meta name=\"description\" content=\"Espejo artesanal enmarcado con hilo y chaquira, hecho por artesanas de Pahuatl\u00e1n, Puebla.\" \/>\n<meta name=\"robots\" content=\"index, follow, max-snippet:-1, max-image-preview:large, max-video-preview:-1\" \/>\n<link rel=\"canonical\" href=\"https:\/\/teterete.com\/mx\/producto\/espejo-artesanal\/\" \/>\n<meta property=\"og:locale\" content=\"es_ES\" \/>\n<meta property=\"og:type\" content=\"article\" \/>\n<meta property=\"og:title\" content=\"Espejo Artesanal Cascada con Chaquira -\" \/>\n<meta property=\"og:description\" content=\"Espejo artesanal enmarcado con hilo y chaquira, hecho por artesanas de Pahuatl\u00e1n, Puebla.\" \/>\n<meta property=\"og:url\" content=\"https:\/\/teterete.com\/mx\/producto\/espejo-artesanal\/\" \/>\n<meta property=\"article:publisher\" content=\"https:\/\/www.facebook.com\/TetereteHome\/\" \/>\n<meta property=\"article:modified_time\" content=\"2024-08-28T23:51:26+00:00\" \/>\n<meta property=\"og:image\" content=\"https:\/\/teterete.com\/mx\/wp-content\/uploads\/2023\/03\/espejo-con-chaquira.jpg\" \/>\n\t<meta property=\"og:image:width\" content=\"1200\" \/>\n\t<meta property=\"og:image:height\" content=\"790\" \/>\n\t<meta property=\"og:image:type\" content=\"image\/jpeg\" \/>\n<meta name=\"twitter:card\" content=\"summary_large_image\" \/>\n<meta name=\"twitter:site\" content=\"@Teterete_Home\" \/>\n<meta name=\"twitter:label1\" content=\"Tiempo de lectura\" \/>\n\t<meta name=\"twitter:data1\" content=\"1 minuto\" \/>\n<script type=\"application\/ld+json\" class=\"yoast-schema-graph\">{\"@context\":\"https:\\\/\\\/schema.org\",\"@graph\":[{\"@type\":\"WebPage\",\"@id\":\"https:\\\/\\\/teterete.com\\\/mx\\\/producto\\\/espejo-artesanal\\\/\",\"url\":\"https:\\\/\\\/teterete.com\\\/mx\\\/producto\\\/espejo-artesanal\\\/\",\"name\":\"Espejo Artesanal Cascada con Chaquira -\",\"isPartOf\":{\"@id\":\"https:\\\/\\\/teterete.com\\\/mx\\\/#website\"},\"primaryImageOfPage\":{\"@id\":\"https:\\\/\\\/teterete.com\\\/mx\\\/producto\\\/espejo-artesanal\\\/#primaryimage\"},\"image\":{\"@id\":\"https:\\\/\\\/teterete.com\\\/mx\\\/producto\\\/espejo-artesanal\\\/#primaryimage\"},\"thumbnailUrl\":\"https:\\\/\\\/teterete.com\\\/mx\\\/wp-content\\\/uploads\\\/2023\\\/03\\\/espejo-con-chaquira.jpg\",\"datePublished\":\"2023-03-12T14:16:51+00:00\",\"dateModified\":\"2024-08-28T23:51:26+00:00\",\"description\":\"Espejo artesanal enmarcado con hilo y chaquira, hecho por artesanas de Pahuatl\u00e1n, Puebla.\",\"breadcrumb\":{\"@id\":\"https:\\\/\\\/teterete.com\\\/mx\\\/producto\\\/espejo-artesanal\\\/#breadcrumb\"},\"inLanguage\":\"es\",\"potentialAction\":[{\"@type\":\"ReadAction\",\"target\":[\"https:\\\/\\\/teterete.com\\\/mx\\\/producto\\\/espejo-artesanal\\\/\"]}]},{\"@type\":\"ImageObject\",\"inLanguage\":\"es\",\"@id\":\"https:\\\/\\\/teterete.com\\\/mx\\\/producto\\\/espejo-artesanal\\\/#primaryimage\",\"url\":\"https:\\\/\\\/teterete.com\\\/mx\\\/wp-content\\\/uploads\\\/2023\\\/03\\\/espejo-con-chaquira.jpg\",\"contentUrl\":\"https:\\\/\\\/teterete.com\\\/mx\\\/wp-content\\\/uploads\\\/2023\\\/03\\\/espejo-con-chaquira.jpg\",\"width\":\"1200\",\"height\":\"790\",\"caption\":\"Espejo con Chaquira\"},{\"@type\":\"BreadcrumbList\",\"@id\":\"https:\\\/\\\/teterete.com\\\/mx\\\/producto\\\/espejo-artesanal\\\/#breadcrumb\",\"itemListElement\":[{\"@type\":\"ListItem\",\"position\":1,\"name\":\"Home\",\"item\":\"https:\\\/\\\/teterete.com\\\/mx\\\/\"},{\"@type\":\"ListItem\",\"position\":2,\"name\":\"Productos\",\"item\":\"https:\\\/\\\/teterete.com\\\/mx\\\/shop\\\/\"},{\"@type\":\"ListItem\",\"position\":3,\"name\":\"Espejo Artesanal Cascada con Chaquira\"}]},{\"@type\":\"WebSite\",\"@id\":\"https:\\\/\\\/teterete.com\\\/mx\\\/#website\",\"url\":\"https:\\\/\\\/teterete.com\\\/mx\\\/\",\"name\":\"\",\"description\":\"Tienda en L\u00ednea de Fina Artesanias y Dise\u00f1o Mexicano. Bellas piezas elaboradas a mano por los mejores artesanos del pa\u00eds as\u00ed como piezas de dise\u00f1o y decoraci\u00f3n con inspiraci\u00f3n artesanal.\",\"potentialAction\":[{\"@type\":\"SearchAction\",\"target\":{\"@type\":\"EntryPoint\",\"urlTemplate\":\"https:\\\/\\\/teterete.com\\\/mx\\\/?s={search_term_string}\"},\"query-input\":{\"@type\":\"PropertyValueSpecification\",\"valueRequired\":true,\"valueName\":\"search_term_string\"}}],\"inLanguage\":\"es\"}]}<\/script>\n<!-- \/ Yoast SEO plugin. -->","yoast_head_json":{"title":"Espejo Artesanal Cascada con Chaquira -","description":"Espejo artesanal enmarcado con hilo y chaquira, hecho por artesanas de Pahuatl\u00e1n, Puebla.","robots":{"index":"index","follow":"follow","max-snippet":"max-snippet:-1","max-image-preview":"max-image-preview:large","max-video-preview":"max-video-preview:-1"},"canonical":"https:\/\/teterete.com\/mx\/producto\/espejo-artesanal\/","og_locale":"es_ES","og_type":"article","og_title":"Espejo Artesanal Cascada con Chaquira -","og_description":"Espejo artesanal enmarcado con hilo y chaquira, hecho por artesanas de Pahuatl\u00e1n, Puebla.","og_url":"https:\/\/teterete.com\/mx\/producto\/espejo-artesanal\/","article_publisher":"https:\/\/www.facebook.com\/TetereteHome\/","article_modified_time":"2024-08-28T23:51:26+00:00","og_image":[{"width":1200,"height":790,"url":"https:\/\/teterete.com\/mx\/wp-content\/uploads\/2023\/03\/espejo-con-chaquira.jpg","type":"image\/jpeg"}],"twitter_card":"summary_large_image","twitter_site":"@Teterete_Home","twitter_misc":{"Tiempo de lectura":"1 minuto"},"schema":{"@context":"https:\/\/schema.org","@graph":[{"@type":"WebPage","@id":"https:\/\/teterete.com\/mx\/producto\/espejo-artesanal\/","url":"https:\/\/teterete.com\/mx\/producto\/espejo-artesanal\/","name":"Espejo Artesanal Cascada con Chaquira -","isPartOf":{"@id":"https:\/\/teterete.com\/mx\/#website"},"primaryImageOfPage":{"@id":"https:\/\/teterete.com\/mx\/producto\/espejo-artesanal\/#primaryimage"},"image":{"@id":"https:\/\/teterete.com\/mx\/producto\/espejo-artesanal\/#primaryimage"},"thumbnailUrl":"https:\/\/teterete.com\/mx\/wp-content\/uploads\/2023\/03\/espejo-con-chaquira.jpg","datePublished":"2023-03-12T14:16:51+00:00","dateModified":"2024-08-28T23:51:26+00:00","description":"Espejo artesanal enmarcado con hilo y chaquira, hecho por artesanas de Pahuatl\u00e1n, Puebla.","breadcrumb":{"@id":"https:\/\/teterete.com\/mx\/producto\/espejo-artesanal\/#breadcrumb"},"inLanguage":"es","potentialAction":[{"@type":"ReadAction","target":["https:\/\/teterete.com\/mx\/producto\/espejo-artesanal\/"]}]},{"@type":"ImageObject","inLanguage":"es","@id":"https:\/\/teterete.com\/mx\/producto\/espejo-artesanal\/#primaryimage","url":"https:\/\/teterete.com\/mx\/wp-content\/uploads\/2023\/03\/espejo-con-chaquira.jpg","contentUrl":"https:\/\/teterete.com\/mx\/wp-content\/uploads\/2023\/03\/espejo-con-chaquira.jpg","width":"1200","height":"790","caption":"Espejo con Chaquira"},{"@type":"BreadcrumbList","@id":"https:\/\/teterete.com\/mx\/producto\/espejo-artesanal\/#breadcrumb","itemListElement":[{"@type":"ListItem","position":1,"name":"Home","item":"https:\/\/teterete.com\/mx\/"},{"@type":"ListItem","position":2,"name":"Productos","item":"https:\/\/teterete.com\/mx\/shop\/"},{"@type":"ListItem","position":3,"name":"Espejo Artesanal Cascada con Chaquira"}]},{"@type":"WebSite","@id":"https:\/\/teterete.com\/mx\/#website","url":"https:\/\/teterete.com\/mx\/","name":"","description":"Tienda en L\u00ednea de Fina Artesanias y Dise\u00f1o Mexicano. Bellas piezas elaboradas a mano por los mejores artesanos del pa\u00eds as\u00ed como piezas de dise\u00f1o y decoraci\u00f3n con inspiraci\u00f3n artesanal.","potentialAction":[{"@type":"SearchAction","target":{"@type":"EntryPoint","urlTemplate":"https:\/\/teterete.com\/mx\/?s={search_term_string}"},"query-input":{"@type":"PropertyValueSpecification","valueRequired":true,"valueName":"search_term_string"}}],"inLanguage":"es"}]}},"_links":{"self":[{"href":"https:\/\/teterete.com\/mx\/wp-json\/wp\/v2\/product\/10984","targetHints":{"allow":["GET"]}}],"collection":[{"href":"https:\/\/teterete.com\/mx\/wp-json\/wp\/v2\/product"}],"about":[{"href":"https:\/\/teterete.com\/mx\/wp-json\/wp\/v2\/types\/product"}],"replies":[{"embeddable":true,"href":"https:\/\/teterete.com\/mx\/wp-json\/wp\/v2\/comments?post=10984"}],"wp:featuredmedia":[{"embeddable":true,"href":"https:\/\/teterete.com\/mx\/wp-json\/wp\/v2\/media\/10988"}],"wp:attachment":[{"href":"https:\/\/teterete.com\/mx\/wp-json\/wp\/v2\/media?parent=10984"}],"wp:term":[{"taxonomy":"product_brand","embeddable":true,"href":"https:\/\/teterete.com\/mx\/wp-json\/wp\/v2\/product_brand?post=10984"},{"taxonomy":"product_cat","embeddable":true,"href":"https:\/\/teterete.com\/mx\/wp-json\/wp\/v2\/product_cat?post=10984"},{"taxonomy":"product_tag","embeddable":true,"href":"https:\/\/teterete.com\/mx\/wp-json\/wp\/v2\/product_tag?post=10984"}],"curies":[{"name":"wp","href":"https:\/\/api.w.org\/{rel}","templated":true}]}}