{"id":10997,"date":"2023-03-12T14:51:04","date_gmt":"2023-03-12T14:51:04","guid":{"rendered":"https:\/\/teterete.com\/mx\/?post_type=product&#038;p=10997"},"modified":"2024-08-28T23:49:55","modified_gmt":"2024-08-28T23:49:55","slug":"fundas-artesanales","status":"publish","type":"product","link":"https:\/\/teterete.com\/mx\/producto\/fundas-artesanales\/","title":{"rendered":"Funda Artesanal Carmela"},"content":{"rendered":"\r\n<p>La Funda artesanal est\u00e1 elaborada en telar de cintura por las mujeres artesanas de Chiapas; a trav\u00e9s de una mentor\u00eda de dise\u00f1o se realiz\u00f3 una reinterpretaci\u00f3n de sus brocados tradicionales, en estos, se realza la maestr\u00eda de las artesanas al lograr una simetr\u00eda en dichos brocados.<\/p>\r\n<p>Pieza elaborada en telar de cintura<\/p>\r\n\r\n\r\n\r\n<p>Medidas 40 x 40 cms<\/p>\r\n\r\n\r\n\r\n<p>No incluye relleno<\/p>\r\n","protected":false},"excerpt":{"rendered":"<p>Fundas artesanales creadas a partir del ingenio de las artesanas tejedoras de Chiapas y mentor\u00edas de dise\u00f1o con expertos para crear nuevas propuestas en color y dise\u00f1o.<\/p>\n","protected":false},"featured_media":11482,"comment_status":"open","ping_status":"closed","template":"","meta":{"_acf_changed":false,"sfsi_plus_gutenberg_text_before_share":"","sfsi_plus_gutenberg_show_text_before_share":"","sfsi_plus_gutenberg_icon_type":"","sfsi_plus_gutenberg_icon_alignemt":"","sfsi_plus_gutenburg_max_per_row":""},"product_brand":[],"product_cat":[210,336,2166],"product_tag":[2357,1759,2358,38,223,1251],"class_list":{"0":"post-10997","1":"product","2":"type-product","3":"status-publish","4":"has-post-thumbnail","6":"product_cat-cojines","7":"product_cat-cojines-decorativos","8":"product_cat-ensamble-artesano","9":"product_tag-cojin-artesanal-mexicano","10":"product_tag-cojin-mexicano","11":"product_tag-funda-artesanal","12":"product_tag-textiles-de-chiapas","13":"product_tag-textiles-mexicanos","14":"product_tag-tienda-artesanal","15":"product_shipping_class-fast-delivery","17":"first","18":"instock","19":"taxable","20":"shipping-taxable","21":"purchasable","22":"product-type-simple"},"acf":[],"yoast_head":"<!-- This site is optimized with the Yoast SEO plugin v27.6 - https:\/\/yoast.com\/product\/yoast-seo-wordpress\/ -->\n<title>Funda Artesanal Carmela -<\/title>\n<meta name=\"description\" content=\"Fundas artesanales creadas a partir del ingenio de las artesanas tejedoras de Chiapas y mentor\u00edas de dise\u00f1o para crear nuevas propuestas en color y dise\u00f1o.\" \/>\n<meta name=\"robots\" content=\"index, follow, max-snippet:-1, max-image-preview:large, max-video-preview:-1\" \/>\n<link rel=\"canonical\" href=\"https:\/\/teterete.com\/mx\/producto\/fundas-artesanales\/\" \/>\n<meta property=\"og:locale\" content=\"es_ES\" \/>\n<meta property=\"og:type\" content=\"article\" \/>\n<meta property=\"og:title\" content=\"Funda Artesanal Carmela -\" \/>\n<meta property=\"og:description\" content=\"Fundas artesanales creadas a partir del ingenio de las artesanas tejedoras de Chiapas y mentor\u00edas de dise\u00f1o para crear nuevas propuestas en color y dise\u00f1o.\" \/>\n<meta property=\"og:url\" content=\"https:\/\/teterete.com\/mx\/producto\/fundas-artesanales\/\" \/>\n<meta property=\"article:publisher\" content=\"https:\/\/www.facebook.com\/TetereteHome\/\" \/>\n<meta property=\"article:modified_time\" content=\"2024-08-28T23:49:55+00:00\" \/>\n<meta property=\"og:image\" content=\"https:\/\/teterete.com\/mx\/wp-content\/uploads\/2023\/03\/funda-artesanal-1.jpg\" \/>\n\t<meta property=\"og:image:width\" content=\"1080\" \/>\n\t<meta property=\"og:image:height\" content=\"1080\" \/>\n\t<meta property=\"og:image:type\" content=\"image\/jpeg\" \/>\n<meta name=\"twitter:card\" content=\"summary_large_image\" \/>\n<meta name=\"twitter:site\" content=\"@Teterete_Home\" \/>\n<meta name=\"twitter:label1\" content=\"Tiempo de lectura\" \/>\n\t<meta name=\"twitter:data1\" content=\"1 minuto\" \/>\n<script type=\"application\/ld+json\" class=\"yoast-schema-graph\">{\"@context\":\"https:\\\/\\\/schema.org\",\"@graph\":[{\"@type\":\"WebPage\",\"@id\":\"https:\\\/\\\/teterete.com\\\/mx\\\/producto\\\/fundas-artesanales\\\/\",\"url\":\"https:\\\/\\\/teterete.com\\\/mx\\\/producto\\\/fundas-artesanales\\\/\",\"name\":\"Funda Artesanal Carmela -\",\"isPartOf\":{\"@id\":\"https:\\\/\\\/teterete.com\\\/mx\\\/#website\"},\"primaryImageOfPage\":{\"@id\":\"https:\\\/\\\/teterete.com\\\/mx\\\/producto\\\/fundas-artesanales\\\/#primaryimage\"},\"image\":{\"@id\":\"https:\\\/\\\/teterete.com\\\/mx\\\/producto\\\/fundas-artesanales\\\/#primaryimage\"},\"thumbnailUrl\":\"https:\\\/\\\/teterete.com\\\/mx\\\/wp-content\\\/uploads\\\/2023\\\/03\\\/funda-artesanal-1.jpg\",\"datePublished\":\"2023-03-12T14:51:04+00:00\",\"dateModified\":\"2024-08-28T23:49:55+00:00\",\"description\":\"Fundas artesanales creadas a partir del ingenio de las artesanas tejedoras de Chiapas y mentor\u00edas de dise\u00f1o para crear nuevas propuestas en color y dise\u00f1o.\",\"breadcrumb\":{\"@id\":\"https:\\\/\\\/teterete.com\\\/mx\\\/producto\\\/fundas-artesanales\\\/#breadcrumb\"},\"inLanguage\":\"es\",\"potentialAction\":[{\"@type\":\"ReadAction\",\"target\":[\"https:\\\/\\\/teterete.com\\\/mx\\\/producto\\\/fundas-artesanales\\\/\"]}]},{\"@type\":\"ImageObject\",\"inLanguage\":\"es\",\"@id\":\"https:\\\/\\\/teterete.com\\\/mx\\\/producto\\\/fundas-artesanales\\\/#primaryimage\",\"url\":\"https:\\\/\\\/teterete.com\\\/mx\\\/wp-content\\\/uploads\\\/2023\\\/03\\\/funda-artesanal-1.jpg\",\"contentUrl\":\"https:\\\/\\\/teterete.com\\\/mx\\\/wp-content\\\/uploads\\\/2023\\\/03\\\/funda-artesanal-1.jpg\",\"width\":1080,\"height\":1080,\"caption\":\"Funda Artesanal\"},{\"@type\":\"BreadcrumbList\",\"@id\":\"https:\\\/\\\/teterete.com\\\/mx\\\/producto\\\/fundas-artesanales\\\/#breadcrumb\",\"itemListElement\":[{\"@type\":\"ListItem\",\"position\":1,\"name\":\"Home\",\"item\":\"https:\\\/\\\/teterete.com\\\/mx\\\/\"},{\"@type\":\"ListItem\",\"position\":2,\"name\":\"Productos\",\"item\":\"https:\\\/\\\/teterete.com\\\/mx\\\/shop\\\/\"},{\"@type\":\"ListItem\",\"position\":3,\"name\":\"Funda Artesanal Carmela\"}]},{\"@type\":\"WebSite\",\"@id\":\"https:\\\/\\\/teterete.com\\\/mx\\\/#website\",\"url\":\"https:\\\/\\\/teterete.com\\\/mx\\\/\",\"name\":\"\",\"description\":\"Tienda en L\u00ednea de Fina Artesanias y Dise\u00f1o Mexicano. Bellas piezas elaboradas a mano por los mejores artesanos del pa\u00eds as\u00ed como piezas de dise\u00f1o y decoraci\u00f3n con inspiraci\u00f3n artesanal.\",\"potentialAction\":[{\"@type\":\"SearchAction\",\"target\":{\"@type\":\"EntryPoint\",\"urlTemplate\":\"https:\\\/\\\/teterete.com\\\/mx\\\/?s={search_term_string}\"},\"query-input\":{\"@type\":\"PropertyValueSpecification\",\"valueRequired\":true,\"valueName\":\"search_term_string\"}}],\"inLanguage\":\"es\"}]}<\/script>\n<!-- \/ Yoast SEO plugin. -->","yoast_head_json":{"title":"Funda Artesanal Carmela -","description":"Fundas artesanales creadas a partir del ingenio de las artesanas tejedoras de Chiapas y mentor\u00edas de dise\u00f1o para crear nuevas propuestas en color y dise\u00f1o.","robots":{"index":"index","follow":"follow","max-snippet":"max-snippet:-1","max-image-preview":"max-image-preview:large","max-video-preview":"max-video-preview:-1"},"canonical":"https:\/\/teterete.com\/mx\/producto\/fundas-artesanales\/","og_locale":"es_ES","og_type":"article","og_title":"Funda Artesanal Carmela -","og_description":"Fundas artesanales creadas a partir del ingenio de las artesanas tejedoras de Chiapas y mentor\u00edas de dise\u00f1o para crear nuevas propuestas en color y dise\u00f1o.","og_url":"https:\/\/teterete.com\/mx\/producto\/fundas-artesanales\/","article_publisher":"https:\/\/www.facebook.com\/TetereteHome\/","article_modified_time":"2024-08-28T23:49:55+00:00","og_image":[{"width":1080,"height":1080,"url":"https:\/\/teterete.com\/mx\/wp-content\/uploads\/2023\/03\/funda-artesanal-1.jpg","type":"image\/jpeg"}],"twitter_card":"summary_large_image","twitter_site":"@Teterete_Home","twitter_misc":{"Tiempo de lectura":"1 minuto"},"schema":{"@context":"https:\/\/schema.org","@graph":[{"@type":"WebPage","@id":"https:\/\/teterete.com\/mx\/producto\/fundas-artesanales\/","url":"https:\/\/teterete.com\/mx\/producto\/fundas-artesanales\/","name":"Funda Artesanal Carmela -","isPartOf":{"@id":"https:\/\/teterete.com\/mx\/#website"},"primaryImageOfPage":{"@id":"https:\/\/teterete.com\/mx\/producto\/fundas-artesanales\/#primaryimage"},"image":{"@id":"https:\/\/teterete.com\/mx\/producto\/fundas-artesanales\/#primaryimage"},"thumbnailUrl":"https:\/\/teterete.com\/mx\/wp-content\/uploads\/2023\/03\/funda-artesanal-1.jpg","datePublished":"2023-03-12T14:51:04+00:00","dateModified":"2024-08-28T23:49:55+00:00","description":"Fundas artesanales creadas a partir del ingenio de las artesanas tejedoras de Chiapas y mentor\u00edas de dise\u00f1o para crear nuevas propuestas en color y dise\u00f1o.","breadcrumb":{"@id":"https:\/\/teterete.com\/mx\/producto\/fundas-artesanales\/#breadcrumb"},"inLanguage":"es","potentialAction":[{"@type":"ReadAction","target":["https:\/\/teterete.com\/mx\/producto\/fundas-artesanales\/"]}]},{"@type":"ImageObject","inLanguage":"es","@id":"https:\/\/teterete.com\/mx\/producto\/fundas-artesanales\/#primaryimage","url":"https:\/\/teterete.com\/mx\/wp-content\/uploads\/2023\/03\/funda-artesanal-1.jpg","contentUrl":"https:\/\/teterete.com\/mx\/wp-content\/uploads\/2023\/03\/funda-artesanal-1.jpg","width":1080,"height":1080,"caption":"Funda Artesanal"},{"@type":"BreadcrumbList","@id":"https:\/\/teterete.com\/mx\/producto\/fundas-artesanales\/#breadcrumb","itemListElement":[{"@type":"ListItem","position":1,"name":"Home","item":"https:\/\/teterete.com\/mx\/"},{"@type":"ListItem","position":2,"name":"Productos","item":"https:\/\/teterete.com\/mx\/shop\/"},{"@type":"ListItem","position":3,"name":"Funda Artesanal Carmela"}]},{"@type":"WebSite","@id":"https:\/\/teterete.com\/mx\/#website","url":"https:\/\/teterete.com\/mx\/","name":"","description":"Tienda en L\u00ednea de Fina Artesanias y Dise\u00f1o Mexicano. Bellas piezas elaboradas a mano por los mejores artesanos del pa\u00eds as\u00ed como piezas de dise\u00f1o y decoraci\u00f3n con inspiraci\u00f3n artesanal.","potentialAction":[{"@type":"SearchAction","target":{"@type":"EntryPoint","urlTemplate":"https:\/\/teterete.com\/mx\/?s={search_term_string}"},"query-input":{"@type":"PropertyValueSpecification","valueRequired":true,"valueName":"search_term_string"}}],"inLanguage":"es"}]}},"_links":{"self":[{"href":"https:\/\/teterete.com\/mx\/wp-json\/wp\/v2\/product\/10997","targetHints":{"allow":["GET"]}}],"collection":[{"href":"https:\/\/teterete.com\/mx\/wp-json\/wp\/v2\/product"}],"about":[{"href":"https:\/\/teterete.com\/mx\/wp-json\/wp\/v2\/types\/product"}],"replies":[{"embeddable":true,"href":"https:\/\/teterete.com\/mx\/wp-json\/wp\/v2\/comments?post=10997"}],"wp:featuredmedia":[{"embeddable":true,"href":"https:\/\/teterete.com\/mx\/wp-json\/wp\/v2\/media\/11482"}],"wp:attachment":[{"href":"https:\/\/teterete.com\/mx\/wp-json\/wp\/v2\/media?parent=10997"}],"wp:term":[{"taxonomy":"product_brand","embeddable":true,"href":"https:\/\/teterete.com\/mx\/wp-json\/wp\/v2\/product_brand?post=10997"},{"taxonomy":"product_cat","embeddable":true,"href":"https:\/\/teterete.com\/mx\/wp-json\/wp\/v2\/product_cat?post=10997"},{"taxonomy":"product_tag","embeddable":true,"href":"https:\/\/teterete.com\/mx\/wp-json\/wp\/v2\/product_tag?post=10997"}],"curies":[{"name":"wp","href":"https:\/\/api.w.org\/{rel}","templated":true}]}}