{"id":11000,"date":"2023-03-12T14:57:37","date_gmt":"2023-03-12T14:57:37","guid":{"rendered":"https:\/\/teterete.com\/mx\/?post_type=product&#038;p=11000"},"modified":"2024-08-28T23:49:23","modified_gmt":"2024-08-28T23:49:23","slug":"funda-artesanal-otti","status":"publish","type":"product","link":"https:\/\/teterete.com\/mx\/producto\/funda-artesanal-otti\/","title":{"rendered":"Funda Artesanal Otti"},"content":{"rendered":"\n<p>Pieza elaborada en telar de cintura<\/p>\n\n\n\n<p>Medidas 60 x 60 cms<\/p>\n\n\n\n<p>No incluye relleno<\/p>\n","protected":false},"excerpt":{"rendered":"<p>La Funda Otti est\u00e1 elaborada en telar de cintura por las mujeres artesanas de la ESMAS Patentic en Patentic, Chiapas; a trav\u00e9s de una mentor\u00eda de dise\u00f1o se realiz\u00f3 una reinterpretaci\u00f3n de sus brocados tradicionales, en estos, se realza la maestr\u00eda de las artesanas al lograr una simetr\u00eda en dichos brocados. Esta funda tiene dos variaciones de colores, una neutra en escala de grises y otra colorida incorporado el palo de rosa, mostaza y el color petr\u00f3leo. Es una pieza realizada con hilo de algod\u00f3n<\/p>\n","protected":false},"featured_media":10998,"comment_status":"open","ping_status":"closed","template":"","meta":{"_acf_changed":false,"sfsi_plus_gutenberg_text_before_share":"","sfsi_plus_gutenberg_show_text_before_share":"","sfsi_plus_gutenberg_icon_type":"","sfsi_plus_gutenberg_icon_alignemt":"","sfsi_plus_gutenburg_max_per_row":""},"product_brand":[],"product_cat":[210,336,2166],"product_tag":[2357,1759,2358,38,223,1251],"class_list":{"0":"post-11000","1":"product","2":"type-product","3":"status-publish","4":"has-post-thumbnail","6":"product_cat-cojines","7":"product_cat-cojines-decorativos","8":"product_cat-ensamble-artesano","9":"product_tag-cojin-artesanal-mexicano","10":"product_tag-cojin-mexicano","11":"product_tag-funda-artesanal","12":"product_tag-textiles-de-chiapas","13":"product_tag-textiles-mexicanos","14":"product_tag-tienda-artesanal","15":"product_shipping_class-fast-delivery","17":"first","18":"outofstock","19":"taxable","20":"shipping-taxable","21":"purchasable","22":"product-type-simple"},"acf":[],"yoast_head":"<!-- This site is optimized with the Yoast SEO plugin v27.5 - https:\/\/yoast.com\/product\/yoast-seo-wordpress\/ -->\n<title>Funda Artesanal Otti -<\/title>\n<meta name=\"description\" content=\"La Funda Otti est\u00e1 elaborada en telar de cintura por las mujeres artesanas de la ESMAS Patentic en Patentic, Chiapas\" \/>\n<meta name=\"robots\" content=\"index, follow, max-snippet:-1, max-image-preview:large, max-video-preview:-1\" \/>\n<link rel=\"canonical\" href=\"https:\/\/teterete.com\/mx\/producto\/funda-artesanal-otti\/\" \/>\n<meta property=\"og:locale\" content=\"es_ES\" \/>\n<meta property=\"og:type\" content=\"article\" \/>\n<meta property=\"og:title\" content=\"Funda Artesanal Otti -\" \/>\n<meta property=\"og:description\" content=\"La Funda Otti est\u00e1 elaborada en telar de cintura por las mujeres artesanas de la ESMAS Patentic en Patentic, Chiapas\" \/>\n<meta property=\"og:url\" content=\"https:\/\/teterete.com\/mx\/producto\/funda-artesanal-otti\/\" \/>\n<meta property=\"article:publisher\" content=\"https:\/\/www.facebook.com\/TetereteHome\/\" \/>\n<meta property=\"article:modified_time\" content=\"2024-08-28T23:49:23+00:00\" \/>\n<meta property=\"og:image\" content=\"https:\/\/teterete.com\/mx\/wp-content\/uploads\/2023\/03\/cojin-tejido-a-mano.jpg\" \/>\n\t<meta property=\"og:image:width\" content=\"968\" \/>\n\t<meta property=\"og:image:height\" content=\"968\" \/>\n\t<meta property=\"og:image:type\" content=\"image\/jpeg\" \/>\n<meta name=\"twitter:card\" content=\"summary_large_image\" \/>\n<meta name=\"twitter:site\" content=\"@Teterete_Home\" \/>\n<meta name=\"twitter:label1\" content=\"Tiempo de lectura\" \/>\n\t<meta name=\"twitter:data1\" content=\"1 minuto\" \/>\n<script type=\"application\/ld+json\" class=\"yoast-schema-graph\">{\"@context\":\"https:\\\/\\\/schema.org\",\"@graph\":[{\"@type\":\"WebPage\",\"@id\":\"https:\\\/\\\/teterete.com\\\/mx\\\/producto\\\/funda-artesanal-otti\\\/\",\"url\":\"https:\\\/\\\/teterete.com\\\/mx\\\/producto\\\/funda-artesanal-otti\\\/\",\"name\":\"Funda Artesanal Otti -\",\"isPartOf\":{\"@id\":\"https:\\\/\\\/teterete.com\\\/mx\\\/#website\"},\"primaryImageOfPage\":{\"@id\":\"https:\\\/\\\/teterete.com\\\/mx\\\/producto\\\/funda-artesanal-otti\\\/#primaryimage\"},\"image\":{\"@id\":\"https:\\\/\\\/teterete.com\\\/mx\\\/producto\\\/funda-artesanal-otti\\\/#primaryimage\"},\"thumbnailUrl\":\"https:\\\/\\\/teterete.com\\\/mx\\\/wp-content\\\/uploads\\\/2023\\\/03\\\/cojin-tejido-a-mano.jpg\",\"datePublished\":\"2023-03-12T14:57:37+00:00\",\"dateModified\":\"2024-08-28T23:49:23+00:00\",\"description\":\"La Funda Otti est\u00e1 elaborada en telar de cintura por las mujeres artesanas de la ESMAS Patentic en Patentic, Chiapas\",\"breadcrumb\":{\"@id\":\"https:\\\/\\\/teterete.com\\\/mx\\\/producto\\\/funda-artesanal-otti\\\/#breadcrumb\"},\"inLanguage\":\"es\",\"potentialAction\":[{\"@type\":\"ReadAction\",\"target\":[\"https:\\\/\\\/teterete.com\\\/mx\\\/producto\\\/funda-artesanal-otti\\\/\"]}]},{\"@type\":\"ImageObject\",\"inLanguage\":\"es\",\"@id\":\"https:\\\/\\\/teterete.com\\\/mx\\\/producto\\\/funda-artesanal-otti\\\/#primaryimage\",\"url\":\"https:\\\/\\\/teterete.com\\\/mx\\\/wp-content\\\/uploads\\\/2023\\\/03\\\/cojin-tejido-a-mano.jpg\",\"contentUrl\":\"https:\\\/\\\/teterete.com\\\/mx\\\/wp-content\\\/uploads\\\/2023\\\/03\\\/cojin-tejido-a-mano.jpg\",\"width\":\"968\",\"height\":\"968\",\"caption\":\"Cojin Tejido a mano\"},{\"@type\":\"BreadcrumbList\",\"@id\":\"https:\\\/\\\/teterete.com\\\/mx\\\/producto\\\/funda-artesanal-otti\\\/#breadcrumb\",\"itemListElement\":[{\"@type\":\"ListItem\",\"position\":1,\"name\":\"Home\",\"item\":\"https:\\\/\\\/teterete.com\\\/mx\\\/\"},{\"@type\":\"ListItem\",\"position\":2,\"name\":\"Productos\",\"item\":\"https:\\\/\\\/teterete.com\\\/mx\\\/shop\\\/\"},{\"@type\":\"ListItem\",\"position\":3,\"name\":\"Funda Artesanal Otti\"}]},{\"@type\":\"WebSite\",\"@id\":\"https:\\\/\\\/teterete.com\\\/mx\\\/#website\",\"url\":\"https:\\\/\\\/teterete.com\\\/mx\\\/\",\"name\":\"\",\"description\":\"Tienda en L\u00ednea de Fina Artesanias y Dise\u00f1o Mexicano. Bellas piezas elaboradas a mano por los mejores artesanos del pa\u00eds as\u00ed como piezas de dise\u00f1o y decoraci\u00f3n con inspiraci\u00f3n artesanal.\",\"potentialAction\":[{\"@type\":\"SearchAction\",\"target\":{\"@type\":\"EntryPoint\",\"urlTemplate\":\"https:\\\/\\\/teterete.com\\\/mx\\\/?s={search_term_string}\"},\"query-input\":{\"@type\":\"PropertyValueSpecification\",\"valueRequired\":true,\"valueName\":\"search_term_string\"}}],\"inLanguage\":\"es\"}]}<\/script>\n<!-- \/ Yoast SEO plugin. -->","yoast_head_json":{"title":"Funda Artesanal Otti -","description":"La Funda Otti est\u00e1 elaborada en telar de cintura por las mujeres artesanas de la ESMAS Patentic en Patentic, Chiapas","robots":{"index":"index","follow":"follow","max-snippet":"max-snippet:-1","max-image-preview":"max-image-preview:large","max-video-preview":"max-video-preview:-1"},"canonical":"https:\/\/teterete.com\/mx\/producto\/funda-artesanal-otti\/","og_locale":"es_ES","og_type":"article","og_title":"Funda Artesanal Otti -","og_description":"La Funda Otti est\u00e1 elaborada en telar de cintura por las mujeres artesanas de la ESMAS Patentic en Patentic, Chiapas","og_url":"https:\/\/teterete.com\/mx\/producto\/funda-artesanal-otti\/","article_publisher":"https:\/\/www.facebook.com\/TetereteHome\/","article_modified_time":"2024-08-28T23:49:23+00:00","og_image":[{"width":968,"height":968,"url":"https:\/\/teterete.com\/mx\/wp-content\/uploads\/2023\/03\/cojin-tejido-a-mano.jpg","type":"image\/jpeg"}],"twitter_card":"summary_large_image","twitter_site":"@Teterete_Home","twitter_misc":{"Tiempo de lectura":"1 minuto"},"schema":{"@context":"https:\/\/schema.org","@graph":[{"@type":"WebPage","@id":"https:\/\/teterete.com\/mx\/producto\/funda-artesanal-otti\/","url":"https:\/\/teterete.com\/mx\/producto\/funda-artesanal-otti\/","name":"Funda Artesanal Otti -","isPartOf":{"@id":"https:\/\/teterete.com\/mx\/#website"},"primaryImageOfPage":{"@id":"https:\/\/teterete.com\/mx\/producto\/funda-artesanal-otti\/#primaryimage"},"image":{"@id":"https:\/\/teterete.com\/mx\/producto\/funda-artesanal-otti\/#primaryimage"},"thumbnailUrl":"https:\/\/teterete.com\/mx\/wp-content\/uploads\/2023\/03\/cojin-tejido-a-mano.jpg","datePublished":"2023-03-12T14:57:37+00:00","dateModified":"2024-08-28T23:49:23+00:00","description":"La Funda Otti est\u00e1 elaborada en telar de cintura por las mujeres artesanas de la ESMAS Patentic en Patentic, Chiapas","breadcrumb":{"@id":"https:\/\/teterete.com\/mx\/producto\/funda-artesanal-otti\/#breadcrumb"},"inLanguage":"es","potentialAction":[{"@type":"ReadAction","target":["https:\/\/teterete.com\/mx\/producto\/funda-artesanal-otti\/"]}]},{"@type":"ImageObject","inLanguage":"es","@id":"https:\/\/teterete.com\/mx\/producto\/funda-artesanal-otti\/#primaryimage","url":"https:\/\/teterete.com\/mx\/wp-content\/uploads\/2023\/03\/cojin-tejido-a-mano.jpg","contentUrl":"https:\/\/teterete.com\/mx\/wp-content\/uploads\/2023\/03\/cojin-tejido-a-mano.jpg","width":"968","height":"968","caption":"Cojin Tejido a mano"},{"@type":"BreadcrumbList","@id":"https:\/\/teterete.com\/mx\/producto\/funda-artesanal-otti\/#breadcrumb","itemListElement":[{"@type":"ListItem","position":1,"name":"Home","item":"https:\/\/teterete.com\/mx\/"},{"@type":"ListItem","position":2,"name":"Productos","item":"https:\/\/teterete.com\/mx\/shop\/"},{"@type":"ListItem","position":3,"name":"Funda Artesanal Otti"}]},{"@type":"WebSite","@id":"https:\/\/teterete.com\/mx\/#website","url":"https:\/\/teterete.com\/mx\/","name":"","description":"Tienda en L\u00ednea de Fina Artesanias y Dise\u00f1o Mexicano. Bellas piezas elaboradas a mano por los mejores artesanos del pa\u00eds as\u00ed como piezas de dise\u00f1o y decoraci\u00f3n con inspiraci\u00f3n artesanal.","potentialAction":[{"@type":"SearchAction","target":{"@type":"EntryPoint","urlTemplate":"https:\/\/teterete.com\/mx\/?s={search_term_string}"},"query-input":{"@type":"PropertyValueSpecification","valueRequired":true,"valueName":"search_term_string"}}],"inLanguage":"es"}]}},"_links":{"self":[{"href":"https:\/\/teterete.com\/mx\/wp-json\/wp\/v2\/product\/11000","targetHints":{"allow":["GET"]}}],"collection":[{"href":"https:\/\/teterete.com\/mx\/wp-json\/wp\/v2\/product"}],"about":[{"href":"https:\/\/teterete.com\/mx\/wp-json\/wp\/v2\/types\/product"}],"replies":[{"embeddable":true,"href":"https:\/\/teterete.com\/mx\/wp-json\/wp\/v2\/comments?post=11000"}],"wp:featuredmedia":[{"embeddable":true,"href":"https:\/\/teterete.com\/mx\/wp-json\/wp\/v2\/media\/10998"}],"wp:attachment":[{"href":"https:\/\/teterete.com\/mx\/wp-json\/wp\/v2\/media?parent=11000"}],"wp:term":[{"taxonomy":"product_brand","embeddable":true,"href":"https:\/\/teterete.com\/mx\/wp-json\/wp\/v2\/product_brand?post=11000"},{"taxonomy":"product_cat","embeddable":true,"href":"https:\/\/teterete.com\/mx\/wp-json\/wp\/v2\/product_cat?post=11000"},{"taxonomy":"product_tag","embeddable":true,"href":"https:\/\/teterete.com\/mx\/wp-json\/wp\/v2\/product_tag?post=11000"}],"curies":[{"name":"wp","href":"https:\/\/api.w.org\/{rel}","templated":true}]}}