{"id":11010,"date":"2023-04-13T18:42:22","date_gmt":"2023-04-13T18:42:22","guid":{"rendered":"https:\/\/teterete.com\/mx\/?post_type=product&#038;p=11010"},"modified":"2026-04-14T20:25:01","modified_gmt":"2026-04-14T20:25:01","slug":"vajilla-atzompa-para-4","status":"publish","type":"product","link":"https:\/\/teterete.com\/mx\/producto\/vajilla-atzompa-para-4\/","title":{"rendered":"Vajilla Humo Atzompa (Set para 4)"},"content":{"rendered":"<p>Hecho a mano<\/p>\n<p>Material: Barro Ahumado<\/p>\n<p>Incluye:<\/p>\n<p>4 Bowls 13 cms<\/p>\n<p>4 Plato de 20 cms<\/p>\n<p>4 Platos de 26 cms<\/p>\n<p>4 Platos de 28 cms<\/p>\n<p>4 servilletas artesanales elaboradas en telar de pedal<\/p>\n","protected":false},"excerpt":{"rendered":"<p>Hermosa vajilla artesanal de barro negro bru\u00f1ido, 100% artesanal elaborada por artesanos de Santa Mar\u00eda Atzompa, Oaxaca.<\/p>\n","protected":false},"featured_media":11014,"comment_status":"open","ping_status":"closed","template":"","meta":{"sfsi_plus_gutenberg_text_before_share":"","sfsi_plus_gutenberg_show_text_before_share":"","sfsi_plus_gutenberg_icon_type":"","sfsi_plus_gutenberg_icon_alignemt":"","sfsi_plus_gutenburg_max_per_row":""},"product_cat":[1584,1842,2606,60],"product_tag":[2179,232,1581,2183,1840,1841,1672],"acf":[],"yoast_head":"<!-- This site is optimized with the Yoast SEO plugin v23.5 - https:\/\/yoast.com\/wordpress\/plugins\/seo\/ -->\n<title>Vajilla Humo Atzompa (Set para 4) -<\/title>\n<meta name=\"description\" content=\"Vajilla artesanal mexicana elaborada en talleres de Atzompa en Oaxaca. Bellas piezas de barro ahumado a mano en la tierra con aserr\u00edn.\" \/>\n<meta name=\"robots\" content=\"index, follow, max-snippet:-1, max-image-preview:large, max-video-preview:-1\" \/>\n<link rel=\"canonical\" href=\"https:\/\/teterete.com\/mx\/producto\/vajilla-atzompa-para-4\/\" \/>\n<meta property=\"og:locale\" content=\"es_ES\" \/>\n<meta property=\"og:type\" content=\"article\" \/>\n<meta property=\"og:title\" content=\"Vajilla Humo Atzompa (Set para 4) -\" \/>\n<meta property=\"og:description\" content=\"Vajilla artesanal mexicana elaborada en talleres de Atzompa en Oaxaca. Bellas piezas de barro ahumado a mano en la tierra con aserr\u00edn.\" \/>\n<meta property=\"og:url\" content=\"https:\/\/teterete.com\/mx\/producto\/vajilla-atzompa-para-4\/\" \/>\n<meta property=\"article:publisher\" content=\"https:\/\/www.facebook.com\/TetereteHome\/\" \/>\n<meta property=\"article:modified_time\" content=\"2026-04-14T20:25:01+00:00\" \/>\n<meta property=\"og:image\" content=\"https:\/\/teterete.com\/mx\/wp-content\/uploads\/2023\/04\/vajilla-humo-atzomps.jpg\" \/>\n\t<meta property=\"og:image:width\" content=\"800\" \/>\n\t<meta property=\"og:image:height\" content=\"800\" \/>\n\t<meta property=\"og:image:type\" content=\"image\/jpeg\" \/>\n<meta name=\"twitter:card\" content=\"summary_large_image\" \/>\n<meta name=\"twitter:site\" content=\"@Teterete_Home\" \/>\n<meta name=\"twitter:label1\" content=\"Tiempo de lectura\" \/>\n\t<meta name=\"twitter:data1\" content=\"1 minuto\" \/>\n<script type=\"application\/ld+json\" class=\"yoast-schema-graph\">{\"@context\":\"https:\/\/schema.org\",\"@graph\":[{\"@type\":\"WebPage\",\"@id\":\"https:\/\/teterete.com\/mx\/producto\/vajilla-atzompa-para-4\/\",\"url\":\"https:\/\/teterete.com\/mx\/producto\/vajilla-atzompa-para-4\/\",\"name\":\"Vajilla Humo Atzompa (Set para 4) -\",\"isPartOf\":{\"@id\":\"https:\/\/teterete.com\/mx\/#website\"},\"primaryImageOfPage\":{\"@id\":\"https:\/\/teterete.com\/mx\/producto\/vajilla-atzompa-para-4\/#primaryimage\"},\"image\":{\"@id\":\"https:\/\/teterete.com\/mx\/producto\/vajilla-atzompa-para-4\/#primaryimage\"},\"thumbnailUrl\":\"https:\/\/teterete.com\/mx\/wp-content\/uploads\/2023\/04\/vajilla-humo-atzomps.jpg\",\"datePublished\":\"2023-04-13T18:42:22+00:00\",\"dateModified\":\"2026-04-14T20:25:01+00:00\",\"description\":\"Vajilla artesanal mexicana elaborada en talleres de Atzompa en Oaxaca. Bellas piezas de barro ahumado a mano en la tierra con aserr\u00edn.\",\"breadcrumb\":{\"@id\":\"https:\/\/teterete.com\/mx\/producto\/vajilla-atzompa-para-4\/#breadcrumb\"},\"inLanguage\":\"es\",\"potentialAction\":[{\"@type\":\"ReadAction\",\"target\":[\"https:\/\/teterete.com\/mx\/producto\/vajilla-atzompa-para-4\/\"]}]},{\"@type\":\"ImageObject\",\"inLanguage\":\"es\",\"@id\":\"https:\/\/teterete.com\/mx\/producto\/vajilla-atzompa-para-4\/#primaryimage\",\"url\":\"https:\/\/teterete.com\/mx\/wp-content\/uploads\/2023\/04\/vajilla-humo-atzomps.jpg\",\"contentUrl\":\"https:\/\/teterete.com\/mx\/wp-content\/uploads\/2023\/04\/vajilla-humo-atzomps.jpg\",\"width\":\"800\",\"height\":\"800\",\"caption\":\"Vajilla Humo Atzompa\"},{\"@type\":\"BreadcrumbList\",\"@id\":\"https:\/\/teterete.com\/mx\/producto\/vajilla-atzompa-para-4\/#breadcrumb\",\"itemListElement\":[{\"@type\":\"ListItem\",\"position\":1,\"name\":\"Home\",\"item\":\"https:\/\/teterete.com\/mx\/\"},{\"@type\":\"ListItem\",\"position\":2,\"name\":\"Productos\",\"item\":\"https:\/\/teterete.com\/mx\/shop\/\"},{\"@type\":\"ListItem\",\"position\":3,\"name\":\"Vajilla Humo Atzompa (Set para 4)\"}]},{\"@type\":\"WebSite\",\"@id\":\"https:\/\/teterete.com\/mx\/#website\",\"url\":\"https:\/\/teterete.com\/mx\/\",\"name\":\"\",\"description\":\"Tienda en L\u00ednea de Fina Artesanias y Dise\u00f1o Mexicano. Bellas piezas elaboradas a mano por los mejores artesanos del pa\u00eds as\u00ed como piezas de dise\u00f1o y decoraci\u00f3n con inspiraci\u00f3n artesanal.\",\"potentialAction\":[{\"@type\":\"SearchAction\",\"target\":{\"@type\":\"EntryPoint\",\"urlTemplate\":\"https:\/\/teterete.com\/mx\/?s={search_term_string}\"},\"query-input\":{\"@type\":\"PropertyValueSpecification\",\"valueRequired\":true,\"valueName\":\"search_term_string\"}}],\"inLanguage\":\"es\"}]}<\/script>\n<!-- \/ Yoast SEO plugin. -->","yoast_head_json":{"title":"Vajilla Humo Atzompa (Set para 4) -","description":"Vajilla artesanal mexicana elaborada en talleres de Atzompa en Oaxaca. Bellas piezas de barro ahumado a mano en la tierra con aserr\u00edn.","robots":{"index":"index","follow":"follow","max-snippet":"max-snippet:-1","max-image-preview":"max-image-preview:large","max-video-preview":"max-video-preview:-1"},"canonical":"https:\/\/teterete.com\/mx\/producto\/vajilla-atzompa-para-4\/","og_locale":"es_ES","og_type":"article","og_title":"Vajilla Humo Atzompa (Set para 4) -","og_description":"Vajilla artesanal mexicana elaborada en talleres de Atzompa en Oaxaca. Bellas piezas de barro ahumado a mano en la tierra con aserr\u00edn.","og_url":"https:\/\/teterete.com\/mx\/producto\/vajilla-atzompa-para-4\/","article_publisher":"https:\/\/www.facebook.com\/TetereteHome\/","article_modified_time":"2026-04-14T20:25:01+00:00","og_image":[{"width":800,"height":800,"url":"https:\/\/teterete.com\/mx\/wp-content\/uploads\/2023\/04\/vajilla-humo-atzomps.jpg","type":"image\/jpeg"}],"twitter_card":"summary_large_image","twitter_site":"@Teterete_Home","twitter_misc":{"Tiempo de lectura":"1 minuto"},"schema":{"@context":"https:\/\/schema.org","@graph":[{"@type":"WebPage","@id":"https:\/\/teterete.com\/mx\/producto\/vajilla-atzompa-para-4\/","url":"https:\/\/teterete.com\/mx\/producto\/vajilla-atzompa-para-4\/","name":"Vajilla Humo Atzompa (Set para 4) -","isPartOf":{"@id":"https:\/\/teterete.com\/mx\/#website"},"primaryImageOfPage":{"@id":"https:\/\/teterete.com\/mx\/producto\/vajilla-atzompa-para-4\/#primaryimage"},"image":{"@id":"https:\/\/teterete.com\/mx\/producto\/vajilla-atzompa-para-4\/#primaryimage"},"thumbnailUrl":"https:\/\/teterete.com\/mx\/wp-content\/uploads\/2023\/04\/vajilla-humo-atzomps.jpg","datePublished":"2023-04-13T18:42:22+00:00","dateModified":"2026-04-14T20:25:01+00:00","description":"Vajilla artesanal mexicana elaborada en talleres de Atzompa en Oaxaca. Bellas piezas de barro ahumado a mano en la tierra con aserr\u00edn.","breadcrumb":{"@id":"https:\/\/teterete.com\/mx\/producto\/vajilla-atzompa-para-4\/#breadcrumb"},"inLanguage":"es","potentialAction":[{"@type":"ReadAction","target":["https:\/\/teterete.com\/mx\/producto\/vajilla-atzompa-para-4\/"]}]},{"@type":"ImageObject","inLanguage":"es","@id":"https:\/\/teterete.com\/mx\/producto\/vajilla-atzompa-para-4\/#primaryimage","url":"https:\/\/teterete.com\/mx\/wp-content\/uploads\/2023\/04\/vajilla-humo-atzomps.jpg","contentUrl":"https:\/\/teterete.com\/mx\/wp-content\/uploads\/2023\/04\/vajilla-humo-atzomps.jpg","width":"800","height":"800","caption":"Vajilla Humo Atzompa"},{"@type":"BreadcrumbList","@id":"https:\/\/teterete.com\/mx\/producto\/vajilla-atzompa-para-4\/#breadcrumb","itemListElement":[{"@type":"ListItem","position":1,"name":"Home","item":"https:\/\/teterete.com\/mx\/"},{"@type":"ListItem","position":2,"name":"Productos","item":"https:\/\/teterete.com\/mx\/shop\/"},{"@type":"ListItem","position":3,"name":"Vajilla Humo Atzompa (Set para 4)"}]},{"@type":"WebSite","@id":"https:\/\/teterete.com\/mx\/#website","url":"https:\/\/teterete.com\/mx\/","name":"","description":"Tienda en L\u00ednea de Fina Artesanias y Dise\u00f1o Mexicano. Bellas piezas elaboradas a mano por los mejores artesanos del pa\u00eds as\u00ed como piezas de dise\u00f1o y decoraci\u00f3n con inspiraci\u00f3n artesanal.","potentialAction":[{"@type":"SearchAction","target":{"@type":"EntryPoint","urlTemplate":"https:\/\/teterete.com\/mx\/?s={search_term_string}"},"query-input":{"@type":"PropertyValueSpecification","valueRequired":true,"valueName":"search_term_string"}}],"inLanguage":"es"}]}},"_links":{"self":[{"href":"https:\/\/teterete.com\/mx\/wp-json\/wp\/v2\/product\/11010"}],"collection":[{"href":"https:\/\/teterete.com\/mx\/wp-json\/wp\/v2\/product"}],"about":[{"href":"https:\/\/teterete.com\/mx\/wp-json\/wp\/v2\/types\/product"}],"replies":[{"embeddable":true,"href":"https:\/\/teterete.com\/mx\/wp-json\/wp\/v2\/comments?post=11010"}],"wp:featuredmedia":[{"embeddable":true,"href":"https:\/\/teterete.com\/mx\/wp-json\/wp\/v2\/media\/11014"}],"wp:attachment":[{"href":"https:\/\/teterete.com\/mx\/wp-json\/wp\/v2\/media?parent=11010"}],"wp:term":[{"taxonomy":"product_cat","embeddable":true,"href":"https:\/\/teterete.com\/mx\/wp-json\/wp\/v2\/product_cat?post=11010"},{"taxonomy":"product_tag","embeddable":true,"href":"https:\/\/teterete.com\/mx\/wp-json\/wp\/v2\/product_tag?post=11010"}],"curies":[{"name":"wp","href":"https:\/\/api.w.org\/{rel}","templated":true}]}}