{"id":11020,"date":"2023-05-26T19:24:43","date_gmt":"2023-05-26T19:24:43","guid":{"rendered":"https:\/\/teterete.com\/mx\/?post_type=product&#038;p=11020"},"modified":"2026-03-24T22:17:21","modified_gmt":"2026-03-24T22:17:21","slug":"maceta-oaxaca","status":"publish","type":"product","link":"https:\/\/teterete.com\/mx\/producto\/maceta-oaxaca\/","title":{"rendered":"Maceta Atzompa Espinas"},"content":{"rendered":"\r\n<p>Material: Barro<\/p>\r\n\r\n\r\n\r\n<p>Medidas: 40 cms de alto por 40 cms de ancho<\/p>\r\n\r\n\r\n\r\n<p>Color: Negro<\/p>\r\n","protected":false},"excerpt":{"rendered":"<p>Maceta con dise\u00f1o de espinas elaborada por artesanos de Santa Maria Aztompa en Oaxaca, bella pieza utilitaria y decorativa.<\/p>\n","protected":false},"featured_media":11630,"comment_status":"open","ping_status":"closed","template":"","meta":{"_acf_changed":false,"sfsi_plus_gutenberg_text_before_share":"","sfsi_plus_gutenberg_show_text_before_share":"","sfsi_plus_gutenberg_icon_type":"","sfsi_plus_gutenberg_icon_alignemt":"","sfsi_plus_gutenburg_max_per_row":""},"product_brand":[],"product_cat":[354,2646,1842,658,682,2606],"product_tag":[2362,1493,1070,2361],"class_list":{"0":"post-11020","1":"product","2":"type-product","3":"status-publish","4":"has-post-thumbnail","6":"product_cat-barro-decorativo","7":"product_cat-ciber-monday","8":"product_cat-oaxaca","9":"product_cat-rebajas","10":"product_cat-terraza","11":"product_cat-venta-de-verano","12":"product_tag-maceta-atzompa","13":"product_tag-maceta-mexicana","14":"product_tag-macetas-artesanales","15":"product_tag-macetas-de-oaxaca","16":"product_shipping_class-standard","18":"first","19":"instock","20":"sale","21":"taxable","22":"shipping-taxable","23":"product-type-simple"},"acf":[],"yoast_head":"<!-- This site is optimized with the Yoast SEO plugin v27.5 - https:\/\/yoast.com\/product\/yoast-seo-wordpress\/ -->\n<title>Maceta Atzompa Espinas -<\/title>\n<meta name=\"description\" content=\"Maceta con dise\u00f1o de espinas elaborada por artesanos de Santa Maria Aztompa en Oaxaca, bella pieza utilitaria y decorativa.\u00a0\" \/>\n<meta name=\"robots\" content=\"index, follow, max-snippet:-1, max-image-preview:large, max-video-preview:-1\" \/>\n<link rel=\"canonical\" href=\"https:\/\/teterete.com\/mx\/producto\/maceta-oaxaca\/\" \/>\n<meta property=\"og:locale\" content=\"es_ES\" \/>\n<meta property=\"og:type\" content=\"article\" \/>\n<meta property=\"og:title\" content=\"Maceta Atzompa Espinas -\" \/>\n<meta property=\"og:description\" content=\"Maceta con dise\u00f1o de espinas elaborada por artesanos de Santa Maria Aztompa en Oaxaca, bella pieza utilitaria y decorativa.\u00a0\" \/>\n<meta property=\"og:url\" content=\"https:\/\/teterete.com\/mx\/producto\/maceta-oaxaca\/\" \/>\n<meta property=\"article:publisher\" content=\"https:\/\/www.facebook.com\/TetereteHome\/\" \/>\n<meta property=\"article:modified_time\" content=\"2026-03-24T22:17:21+00:00\" \/>\n<meta property=\"og:image\" content=\"https:\/\/teterete.com\/mx\/wp-content\/uploads\/2023\/05\/maceta-espinas-oaxaca.jpeg\" \/>\n\t<meta property=\"og:image:width\" content=\"800\" \/>\n\t<meta property=\"og:image:height\" content=\"800\" \/>\n\t<meta property=\"og:image:type\" content=\"image\/jpeg\" \/>\n<meta name=\"twitter:card\" content=\"summary_large_image\" \/>\n<meta name=\"twitter:site\" content=\"@Teterete_Home\" \/>\n<meta name=\"twitter:label1\" content=\"Tiempo de lectura\" \/>\n\t<meta name=\"twitter:data1\" content=\"1 minuto\" \/>\n<script type=\"application\/ld+json\" class=\"yoast-schema-graph\">{\"@context\":\"https:\\\/\\\/schema.org\",\"@graph\":[{\"@type\":\"WebPage\",\"@id\":\"https:\\\/\\\/teterete.com\\\/mx\\\/producto\\\/maceta-oaxaca\\\/\",\"url\":\"https:\\\/\\\/teterete.com\\\/mx\\\/producto\\\/maceta-oaxaca\\\/\",\"name\":\"Maceta Atzompa Espinas -\",\"isPartOf\":{\"@id\":\"https:\\\/\\\/teterete.com\\\/mx\\\/#website\"},\"primaryImageOfPage\":{\"@id\":\"https:\\\/\\\/teterete.com\\\/mx\\\/producto\\\/maceta-oaxaca\\\/#primaryimage\"},\"image\":{\"@id\":\"https:\\\/\\\/teterete.com\\\/mx\\\/producto\\\/maceta-oaxaca\\\/#primaryimage\"},\"thumbnailUrl\":\"https:\\\/\\\/teterete.com\\\/mx\\\/wp-content\\\/uploads\\\/2023\\\/05\\\/maceta-espinas-oaxaca.jpeg\",\"datePublished\":\"2023-05-26T19:24:43+00:00\",\"dateModified\":\"2026-03-24T22:17:21+00:00\",\"description\":\"Maceta con dise\u00f1o de espinas elaborada por artesanos de Santa Maria Aztompa en Oaxaca, bella pieza utilitaria y decorativa.\u00a0\",\"breadcrumb\":{\"@id\":\"https:\\\/\\\/teterete.com\\\/mx\\\/producto\\\/maceta-oaxaca\\\/#breadcrumb\"},\"inLanguage\":\"es\",\"potentialAction\":[{\"@type\":\"ReadAction\",\"target\":[\"https:\\\/\\\/teterete.com\\\/mx\\\/producto\\\/maceta-oaxaca\\\/\"]}]},{\"@type\":\"ImageObject\",\"inLanguage\":\"es\",\"@id\":\"https:\\\/\\\/teterete.com\\\/mx\\\/producto\\\/maceta-oaxaca\\\/#primaryimage\",\"url\":\"https:\\\/\\\/teterete.com\\\/mx\\\/wp-content\\\/uploads\\\/2023\\\/05\\\/maceta-espinas-oaxaca.jpeg\",\"contentUrl\":\"https:\\\/\\\/teterete.com\\\/mx\\\/wp-content\\\/uploads\\\/2023\\\/05\\\/maceta-espinas-oaxaca.jpeg\",\"width\":800,\"height\":800,\"caption\":\"Maceta Espinas Oaxaca\"},{\"@type\":\"BreadcrumbList\",\"@id\":\"https:\\\/\\\/teterete.com\\\/mx\\\/producto\\\/maceta-oaxaca\\\/#breadcrumb\",\"itemListElement\":[{\"@type\":\"ListItem\",\"position\":1,\"name\":\"Home\",\"item\":\"https:\\\/\\\/teterete.com\\\/mx\\\/\"},{\"@type\":\"ListItem\",\"position\":2,\"name\":\"Productos\",\"item\":\"https:\\\/\\\/teterete.com\\\/mx\\\/shop\\\/\"},{\"@type\":\"ListItem\",\"position\":3,\"name\":\"Maceta Atzompa Espinas\"}]},{\"@type\":\"WebSite\",\"@id\":\"https:\\\/\\\/teterete.com\\\/mx\\\/#website\",\"url\":\"https:\\\/\\\/teterete.com\\\/mx\\\/\",\"name\":\"\",\"description\":\"Tienda en L\u00ednea de Fina Artesanias y Dise\u00f1o Mexicano. Bellas piezas elaboradas a mano por los mejores artesanos del pa\u00eds as\u00ed como piezas de dise\u00f1o y decoraci\u00f3n con inspiraci\u00f3n artesanal.\",\"potentialAction\":[{\"@type\":\"SearchAction\",\"target\":{\"@type\":\"EntryPoint\",\"urlTemplate\":\"https:\\\/\\\/teterete.com\\\/mx\\\/?s={search_term_string}\"},\"query-input\":{\"@type\":\"PropertyValueSpecification\",\"valueRequired\":true,\"valueName\":\"search_term_string\"}}],\"inLanguage\":\"es\"}]}<\/script>\n<!-- \/ Yoast SEO plugin. -->","yoast_head_json":{"title":"Maceta Atzompa Espinas -","description":"Maceta con dise\u00f1o de espinas elaborada por artesanos de Santa Maria Aztompa en Oaxaca, bella pieza utilitaria y decorativa.\u00a0","robots":{"index":"index","follow":"follow","max-snippet":"max-snippet:-1","max-image-preview":"max-image-preview:large","max-video-preview":"max-video-preview:-1"},"canonical":"https:\/\/teterete.com\/mx\/producto\/maceta-oaxaca\/","og_locale":"es_ES","og_type":"article","og_title":"Maceta Atzompa Espinas -","og_description":"Maceta con dise\u00f1o de espinas elaborada por artesanos de Santa Maria Aztompa en Oaxaca, bella pieza utilitaria y decorativa.\u00a0","og_url":"https:\/\/teterete.com\/mx\/producto\/maceta-oaxaca\/","article_publisher":"https:\/\/www.facebook.com\/TetereteHome\/","article_modified_time":"2026-03-24T22:17:21+00:00","og_image":[{"width":800,"height":800,"url":"https:\/\/teterete.com\/mx\/wp-content\/uploads\/2023\/05\/maceta-espinas-oaxaca.jpeg","type":"image\/jpeg"}],"twitter_card":"summary_large_image","twitter_site":"@Teterete_Home","twitter_misc":{"Tiempo de lectura":"1 minuto"},"schema":{"@context":"https:\/\/schema.org","@graph":[{"@type":"WebPage","@id":"https:\/\/teterete.com\/mx\/producto\/maceta-oaxaca\/","url":"https:\/\/teterete.com\/mx\/producto\/maceta-oaxaca\/","name":"Maceta Atzompa Espinas -","isPartOf":{"@id":"https:\/\/teterete.com\/mx\/#website"},"primaryImageOfPage":{"@id":"https:\/\/teterete.com\/mx\/producto\/maceta-oaxaca\/#primaryimage"},"image":{"@id":"https:\/\/teterete.com\/mx\/producto\/maceta-oaxaca\/#primaryimage"},"thumbnailUrl":"https:\/\/teterete.com\/mx\/wp-content\/uploads\/2023\/05\/maceta-espinas-oaxaca.jpeg","datePublished":"2023-05-26T19:24:43+00:00","dateModified":"2026-03-24T22:17:21+00:00","description":"Maceta con dise\u00f1o de espinas elaborada por artesanos de Santa Maria Aztompa en Oaxaca, bella pieza utilitaria y decorativa.\u00a0","breadcrumb":{"@id":"https:\/\/teterete.com\/mx\/producto\/maceta-oaxaca\/#breadcrumb"},"inLanguage":"es","potentialAction":[{"@type":"ReadAction","target":["https:\/\/teterete.com\/mx\/producto\/maceta-oaxaca\/"]}]},{"@type":"ImageObject","inLanguage":"es","@id":"https:\/\/teterete.com\/mx\/producto\/maceta-oaxaca\/#primaryimage","url":"https:\/\/teterete.com\/mx\/wp-content\/uploads\/2023\/05\/maceta-espinas-oaxaca.jpeg","contentUrl":"https:\/\/teterete.com\/mx\/wp-content\/uploads\/2023\/05\/maceta-espinas-oaxaca.jpeg","width":800,"height":800,"caption":"Maceta Espinas Oaxaca"},{"@type":"BreadcrumbList","@id":"https:\/\/teterete.com\/mx\/producto\/maceta-oaxaca\/#breadcrumb","itemListElement":[{"@type":"ListItem","position":1,"name":"Home","item":"https:\/\/teterete.com\/mx\/"},{"@type":"ListItem","position":2,"name":"Productos","item":"https:\/\/teterete.com\/mx\/shop\/"},{"@type":"ListItem","position":3,"name":"Maceta Atzompa Espinas"}]},{"@type":"WebSite","@id":"https:\/\/teterete.com\/mx\/#website","url":"https:\/\/teterete.com\/mx\/","name":"","description":"Tienda en L\u00ednea de Fina Artesanias y Dise\u00f1o Mexicano. Bellas piezas elaboradas a mano por los mejores artesanos del pa\u00eds as\u00ed como piezas de dise\u00f1o y decoraci\u00f3n con inspiraci\u00f3n artesanal.","potentialAction":[{"@type":"SearchAction","target":{"@type":"EntryPoint","urlTemplate":"https:\/\/teterete.com\/mx\/?s={search_term_string}"},"query-input":{"@type":"PropertyValueSpecification","valueRequired":true,"valueName":"search_term_string"}}],"inLanguage":"es"}]}},"_links":{"self":[{"href":"https:\/\/teterete.com\/mx\/wp-json\/wp\/v2\/product\/11020","targetHints":{"allow":["GET"]}}],"collection":[{"href":"https:\/\/teterete.com\/mx\/wp-json\/wp\/v2\/product"}],"about":[{"href":"https:\/\/teterete.com\/mx\/wp-json\/wp\/v2\/types\/product"}],"replies":[{"embeddable":true,"href":"https:\/\/teterete.com\/mx\/wp-json\/wp\/v2\/comments?post=11020"}],"wp:featuredmedia":[{"embeddable":true,"href":"https:\/\/teterete.com\/mx\/wp-json\/wp\/v2\/media\/11630"}],"wp:attachment":[{"href":"https:\/\/teterete.com\/mx\/wp-json\/wp\/v2\/media?parent=11020"}],"wp:term":[{"taxonomy":"product_brand","embeddable":true,"href":"https:\/\/teterete.com\/mx\/wp-json\/wp\/v2\/product_brand?post=11020"},{"taxonomy":"product_cat","embeddable":true,"href":"https:\/\/teterete.com\/mx\/wp-json\/wp\/v2\/product_cat?post=11020"},{"taxonomy":"product_tag","embeddable":true,"href":"https:\/\/teterete.com\/mx\/wp-json\/wp\/v2\/product_tag?post=11020"}],"curies":[{"name":"wp","href":"https:\/\/api.w.org\/{rel}","templated":true}]}}