{"id":11039,"date":"2023-05-27T18:20:24","date_gmt":"2023-05-27T18:20:24","guid":{"rendered":"https:\/\/teterete.com\/mx\/?post_type=product&#038;p=11039"},"modified":"2024-08-28T23:48:57","modified_gmt":"2024-08-28T23:48:57","slug":"guaje-tricolor","status":"publish","type":"product","link":"https:\/\/teterete.com\/mx\/producto\/guaje-tricolor\/","title":{"rendered":"Guaje Tecomate Tricolor"},"content":{"rendered":"\n<p><strong>Material<\/strong>: guaje, tierra, aceite y pigmento<br><strong>Color<\/strong>: Negro , Rojo y blanco<br><strong>Medidas<\/strong>: 14 cm de diametro 8 cm de altura<\/p>\n\n\n\n<p><strong>Cuidados de la pieza<\/strong>: Los cuidados para mantener una pieza en su estado \u00f3ptimo son muy sencillos, pero importantes &#8211; Evitar impactos contra superficies duras, limpieza con un palo seco, ubicar en lugares sin humedad y evitar luz del sol directa. Para proteger la pieza cuando \u00e9sta pierda brillo se recomienda limpiar con aceite o cera para muebles, importante utilizar siempre productos incoloros. Las piezas, no contienen metales pesados y no son t\u00f3xicas ni contaminantes<\/p>\n\n\n\n<p><strong>Los or\u00edgenes de esta t\u00e9cnica<\/strong> se remontan a la \u00e9poca prehisp\u00e1nica, ya que estos objetos eran utilizados en ceremonias, sin embargo, la llegada de los espa\u00f1oles marca un cambio, ya que se introducen nuevos colores y su uso deja de ser para rituales. El proceso se puede dividir en tres principales etapas: fondeado, dibujado y recortado e incrustado. El Tecomate Tricolor es resultado de la tradici\u00f3n de la t\u00e9cnica con una gr\u00e1fica contempor\u00e1nea y su nombre hace referencia a los tres colores usados en la pieza.<\/p>\n","protected":false},"excerpt":{"rendered":"<p>El Maque Incrustado consiste en aplicar sobre objetos de madera, o guajes, una pintura hecha a base de tierras y pigmentos naturales; tiene su origen en M\u00e9xico, en la regi\u00f3n Pur\u00e9pecha, espec\u00edficamente en la ciudad de Uruapan, Michoac\u00e1n, la cual es considerada como la cuna del Maque incrustado.<\/p>\n","protected":false},"featured_media":11040,"comment_status":"open","ping_status":"closed","template":"","meta":{"_acf_changed":false,"sfsi_plus_gutenberg_text_before_share":"","sfsi_plus_gutenberg_show_text_before_share":"","sfsi_plus_gutenberg_icon_type":"","sfsi_plus_gutenberg_icon_alignemt":"","sfsi_plus_gutenburg_max_per_row":""},"product_brand":[],"product_cat":[334,2166,342,538],"product_tag":[236,1003,2367],"class_list":{"0":"post-11039","1":"product","2":"type-product","3":"status-publish","4":"has-post-thumbnail","6":"product_cat-accesorios-bano","7":"product_cat-ensamble-artesano","8":"product_cat-guajes_y_cajitas","9":"product_cat-para_el","10":"product_tag-arte-mexicano","11":"product_tag-diseno-artesanal","12":"product_tag-guajes-mexicanos","13":"product_shipping_class-fast-delivery","15":"first","16":"outofstock","17":"taxable","18":"shipping-taxable","19":"purchasable","20":"product-type-simple"},"acf":[],"yoast_head":"<!-- This site is optimized with the Yoast SEO plugin v27.5 - https:\/\/yoast.com\/product\/yoast-seo-wordpress\/ -->\n<title>Guaje Tecomate Tricolor -<\/title>\n<meta name=\"description\" content=\"El Maque Incrustado consiste en aplicar sobre objetos de madera o guajes una pintura hecha a base de tierras y pigmentos naturales, decora con arte mexicano\" \/>\n<meta name=\"robots\" content=\"index, follow, max-snippet:-1, max-image-preview:large, max-video-preview:-1\" \/>\n<link rel=\"canonical\" href=\"https:\/\/teterete.com\/mx\/producto\/guaje-tricolor\/\" \/>\n<meta property=\"og:locale\" content=\"es_ES\" \/>\n<meta property=\"og:type\" content=\"article\" \/>\n<meta property=\"og:title\" content=\"Guaje Tecomate Tricolor -\" \/>\n<meta property=\"og:description\" content=\"El Maque Incrustado consiste en aplicar sobre objetos de madera o guajes una pintura hecha a base de tierras y pigmentos naturales, decora con arte mexicano\" \/>\n<meta property=\"og:url\" content=\"https:\/\/teterete.com\/mx\/producto\/guaje-tricolor\/\" \/>\n<meta property=\"article:publisher\" content=\"https:\/\/www.facebook.com\/TetereteHome\/\" \/>\n<meta property=\"article:modified_time\" content=\"2024-08-28T23:48:57+00:00\" \/>\n<meta property=\"og:image\" content=\"https:\/\/teterete.com\/mx\/wp-content\/uploads\/2023\/05\/guaje-tricolor.jpg\" \/>\n\t<meta property=\"og:image:width\" content=\"800\" \/>\n\t<meta property=\"og:image:height\" content=\"800\" \/>\n\t<meta property=\"og:image:type\" content=\"image\/jpeg\" \/>\n<meta name=\"twitter:card\" content=\"summary_large_image\" \/>\n<meta name=\"twitter:site\" content=\"@Teterete_Home\" \/>\n<meta name=\"twitter:label1\" content=\"Tiempo de lectura\" \/>\n\t<meta name=\"twitter:data1\" content=\"1 minuto\" \/>\n<script type=\"application\/ld+json\" class=\"yoast-schema-graph\">{\"@context\":\"https:\\\/\\\/schema.org\",\"@graph\":[{\"@type\":\"WebPage\",\"@id\":\"https:\\\/\\\/teterete.com\\\/mx\\\/producto\\\/guaje-tricolor\\\/\",\"url\":\"https:\\\/\\\/teterete.com\\\/mx\\\/producto\\\/guaje-tricolor\\\/\",\"name\":\"Guaje Tecomate Tricolor -\",\"isPartOf\":{\"@id\":\"https:\\\/\\\/teterete.com\\\/mx\\\/#website\"},\"primaryImageOfPage\":{\"@id\":\"https:\\\/\\\/teterete.com\\\/mx\\\/producto\\\/guaje-tricolor\\\/#primaryimage\"},\"image\":{\"@id\":\"https:\\\/\\\/teterete.com\\\/mx\\\/producto\\\/guaje-tricolor\\\/#primaryimage\"},\"thumbnailUrl\":\"https:\\\/\\\/teterete.com\\\/mx\\\/wp-content\\\/uploads\\\/2023\\\/05\\\/guaje-tricolor.jpg\",\"datePublished\":\"2023-05-27T18:20:24+00:00\",\"dateModified\":\"2024-08-28T23:48:57+00:00\",\"description\":\"El Maque Incrustado consiste en aplicar sobre objetos de madera o guajes una pintura hecha a base de tierras y pigmentos naturales, decora con arte mexicano\",\"breadcrumb\":{\"@id\":\"https:\\\/\\\/teterete.com\\\/mx\\\/producto\\\/guaje-tricolor\\\/#breadcrumb\"},\"inLanguage\":\"es\",\"potentialAction\":[{\"@type\":\"ReadAction\",\"target\":[\"https:\\\/\\\/teterete.com\\\/mx\\\/producto\\\/guaje-tricolor\\\/\"]}]},{\"@type\":\"ImageObject\",\"inLanguage\":\"es\",\"@id\":\"https:\\\/\\\/teterete.com\\\/mx\\\/producto\\\/guaje-tricolor\\\/#primaryimage\",\"url\":\"https:\\\/\\\/teterete.com\\\/mx\\\/wp-content\\\/uploads\\\/2023\\\/05\\\/guaje-tricolor.jpg\",\"contentUrl\":\"https:\\\/\\\/teterete.com\\\/mx\\\/wp-content\\\/uploads\\\/2023\\\/05\\\/guaje-tricolor.jpg\",\"width\":\"800\",\"height\":\"800\",\"caption\":\"Guaje Artesanal\"},{\"@type\":\"BreadcrumbList\",\"@id\":\"https:\\\/\\\/teterete.com\\\/mx\\\/producto\\\/guaje-tricolor\\\/#breadcrumb\",\"itemListElement\":[{\"@type\":\"ListItem\",\"position\":1,\"name\":\"Home\",\"item\":\"https:\\\/\\\/teterete.com\\\/mx\\\/\"},{\"@type\":\"ListItem\",\"position\":2,\"name\":\"Productos\",\"item\":\"https:\\\/\\\/teterete.com\\\/mx\\\/shop\\\/\"},{\"@type\":\"ListItem\",\"position\":3,\"name\":\"Guaje Tecomate Tricolor\"}]},{\"@type\":\"WebSite\",\"@id\":\"https:\\\/\\\/teterete.com\\\/mx\\\/#website\",\"url\":\"https:\\\/\\\/teterete.com\\\/mx\\\/\",\"name\":\"\",\"description\":\"Tienda en L\u00ednea de Fina Artesanias y Dise\u00f1o Mexicano. Bellas piezas elaboradas a mano por los mejores artesanos del pa\u00eds as\u00ed como piezas de dise\u00f1o y decoraci\u00f3n con inspiraci\u00f3n artesanal.\",\"potentialAction\":[{\"@type\":\"SearchAction\",\"target\":{\"@type\":\"EntryPoint\",\"urlTemplate\":\"https:\\\/\\\/teterete.com\\\/mx\\\/?s={search_term_string}\"},\"query-input\":{\"@type\":\"PropertyValueSpecification\",\"valueRequired\":true,\"valueName\":\"search_term_string\"}}],\"inLanguage\":\"es\"}]}<\/script>\n<!-- \/ Yoast SEO plugin. -->","yoast_head_json":{"title":"Guaje Tecomate Tricolor -","description":"El Maque Incrustado consiste en aplicar sobre objetos de madera o guajes una pintura hecha a base de tierras y pigmentos naturales, decora con arte mexicano","robots":{"index":"index","follow":"follow","max-snippet":"max-snippet:-1","max-image-preview":"max-image-preview:large","max-video-preview":"max-video-preview:-1"},"canonical":"https:\/\/teterete.com\/mx\/producto\/guaje-tricolor\/","og_locale":"es_ES","og_type":"article","og_title":"Guaje Tecomate Tricolor -","og_description":"El Maque Incrustado consiste en aplicar sobre objetos de madera o guajes una pintura hecha a base de tierras y pigmentos naturales, decora con arte mexicano","og_url":"https:\/\/teterete.com\/mx\/producto\/guaje-tricolor\/","article_publisher":"https:\/\/www.facebook.com\/TetereteHome\/","article_modified_time":"2024-08-28T23:48:57+00:00","og_image":[{"width":800,"height":800,"url":"https:\/\/teterete.com\/mx\/wp-content\/uploads\/2023\/05\/guaje-tricolor.jpg","type":"image\/jpeg"}],"twitter_card":"summary_large_image","twitter_site":"@Teterete_Home","twitter_misc":{"Tiempo de lectura":"1 minuto"},"schema":{"@context":"https:\/\/schema.org","@graph":[{"@type":"WebPage","@id":"https:\/\/teterete.com\/mx\/producto\/guaje-tricolor\/","url":"https:\/\/teterete.com\/mx\/producto\/guaje-tricolor\/","name":"Guaje Tecomate Tricolor -","isPartOf":{"@id":"https:\/\/teterete.com\/mx\/#website"},"primaryImageOfPage":{"@id":"https:\/\/teterete.com\/mx\/producto\/guaje-tricolor\/#primaryimage"},"image":{"@id":"https:\/\/teterete.com\/mx\/producto\/guaje-tricolor\/#primaryimage"},"thumbnailUrl":"https:\/\/teterete.com\/mx\/wp-content\/uploads\/2023\/05\/guaje-tricolor.jpg","datePublished":"2023-05-27T18:20:24+00:00","dateModified":"2024-08-28T23:48:57+00:00","description":"El Maque Incrustado consiste en aplicar sobre objetos de madera o guajes una pintura hecha a base de tierras y pigmentos naturales, decora con arte mexicano","breadcrumb":{"@id":"https:\/\/teterete.com\/mx\/producto\/guaje-tricolor\/#breadcrumb"},"inLanguage":"es","potentialAction":[{"@type":"ReadAction","target":["https:\/\/teterete.com\/mx\/producto\/guaje-tricolor\/"]}]},{"@type":"ImageObject","inLanguage":"es","@id":"https:\/\/teterete.com\/mx\/producto\/guaje-tricolor\/#primaryimage","url":"https:\/\/teterete.com\/mx\/wp-content\/uploads\/2023\/05\/guaje-tricolor.jpg","contentUrl":"https:\/\/teterete.com\/mx\/wp-content\/uploads\/2023\/05\/guaje-tricolor.jpg","width":"800","height":"800","caption":"Guaje Artesanal"},{"@type":"BreadcrumbList","@id":"https:\/\/teterete.com\/mx\/producto\/guaje-tricolor\/#breadcrumb","itemListElement":[{"@type":"ListItem","position":1,"name":"Home","item":"https:\/\/teterete.com\/mx\/"},{"@type":"ListItem","position":2,"name":"Productos","item":"https:\/\/teterete.com\/mx\/shop\/"},{"@type":"ListItem","position":3,"name":"Guaje Tecomate Tricolor"}]},{"@type":"WebSite","@id":"https:\/\/teterete.com\/mx\/#website","url":"https:\/\/teterete.com\/mx\/","name":"","description":"Tienda en L\u00ednea de Fina Artesanias y Dise\u00f1o Mexicano. Bellas piezas elaboradas a mano por los mejores artesanos del pa\u00eds as\u00ed como piezas de dise\u00f1o y decoraci\u00f3n con inspiraci\u00f3n artesanal.","potentialAction":[{"@type":"SearchAction","target":{"@type":"EntryPoint","urlTemplate":"https:\/\/teterete.com\/mx\/?s={search_term_string}"},"query-input":{"@type":"PropertyValueSpecification","valueRequired":true,"valueName":"search_term_string"}}],"inLanguage":"es"}]}},"_links":{"self":[{"href":"https:\/\/teterete.com\/mx\/wp-json\/wp\/v2\/product\/11039","targetHints":{"allow":["GET"]}}],"collection":[{"href":"https:\/\/teterete.com\/mx\/wp-json\/wp\/v2\/product"}],"about":[{"href":"https:\/\/teterete.com\/mx\/wp-json\/wp\/v2\/types\/product"}],"replies":[{"embeddable":true,"href":"https:\/\/teterete.com\/mx\/wp-json\/wp\/v2\/comments?post=11039"}],"wp:featuredmedia":[{"embeddable":true,"href":"https:\/\/teterete.com\/mx\/wp-json\/wp\/v2\/media\/11040"}],"wp:attachment":[{"href":"https:\/\/teterete.com\/mx\/wp-json\/wp\/v2\/media?parent=11039"}],"wp:term":[{"taxonomy":"product_brand","embeddable":true,"href":"https:\/\/teterete.com\/mx\/wp-json\/wp\/v2\/product_brand?post=11039"},{"taxonomy":"product_cat","embeddable":true,"href":"https:\/\/teterete.com\/mx\/wp-json\/wp\/v2\/product_cat?post=11039"},{"taxonomy":"product_tag","embeddable":true,"href":"https:\/\/teterete.com\/mx\/wp-json\/wp\/v2\/product_tag?post=11039"}],"curies":[{"name":"wp","href":"https:\/\/api.w.org\/{rel}","templated":true}]}}