{"id":11055,"date":"2023-05-27T19:12:48","date_gmt":"2023-05-27T19:12:48","guid":{"rendered":"https:\/\/teterete.com\/mx\/?post_type=product&#038;p=11055"},"modified":"2024-08-28T23:47:44","modified_gmt":"2024-08-28T23:47:44","slug":"poncho-de-huayapan","status":"publish","type":"product","link":"https:\/\/teterete.com\/mx\/producto\/poncho-de-huayapan\/","title":{"rendered":"Poncho de Hueyapan"},"content":{"rendered":"\n<p><strong>Material<\/strong>: Tela de lana e hilos de lana te\u00f1ida con tintes naturales<br><strong>Color<\/strong>: Multicolor<br><strong>Medidas<\/strong>: 60 x 70 cms<\/p>\n","protected":false},"excerpt":{"rendered":"<p>Poncho cuadrado en lana natural, confeccionado y bordado por las manos de grandes mujeres. Las artesanas han aprendido a trabajar con la lana y tintes naturales que ellas mismas recolectan y ocupan para darle vida y significado a sus prendas con todos esos colores naturalmente vivos y vibrantes y que combinan maravillosamente sobre lanas de color natural de este poncho. Tela tejida en telar de pedal<\/p>\n","protected":false},"featured_media":11056,"comment_status":"open","ping_status":"closed","template":"","meta":{"sfsi_plus_gutenberg_text_before_share":"","sfsi_plus_gutenberg_show_text_before_share":"","sfsi_plus_gutenberg_icon_type":"","sfsi_plus_gutenberg_icon_alignemt":"","sfsi_plus_gutenburg_max_per_row":""},"product_cat":[2166,1263,2057,350,55],"product_tag":[2364,1945,223],"acf":[],"yoast_head":"<!-- This site is optimized with the Yoast SEO plugin v23.5 - https:\/\/yoast.com\/wordpress\/plugins\/seo\/ -->\n<title>Poncho de Hueyapan -<\/title>\n<meta name=\"description\" content=\"Poncho cuadrado en lana natural, confeccionado y bordado por las manos de grandes mujeres artesanas de Hueyapan en Puebla\" \/>\n<meta name=\"robots\" content=\"index, follow, max-snippet:-1, max-image-preview:large, max-video-preview:-1\" \/>\n<link rel=\"canonical\" href=\"https:\/\/teterete.com\/mx\/producto\/poncho-de-huayapan\/\" \/>\n<meta property=\"og:locale\" content=\"es_ES\" \/>\n<meta property=\"og:type\" content=\"article\" \/>\n<meta property=\"og:title\" content=\"Poncho de Hueyapan -\" \/>\n<meta property=\"og:description\" content=\"Poncho cuadrado en lana natural, confeccionado y bordado por las manos de grandes mujeres artesanas de Hueyapan en Puebla\" \/>\n<meta property=\"og:url\" content=\"https:\/\/teterete.com\/mx\/producto\/poncho-de-huayapan\/\" \/>\n<meta property=\"article:publisher\" content=\"https:\/\/www.facebook.com\/TetereteHome\/\" \/>\n<meta property=\"article:modified_time\" content=\"2024-08-28T23:47:44+00:00\" \/>\n<meta property=\"og:image\" content=\"https:\/\/teterete.com\/mx\/wp-content\/uploads\/2023\/05\/poncho-hueyapan.jpeg\" \/>\n\t<meta property=\"og:image:width\" content=\"800\" \/>\n\t<meta property=\"og:image:height\" content=\"800\" \/>\n\t<meta property=\"og:image:type\" content=\"image\/jpeg\" \/>\n<meta name=\"twitter:card\" content=\"summary_large_image\" \/>\n<meta name=\"twitter:site\" content=\"@Teterete_Home\" \/>\n<meta name=\"twitter:label1\" content=\"Tiempo de lectura\" \/>\n\t<meta name=\"twitter:data1\" content=\"1 minuto\" \/>\n<script type=\"application\/ld+json\" class=\"yoast-schema-graph\">{\"@context\":\"https:\/\/schema.org\",\"@graph\":[{\"@type\":\"WebPage\",\"@id\":\"https:\/\/teterete.com\/mx\/producto\/poncho-de-huayapan\/\",\"url\":\"https:\/\/teterete.com\/mx\/producto\/poncho-de-huayapan\/\",\"name\":\"Poncho de Hueyapan -\",\"isPartOf\":{\"@id\":\"https:\/\/teterete.com\/mx\/#website\"},\"primaryImageOfPage\":{\"@id\":\"https:\/\/teterete.com\/mx\/producto\/poncho-de-huayapan\/#primaryimage\"},\"image\":{\"@id\":\"https:\/\/teterete.com\/mx\/producto\/poncho-de-huayapan\/#primaryimage\"},\"thumbnailUrl\":\"https:\/\/teterete.com\/mx\/wp-content\/uploads\/2023\/05\/poncho-hueyapan.jpeg\",\"datePublished\":\"2023-05-27T19:12:48+00:00\",\"dateModified\":\"2024-08-28T23:47:44+00:00\",\"description\":\"Poncho cuadrado en lana natural, confeccionado y bordado por las manos de grandes mujeres artesanas de Hueyapan en Puebla\",\"breadcrumb\":{\"@id\":\"https:\/\/teterete.com\/mx\/producto\/poncho-de-huayapan\/#breadcrumb\"},\"inLanguage\":\"es\",\"potentialAction\":[{\"@type\":\"ReadAction\",\"target\":[\"https:\/\/teterete.com\/mx\/producto\/poncho-de-huayapan\/\"]}]},{\"@type\":\"ImageObject\",\"inLanguage\":\"es\",\"@id\":\"https:\/\/teterete.com\/mx\/producto\/poncho-de-huayapan\/#primaryimage\",\"url\":\"https:\/\/teterete.com\/mx\/wp-content\/uploads\/2023\/05\/poncho-hueyapan.jpeg\",\"contentUrl\":\"https:\/\/teterete.com\/mx\/wp-content\/uploads\/2023\/05\/poncho-hueyapan.jpeg\",\"width\":\"800\",\"height\":\"800\",\"caption\":\"Poncho de Hueyapan\"},{\"@type\":\"BreadcrumbList\",\"@id\":\"https:\/\/teterete.com\/mx\/producto\/poncho-de-huayapan\/#breadcrumb\",\"itemListElement\":[{\"@type\":\"ListItem\",\"position\":1,\"name\":\"Home\",\"item\":\"https:\/\/teterete.com\/mx\/\"},{\"@type\":\"ListItem\",\"position\":2,\"name\":\"Productos\",\"item\":\"https:\/\/teterete.com\/mx\/shop\/\"},{\"@type\":\"ListItem\",\"position\":3,\"name\":\"Poncho de Hueyapan\"}]},{\"@type\":\"WebSite\",\"@id\":\"https:\/\/teterete.com\/mx\/#website\",\"url\":\"https:\/\/teterete.com\/mx\/\",\"name\":\"\",\"description\":\"Tienda en L\u00ednea de Fina Artesanias y Dise\u00f1o Mexicano. Bellas piezas elaboradas a mano por los mejores artesanos del pa\u00eds as\u00ed como piezas de dise\u00f1o y decoraci\u00f3n con inspiraci\u00f3n artesanal.\",\"potentialAction\":[{\"@type\":\"SearchAction\",\"target\":{\"@type\":\"EntryPoint\",\"urlTemplate\":\"https:\/\/teterete.com\/mx\/?s={search_term_string}\"},\"query-input\":{\"@type\":\"PropertyValueSpecification\",\"valueRequired\":true,\"valueName\":\"search_term_string\"}}],\"inLanguage\":\"es\"}]}<\/script>\n<!-- \/ Yoast SEO plugin. -->","yoast_head_json":{"title":"Poncho de Hueyapan -","description":"Poncho cuadrado en lana natural, confeccionado y bordado por las manos de grandes mujeres artesanas de Hueyapan en Puebla","robots":{"index":"index","follow":"follow","max-snippet":"max-snippet:-1","max-image-preview":"max-image-preview:large","max-video-preview":"max-video-preview:-1"},"canonical":"https:\/\/teterete.com\/mx\/producto\/poncho-de-huayapan\/","og_locale":"es_ES","og_type":"article","og_title":"Poncho de Hueyapan -","og_description":"Poncho cuadrado en lana natural, confeccionado y bordado por las manos de grandes mujeres artesanas de Hueyapan en Puebla","og_url":"https:\/\/teterete.com\/mx\/producto\/poncho-de-huayapan\/","article_publisher":"https:\/\/www.facebook.com\/TetereteHome\/","article_modified_time":"2024-08-28T23:47:44+00:00","og_image":[{"width":800,"height":800,"url":"https:\/\/teterete.com\/mx\/wp-content\/uploads\/2023\/05\/poncho-hueyapan.jpeg","type":"image\/jpeg"}],"twitter_card":"summary_large_image","twitter_site":"@Teterete_Home","twitter_misc":{"Tiempo de lectura":"1 minuto"},"schema":{"@context":"https:\/\/schema.org","@graph":[{"@type":"WebPage","@id":"https:\/\/teterete.com\/mx\/producto\/poncho-de-huayapan\/","url":"https:\/\/teterete.com\/mx\/producto\/poncho-de-huayapan\/","name":"Poncho de Hueyapan -","isPartOf":{"@id":"https:\/\/teterete.com\/mx\/#website"},"primaryImageOfPage":{"@id":"https:\/\/teterete.com\/mx\/producto\/poncho-de-huayapan\/#primaryimage"},"image":{"@id":"https:\/\/teterete.com\/mx\/producto\/poncho-de-huayapan\/#primaryimage"},"thumbnailUrl":"https:\/\/teterete.com\/mx\/wp-content\/uploads\/2023\/05\/poncho-hueyapan.jpeg","datePublished":"2023-05-27T19:12:48+00:00","dateModified":"2024-08-28T23:47:44+00:00","description":"Poncho cuadrado en lana natural, confeccionado y bordado por las manos de grandes mujeres artesanas de Hueyapan en Puebla","breadcrumb":{"@id":"https:\/\/teterete.com\/mx\/producto\/poncho-de-huayapan\/#breadcrumb"},"inLanguage":"es","potentialAction":[{"@type":"ReadAction","target":["https:\/\/teterete.com\/mx\/producto\/poncho-de-huayapan\/"]}]},{"@type":"ImageObject","inLanguage":"es","@id":"https:\/\/teterete.com\/mx\/producto\/poncho-de-huayapan\/#primaryimage","url":"https:\/\/teterete.com\/mx\/wp-content\/uploads\/2023\/05\/poncho-hueyapan.jpeg","contentUrl":"https:\/\/teterete.com\/mx\/wp-content\/uploads\/2023\/05\/poncho-hueyapan.jpeg","width":"800","height":"800","caption":"Poncho de Hueyapan"},{"@type":"BreadcrumbList","@id":"https:\/\/teterete.com\/mx\/producto\/poncho-de-huayapan\/#breadcrumb","itemListElement":[{"@type":"ListItem","position":1,"name":"Home","item":"https:\/\/teterete.com\/mx\/"},{"@type":"ListItem","position":2,"name":"Productos","item":"https:\/\/teterete.com\/mx\/shop\/"},{"@type":"ListItem","position":3,"name":"Poncho de Hueyapan"}]},{"@type":"WebSite","@id":"https:\/\/teterete.com\/mx\/#website","url":"https:\/\/teterete.com\/mx\/","name":"","description":"Tienda en L\u00ednea de Fina Artesanias y Dise\u00f1o Mexicano. Bellas piezas elaboradas a mano por los mejores artesanos del pa\u00eds as\u00ed como piezas de dise\u00f1o y decoraci\u00f3n con inspiraci\u00f3n artesanal.","potentialAction":[{"@type":"SearchAction","target":{"@type":"EntryPoint","urlTemplate":"https:\/\/teterete.com\/mx\/?s={search_term_string}"},"query-input":{"@type":"PropertyValueSpecification","valueRequired":true,"valueName":"search_term_string"}}],"inLanguage":"es"}]}},"_links":{"self":[{"href":"https:\/\/teterete.com\/mx\/wp-json\/wp\/v2\/product\/11055"}],"collection":[{"href":"https:\/\/teterete.com\/mx\/wp-json\/wp\/v2\/product"}],"about":[{"href":"https:\/\/teterete.com\/mx\/wp-json\/wp\/v2\/types\/product"}],"replies":[{"embeddable":true,"href":"https:\/\/teterete.com\/mx\/wp-json\/wp\/v2\/comments?post=11055"}],"wp:featuredmedia":[{"embeddable":true,"href":"https:\/\/teterete.com\/mx\/wp-json\/wp\/v2\/media\/11056"}],"wp:attachment":[{"href":"https:\/\/teterete.com\/mx\/wp-json\/wp\/v2\/media?parent=11055"}],"wp:term":[{"taxonomy":"product_cat","embeddable":true,"href":"https:\/\/teterete.com\/mx\/wp-json\/wp\/v2\/product_cat?post=11055"},{"taxonomy":"product_tag","embeddable":true,"href":"https:\/\/teterete.com\/mx\/wp-json\/wp\/v2\/product_tag?post=11055"}],"curies":[{"name":"wp","href":"https:\/\/api.w.org\/{rel}","templated":true}]}}