{"id":11062,"date":"2023-05-27T19:33:20","date_gmt":"2023-05-27T19:33:20","guid":{"rendered":"https:\/\/teterete.com\/mx\/?post_type=product&#038;p=11062"},"modified":"2024-08-28T23:46:03","modified_gmt":"2024-08-28T23:46:03","slug":"lampara-agave","status":"publish","type":"product","link":"https:\/\/teterete.com\/mx\/producto\/lampara-agave\/","title":{"rendered":"L\u00e1mpara Fibra de Agave"},"content":{"rendered":"\n<p>Estructura met\u00e1lica, tejido de fibras e hilos de agave y sistema el\u00e9ctrico. Se sugiere utilizar como pieza decorativa y de iluminaci\u00f3n en interior.<\/p>\n\n\n\n<p><strong>Cuidados:<\/strong>&nbsp;La fibra de agave, al ser de origen natural, cambia con el tiempo hasta tomar un tono un poco mas dorado. Se le puede dar mantenimiento peinando y sacudiendo el pelaje con los dedos. No se recomienda utilizar en exterior.&nbsp;Se recomienda el uso de luminarias tipo LED.<br><strong>Material<\/strong>: Fibra de maguey espad\u00edn<br><strong>Color<\/strong>: Natural<br><strong>Medidas<\/strong>: 20x20x32cm + Cable de 160cm<\/p>\n","protected":false},"excerpt":{"rendered":"<p>L\u00e1mpara colgante. Tejido de fibra de agave espad\u00edn, extraemos la fibra de las pencas de desperdicio de la industria del mezcal.\u00a0Hermano Maguey, con su proyecto FIBRA, teje colaboraciones con maestros artesanos, esta colecci\u00f3n es una colaboraci\u00f3n con Tejedoras Teitipac.<\/p>\n","protected":false},"featured_media":11063,"comment_status":"open","ping_status":"closed","template":"","meta":{"sfsi_plus_gutenberg_text_before_share":"","sfsi_plus_gutenberg_show_text_before_share":"","sfsi_plus_gutenberg_icon_type":"","sfsi_plus_gutenberg_icon_alignemt":"","sfsi_plus_gutenburg_max_per_row":""},"product_cat":[2166,1200,351,350],"product_tag":[2363,795,2242],"acf":[],"yoast_head":"<!-- This site is optimized with the Yoast SEO plugin v23.5 - https:\/\/yoast.com\/wordpress\/plugins\/seo\/ -->\n<title>L\u00e1mpara Fibra de Agave -<\/title>\n<meta name=\"description\" content=\"L\u00e1mpara colgante. Tejido de fibra de agave espad\u00edn, extraemos la fibra de las pencas de desperdicio de la industria del mezcal\" \/>\n<meta name=\"robots\" content=\"index, follow, max-snippet:-1, max-image-preview:large, max-video-preview:-1\" \/>\n<link rel=\"canonical\" href=\"https:\/\/teterete.com\/mx\/producto\/lampara-agave\/\" \/>\n<meta property=\"og:locale\" content=\"es_ES\" \/>\n<meta property=\"og:type\" content=\"article\" \/>\n<meta property=\"og:title\" content=\"L\u00e1mpara Fibra de Agave -\" \/>\n<meta property=\"og:description\" content=\"L\u00e1mpara colgante. Tejido de fibra de agave espad\u00edn, extraemos la fibra de las pencas de desperdicio de la industria del mezcal\" \/>\n<meta property=\"og:url\" content=\"https:\/\/teterete.com\/mx\/producto\/lampara-agave\/\" \/>\n<meta property=\"article:publisher\" content=\"https:\/\/www.facebook.com\/TetereteHome\/\" \/>\n<meta property=\"article:modified_time\" content=\"2024-08-28T23:46:03+00:00\" \/>\n<meta property=\"og:image\" content=\"https:\/\/teterete.com\/mx\/wp-content\/uploads\/2023\/05\/lampara-agave.jpeg\" \/>\n\t<meta property=\"og:image:width\" content=\"800\" \/>\n\t<meta property=\"og:image:height\" content=\"800\" \/>\n\t<meta property=\"og:image:type\" content=\"image\/jpeg\" \/>\n<meta name=\"twitter:card\" content=\"summary_large_image\" \/>\n<meta name=\"twitter:site\" content=\"@Teterete_Home\" \/>\n<meta name=\"twitter:label1\" content=\"Tiempo de lectura\" \/>\n\t<meta name=\"twitter:data1\" content=\"1 minuto\" \/>\n<script type=\"application\/ld+json\" class=\"yoast-schema-graph\">{\"@context\":\"https:\/\/schema.org\",\"@graph\":[{\"@type\":\"WebPage\",\"@id\":\"https:\/\/teterete.com\/mx\/producto\/lampara-agave\/\",\"url\":\"https:\/\/teterete.com\/mx\/producto\/lampara-agave\/\",\"name\":\"L\u00e1mpara Fibra de Agave -\",\"isPartOf\":{\"@id\":\"https:\/\/teterete.com\/mx\/#website\"},\"primaryImageOfPage\":{\"@id\":\"https:\/\/teterete.com\/mx\/producto\/lampara-agave\/#primaryimage\"},\"image\":{\"@id\":\"https:\/\/teterete.com\/mx\/producto\/lampara-agave\/#primaryimage\"},\"thumbnailUrl\":\"https:\/\/teterete.com\/mx\/wp-content\/uploads\/2023\/05\/lampara-agave.jpeg\",\"datePublished\":\"2023-05-27T19:33:20+00:00\",\"dateModified\":\"2024-08-28T23:46:03+00:00\",\"description\":\"L\u00e1mpara colgante. Tejido de fibra de agave espad\u00edn, extraemos la fibra de las pencas de desperdicio de la industria del mezcal\",\"breadcrumb\":{\"@id\":\"https:\/\/teterete.com\/mx\/producto\/lampara-agave\/#breadcrumb\"},\"inLanguage\":\"es\",\"potentialAction\":[{\"@type\":\"ReadAction\",\"target\":[\"https:\/\/teterete.com\/mx\/producto\/lampara-agave\/\"]}]},{\"@type\":\"ImageObject\",\"inLanguage\":\"es\",\"@id\":\"https:\/\/teterete.com\/mx\/producto\/lampara-agave\/#primaryimage\",\"url\":\"https:\/\/teterete.com\/mx\/wp-content\/uploads\/2023\/05\/lampara-agave.jpeg\",\"contentUrl\":\"https:\/\/teterete.com\/mx\/wp-content\/uploads\/2023\/05\/lampara-agave.jpeg\",\"width\":\"800\",\"height\":\"800\",\"caption\":\"L\u00e1mpara Agave\"},{\"@type\":\"BreadcrumbList\",\"@id\":\"https:\/\/teterete.com\/mx\/producto\/lampara-agave\/#breadcrumb\",\"itemListElement\":[{\"@type\":\"ListItem\",\"position\":1,\"name\":\"Home\",\"item\":\"https:\/\/teterete.com\/mx\/\"},{\"@type\":\"ListItem\",\"position\":2,\"name\":\"Productos\",\"item\":\"https:\/\/teterete.com\/mx\/shop\/\"},{\"@type\":\"ListItem\",\"position\":3,\"name\":\"L\u00e1mpara Fibra de Agave\"}]},{\"@type\":\"WebSite\",\"@id\":\"https:\/\/teterete.com\/mx\/#website\",\"url\":\"https:\/\/teterete.com\/mx\/\",\"name\":\"\",\"description\":\"Tienda en L\u00ednea de Fina Artesanias y Dise\u00f1o Mexicano. Bellas piezas elaboradas a mano por los mejores artesanos del pa\u00eds as\u00ed como piezas de dise\u00f1o y decoraci\u00f3n con inspiraci\u00f3n artesanal.\",\"potentialAction\":[{\"@type\":\"SearchAction\",\"target\":{\"@type\":\"EntryPoint\",\"urlTemplate\":\"https:\/\/teterete.com\/mx\/?s={search_term_string}\"},\"query-input\":{\"@type\":\"PropertyValueSpecification\",\"valueRequired\":true,\"valueName\":\"search_term_string\"}}],\"inLanguage\":\"es\"}]}<\/script>\n<!-- \/ Yoast SEO plugin. -->","yoast_head_json":{"title":"L\u00e1mpara Fibra de Agave -","description":"L\u00e1mpara colgante. Tejido de fibra de agave espad\u00edn, extraemos la fibra de las pencas de desperdicio de la industria del mezcal","robots":{"index":"index","follow":"follow","max-snippet":"max-snippet:-1","max-image-preview":"max-image-preview:large","max-video-preview":"max-video-preview:-1"},"canonical":"https:\/\/teterete.com\/mx\/producto\/lampara-agave\/","og_locale":"es_ES","og_type":"article","og_title":"L\u00e1mpara Fibra de Agave -","og_description":"L\u00e1mpara colgante. Tejido de fibra de agave espad\u00edn, extraemos la fibra de las pencas de desperdicio de la industria del mezcal","og_url":"https:\/\/teterete.com\/mx\/producto\/lampara-agave\/","article_publisher":"https:\/\/www.facebook.com\/TetereteHome\/","article_modified_time":"2024-08-28T23:46:03+00:00","og_image":[{"width":800,"height":800,"url":"https:\/\/teterete.com\/mx\/wp-content\/uploads\/2023\/05\/lampara-agave.jpeg","type":"image\/jpeg"}],"twitter_card":"summary_large_image","twitter_site":"@Teterete_Home","twitter_misc":{"Tiempo de lectura":"1 minuto"},"schema":{"@context":"https:\/\/schema.org","@graph":[{"@type":"WebPage","@id":"https:\/\/teterete.com\/mx\/producto\/lampara-agave\/","url":"https:\/\/teterete.com\/mx\/producto\/lampara-agave\/","name":"L\u00e1mpara Fibra de Agave -","isPartOf":{"@id":"https:\/\/teterete.com\/mx\/#website"},"primaryImageOfPage":{"@id":"https:\/\/teterete.com\/mx\/producto\/lampara-agave\/#primaryimage"},"image":{"@id":"https:\/\/teterete.com\/mx\/producto\/lampara-agave\/#primaryimage"},"thumbnailUrl":"https:\/\/teterete.com\/mx\/wp-content\/uploads\/2023\/05\/lampara-agave.jpeg","datePublished":"2023-05-27T19:33:20+00:00","dateModified":"2024-08-28T23:46:03+00:00","description":"L\u00e1mpara colgante. Tejido de fibra de agave espad\u00edn, extraemos la fibra de las pencas de desperdicio de la industria del mezcal","breadcrumb":{"@id":"https:\/\/teterete.com\/mx\/producto\/lampara-agave\/#breadcrumb"},"inLanguage":"es","potentialAction":[{"@type":"ReadAction","target":["https:\/\/teterete.com\/mx\/producto\/lampara-agave\/"]}]},{"@type":"ImageObject","inLanguage":"es","@id":"https:\/\/teterete.com\/mx\/producto\/lampara-agave\/#primaryimage","url":"https:\/\/teterete.com\/mx\/wp-content\/uploads\/2023\/05\/lampara-agave.jpeg","contentUrl":"https:\/\/teterete.com\/mx\/wp-content\/uploads\/2023\/05\/lampara-agave.jpeg","width":"800","height":"800","caption":"L\u00e1mpara Agave"},{"@type":"BreadcrumbList","@id":"https:\/\/teterete.com\/mx\/producto\/lampara-agave\/#breadcrumb","itemListElement":[{"@type":"ListItem","position":1,"name":"Home","item":"https:\/\/teterete.com\/mx\/"},{"@type":"ListItem","position":2,"name":"Productos","item":"https:\/\/teterete.com\/mx\/shop\/"},{"@type":"ListItem","position":3,"name":"L\u00e1mpara Fibra de Agave"}]},{"@type":"WebSite","@id":"https:\/\/teterete.com\/mx\/#website","url":"https:\/\/teterete.com\/mx\/","name":"","description":"Tienda en L\u00ednea de Fina Artesanias y Dise\u00f1o Mexicano. Bellas piezas elaboradas a mano por los mejores artesanos del pa\u00eds as\u00ed como piezas de dise\u00f1o y decoraci\u00f3n con inspiraci\u00f3n artesanal.","potentialAction":[{"@type":"SearchAction","target":{"@type":"EntryPoint","urlTemplate":"https:\/\/teterete.com\/mx\/?s={search_term_string}"},"query-input":{"@type":"PropertyValueSpecification","valueRequired":true,"valueName":"search_term_string"}}],"inLanguage":"es"}]}},"_links":{"self":[{"href":"https:\/\/teterete.com\/mx\/wp-json\/wp\/v2\/product\/11062"}],"collection":[{"href":"https:\/\/teterete.com\/mx\/wp-json\/wp\/v2\/product"}],"about":[{"href":"https:\/\/teterete.com\/mx\/wp-json\/wp\/v2\/types\/product"}],"replies":[{"embeddable":true,"href":"https:\/\/teterete.com\/mx\/wp-json\/wp\/v2\/comments?post=11062"}],"wp:featuredmedia":[{"embeddable":true,"href":"https:\/\/teterete.com\/mx\/wp-json\/wp\/v2\/media\/11063"}],"wp:attachment":[{"href":"https:\/\/teterete.com\/mx\/wp-json\/wp\/v2\/media?parent=11062"}],"wp:term":[{"taxonomy":"product_cat","embeddable":true,"href":"https:\/\/teterete.com\/mx\/wp-json\/wp\/v2\/product_cat?post=11062"},{"taxonomy":"product_tag","embeddable":true,"href":"https:\/\/teterete.com\/mx\/wp-json\/wp\/v2\/product_tag?post=11062"}],"curies":[{"name":"wp","href":"https:\/\/api.w.org\/{rel}","templated":true}]}}