{"id":11079,"date":"2023-05-29T20:50:13","date_gmt":"2023-05-29T20:50:13","guid":{"rendered":"https:\/\/teterete.com\/mx\/?post_type=product&#038;p=11079"},"modified":"2026-01-04T19:19:44","modified_gmt":"2026-01-04T19:19:44","slug":"tenate-de-palma-amarillo-grande","status":"publish","type":"product","link":"https:\/\/teterete.com\/mx\/producto\/tenate-de-palma-amarillo-grande\/","title":{"rendered":"Tenate de Palma Amarillo Grande"},"content":{"rendered":"<p>Tejido en palma natural y coloreado con tintes naturales.<\/p>\n<p>Medidas 60 cms de alto x 45 de ancho aprox.<\/p>\n<p>Color: Multicolor<\/p>\n","protected":false},"excerpt":{"rendered":"<p>M\u00e1gico Tenate tejido a mano por artesanos oaxaque\u00f1os en un dise\u00f1o y colores incre\u00edbles. Puede usarse como papelero, guardar los juguetes de los ni\u00f1os o cesto de ba\u00f1o.<\/p>\n<p>&nbsp;<\/p>\n","protected":false},"featured_media":11080,"comment_status":"open","ping_status":"closed","template":"","meta":{"_acf_changed":false,"sfsi_plus_gutenberg_text_before_share":"","sfsi_plus_gutenberg_show_text_before_share":"","sfsi_plus_gutenberg_icon_type":"","sfsi_plus_gutenberg_icon_alignemt":"","sfsi_plus_gutenburg_max_per_row":""},"product_brand":[],"product_cat":[2646,1842,683,2606],"product_tag":[376,378,375,232,24,379,374,377,248,268],"class_list":{"0":"post-11079","1":"product","2":"type-product","3":"status-publish","4":"has-post-thumbnail","6":"product_cat-ciber-monday","7":"product_cat-oaxaca","8":"product_cat-objetos_de_palma","9":"product_cat-venta-de-verano","10":"product_tag-artesanias-mexicanas","11":"product_tag-bote-para-bano","12":"product_tag-cesto-de-palma","13":"product_tag-decoracion-mexicana","14":"product_tag-mexican-folk-art","15":"product_tag-mexican-palm-baskets","16":"product_tag-tenates","17":"product_tag-tenates-de-oaxaca","18":"product_tag-teterete-artesanias","19":"product_tag-teterete-folk-art","20":"product_shipping_class-standard","22":"first","23":"instock","24":"taxable","25":"shipping-taxable","26":"purchasable","27":"product-type-simple"},"acf":[],"yoast_head":"<!-- This site is optimized with the Yoast SEO plugin v27.5 - https:\/\/yoast.com\/product\/yoast-seo-wordpress\/ -->\n<title>Tenate de Palma Amarillo Grande -<\/title>\n<meta name=\"description\" content=\"M\u00e1gico Tenate tejido a mano por artesanos oaxaque\u00f1os en un dise\u00f1o y colores incre\u00edbles.\" \/>\n<meta name=\"robots\" content=\"index, follow, max-snippet:-1, max-image-preview:large, max-video-preview:-1\" \/>\n<link rel=\"canonical\" href=\"https:\/\/teterete.com\/mx\/producto\/tenate-de-palma-amarillo-grande\/\" \/>\n<meta property=\"og:locale\" content=\"es_ES\" \/>\n<meta property=\"og:type\" content=\"article\" \/>\n<meta property=\"og:title\" content=\"Tenate de Palma Amarillo Grande -\" \/>\n<meta property=\"og:description\" content=\"M\u00e1gico Tenate tejido a mano por artesanos oaxaque\u00f1os en un dise\u00f1o y colores incre\u00edbles.\" \/>\n<meta property=\"og:url\" content=\"https:\/\/teterete.com\/mx\/producto\/tenate-de-palma-amarillo-grande\/\" \/>\n<meta property=\"article:publisher\" content=\"https:\/\/www.facebook.com\/TetereteHome\/\" \/>\n<meta property=\"article:modified_time\" content=\"2026-01-04T19:19:44+00:00\" \/>\n<meta property=\"og:image\" content=\"https:\/\/teterete.com\/mx\/wp-content\/uploads\/2023\/05\/tenate-amarillo.jpg\" \/>\n\t<meta property=\"og:image:width\" content=\"800\" \/>\n\t<meta property=\"og:image:height\" content=\"800\" \/>\n\t<meta property=\"og:image:type\" content=\"image\/jpeg\" \/>\n<meta name=\"twitter:card\" content=\"summary_large_image\" \/>\n<meta name=\"twitter:site\" content=\"@Teterete_Home\" \/>\n<meta name=\"twitter:label1\" content=\"Tiempo de lectura\" \/>\n\t<meta name=\"twitter:data1\" content=\"1 minuto\" \/>\n<script type=\"application\/ld+json\" class=\"yoast-schema-graph\">{\"@context\":\"https:\\\/\\\/schema.org\",\"@graph\":[{\"@type\":\"WebPage\",\"@id\":\"https:\\\/\\\/teterete.com\\\/mx\\\/producto\\\/tenate-de-palma-amarillo-grande\\\/\",\"url\":\"https:\\\/\\\/teterete.com\\\/mx\\\/producto\\\/tenate-de-palma-amarillo-grande\\\/\",\"name\":\"Tenate de Palma Amarillo Grande -\",\"isPartOf\":{\"@id\":\"https:\\\/\\\/teterete.com\\\/mx\\\/#website\"},\"primaryImageOfPage\":{\"@id\":\"https:\\\/\\\/teterete.com\\\/mx\\\/producto\\\/tenate-de-palma-amarillo-grande\\\/#primaryimage\"},\"image\":{\"@id\":\"https:\\\/\\\/teterete.com\\\/mx\\\/producto\\\/tenate-de-palma-amarillo-grande\\\/#primaryimage\"},\"thumbnailUrl\":\"https:\\\/\\\/teterete.com\\\/mx\\\/wp-content\\\/uploads\\\/2023\\\/05\\\/tenate-amarillo.jpg\",\"datePublished\":\"2023-05-29T20:50:13+00:00\",\"dateModified\":\"2026-01-04T19:19:44+00:00\",\"description\":\"M\u00e1gico Tenate tejido a mano por artesanos oaxaque\u00f1os en un dise\u00f1o y colores incre\u00edbles.\",\"breadcrumb\":{\"@id\":\"https:\\\/\\\/teterete.com\\\/mx\\\/producto\\\/tenate-de-palma-amarillo-grande\\\/#breadcrumb\"},\"inLanguage\":\"es\",\"potentialAction\":[{\"@type\":\"ReadAction\",\"target\":[\"https:\\\/\\\/teterete.com\\\/mx\\\/producto\\\/tenate-de-palma-amarillo-grande\\\/\"]}]},{\"@type\":\"ImageObject\",\"inLanguage\":\"es\",\"@id\":\"https:\\\/\\\/teterete.com\\\/mx\\\/producto\\\/tenate-de-palma-amarillo-grande\\\/#primaryimage\",\"url\":\"https:\\\/\\\/teterete.com\\\/mx\\\/wp-content\\\/uploads\\\/2023\\\/05\\\/tenate-amarillo.jpg\",\"contentUrl\":\"https:\\\/\\\/teterete.com\\\/mx\\\/wp-content\\\/uploads\\\/2023\\\/05\\\/tenate-amarillo.jpg\",\"width\":\"800\",\"height\":\"800\",\"caption\":\"Tenate\"},{\"@type\":\"BreadcrumbList\",\"@id\":\"https:\\\/\\\/teterete.com\\\/mx\\\/producto\\\/tenate-de-palma-amarillo-grande\\\/#breadcrumb\",\"itemListElement\":[{\"@type\":\"ListItem\",\"position\":1,\"name\":\"Home\",\"item\":\"https:\\\/\\\/teterete.com\\\/mx\\\/\"},{\"@type\":\"ListItem\",\"position\":2,\"name\":\"Productos\",\"item\":\"https:\\\/\\\/teterete.com\\\/mx\\\/shop\\\/\"},{\"@type\":\"ListItem\",\"position\":3,\"name\":\"Tenate de Palma Amarillo Grande\"}]},{\"@type\":\"WebSite\",\"@id\":\"https:\\\/\\\/teterete.com\\\/mx\\\/#website\",\"url\":\"https:\\\/\\\/teterete.com\\\/mx\\\/\",\"name\":\"\",\"description\":\"Tienda en L\u00ednea de Fina Artesanias y Dise\u00f1o Mexicano. Bellas piezas elaboradas a mano por los mejores artesanos del pa\u00eds as\u00ed como piezas de dise\u00f1o y decoraci\u00f3n con inspiraci\u00f3n artesanal.\",\"potentialAction\":[{\"@type\":\"SearchAction\",\"target\":{\"@type\":\"EntryPoint\",\"urlTemplate\":\"https:\\\/\\\/teterete.com\\\/mx\\\/?s={search_term_string}\"},\"query-input\":{\"@type\":\"PropertyValueSpecification\",\"valueRequired\":true,\"valueName\":\"search_term_string\"}}],\"inLanguage\":\"es\"}]}<\/script>\n<!-- \/ Yoast SEO plugin. -->","yoast_head_json":{"title":"Tenate de Palma Amarillo Grande -","description":"M\u00e1gico Tenate tejido a mano por artesanos oaxaque\u00f1os en un dise\u00f1o y colores incre\u00edbles.","robots":{"index":"index","follow":"follow","max-snippet":"max-snippet:-1","max-image-preview":"max-image-preview:large","max-video-preview":"max-video-preview:-1"},"canonical":"https:\/\/teterete.com\/mx\/producto\/tenate-de-palma-amarillo-grande\/","og_locale":"es_ES","og_type":"article","og_title":"Tenate de Palma Amarillo Grande -","og_description":"M\u00e1gico Tenate tejido a mano por artesanos oaxaque\u00f1os en un dise\u00f1o y colores incre\u00edbles.","og_url":"https:\/\/teterete.com\/mx\/producto\/tenate-de-palma-amarillo-grande\/","article_publisher":"https:\/\/www.facebook.com\/TetereteHome\/","article_modified_time":"2026-01-04T19:19:44+00:00","og_image":[{"width":800,"height":800,"url":"https:\/\/teterete.com\/mx\/wp-content\/uploads\/2023\/05\/tenate-amarillo.jpg","type":"image\/jpeg"}],"twitter_card":"summary_large_image","twitter_site":"@Teterete_Home","twitter_misc":{"Tiempo de lectura":"1 minuto"},"schema":{"@context":"https:\/\/schema.org","@graph":[{"@type":"WebPage","@id":"https:\/\/teterete.com\/mx\/producto\/tenate-de-palma-amarillo-grande\/","url":"https:\/\/teterete.com\/mx\/producto\/tenate-de-palma-amarillo-grande\/","name":"Tenate de Palma Amarillo Grande -","isPartOf":{"@id":"https:\/\/teterete.com\/mx\/#website"},"primaryImageOfPage":{"@id":"https:\/\/teterete.com\/mx\/producto\/tenate-de-palma-amarillo-grande\/#primaryimage"},"image":{"@id":"https:\/\/teterete.com\/mx\/producto\/tenate-de-palma-amarillo-grande\/#primaryimage"},"thumbnailUrl":"https:\/\/teterete.com\/mx\/wp-content\/uploads\/2023\/05\/tenate-amarillo.jpg","datePublished":"2023-05-29T20:50:13+00:00","dateModified":"2026-01-04T19:19:44+00:00","description":"M\u00e1gico Tenate tejido a mano por artesanos oaxaque\u00f1os en un dise\u00f1o y colores incre\u00edbles.","breadcrumb":{"@id":"https:\/\/teterete.com\/mx\/producto\/tenate-de-palma-amarillo-grande\/#breadcrumb"},"inLanguage":"es","potentialAction":[{"@type":"ReadAction","target":["https:\/\/teterete.com\/mx\/producto\/tenate-de-palma-amarillo-grande\/"]}]},{"@type":"ImageObject","inLanguage":"es","@id":"https:\/\/teterete.com\/mx\/producto\/tenate-de-palma-amarillo-grande\/#primaryimage","url":"https:\/\/teterete.com\/mx\/wp-content\/uploads\/2023\/05\/tenate-amarillo.jpg","contentUrl":"https:\/\/teterete.com\/mx\/wp-content\/uploads\/2023\/05\/tenate-amarillo.jpg","width":"800","height":"800","caption":"Tenate"},{"@type":"BreadcrumbList","@id":"https:\/\/teterete.com\/mx\/producto\/tenate-de-palma-amarillo-grande\/#breadcrumb","itemListElement":[{"@type":"ListItem","position":1,"name":"Home","item":"https:\/\/teterete.com\/mx\/"},{"@type":"ListItem","position":2,"name":"Productos","item":"https:\/\/teterete.com\/mx\/shop\/"},{"@type":"ListItem","position":3,"name":"Tenate de Palma Amarillo Grande"}]},{"@type":"WebSite","@id":"https:\/\/teterete.com\/mx\/#website","url":"https:\/\/teterete.com\/mx\/","name":"","description":"Tienda en L\u00ednea de Fina Artesanias y Dise\u00f1o Mexicano. Bellas piezas elaboradas a mano por los mejores artesanos del pa\u00eds as\u00ed como piezas de dise\u00f1o y decoraci\u00f3n con inspiraci\u00f3n artesanal.","potentialAction":[{"@type":"SearchAction","target":{"@type":"EntryPoint","urlTemplate":"https:\/\/teterete.com\/mx\/?s={search_term_string}"},"query-input":{"@type":"PropertyValueSpecification","valueRequired":true,"valueName":"search_term_string"}}],"inLanguage":"es"}]}},"_links":{"self":[{"href":"https:\/\/teterete.com\/mx\/wp-json\/wp\/v2\/product\/11079","targetHints":{"allow":["GET"]}}],"collection":[{"href":"https:\/\/teterete.com\/mx\/wp-json\/wp\/v2\/product"}],"about":[{"href":"https:\/\/teterete.com\/mx\/wp-json\/wp\/v2\/types\/product"}],"replies":[{"embeddable":true,"href":"https:\/\/teterete.com\/mx\/wp-json\/wp\/v2\/comments?post=11079"}],"wp:featuredmedia":[{"embeddable":true,"href":"https:\/\/teterete.com\/mx\/wp-json\/wp\/v2\/media\/11080"}],"wp:attachment":[{"href":"https:\/\/teterete.com\/mx\/wp-json\/wp\/v2\/media?parent=11079"}],"wp:term":[{"taxonomy":"product_brand","embeddable":true,"href":"https:\/\/teterete.com\/mx\/wp-json\/wp\/v2\/product_brand?post=11079"},{"taxonomy":"product_cat","embeddable":true,"href":"https:\/\/teterete.com\/mx\/wp-json\/wp\/v2\/product_cat?post=11079"},{"taxonomy":"product_tag","embeddable":true,"href":"https:\/\/teterete.com\/mx\/wp-json\/wp\/v2\/product_tag?post=11079"}],"curies":[{"name":"wp","href":"https:\/\/api.w.org\/{rel}","templated":true}]}}