{"id":11116,"date":"2023-07-27T14:12:42","date_gmt":"2023-07-27T14:12:42","guid":{"rendered":"https:\/\/teterete.com\/mx\/?post_type=product&#038;p=11116"},"modified":"2024-09-13T22:35:06","modified_gmt":"2024-09-13T22:35:06","slug":"funda-rinonera-artesanal","status":"publish","type":"product","link":"https:\/\/teterete.com\/mx\/producto\/funda-rinonera-artesanal\/","title":{"rendered":"Funda Artesanal Cadena"},"content":{"rendered":"\n<p>100% algod\u00f3n.<br>Tama\u00f1o: 50 x 90 cm<br>Colores: Crudo, negro y caf\u00e9 gris.<br>Cuidados: Lavar a mano con agua fr\u00eda. Para lavado en secadora, lavado delicado. Planchar a temperatura media.<\/p>\n\n\n\n<p>El relleno se vende aparte.<\/p>\n","protected":false},"excerpt":{"rendered":"<p>Funda de cojin estilo ri\u00f1onera artesanal tejida en telar de pedal por artesanas de Teotitl\u00e1n, en Oaxaca.<\/p>\n","protected":false},"featured_media":11117,"comment_status":"open","ping_status":"closed","template":"","meta":{"_acf_changed":false,"sfsi_plus_gutenberg_text_before_share":"","sfsi_plus_gutenberg_show_text_before_share":"","sfsi_plus_gutenberg_icon_type":"","sfsi_plus_gutenberg_icon_alignemt":"","sfsi_plus_gutenburg_max_per_row":""},"product_brand":[],"product_cat":[1048,210,336,1842],"product_tag":[2155,2368,2358,223],"class_list":{"0":"post-11116","1":"product","2":"type-product","3":"status-publish","4":"has-post-thumbnail","6":"product_cat-arudeko","7":"product_cat-cojines","8":"product_cat-cojines-decorativos","9":"product_cat-oaxaca","10":"product_tag-cojines-artesanales","11":"product_tag-cojines-de-oaxaca","12":"product_tag-funda-artesanal","13":"product_tag-textiles-mexicanos","14":"product_shipping_class-fast-delivery","16":"first","17":"instock","18":"taxable","19":"shipping-taxable","20":"purchasable","21":"product-type-simple"},"acf":[],"yoast_head":"<!-- This site is optimized with the Yoast SEO plugin v27.5 - https:\/\/yoast.com\/product\/yoast-seo-wordpress\/ -->\n<title>Funda Artesanal Cadena -<\/title>\n<meta name=\"description\" content=\"Funda de cojin estilo ri\u00f1onera artesanal tejida en telar de pedal por artesanas de Teotitl\u00e1n, en Oaxaca.\" \/>\n<meta name=\"robots\" content=\"index, follow, max-snippet:-1, max-image-preview:large, max-video-preview:-1\" \/>\n<link rel=\"canonical\" href=\"https:\/\/teterete.com\/mx\/producto\/funda-rinonera-artesanal\/\" \/>\n<meta property=\"og:locale\" content=\"es_ES\" \/>\n<meta property=\"og:type\" content=\"article\" \/>\n<meta property=\"og:title\" content=\"Funda Artesanal Cadena -\" \/>\n<meta property=\"og:description\" content=\"Funda de cojin estilo ri\u00f1onera artesanal tejida en telar de pedal por artesanas de Teotitl\u00e1n, en Oaxaca.\" \/>\n<meta property=\"og:url\" content=\"https:\/\/teterete.com\/mx\/producto\/funda-rinonera-artesanal\/\" \/>\n<meta property=\"article:publisher\" content=\"https:\/\/www.facebook.com\/TetereteHome\/\" \/>\n<meta property=\"article:modified_time\" content=\"2024-09-13T22:35:06+00:00\" \/>\n<meta property=\"og:image\" content=\"https:\/\/teterete.com\/mx\/wp-content\/uploads\/2023\/07\/Cadenacrudo_web_1344x1344.jpg.webp\" \/>\n\t<meta property=\"og:image:width\" content=\"1344\" \/>\n\t<meta property=\"og:image:height\" content=\"1344\" \/>\n\t<meta property=\"og:image:type\" content=\"image\/webp\" \/>\n<meta name=\"twitter:card\" content=\"summary_large_image\" \/>\n<meta name=\"twitter:site\" content=\"@Teterete_Home\" \/>\n<meta name=\"twitter:label1\" content=\"Tiempo de lectura\" \/>\n\t<meta name=\"twitter:data1\" content=\"1 minuto\" \/>\n<script type=\"application\/ld+json\" class=\"yoast-schema-graph\">{\"@context\":\"https:\\\/\\\/schema.org\",\"@graph\":[{\"@type\":\"WebPage\",\"@id\":\"https:\\\/\\\/teterete.com\\\/mx\\\/producto\\\/funda-rinonera-artesanal\\\/\",\"url\":\"https:\\\/\\\/teterete.com\\\/mx\\\/producto\\\/funda-rinonera-artesanal\\\/\",\"name\":\"Funda Artesanal Cadena -\",\"isPartOf\":{\"@id\":\"https:\\\/\\\/teterete.com\\\/mx\\\/#website\"},\"primaryImageOfPage\":{\"@id\":\"https:\\\/\\\/teterete.com\\\/mx\\\/producto\\\/funda-rinonera-artesanal\\\/#primaryimage\"},\"image\":{\"@id\":\"https:\\\/\\\/teterete.com\\\/mx\\\/producto\\\/funda-rinonera-artesanal\\\/#primaryimage\"},\"thumbnailUrl\":\"https:\\\/\\\/teterete.com\\\/mx\\\/wp-content\\\/uploads\\\/2023\\\/07\\\/Cadenacrudo_web_1344x1344.jpg.webp\",\"datePublished\":\"2023-07-27T14:12:42+00:00\",\"dateModified\":\"2024-09-13T22:35:06+00:00\",\"description\":\"Funda de cojin estilo ri\u00f1onera artesanal tejida en telar de pedal por artesanas de Teotitl\u00e1n, en Oaxaca.\",\"breadcrumb\":{\"@id\":\"https:\\\/\\\/teterete.com\\\/mx\\\/producto\\\/funda-rinonera-artesanal\\\/#breadcrumb\"},\"inLanguage\":\"es\",\"potentialAction\":[{\"@type\":\"ReadAction\",\"target\":[\"https:\\\/\\\/teterete.com\\\/mx\\\/producto\\\/funda-rinonera-artesanal\\\/\"]}]},{\"@type\":\"ImageObject\",\"inLanguage\":\"es\",\"@id\":\"https:\\\/\\\/teterete.com\\\/mx\\\/producto\\\/funda-rinonera-artesanal\\\/#primaryimage\",\"url\":\"https:\\\/\\\/teterete.com\\\/mx\\\/wp-content\\\/uploads\\\/2023\\\/07\\\/Cadenacrudo_web_1344x1344.jpg.webp\",\"contentUrl\":\"https:\\\/\\\/teterete.com\\\/mx\\\/wp-content\\\/uploads\\\/2023\\\/07\\\/Cadenacrudo_web_1344x1344.jpg.webp\",\"width\":\"1344\",\"height\":\"1344\",\"caption\":\"Funda Ri\u00f1onera Artesanal\"},{\"@type\":\"BreadcrumbList\",\"@id\":\"https:\\\/\\\/teterete.com\\\/mx\\\/producto\\\/funda-rinonera-artesanal\\\/#breadcrumb\",\"itemListElement\":[{\"@type\":\"ListItem\",\"position\":1,\"name\":\"Home\",\"item\":\"https:\\\/\\\/teterete.com\\\/mx\\\/\"},{\"@type\":\"ListItem\",\"position\":2,\"name\":\"Productos\",\"item\":\"https:\\\/\\\/teterete.com\\\/mx\\\/shop\\\/\"},{\"@type\":\"ListItem\",\"position\":3,\"name\":\"Funda Artesanal Cadena\"}]},{\"@type\":\"WebSite\",\"@id\":\"https:\\\/\\\/teterete.com\\\/mx\\\/#website\",\"url\":\"https:\\\/\\\/teterete.com\\\/mx\\\/\",\"name\":\"\",\"description\":\"Tienda en L\u00ednea de Fina Artesanias y Dise\u00f1o Mexicano. Bellas piezas elaboradas a mano por los mejores artesanos del pa\u00eds as\u00ed como piezas de dise\u00f1o y decoraci\u00f3n con inspiraci\u00f3n artesanal.\",\"potentialAction\":[{\"@type\":\"SearchAction\",\"target\":{\"@type\":\"EntryPoint\",\"urlTemplate\":\"https:\\\/\\\/teterete.com\\\/mx\\\/?s={search_term_string}\"},\"query-input\":{\"@type\":\"PropertyValueSpecification\",\"valueRequired\":true,\"valueName\":\"search_term_string\"}}],\"inLanguage\":\"es\"}]}<\/script>\n<!-- \/ Yoast SEO plugin. -->","yoast_head_json":{"title":"Funda Artesanal Cadena -","description":"Funda de cojin estilo ri\u00f1onera artesanal tejida en telar de pedal por artesanas de Teotitl\u00e1n, en Oaxaca.","robots":{"index":"index","follow":"follow","max-snippet":"max-snippet:-1","max-image-preview":"max-image-preview:large","max-video-preview":"max-video-preview:-1"},"canonical":"https:\/\/teterete.com\/mx\/producto\/funda-rinonera-artesanal\/","og_locale":"es_ES","og_type":"article","og_title":"Funda Artesanal Cadena -","og_description":"Funda de cojin estilo ri\u00f1onera artesanal tejida en telar de pedal por artesanas de Teotitl\u00e1n, en Oaxaca.","og_url":"https:\/\/teterete.com\/mx\/producto\/funda-rinonera-artesanal\/","article_publisher":"https:\/\/www.facebook.com\/TetereteHome\/","article_modified_time":"2024-09-13T22:35:06+00:00","og_image":[{"width":1344,"height":1344,"url":"https:\/\/teterete.com\/mx\/wp-content\/uploads\/2023\/07\/Cadenacrudo_web_1344x1344.jpg.webp","type":"image\/webp"}],"twitter_card":"summary_large_image","twitter_site":"@Teterete_Home","twitter_misc":{"Tiempo de lectura":"1 minuto"},"schema":{"@context":"https:\/\/schema.org","@graph":[{"@type":"WebPage","@id":"https:\/\/teterete.com\/mx\/producto\/funda-rinonera-artesanal\/","url":"https:\/\/teterete.com\/mx\/producto\/funda-rinonera-artesanal\/","name":"Funda Artesanal Cadena -","isPartOf":{"@id":"https:\/\/teterete.com\/mx\/#website"},"primaryImageOfPage":{"@id":"https:\/\/teterete.com\/mx\/producto\/funda-rinonera-artesanal\/#primaryimage"},"image":{"@id":"https:\/\/teterete.com\/mx\/producto\/funda-rinonera-artesanal\/#primaryimage"},"thumbnailUrl":"https:\/\/teterete.com\/mx\/wp-content\/uploads\/2023\/07\/Cadenacrudo_web_1344x1344.jpg.webp","datePublished":"2023-07-27T14:12:42+00:00","dateModified":"2024-09-13T22:35:06+00:00","description":"Funda de cojin estilo ri\u00f1onera artesanal tejida en telar de pedal por artesanas de Teotitl\u00e1n, en Oaxaca.","breadcrumb":{"@id":"https:\/\/teterete.com\/mx\/producto\/funda-rinonera-artesanal\/#breadcrumb"},"inLanguage":"es","potentialAction":[{"@type":"ReadAction","target":["https:\/\/teterete.com\/mx\/producto\/funda-rinonera-artesanal\/"]}]},{"@type":"ImageObject","inLanguage":"es","@id":"https:\/\/teterete.com\/mx\/producto\/funda-rinonera-artesanal\/#primaryimage","url":"https:\/\/teterete.com\/mx\/wp-content\/uploads\/2023\/07\/Cadenacrudo_web_1344x1344.jpg.webp","contentUrl":"https:\/\/teterete.com\/mx\/wp-content\/uploads\/2023\/07\/Cadenacrudo_web_1344x1344.jpg.webp","width":"1344","height":"1344","caption":"Funda Ri\u00f1onera Artesanal"},{"@type":"BreadcrumbList","@id":"https:\/\/teterete.com\/mx\/producto\/funda-rinonera-artesanal\/#breadcrumb","itemListElement":[{"@type":"ListItem","position":1,"name":"Home","item":"https:\/\/teterete.com\/mx\/"},{"@type":"ListItem","position":2,"name":"Productos","item":"https:\/\/teterete.com\/mx\/shop\/"},{"@type":"ListItem","position":3,"name":"Funda Artesanal Cadena"}]},{"@type":"WebSite","@id":"https:\/\/teterete.com\/mx\/#website","url":"https:\/\/teterete.com\/mx\/","name":"","description":"Tienda en L\u00ednea de Fina Artesanias y Dise\u00f1o Mexicano. Bellas piezas elaboradas a mano por los mejores artesanos del pa\u00eds as\u00ed como piezas de dise\u00f1o y decoraci\u00f3n con inspiraci\u00f3n artesanal.","potentialAction":[{"@type":"SearchAction","target":{"@type":"EntryPoint","urlTemplate":"https:\/\/teterete.com\/mx\/?s={search_term_string}"},"query-input":{"@type":"PropertyValueSpecification","valueRequired":true,"valueName":"search_term_string"}}],"inLanguage":"es"}]}},"_links":{"self":[{"href":"https:\/\/teterete.com\/mx\/wp-json\/wp\/v2\/product\/11116","targetHints":{"allow":["GET"]}}],"collection":[{"href":"https:\/\/teterete.com\/mx\/wp-json\/wp\/v2\/product"}],"about":[{"href":"https:\/\/teterete.com\/mx\/wp-json\/wp\/v2\/types\/product"}],"replies":[{"embeddable":true,"href":"https:\/\/teterete.com\/mx\/wp-json\/wp\/v2\/comments?post=11116"}],"wp:featuredmedia":[{"embeddable":true,"href":"https:\/\/teterete.com\/mx\/wp-json\/wp\/v2\/media\/11117"}],"wp:attachment":[{"href":"https:\/\/teterete.com\/mx\/wp-json\/wp\/v2\/media?parent=11116"}],"wp:term":[{"taxonomy":"product_brand","embeddable":true,"href":"https:\/\/teterete.com\/mx\/wp-json\/wp\/v2\/product_brand?post=11116"},{"taxonomy":"product_cat","embeddable":true,"href":"https:\/\/teterete.com\/mx\/wp-json\/wp\/v2\/product_cat?post=11116"},{"taxonomy":"product_tag","embeddable":true,"href":"https:\/\/teterete.com\/mx\/wp-json\/wp\/v2\/product_tag?post=11116"}],"curies":[{"name":"wp","href":"https:\/\/api.w.org\/{rel}","templated":true}]}}